{"id":59229,"date":"2024-02-01T11:02:45","date_gmt":"2024-02-01T11:02:45","guid":{"rendered":"https:\/\/store.evolve-fitness.eu\/product\/banco-plano-evolve-econ-series\/"},"modified":"2026-04-03T12:00:42","modified_gmt":"2026-04-03T12:00:42","slug":"banco-plano-evolve-econ-series","status":"publish","type":"product","link":"https:\/\/store.evolve-fitness.eu\/es\/producto\/banco-plano-evolve-econ-series\/","title":{"rendered":"Banco plano Evolve Econ Series"},"content":{"rendered":"\n<section class=\"wp-block-group alignfull black-content has-white-color has-darkgray-background-color has-text-color has-background is-layout-constrained wp-block-group-is-layout-constrained\" style=\"padding-top:var(--wp--preset--spacing--section-bottom);padding-bottom:var(--wp--preset--spacing--section-bottom)\">\n<div class=\"wp-block-columns alignwide mobile-reverse is-layout-flex wp-container-core-columns-is-layout-ca64bf2d wp-block-columns-is-layout-flex\" style=\"margin-bottom:var(--wp--preset--spacing--side-padding)\">\n<div class=\"wp-block-column is-vertically-aligned-center is-layout-flow wp-block-column-is-layout-flow\">\n<h3 class=\"wp-block-heading\" style=\"margin-bottom:var(--wp--preset--spacing--h-3-bottom)\"><strong>Utilidad vers\u00e1til<\/strong><\/h3>\n\n\n\n<p><strong><em><strong>Una base para numerosos entrenamientos<\/strong><\/em><\/strong><\/p>\n\n\n\n<p style=\"margin-bottom:var(--wp--preset--spacing--tb-section-padding)\">El banco plano Evolve Econ Series es un equipo robusto y fiable dise\u00f1ado para una amplia gama de ejercicios de musculaci\u00f3n. Es ideal para ejercicios como press de banca, remo con mancuernas y diversos movimientos con el peso corporal, ya que permite trabajar los m\u00fasculos de la parte superior del cuerpo, el tronco e incluso las piernas si se utiliza de forma creativa. Su sencillez y estabilidad lo convierten en una pieza fundamental para cualquier r\u00e9gimen de fitness, adecuado para usuarios que buscan desarrollar fuerza y m\u00fasculo en m\u00faltiples zonas del cuerpo.<\/p>\n<\/div>\n\n\n\n<div class=\"wp-block-column is-vertically-aligned-center is-layout-flow wp-block-column-is-layout-flow\">\n<figure class=\"wp-block-video\"><video height=\"574\" style=\"aspect-ratio: 574 \/ 574;\" width=\"574\" autoplay=\"\" controls=\"\" loop=\"\" muted=\"\" src=\"https:\/\/evolve-fitness.eu\/wp-content\/uploads\/2024\/01\/Evolve-Econ-Series-Flat-Bench-video.mp4\"><\/video><\/figure>\n<\/div>\n<\/div>\n\n\n\n<div class=\"wp-block-columns alignwide is-layout-flex wp-container-core-columns-is-layout-c45ee707 wp-block-columns-is-layout-flex\" style=\"margin-bottom:var(--wp--preset--spacing--side-padding);padding-top:var(--wp--preset--spacing--side-padding)\">\n<div class=\"wp-block-column is-vertically-aligned-center is-layout-flow wp-block-column-is-layout-flow\">\n<figure class=\"wp-block-image size-large\"><img decoding=\"async\" src=\"https:\/\/evolve-fitness.eu\/wp-content\/uploads\/2024\/01\/Evolve-Econ-Series-Flat-Bench-C1-1024x683.jpg\" alt=\"\" class=\"wp-image-10809\"\/><\/figure>\n<\/div>\n\n\n\n<div class=\"wp-block-column is-vertically-aligned-center is-layout-flow wp-block-column-is-layout-flow\">\n<h3 class=\"wp-block-heading\" style=\"margin-bottom:var(--wp--preset--spacing--h-3-bottom)\"><strong>Dise\u00f1o que ahorra espacio<\/strong><\/h3>\n\n\n\n<p><strong><em> <strong>Maximiza el espacio de entrenamiento<\/strong><\/em><\/strong><\/p>\n\n\n\n<p>El banco plano Evolve Econ Series est\u00e1 dise\u00f1ado con una construcci\u00f3n robusta y duradera, lo que garantiza su durabilidad y fiabilidad para un uso prolongado. Su dise\u00f1o robusto soporta entrenamientos rigurosos, por lo que es una valiosa adici\u00f3n a cualquier rutina de fitness para aquellos que buscan un banco fiable.<\/p>\n<\/div>\n<\/div>\n\n\n\n<div class=\"wp-block-columns alignwide is-layout-flex wp-container-core-columns-is-layout-c45ee707 wp-block-columns-is-layout-flex\" style=\"margin-bottom:var(--wp--preset--spacing--side-padding);padding-top:var(--wp--preset--spacing--side-padding)\">\n<div class=\"wp-block-column is-vertically-aligned-center is-layout-flow wp-block-column-is-layout-flow\">\n<h3 class=\"wp-block-heading\" style=\"margin-bottom:var(--wp--preset--spacing--h-3-bottom)\"><strong>Confort \u00f3ptimo<\/strong><\/h3>\n\n\n\n<p><strong><em><strong>Dise\u00f1ado pensando en la comodidad del usuario<\/strong><\/em><\/strong><\/p>\n\n\n\n<p style=\"margin-bottom:var(--wp--preset--spacing--tb-section-padding)\">Con un grueso acolchado de espuma de alta densidad, el banco ofrece una comodidad superior durante los entrenamientos, lo que permite a los usuarios centrarse en su forma y rendimiento sin distracciones. Utiliza un revestimiento de cuero de alta calidad que es a la vez duradero y c\u00f3modo, proporcionando una superficie estable y antideslizante para diversos ejercicios. Este material garantiza longevidad y facilidad de mantenimiento, por lo que es adecuado para entornos de entrenamiento intenso.<\/p>\n<\/div>\n\n\n\n<div class=\"wp-block-column is-vertically-aligned-center is-layout-flow wp-block-column-is-layout-flow\">\n<figure class=\"wp-block-image size-large\"><img decoding=\"async\" src=\"https:\/\/evolve-fitness.eu\/wp-content\/uploads\/2024\/01\/Evolve-Econ-Series-Flat-Bench-C2-1024x683.jpg\" alt=\"\" class=\"wp-image-10811\"\/><\/figure>\n<\/div>\n<\/div>\n\n\n\n<div class=\"wp-block-columns alignwide is-layout-flex wp-container-core-columns-is-layout-c45ee707 wp-block-columns-is-layout-flex\" style=\"margin-bottom:var(--wp--preset--spacing--side-padding);padding-top:var(--wp--preset--spacing--side-padding)\">\n<div class=\"wp-block-column is-vertically-aligned-center is-layout-flow wp-block-column-is-layout-flow\">\n<figure class=\"wp-block-image size-large\"><img decoding=\"async\" src=\"https:\/\/evolve-fitness.eu\/wp-content\/uploads\/2024\/01\/Evolve-Econ-Series-Flat-Bench-C3-683x1024.jpg\" alt=\"\" class=\"wp-image-10813\"\/><\/figure>\n<\/div>\n\n\n\n<div class=\"wp-block-column is-vertically-aligned-center is-layout-flow wp-block-column-is-layout-flow\">\n<h3 class=\"wp-block-heading\" style=\"margin-bottom:var(--wp--preset--spacing--h-3-bottom)\"><strong><strong><strong><strong>F\u00e1cil mantenimiento<\/strong><\/strong><\/strong><\/strong><\/h3>\n\n\n\n<p><strong><em>Creado para la comodidad<\/em><\/strong><\/p>\n\n\n\n<p>El dise\u00f1o elegante y minimalista del banco no s\u00f3lo tiene un aspecto estupendo, sino que tambi\u00e9n es f\u00e1cil de limpiar y mantener, lo que garantiza que se mantenga en las mejores condiciones con el m\u00ednimo esfuerzo. Las patas est\u00e1n equipadas con cubiertas de pl\u00e1stico, dise\u00f1adas para proteger su suelo de ara\u00f1azos y da\u00f1os durante el uso. Esta caracter\u00edstica asegura que el banco se pueda utilizar con seguridad en una variedad de superficies sin comprometer la condici\u00f3n de su espacio de entrenamiento.<\/p>\n<\/div>\n<\/div>\n\n\n\n<div class=\"wp-block-columns alignwide is-layout-flex wp-container-core-columns-is-layout-c45ee707 wp-block-columns-is-layout-flex\" style=\"margin-bottom:var(--wp--preset--spacing--side-padding);padding-top:var(--wp--preset--spacing--side-padding)\">\n<div class=\"wp-block-column is-vertically-aligned-center is-layout-flow wp-block-column-is-layout-flow\">\n<h3 class=\"wp-block-heading\" style=\"margin-bottom:var(--wp--preset--spacing--h-3-bottom)\"><strong>Construcci\u00f3n robusta<\/strong><\/h3>\n\n\n\n<p><strong><strong><em>Dise\u00f1ado para la estabilidad<\/em><\/strong><\/strong><\/p>\n\n\n\n<p style=\"margin-bottom:var(--wp--preset--spacing--tb-section-padding)\">El banco est\u00e1 fabricado con acero de alta calidad, lo que garantiza que pueda soportar un uso intensivo y proporcionar una base estable para una gran variedad de ejercicios, convirti\u00e9ndolo en un equipo fiable para cualquier aficionado al fitness. Su construcci\u00f3n es conocida por su resistencia y durabilidad, lo que garantiza que pueda soportar las exigencias de un uso intenso y constante. Esto hace que el banco sea una opci\u00f3n excelente tanto para gimnasios dom\u00e9sticos como comerciales, donde la fiabilidad es clave.<\/p>\n<\/div>\n\n\n\n<div class=\"wp-block-column is-vertically-aligned-center is-layout-flow wp-block-column-is-layout-flow\">\n<figure class=\"wp-block-image size-large\"><img decoding=\"async\" src=\"https:\/\/evolve-fitness.eu\/wp-content\/uploads\/2024\/01\/Evolve-Econ-Series-Flat-Bench-C4-683x1024.jpg\" alt=\"\" class=\"wp-image-10815\"\/><\/figure>\n<\/div>\n<\/div>\n<\/section>\n","protected":false},"excerpt":{"rendered":"<p>El Evolve Econ Series Flat Bench, EC-050 est\u00e1 dise\u00f1ado para la durabilidad y la estabilidad, proporcionando una base s\u00f3lida para una amplia gama de ejercicios de levantamiento de pesas. Su dise\u00f1o compacto y eficiente garantiza que se adapte perfectamente a cualquier espacio de entrenamiento, por lo que es una opci\u00f3n ideal tanto para gimnasios dom\u00e9sticos como para instalaciones comerciales. Este banco est\u00e1 construido para soportar rutinas de entrenamiento rigurosas, ofreciendo tanto comodidad como fiabilidad a los usuarios centrados en la fuerza y la forma f\u00edsica.<\/p>\n","protected":false},"featured_media":59246,"template":"","meta":{"_acf_changed":false,"inline_featured_image":false},"product_cat":[432,1234,1326],"product_tag":[],"class_list":{"0":"post-59229","1":"product","2":"type-product","3":"status-publish","4":"has-post-thumbnail","6":"product_cat-pagina-de-inicio","7":"product_cat-bancos","8":"product_cat-bancos-econ-series","10":"first","11":"instock","12":"shipping-taxable","13":"purchasable","14":"product-type-simple"},"acf":[],"_links":{"self":[{"href":"https:\/\/store.evolve-fitness.eu\/es\/wp-json\/wp\/v2\/product\/59229","targetHints":{"allow":["GET"]}}],"collection":[{"href":"https:\/\/store.evolve-fitness.eu\/es\/wp-json\/wp\/v2\/product"}],"about":[{"href":"https:\/\/store.evolve-fitness.eu\/es\/wp-json\/wp\/v2\/types\/product"}],"wp:featuredmedia":[{"embeddable":true,"href":"https:\/\/store.evolve-fitness.eu\/es\/wp-json\/wp\/v2\/media\/59246"}],"wp:attachment":[{"href":"https:\/\/store.evolve-fitness.eu\/es\/wp-json\/wp\/v2\/media?parent=59229"}],"wp:term":[{"taxonomy":"product_cat","embeddable":true,"href":"https:\/\/store.evolve-fitness.eu\/es\/wp-json\/wp\/v2\/product_cat?post=59229"},{"taxonomy":"product_tag","embeddable":true,"href":"https:\/\/store.evolve-fitness.eu\/es\/wp-json\/wp\/v2\/product_tag?post=59229"}],"curies":[{"name":"wp","href":"https:\/\/api.w.org\/{rel}","templated":true}]}}