{"id":57757,"date":"2024-01-30T15:06:19","date_gmt":"2024-01-30T15:06:19","guid":{"rendered":"https:\/\/store.evolve-fitness.eu\/product\/patada-trasera-evolve-ultra-series-plate-loaded\/"},"modified":"2025-12-03T13:28:13","modified_gmt":"2025-12-03T13:28:13","slug":"patada-trasera-evolve-ultra-series-plate-loaded","status":"publish","type":"product","link":"https:\/\/store.evolve-fitness.eu\/es\/producto\/patada-trasera-evolve-ultra-series-plate-loaded\/","title":{"rendered":"Patada trasera con placa Evolve Ultra Series"},"content":{"rendered":"\n<section class=\"wp-block-group alignfull black-content has-white-color has-darkgray-background-color has-text-color has-background is-layout-constrained wp-block-group-is-layout-constrained\" style=\"padding-top:var(--wp--preset--spacing--section-bottom);padding-bottom:var(--wp--preset--spacing--section-bottom)\">\n<section class=\"wp-block-group alignfull black-content has-white-color has-darkgray-background-color has-text-color has-background is-layout-constrained wp-block-group-is-layout-constrained\" style=\"padding-top:var(--wp--preset--spacing--section-bottom);padding-bottom:var(--wp--preset--spacing--section-bottom)\">\n<div class=\"wp-block-columns alignwide mobile-reverse is-layout-flex wp-container-core-columns-is-layout-ca64bf2d wp-block-columns-is-layout-flex\" style=\"margin-bottom:var(--wp--preset--spacing--side-padding)\">\n<div class=\"wp-block-column is-vertically-aligned-center is-layout-flow wp-block-column-is-layout-flow\">\n<h3 class=\"wp-block-heading\" style=\"margin-bottom:var(--wp--preset--spacing--h-3-bottom)\"><strong><strong><strong><strong>Grupos musculares<\/strong><\/strong><\/strong><\/strong><\/h3>\n\n\n\n<p><strong><em><strong><strong>Activaci\u00f3n muscular focalizada<\/strong><\/strong><\/em><\/strong><\/p>\n\n\n\n<p style=\"margin-bottom:var(--wp--preset--spacing--tb-section-padding)\">El Evolve Ultra Series Plate Loaded Rear Kick, UL-070, est\u00e1 dise\u00f1ado para trabajar los gl\u00fateos, los isquiotibiales y los m\u00fasculos lumbares. Con su dise\u00f1o especializado, esta m\u00e1quina garantiza una activaci\u00f3n precisa de los m\u00fasculos objetivo, facilitando un desarrollo y una fuerza integrales.<\/p>\n\n\n\n<h3 class=\"wp-block-heading\" style=\"margin-bottom:var(--wp--preset--spacing--h-3-bottom)\"><strong><strong><strong><strong><strong><strong>Resistencia ajustable<\/strong><\/strong><\/strong><\/strong><\/strong><\/strong><\/h3>\n\n\n\n<p><strong><em><strong><strong><strong><strong>Pilas de pesas personalizables<\/strong><\/strong><\/strong><\/strong><\/em><\/strong><\/p>\n\n\n\n<p>Los usuarios pueden ajustar f\u00e1cilmente los niveles de resistencia a\u00f1adiendo o quitando placas de pesas, lo que permite realizar entrenamientos personalizados para adaptarse a los niveles de forma f\u00edsica y los objetivos individuales. Tanto si el objetivo de los usuarios es la resistencia, la hipertrofia o el aumento de la fuerza, la funci\u00f3n de resistencia ajustable permite un entrenamiento adaptable para alcanzar diversos objetivos de fitness.<\/p>\n<\/div>\n\n\n\n<div class=\"wp-block-column is-vertically-aligned-center is-layout-flow wp-block-column-is-layout-flow\">\n<figure class=\"wp-block-video\"><video height=\"1080\" style=\"aspect-ratio: 1920 \/ 1080;\" width=\"1920\" autoplay=\"\" controls=\"\" loop=\"\" muted=\"\" src=\"https:\/\/evolve-fitness.eu\/wp-content\/uploads\/2024\/03\/EV-PL-UL-070-Evolve-Ultra-Series-Plate-Loaded-Rear-Kick-1.mp4\"><\/video><\/figure>\n<\/div>\n<\/div>\n\n\n\n<div class=\"wp-block-columns alignwide mobile-reverse is-layout-flex wp-container-core-columns-is-layout-ca64bf2d wp-block-columns-is-layout-flex\" style=\"margin-bottom:var(--wp--preset--spacing--side-padding)\">\n<div class=\"wp-block-column is-vertically-aligned-center is-layout-flow wp-block-column-is-layout-flow\">\n<figure class=\"wp-block-image size-large\"><img decoding=\"async\" src=\"https:\/\/evolve-fitness.eu\/wp-content\/uploads\/2023\/09\/EV-PL-UL-070-4-683x1024.jpg\" alt=\"EV-PL-UL-070\" class=\"wp-image-166586\"\/><\/figure>\n<\/div>\n\n\n\n<div class=\"wp-block-column is-vertically-aligned-center is-layout-flow wp-block-column-is-layout-flow\">\n<h3 class=\"wp-block-heading\" style=\"margin-bottom:var(--wp--preset--spacing--h-3-bottom)\"><strong><strong><strong>Dise\u00f1o c\u00f3modo<\/strong><\/strong><\/strong><\/h3>\n\n\n\n<p><strong><strong><em>Acolchado y asas ergon\u00f3micos<\/em><\/strong><\/strong><\/p>\n\n\n\n<p style=\"margin-bottom:var(--wp--preset--spacing--tb-section-padding)\">Dise\u00f1ado para la comodidad del usuario, el Rear Kick cuenta con almohadillas y empu\u00f1aduras ergon\u00f3micas que favorecen la correcta alineaci\u00f3n del cuerpo y el apoyo durante los ejercicios. La inclusi\u00f3n de un asiento ajustable y una almohadilla para las piernas mejora la comodidad y la personalizaci\u00f3n del usuario, minimizando la incomodidad y la posible tensi\u00f3n durante los entrenamientos.<\/p>\n<\/div>\n<\/div>\n\n\n\n<div class=\"wp-block-columns alignwide mobile-reverse is-layout-flex wp-container-core-columns-is-layout-ca64bf2d wp-block-columns-is-layout-flex\" style=\"margin-bottom:var(--wp--preset--spacing--side-padding)\">\n<div class=\"wp-block-column is-vertically-aligned-center is-layout-flow wp-block-column-is-layout-flow\">\n<h3 class=\"wp-block-heading\" style=\"margin-bottom:var(--wp--preset--spacing--h-3-bottom)\"><strong><strong><strong>Durabilidad y estabilidad<\/strong><\/strong><\/strong><\/h3>\n\n\n\n<p><strong><em><strong><strong><strong><strong><strong><strong>Construcci\u00f3n de alta calidad<\/strong><\/strong><\/strong><\/strong><\/strong><\/strong><\/em><\/strong><\/p>\n\n\n\n<p style=\"margin-bottom:var(--wp--preset--spacing--tb-section-padding)\">Construido con materiales duraderos e ingenier\u00eda de precisi\u00f3n, el pat\u00edn trasero con carga de placas Evolve Ultra Series garantiza longevidad y fiabilidad, apto tanto para el hogar como para gimnasios comerciales. Su robusto armaz\u00f3n proporciona estabilidad y seguridad durante los entrenamientos m\u00e1s rigurosos, permitiendo a los usuarios realizar ejercicios de patada trasera con confianza y sin compromiso.<\/p>\n\n\n\n<h3 class=\"wp-block-heading\" style=\"margin-bottom:var(--wp--preset--spacing--h-3-bottom)\"><strong><strong><strong><strong>Asas antideslizantes<\/strong><\/strong><\/strong><\/strong><\/h3>\n\n\n\n<p><strong><em><strong><strong>Agarre seguro para mayor seguridad y confianza<\/strong><\/strong><\/em><\/strong><\/p>\n\n\n\n<p>Priorice la seguridad y la confianza con nuestras <strong>asas antideslizantes<\/strong>. Proporcionan un agarre seguro, reduciendo el riesgo de accidentes durante tus entrenamientos.<\/p>\n<\/div>\n\n\n\n<div class=\"wp-block-column is-vertically-aligned-center is-layout-flow wp-block-column-is-layout-flow\">\n<figure class=\"wp-block-image size-large\"><img decoding=\"async\" src=\"https:\/\/evolve-fitness.eu\/wp-content\/uploads\/2023\/09\/EV-PL-UL-070-1-683x1024.jpg\" alt=\"\" class=\"wp-image-166611\"\/><\/figure>\n<\/div>\n<\/div>\n\n\n\n<div class=\"wp-block-columns alignwide mobile-reverse is-layout-flex wp-container-core-columns-is-layout-ca64bf2d wp-block-columns-is-layout-flex\" style=\"margin-bottom:var(--wp--preset--spacing--side-padding)\">\n<div class=\"wp-block-column is-vertically-aligned-center is-layout-flow wp-block-column-is-layout-flow\">\n<figure class=\"wp-block-image size-large\"><img decoding=\"async\" src=\"https:\/\/evolve-fitness.eu\/wp-content\/uploads\/2023\/09\/EV-PL-UL-070-6-1024x683.jpg\" alt=\"\" class=\"wp-image-166637\"\/><\/figure>\n<\/div>\n\n\n\n<div class=\"wp-block-column is-vertically-aligned-center is-layout-flow wp-block-column-is-layout-flow\">\n<h3 class=\"wp-block-heading\" style=\"margin-bottom:var(--wp--preset--spacing--h-3-bottom)\"><strong><strong><strong>Rendimiento duradero<\/strong><\/strong><\/strong><\/h3>\n\n\n\n<p><strong><em><strong><strong>Piel de PU resistente de primera calidad<\/strong><\/strong><\/em><\/strong><\/p>\n\n\n\n<p style=\"margin-bottom:var(--wp--preset--spacing--tb-section-padding)\">Nuestro equipo cuenta con cuero PU de primera calidad y resistente, dise\u00f1ado para soportar incluso los entrenamientos m\u00e1s duros. No s\u00f3lo tiene un aspecto estupendo, sino que tambi\u00e9n ofrece un rendimiento duradero.<\/p>\n\n\n\n<h3 class=\"wp-block-heading\" style=\"margin-bottom:var(--wp--preset--spacing--h-3-bottom)\"><strong><strong><strong><strong><strong><strong><strong>Acabado duradero<\/strong><\/strong><\/strong><\/strong><\/strong><\/strong><\/strong><\/h3>\n\n\n\n<p><strong><em><strong><strong><strong><strong><strong>Tecnolog\u00eda de pulverizaci\u00f3n electrost\u00e1tica de polvos termoestables<\/strong><\/strong><\/strong><\/strong><\/strong><\/em><\/strong><\/p>\n\n\n\n<p>Experimente un acabado duradero con nuestra <strong>tecnolog\u00eda de pulverizaci\u00f3n electrost\u00e1tica de polvos termoendurecibles<\/strong>. Este revestimiento avanzado garantiza que su equipo conserve su atractivo visual con el paso del tiempo.<\/p>\n\n\n\n<p><\/p>\n\n\n\n<h3 class=\"wp-block-heading\" style=\"margin-bottom:var(--wp--preset--spacing--h-3-bottom)\"><strong><strong><strong><strong>Construido para durar<\/strong><\/strong><\/strong><\/strong><\/h3>\n\n\n\n<p><strong><em><strong><strong><strong>Tornillos y tuercas de acero inoxidable<\/strong><\/strong><\/strong><\/em><\/strong><\/p>\n\n\n\n<p style=\"margin-bottom:var(--wp--preset--spacing--tb-section-padding)\">La serie Prime est\u00e1 construida para durar, con todos los tornillos y tuercas de <strong>acero inoxidable<\/strong>. Esta construcci\u00f3n de calidad garantiza la longevidad de su equipo.<\/p>\n<\/div>\n<\/div>\n<\/section>\n<\/section>\n","protected":false},"excerpt":{"rendered":"<p>Mejore sus entrenamientos de piernas y gl\u00fateos con la patada trasera cargada con placa Evolve Ultra Series UL-070. Dise\u00f1ada para gimnasios comerciales, esta m\u00e1quina ofrece estabilidad con un robusto bastidor de acero y protecci\u00f3n contra el \u00f3xido. Su reposapi\u00e9s sobredimensionado permite apuntar con precisi\u00f3n, mientras que el c\u00f3modo acolchado y las empu\u00f1aduras antideslizantes garantizan una forma adecuada. Los colores personalizables combinan con la marca de su gimnasio, lo que la convierte en una opci\u00f3n elegante y duradera. Con tapicer\u00eda resistente a la deformaci\u00f3n, asas antideslizantes y protectores de suelo, es ideal para gimnasios. Eleve su gimnasio con la patada trasera Evolve de calidad y rendimiento.  <\/p>\n","protected":false},"featured_media":61046,"template":"","meta":{"_acf_changed":false,"inline_featured_image":false},"product_cat":[432,754,755],"product_tag":[],"class_list":{"0":"post-57757","1":"product","2":"type-product","3":"status-publish","4":"has-post-thumbnail","6":"product_cat-pagina-de-inicio","7":"product_cat-maquinas-de-carga-de-placas","8":"product_cat-ultra-series-placa-cargada","10":"first","11":"instock","12":"shipping-taxable","13":"purchasable","14":"product-type-simple"},"acf":[],"_links":{"self":[{"href":"https:\/\/store.evolve-fitness.eu\/es\/wp-json\/wp\/v2\/product\/57757","targetHints":{"allow":["GET"]}}],"collection":[{"href":"https:\/\/store.evolve-fitness.eu\/es\/wp-json\/wp\/v2\/product"}],"about":[{"href":"https:\/\/store.evolve-fitness.eu\/es\/wp-json\/wp\/v2\/types\/product"}],"wp:featuredmedia":[{"embeddable":true,"href":"https:\/\/store.evolve-fitness.eu\/es\/wp-json\/wp\/v2\/media\/61046"}],"wp:attachment":[{"href":"https:\/\/store.evolve-fitness.eu\/es\/wp-json\/wp\/v2\/media?parent=57757"}],"wp:term":[{"taxonomy":"product_cat","embeddable":true,"href":"https:\/\/store.evolve-fitness.eu\/es\/wp-json\/wp\/v2\/product_cat?post=57757"},{"taxonomy":"product_tag","embeddable":true,"href":"https:\/\/store.evolve-fitness.eu\/es\/wp-json\/wp\/v2\/product_tag?post=57757"}],"curies":[{"name":"wp","href":"https:\/\/api.w.org\/{rel}","templated":true}]}}