{"id":56383,"date":"2024-01-29T14:10:22","date_gmt":"2024-01-29T14:10:22","guid":{"rendered":"https:\/\/store.evolve-fitness.eu\/product\/sentadilla-con-placa-evolve-ultra-series\/"},"modified":"2024-05-24T12:14:31","modified_gmt":"2024-05-24T12:14:31","slug":"sentadilla-con-placa-evolve-ultra-series","status":"publish","type":"product","link":"https:\/\/store.evolve-fitness.eu\/es\/producto\/sentadilla-con-placa-evolve-ultra-series\/","title":{"rendered":"Sentadilla con placa Evolve Ultra Series"},"content":{"rendered":"\n<section class=\"wp-block-group alignfull black-content has-white-color has-darkgray-background-color has-text-color has-background is-layout-constrained wp-block-group-is-layout-constrained\" style=\"padding-top:var(--wp--preset--spacing--section-bottom);padding-bottom:var(--wp--preset--spacing--section-bottom)\">\n<h3 class=\"wp-block-heading has-text-align-center\"><strong><strong><strong>EVOLVE PLACA CARGADA SERIE ULTRA<\/strong><\/strong><\/strong><\/h3>\n\n\n\n<p>La serie Evolve Plate Loaded Ultra es el ep\u00edtome de la excelencia, ya que ofrece una calidad superior al mejor precio posible. Eleve su entrenamiento de fuerza con equipos que combinan lujo, rendimiento y asequibilidad. Explore hoy mismo la l\u00ednea completa y experimente el fitness como nunca antes.<\/p>\n\n\n\n<section class=\"wp-block-group alignfull black-content has-white-color has-darkgray-background-color has-text-color has-background is-layout-constrained wp-block-group-is-layout-constrained\" style=\"padding-top:var(--wp--preset--spacing--section-bottom);padding-bottom:var(--wp--preset--spacing--section-bottom)\">\n<div class=\"wp-block-columns alignwide mobile-reverse is-layout-flex wp-container-core-columns-is-layout-ca64bf2d wp-block-columns-is-layout-flex\" style=\"margin-bottom:var(--wp--preset--spacing--side-padding)\">\n<div class=\"wp-block-column is-vertically-aligned-center is-layout-flow wp-block-column-is-layout-flow\">\n<h3 class=\"wp-block-heading\" style=\"margin-bottom:var(--wp--preset--spacing--h-3-bottom)\"><strong><strong><strong><strong><strong>Tapicer\u00eda gruesa<\/strong><\/strong><\/strong><\/strong><\/strong><\/h3>\n\n\n\n<p><strong><em><strong><strong><strong>M\u00e1xima comodidad y durabilidad<\/strong><\/strong><\/strong><\/em><\/strong><\/p>\n\n\n\n<p style=\"margin-bottom:var(--wp--preset--spacing--tb-section-padding)\">Nuestra gruesa tapicer\u00eda ofrece una comodidad inigualable durante sus entrenamientos al tiempo que garantiza una durabilidad duradera. Esta caracter\u00edstica hace que tus sesiones de entrenamiento sean un placer.<\/p>\n\n\n\n<h3 class=\"wp-block-heading\" style=\"margin-bottom:var(--wp--preset--spacing--h-3-bottom)\"><strong><strong><strong><strong><strong><strong><strong>Compromiso muscular espec\u00edfico<\/strong><\/strong><\/strong><\/strong><\/strong><\/strong><\/strong><\/h3>\n\n\n\n<p><strong><em><strong><strong><strong><strong><strong>Movimiento unilateral de brazos (disponible en algunas m\u00e1quinas)<\/strong><\/strong><\/strong><\/strong><\/strong><\/em><\/strong><\/p>\n\n\n\n<p>Para quienes buscan versatilidad, algunas m\u00e1quinas de la serie Ultra ofrecen <strong>movimiento unilateral de brazos<\/strong>. Esto le permite centrarse en grupos musculares espec\u00edficos con eficacia, lo que le permite personalizar su r\u00e9gimen de fitness.<\/p>\n<\/div>\n\n\n\n<div class=\"wp-block-column is-vertically-aligned-center is-layout-flow wp-block-column-is-layout-flow\">\n<figure class=\"wp-block-image size-large\"><img decoding=\"async\" src=\"https:\/\/evolve-fitness.eu\/wp-content\/uploads\/2023\/12\/A7_06544-683x1024.jpg\" alt=\"\" class=\"wp-image-8324\"\/><\/figure>\n<\/div>\n<\/div>\n\n\n\n<div class=\"wp-block-columns alignwide mobile-reverse is-layout-flex wp-container-core-columns-is-layout-ca64bf2d wp-block-columns-is-layout-flex\" style=\"margin-bottom:var(--wp--preset--spacing--side-padding)\">\n<div class=\"wp-block-column is-vertically-aligned-center is-layout-flow wp-block-column-is-layout-flow\">\n<figure class=\"wp-block-image size-large\"><img decoding=\"async\" src=\"https:\/\/evolve-fitness.eu\/wp-content\/uploads\/2023\/09\/A7_06534-1024x683.jpg\" alt=\"\" class=\"wp-image-8327\"\/><\/figure>\n<\/div>\n\n\n\n<div class=\"wp-block-column is-vertically-aligned-center is-layout-flow wp-block-column-is-layout-flow\">\n<h3 class=\"wp-block-heading\" style=\"margin-bottom:var(--wp--preset--spacing--h-3-bottom)\"><strong><strong><strong><strong>Posici\u00f3n de asiento ajustable<\/strong><\/strong><\/strong><\/strong><\/h3>\n\n\n\n<p><strong><strong>F\u00e1cil personalizaci\u00f3n en amarillo vibrante<\/strong><\/strong><\/p>\n\n\n\n<p style=\"margin-bottom:var(--wp--preset--spacing--tb-section-padding)\">Nuestras m\u00e1quinas disponen de una <strong>posici\u00f3n de asiento ajustable<\/strong> con mandos y asas de ajuste de color amarillo brillante y f\u00e1cil de ver. Este dise\u00f1o f\u00e1cil de usar permite una personalizaci\u00f3n sin esfuerzo, garantizando que su entrenamiento se adapte a sus preferencias.<\/p>\n\n\n\n<h3 class=\"wp-block-heading\" style=\"margin-bottom:var(--wp--preset--spacing--h-3-bottom)\"><strong><strong><strong><strong><strong><strong><strong><strong>Durabilidad sin concesiones<\/strong><\/strong><\/strong><\/strong><\/strong><\/strong><\/strong><\/strong><\/h3>\n\n\n\n<p><strong><em><strong><strong><strong><strong><strong>Tornillos y tuercas de acero inoxidable<\/strong><\/strong><\/strong><\/strong><\/strong><\/em><\/strong><\/p>\n\n\n\n<p>Cada detalle cuenta en la serie Ultra. Por eso todos los tornillos y tuercas son de <strong>acero inoxidable<\/strong>, para garantizar una durabilidad y longevidad sin concesiones.<\/p>\n<\/div>\n<\/div>\n\n\n\n<div class=\"wp-block-columns alignwide mobile-reverse is-layout-flex wp-container-core-columns-is-layout-ca64bf2d wp-block-columns-is-layout-flex\" style=\"margin-bottom:var(--wp--preset--spacing--side-padding)\">\n<div class=\"wp-block-column is-vertically-aligned-center is-layout-flow wp-block-column-is-layout-flow\">\n<h3 class=\"wp-block-heading\" style=\"margin-bottom:var(--wp--preset--spacing--h-3-bottom)\"><strong><strong><strong><strong>Asas antideslizantes<\/strong><\/strong><\/strong><\/strong><\/h3>\n\n\n\n<p><strong><em><strong><strong><strong><strong><strong><strong><strong>Agarre seguro para mayor seguridad y confianza<\/strong><\/strong><\/strong><\/strong><\/strong><\/strong><\/strong><\/em><\/strong><\/p>\n\n\n\n<p style=\"margin-bottom:var(--wp--preset--spacing--tb-section-padding)\">Algunos bancos de la serie Econ ofrecen una <strong>posici\u00f3n de asiento ajustable<\/strong> que le permite personalizar su entrenamiento para obtener la m\u00e1xima comodidad y variedad de ejercicios.<\/p>\n\n\n\n<h3 class=\"wp-block-heading\" style=\"margin-bottom:var(--wp--preset--spacing--h-3-bottom)\"><strong><strong><strong><strong><strong><strong><strong>Protectores de suelo duraderos<\/strong><\/strong><\/strong><\/strong><\/strong><\/strong><\/strong><\/h3>\n\n\n\n<p><strong><em><strong><strong><strong><strong>Conserve el suelo de su gimnasio<\/strong><\/strong><\/strong><\/strong><\/em><\/strong><\/p>\n\n\n\n<p>Nuestros equipos est\u00e1n equipados con <strong>protectores de suelo duraderos<\/strong> para proteger su gimnasio contra da\u00f1os y ara\u00f1azos, incluso durante entrenamientos intensos.<\/p>\n\n\n\n<h3 class=\"wp-block-heading\" style=\"margin-bottom:var(--wp--preset--spacing--h-3-bottom)\"><strong><strong><strong><strong><strong>Organizados y eficientes<\/strong><\/strong><\/strong><\/strong><\/strong><\/h3>\n\n\n\n<p><strong><em><strong><strong><strong><strong><strong><strong><strong><strong>Pinzas para guardar los platos de pesas<\/strong><\/strong><\/strong><\/strong><\/strong><\/strong><\/strong><\/strong><\/em><\/strong><\/p>\n\n\n\n<p style=\"margin-bottom:var(--wp--preset--spacing--tb-section-padding)\">Mant\u00e9ngase organizado y eficiente con <strong>Pegs for Weight Plate Storage<\/strong>. Mantenga sus platos al alcance de la mano, agilizando sus sesiones de entrenamiento.<\/p>\n<\/div>\n\n\n\n<div class=\"wp-block-column is-vertically-aligned-center is-layout-flow wp-block-column-is-layout-flow\">\n<figure class=\"wp-block-image size-large\"><img decoding=\"async\" src=\"https:\/\/evolve-fitness.eu\/wp-content\/uploads\/2023\/09\/A7_06533-1024x683.jpg\" alt=\"\" class=\"wp-image-8329\"\/><\/figure>\n<\/div>\n<\/div>\n\n\n\n<div class=\"wp-block-columns alignwide mobile-reverse is-layout-flex wp-container-core-columns-is-layout-ca64bf2d wp-block-columns-is-layout-flex\" style=\"margin-bottom:var(--wp--preset--spacing--side-padding)\">\n<div class=\"wp-block-column is-vertically-aligned-center is-layout-flow wp-block-column-is-layout-flow\">\n<figure class=\"wp-block-image size-large\"><img decoding=\"async\" src=\"https:\/\/evolve-fitness.eu\/wp-content\/uploads\/2023\/12\/A7_06526-683x1024.jpg\" alt=\"\" class=\"wp-image-8331\"\/><\/figure>\n<\/div>\n\n\n\n<div class=\"wp-block-column is-vertically-aligned-center is-layout-flow wp-block-column-is-layout-flow\">\n<h3 class=\"wp-block-heading\" style=\"margin-bottom:var(--wp--preset--spacing--h-3-bottom)\"><strong><strong><strong><strong><strong><strong><strong>Protectores de suelo duraderos<\/strong><\/strong><\/strong><\/strong><\/strong><\/strong><\/strong><\/h3>\n\n\n\n<p><strong><em><strong><strong><strong><strong>Conserve el suelo de su gimnasio<\/strong><\/strong><\/strong><\/strong><\/em><\/strong><\/p>\n\n\n\n<p>Nuestros equipos est\u00e1n equipados con <strong>protectores de suelo duraderos<\/strong> para proteger su gimnasio contra da\u00f1os y ara\u00f1azos, incluso durante entrenamientos intensos.<\/p>\n\n\n\n<h3 class=\"wp-block-heading\" style=\"margin-bottom:var(--wp--preset--spacing--h-3-bottom)\"><strong><strong><strong><strong><strong><strong><strong><strong><strong>Acabado duradero<\/strong><\/strong><\/strong><\/strong><\/strong><\/strong><\/strong><\/strong><\/strong><\/h3>\n\n\n\n<p><strong><em><strong><strong><strong><strong><strong><strong>Tecnolog\u00eda de pulverizaci\u00f3n electrost\u00e1tica de polvos termoestables<\/strong><\/strong><\/strong><\/strong><\/strong><\/strong><\/em><\/strong><\/p>\n\n\n\n<p>Nuestras m\u00e1quinas incorporan <strong>la tecnolog\u00eda de pulverizaci\u00f3n electrost\u00e1tica de polvo termoendurecible<\/strong> que garantiza un acabado duradero. Este revestimiento avanzado mantiene el atractivo visual del equipo a lo largo del tiempo.<\/p>\n<\/div>\n<\/div>\n<\/section>\n<\/section>\n\n<p> <\/p>\n","protected":false},"excerpt":{"rendered":"<p>Eleve su gimnasio con la Sentadilla con Placa de Carga Evolve Ultra Series. Esta m\u00e1quina de uso comercial ofrece un armaz\u00f3n de acero duradero, un dise\u00f1o ergon\u00f3mico con asas antideslizantes y un reposapi\u00e9s de gran tama\u00f1o, as\u00ed como 4 ganchos de almacenamiento de placas de pesas integrados para facilitar la organizaci\u00f3n. Adem\u00e1s, puede personalizar su color para que combine con la marca de su gimnasio. Con un c\u00f3modo tapizado, 2 a\u00f1os de garant\u00eda y una carga m\u00e1xima de 300 kg, es la elecci\u00f3n perfecta para entornos de fitness profesionales. Actualiza tu gimnasio con la Sentadilla Evolve Ultra Series.<\/p>\n","protected":false},"featured_media":61696,"template":"","meta":{"_acf_changed":false,"inline_featured_image":false},"product_cat":[432,754,755],"product_tag":[],"class_list":{"0":"post-56383","1":"product","2":"type-product","3":"status-publish","4":"has-post-thumbnail","6":"product_cat-pagina-de-inicio","7":"product_cat-maquinas-de-carga-de-placas","8":"product_cat-ultra-series-placa-cargada","10":"first","11":"instock","12":"shipping-taxable","13":"purchasable","14":"product-type-simple"},"acf":[],"_links":{"self":[{"href":"https:\/\/store.evolve-fitness.eu\/es\/wp-json\/wp\/v2\/product\/56383","targetHints":{"allow":["GET"]}}],"collection":[{"href":"https:\/\/store.evolve-fitness.eu\/es\/wp-json\/wp\/v2\/product"}],"about":[{"href":"https:\/\/store.evolve-fitness.eu\/es\/wp-json\/wp\/v2\/types\/product"}],"wp:featuredmedia":[{"embeddable":true,"href":"https:\/\/store.evolve-fitness.eu\/es\/wp-json\/wp\/v2\/media\/61696"}],"wp:attachment":[{"href":"https:\/\/store.evolve-fitness.eu\/es\/wp-json\/wp\/v2\/media?parent=56383"}],"wp:term":[{"taxonomy":"product_cat","embeddable":true,"href":"https:\/\/store.evolve-fitness.eu\/es\/wp-json\/wp\/v2\/product_cat?post=56383"},{"taxonomy":"product_tag","embeddable":true,"href":"https:\/\/store.evolve-fitness.eu\/es\/wp-json\/wp\/v2\/product_tag?post=56383"}],"curies":[{"name":"wp","href":"https:\/\/api.w.org\/{rel}","templated":true}]}}