{"id":55808,"date":"2024-01-26T14:24:13","date_gmt":"2024-01-26T14:24:13","guid":{"rendered":"https:\/\/store.evolve-fitness.eu\/product\/objetivo-de-bola-de-doble-pared-evolve\/"},"modified":"2024-08-06T12:59:10","modified_gmt":"2024-08-06T12:59:10","slug":"objetivo-de-bola-de-doble-pared-evolve","status":"publish","type":"product","link":"https:\/\/store.evolve-fitness.eu\/es\/producto\/objetivo-de-bola-de-doble-pared-evolve\/","title":{"rendered":"Objetivo de bola de doble pared Evolve"},"content":{"rendered":"","protected":false},"excerpt":{"rendered":"<p>Eleva tu r\u00e9gimen de entrenamiento de fuerza con la Doble Diana Evolve WB3, especialmente dise\u00f1ada para entrenamientos intensificados con balones medicinales.<br \/>\nEsta vers\u00e1til m\u00e1quina a\u00f1ade un elemento din\u00e1mico a tu rutina de ejercicios, proporcionando una plataforma desafiante para el entrenamiento de fuerza dirigido.<br \/>\nLos objetivos dobles mejoran la precisi\u00f3n en los golpes con bal\u00f3n, por lo que es ideal tanto para entrenamientos individuales como en grupo.<br \/>\nFabricada para ofrecer durabilidad y rendimiento, la Evolve WB3 garantiza una herramienta fiable y eficaz para ejercicios llenos de fuerza.<br \/>\nImpulsa tu puesta en forma con esta avanzada m\u00e1quina de doble diana, y experimenta los beneficios de un entrenamiento de fuerza centrado e impactante como nunca antes.      <\/p>\n","protected":false},"featured_media":55810,"template":"","meta":{"_acf_changed":false,"inline_featured_image":false},"product_cat":[574,648,651],"product_tag":[],"class_list":{"0":"post-55808","1":"product","2":"type-product","3":"status-publish","4":"has-post-thumbnail","6":"product_cat-transversal-y-funcional","7":"product_cat-componentes-de-la-plataforma","8":"product_cat-accesorios","10":"first","11":"instock","12":"shipping-taxable","13":"purchasable","14":"product-type-simple"},"acf":[],"_links":{"self":[{"href":"https:\/\/store.evolve-fitness.eu\/es\/wp-json\/wp\/v2\/product\/55808","targetHints":{"allow":["GET"]}}],"collection":[{"href":"https:\/\/store.evolve-fitness.eu\/es\/wp-json\/wp\/v2\/product"}],"about":[{"href":"https:\/\/store.evolve-fitness.eu\/es\/wp-json\/wp\/v2\/types\/product"}],"wp:featuredmedia":[{"embeddable":true,"href":"https:\/\/store.evolve-fitness.eu\/es\/wp-json\/wp\/v2\/media\/55810"}],"wp:attachment":[{"href":"https:\/\/store.evolve-fitness.eu\/es\/wp-json\/wp\/v2\/media?parent=55808"}],"wp:term":[{"taxonomy":"product_cat","embeddable":true,"href":"https:\/\/store.evolve-fitness.eu\/es\/wp-json\/wp\/v2\/product_cat?post=55808"},{"taxonomy":"product_tag","embeddable":true,"href":"https:\/\/store.evolve-fitness.eu\/es\/wp-json\/wp\/v2\/product_tag?post=55808"}],"curies":[{"name":"wp","href":"https:\/\/api.w.org\/{rel}","templated":true}]}}