{"id":55710,"date":"2024-01-26T14:20:10","date_gmt":"2024-01-26T14:20:10","guid":{"rendered":"https:\/\/store.evolve-fitness.eu\/product\/gancho-para-banda-evolve\/"},"modified":"2024-08-06T12:59:58","modified_gmt":"2024-08-06T12:59:58","slug":"gancho-para-banda-evolve","status":"publish","type":"product","link":"https:\/\/store.evolve-fitness.eu\/es\/producto\/gancho-para-banda-evolve\/","title":{"rendered":"Gancho para banda Evolve"},"content":{"rendered":"","protected":false},"excerpt":{"rendered":"<p>Eleva tu entrenamiento de resistencia con el \u00abGancho para bandas Evolve\u00bb, una herramienta esencial que mejora la versatilidad de tus entrenamientos.<br \/>\nDise\u00f1ado para una integraci\u00f3n perfecta con el sistema Evolve, este gancho garantiza un punto de anclaje seguro para las bandas de resistencia, a\u00f1adiendo una nueva dimensi\u00f3n a tu rutina de ejercicios.<br \/>\nTanto si tu objetivo es la fuerza, la flexibilidad o la rehabilitaci\u00f3n, este accesorio ofrece una soluci\u00f3n din\u00e1mica y adaptable.<br \/>\nFabricado para ofrecer durabilidad y compatibilidad, el accesorio de gancho para bandas Evolve proporciona una forma fiable y eficaz de enriquecer tu viaje por el fitness.<br \/>\nLibera todo el potencial de tus entrenamientos y experimenta diversas posibilidades de ejercicio con este accesorio esencial, transformando cada sesi\u00f3n en una experiencia de fitness gratificante e impactante.      <\/p>\n","protected":false},"featured_media":55721,"template":"","meta":{"_acf_changed":false,"inline_featured_image":false},"product_cat":[432,574,648,651],"product_tag":[],"class_list":{"0":"post-55710","1":"product","2":"type-product","3":"status-publish","4":"has-post-thumbnail","6":"product_cat-pagina-de-inicio","7":"product_cat-transversal-y-funcional","8":"product_cat-componentes-de-la-plataforma","9":"product_cat-accesorios","11":"first","12":"instock","13":"shipping-taxable","14":"purchasable","15":"product-type-simple"},"acf":[],"_links":{"self":[{"href":"https:\/\/store.evolve-fitness.eu\/es\/wp-json\/wp\/v2\/product\/55710","targetHints":{"allow":["GET"]}}],"collection":[{"href":"https:\/\/store.evolve-fitness.eu\/es\/wp-json\/wp\/v2\/product"}],"about":[{"href":"https:\/\/store.evolve-fitness.eu\/es\/wp-json\/wp\/v2\/types\/product"}],"wp:featuredmedia":[{"embeddable":true,"href":"https:\/\/store.evolve-fitness.eu\/es\/wp-json\/wp\/v2\/media\/55721"}],"wp:attachment":[{"href":"https:\/\/store.evolve-fitness.eu\/es\/wp-json\/wp\/v2\/media?parent=55710"}],"wp:term":[{"taxonomy":"product_cat","embeddable":true,"href":"https:\/\/store.evolve-fitness.eu\/es\/wp-json\/wp\/v2\/product_cat?post=55710"},{"taxonomy":"product_tag","embeddable":true,"href":"https:\/\/store.evolve-fitness.eu\/es\/wp-json\/wp\/v2\/product_tag?post=55710"}],"curies":[{"name":"wp","href":"https:\/\/api.w.org\/{rel}","templated":true}]}}