{"id":55048,"date":"2024-01-26T06:27:35","date_gmt":"2024-01-26T06:27:35","guid":{"rendered":"https:\/\/store.evolve-fitness.eu\/product\/evolve-soporte-horizontal-para-placas-de-parachoques\/"},"modified":"2026-04-29T12:01:09","modified_gmt":"2026-04-29T12:01:09","slug":"evolve-soporte-horizontal-para-placas-de-parachoques","status":"publish","type":"product","link":"https:\/\/store.evolve-fitness.eu\/es\/producto\/evolve-soporte-horizontal-para-placas-de-parachoques\/","title":{"rendered":"Evolve Soporte Horizontal para Placas de Parachoques"},"content":{"rendered":"\n<section class=\"wp-block-group alignfull black-content has-white-color has-darkgray-background-color has-text-color has-background is-layout-constrained wp-block-group-is-layout-constrained\" style=\"padding-top:var(--wp--preset--spacing--section-bottom);padding-bottom:var(--wp--preset--spacing--section-bottom)\">\n<div class=\"wp-block-columns alignwide mobile-reverse is-layout-flex wp-container-core-columns-is-layout-ca64bf2d wp-block-columns-is-layout-flex\" style=\"margin-bottom:var(--wp--preset--spacing--side-padding)\">\n<div class=\"wp-block-column is-vertically-aligned-center is-layout-flow wp-block-column-is-layout-flow\">\n<h3 class=\"wp-block-heading\" style=\"margin-bottom:var(--wp--preset--spacing--h-3-bottom)\"><strong><strong><strong><strong><strong><strong>Almacenamiento m\u00f3vil y c\u00f3modo<\/strong><\/strong><\/strong><\/strong><\/strong><\/strong><\/h3>\n\n\n\n<p>Equipado con ruedas de transporte y un asa antideslizante, el Evolve Horizontal Bumper Plate Rack hace que mover los platos de pesas por su espacio sea una brisa. Ya est\u00e9 reorganizando su gimnasio o simplemente trasladando el equipo para un entrenamiento espec\u00edfico, esta estanter\u00eda ofrece una movilidad inigualable.<\/p>\n\n\n\n<h3 class=\"wp-block-heading\" style=\"margin-bottom:var(--wp--preset--spacing--h-3-bottom)\"><strong><strong><strong><strong><strong>Dise\u00f1o duradero<\/strong><\/strong><\/strong><\/strong><\/strong><\/h3>\n\n\n\n<p>El bastidor con recubrimiento en polvo de la estanter\u00eda no s\u00f3lo a\u00f1ade un aspecto elegante y profesional, sino que tambi\u00e9n garantiza la resistencia a la oxidaci\u00f3n y al desgaste. Esto significa que su inversi\u00f3n se mantiene en las mejores condiciones, incluso en los entornos de gimnasio m\u00e1s duros.<\/p>\n<\/div>\n\n\n\n<div class=\"wp-block-column is-vertically-aligned-center is-layout-flow wp-block-column-is-layout-flow\">\n<figure class=\"wp-block-image alignright size-full is-resized is-style-rounded\"><img decoding=\"async\" src=\"https:\/\/evolve-fitness.eu\/wp-content\/uploads\/2023\/11\/Evolve-Horizontal-Bumper-Plate-Rack-1.1.png\" alt=\"\" class=\"wp-image-5966\" style=\"object-fit:cover;width:680px;height:600px\"\/><\/figure>\n<\/div>\n<\/div>\n\n\n\n<div class=\"wp-block-columns alignwide is-layout-flex wp-container-core-columns-is-layout-c45ee707 wp-block-columns-is-layout-flex\" style=\"margin-bottom:var(--wp--preset--spacing--side-padding);padding-top:var(--wp--preset--spacing--side-padding)\">\n<div class=\"wp-block-column is-vertically-aligned-center is-layout-flow wp-block-column-is-layout-flow\">\n<figure class=\"wp-block-image size-full is-resized is-style-rounded\"><img decoding=\"async\" src=\"https:\/\/evolve-fitness.eu\/wp-content\/uploads\/2023\/11\/Evolve-Horizontal-Bumper-Plate-Rack.png\" alt=\"\" class=\"wp-image-5962\" style=\"object-fit:cover;width:680px;height:600px\"\/><\/figure>\n<\/div>\n\n\n\n<div class=\"wp-block-column is-vertically-aligned-center is-layout-constrained wp-block-column-is-layout-constrained\">\n<h3 class=\"wp-block-heading\" style=\"margin-bottom:var(--wp--preset--spacing--h-3-bottom)\"><strong><strong><strong><strong><strong><strong>Organizaci\u00f3n eficaz para facilitar el acceso<\/strong><\/strong><\/strong><\/strong><\/strong><\/strong><\/h3>\n\n\n\n<p>El robusto bastidor de la estanter\u00eda puede alojar varias placas de pesas de parachoques, lo que la convierte en una soluci\u00f3n de almacenamiento eficaz. Al mantener los platos apilados y ordenados, es m\u00e1s f\u00e1cil para los usuarios encontrar y seleccionar las pesas que necesitan, lo que agiliza su experiencia de entrenamiento.<\/p>\n\n\n\n<h3 class=\"wp-block-heading\" style=\"margin-bottom:var(--wp--preset--spacing--h-3-bottom)\"><strong><strong><strong><strong><strong><strong>Elementos de protecci\u00f3n para la seguridad y la estabilidad<\/strong><\/strong><\/strong><\/strong><\/strong><\/strong><\/h3>\n\n\n\n<p>Con un revestimiento protector de PVC en los pies, la estanter\u00eda horizontal para platos Evolve se mantiene en su sitio de forma segura, garantizando la seguridad y la estabilidad durante su uso. Esta caracter\u00edstica ayuda a proteger sus suelos de ara\u00f1azos y da\u00f1os, manteniendo el estado impecable de su espacio de fitness.<\/p>\n<\/div>\n<\/div>\n\n\n\n<div class=\"wp-block-columns alignwide is-layout-flex wp-container-core-columns-is-layout-c45ee707 wp-block-columns-is-layout-flex\" style=\"margin-bottom:var(--wp--preset--spacing--side-padding);padding-top:var(--wp--preset--spacing--side-padding)\">\n<div class=\"wp-block-column is-vertically-aligned-center is-layout-constrained wp-block-column-is-layout-constrained\">\n<h3 class=\"wp-block-heading\" style=\"margin-bottom:var(--wp--preset--spacing--h-3-bottom)\"><strong><strong><strong><strong><strong><strong><strong>Principales ventajas de elegir la estanter\u00eda Evolve<\/strong><\/strong><\/strong><\/strong><\/strong><\/strong><\/strong><\/h3>\n\n\n\n<ul class=\"wp-block-list\">\n<li><strong>Estructura con recubrimiento en polvo<\/strong>: Ofrece durabilidad y resistencia a la oxidaci\u00f3n.<\/li>\n\n\n\n<li><strong>Ruedas de transporte<\/strong>: Facilitan el desplazamiento dentro de su espacio.<\/li>\n\n\n\n<li><strong>Asa antideslizante<\/strong>: Asegura un agarre firme mientras se mueve la estanter\u00eda.<\/li>\n\n\n\n<li><strong>Revestimiento protector de PVC para los pies<\/strong>: Preserva la integridad del suelo y a\u00f1ade estabilidad.<\/li>\n<\/ul>\n<\/div>\n\n\n\n<div class=\"wp-block-column is-vertically-aligned-center is-layout-flow wp-block-column-is-layout-flow\">\n<figure class=\"wp-block-image size-full is-resized is-style-rounded\"><img decoding=\"async\" src=\"https:\/\/evolve-fitness.eu\/wp-content\/uploads\/2023\/11\/Evolve-Horizontal-Bumper-Plate-Rack-1.0.png\" alt=\"\" class=\"wp-image-5968\" style=\"object-fit:cover;width:680px;height:600px\"\/><\/figure>\n<\/div>\n<\/div>\n\n\n\n<p class=\"has-text-align-center has-medium-2-font-size\" style=\"padding-top:var(--wp--preset--spacing--tb-padding);padding-bottom:var(--wp--preset--spacing--tb-padding)\">T<strong>a estanter\u00eda horizontal para platos Evolve es un complemento esencial para cualquier gimnasio, ya que ofrece una soluci\u00f3n pr\u00e1ctica para el almacenamiento y transporte de platos de pesas. Su robusta construcci\u00f3n, combinada con sus pr\u00e1cticas funciones, la convierten en una inversi\u00f3n que mejora la funcionalidad y la organizaci\u00f3n de su espacio de entrenamiento.<\/strong><\/p>\n<\/section>\n","protected":false},"excerpt":{"rendered":"<p>El Evolve Horizontal Bumper Plate Rack es una soluci\u00f3n de almacenamiento excepcional para gimnasios, garajes y centros de fitness, dise\u00f1ado para mantener las placas de peso organizadas y f\u00e1cilmente accesibles. Esta duradera estanter\u00eda cuenta con un bastidor con recubrimiento en polvo para resistir la oxidaci\u00f3n, ruedas de transporte y un asa antideslizante para una movilidad sin esfuerzo. Su eficaz dise\u00f1o, con revestimiento protector de pies de PVC, garantiza la seguridad, la estabilidad y la optimizaci\u00f3n del espacio, lo que la convierte en la opci\u00f3n ideal para mantener un entorno de entrenamiento ordenado y profesional. Esta estanter\u00eda no s\u00f3lo es un complemento pr\u00e1ctico para cualquier espacio de fitness, sino que tambi\u00e9n mejora la experiencia del usuario al mantener el equipo ordenado y f\u00e1cilmente disponible.<\/p>\n","protected":false},"featured_media":55049,"template":"","meta":{"_acf_changed":false,"inline_featured_image":false},"product_cat":[984,432,983],"product_tag":[],"class_list":{"0":"post-55048","1":"product","2":"type-product","3":"status-publish","4":"has-post-thumbnail","6":"product_cat-estanterias-y-soluciones-de-almacenamiento","7":"product_cat-pagina-de-inicio","8":"product_cat-pesos-libres","10":"first","11":"instock","12":"shipping-taxable","13":"purchasable","14":"product-type-simple"},"acf":[],"_links":{"self":[{"href":"https:\/\/store.evolve-fitness.eu\/es\/wp-json\/wp\/v2\/product\/55048","targetHints":{"allow":["GET"]}}],"collection":[{"href":"https:\/\/store.evolve-fitness.eu\/es\/wp-json\/wp\/v2\/product"}],"about":[{"href":"https:\/\/store.evolve-fitness.eu\/es\/wp-json\/wp\/v2\/types\/product"}],"wp:featuredmedia":[{"embeddable":true,"href":"https:\/\/store.evolve-fitness.eu\/es\/wp-json\/wp\/v2\/media\/55049"}],"wp:attachment":[{"href":"https:\/\/store.evolve-fitness.eu\/es\/wp-json\/wp\/v2\/media?parent=55048"}],"wp:term":[{"taxonomy":"product_cat","embeddable":true,"href":"https:\/\/store.evolve-fitness.eu\/es\/wp-json\/wp\/v2\/product_cat?post=55048"},{"taxonomy":"product_tag","embeddable":true,"href":"https:\/\/store.evolve-fitness.eu\/es\/wp-json\/wp\/v2\/product_tag?post=55048"}],"curies":[{"name":"wp","href":"https:\/\/api.w.org\/{rel}","templated":true}]}}