{"id":54898,"date":"2024-01-25T13:50:49","date_gmt":"2024-01-25T13:50:49","guid":{"rendered":"https:\/\/store.evolve-fitness.eu\/product\/cuerda-de-velocidad-evolve-300-cm\/"},"modified":"2026-04-10T12:00:22","modified_gmt":"2026-04-10T12:00:22","slug":"cuerda-de-velocidad-evolve-300-cm","status":"publish","type":"product","link":"https:\/\/store.evolve-fitness.eu\/es\/producto\/cuerda-de-velocidad-evolve-300-cm\/","title":{"rendered":"Cuerda de velocidad Evolve &#8211; 300 cm"},"content":{"rendered":"\n<section class=\"wp-block-group alignfull has-lightgray-background-color has-background is-layout-constrained wp-block-group-is-layout-constrained\">\n<div class=\"wp-block-columns alignwide is-layout-flex wp-container-core-columns-is-layout-2edb0647 wp-block-columns-is-layout-flex\" style=\"margin-top:0;margin-bottom:0\">\n<div class=\"wp-block-column is-layout-flow wp-block-column-is-layout-flow\" style=\"flex-basis:33.33%\"><\/div>\n\n\n\n<div class=\"wp-block-column is-layout-flow wp-block-column-is-layout-flow\" style=\"flex-basis:66.66%\"><\/div>\n<\/div>\n<\/section>\n","protected":false},"excerpt":{"rendered":"<p>La cuerda de velocidad Evolve, de 300 cm, est\u00e1 dise\u00f1ada para mejorar la condici\u00f3n f\u00edsica cardiovascular y la coordinaci\u00f3n. Esta cuerda de velocidad es adecuada para distintos niveles de habilidad y forma f\u00edsica, desde principiantes hasta atletas avanzados. Es una herramienta eficaz para una amplia gama de entrenamientos, incluidos el entrenamiento por intervalos de alta intensidad y los ejercicios de acondicionamiento.<\/p>\n","protected":false},"featured_media":54900,"template":"","meta":{"_acf_changed":false,"inline_featured_image":false},"product_cat":[574,576],"product_tag":[],"class_list":{"0":"post-54898","1":"product","2":"type-product","3":"status-publish","4":"has-post-thumbnail","6":"product_cat-transversal-y-funcional","7":"product_cat-equipamiento-funcional","9":"first","10":"instock","11":"shipping-taxable","12":"purchasable","13":"product-type-simple"},"acf":[],"_links":{"self":[{"href":"https:\/\/store.evolve-fitness.eu\/es\/wp-json\/wp\/v2\/product\/54898","targetHints":{"allow":["GET"]}}],"collection":[{"href":"https:\/\/store.evolve-fitness.eu\/es\/wp-json\/wp\/v2\/product"}],"about":[{"href":"https:\/\/store.evolve-fitness.eu\/es\/wp-json\/wp\/v2\/types\/product"}],"wp:featuredmedia":[{"embeddable":true,"href":"https:\/\/store.evolve-fitness.eu\/es\/wp-json\/wp\/v2\/media\/54900"}],"wp:attachment":[{"href":"https:\/\/store.evolve-fitness.eu\/es\/wp-json\/wp\/v2\/media?parent=54898"}],"wp:term":[{"taxonomy":"product_cat","embeddable":true,"href":"https:\/\/store.evolve-fitness.eu\/es\/wp-json\/wp\/v2\/product_cat?post=54898"},{"taxonomy":"product_tag","embeddable":true,"href":"https:\/\/store.evolve-fitness.eu\/es\/wp-json\/wp\/v2\/product_tag?post=54898"}],"curies":[{"name":"wp","href":"https:\/\/api.w.org\/{rel}","templated":true}]}}