{"id":54873,"date":"2024-01-25T14:04:02","date_gmt":"2024-01-25T14:04:02","guid":{"rendered":"https:\/\/store.evolve-fitness.eu\/product\/cinturones-de-suspension-evolve-home\/"},"modified":"2025-03-26T14:58:42","modified_gmt":"2025-03-26T14:58:42","slug":"cinturones-de-suspension-evolve-home","status":"publish","type":"product","link":"https:\/\/store.evolve-fitness.eu\/es\/producto\/cinturones-de-suspension-evolve-home\/","title":{"rendered":"Cinturones de suspensi\u00f3n Evolve Home"},"content":{"rendered":"\n<section class=\"wp-block-group alignfull has-lightgray-background-color has-background is-layout-constrained wp-block-group-is-layout-constrained\">\n<div class=\"wp-block-columns alignwide is-layout-flex wp-container-core-columns-is-layout-2edb0647 wp-block-columns-is-layout-flex\" style=\"margin-top:0;margin-bottom:0\">\n<div class=\"wp-block-column is-layout-flow wp-block-column-is-layout-flow\" style=\"flex-basis:33.33%\"><\/div>\n\n\n\n<div class=\"wp-block-column is-layout-flow wp-block-column-is-layout-flow\" style=\"flex-basis:66.66%\"><\/div>\n<\/div>\n<\/section>\n","protected":false},"excerpt":{"rendered":"<p>Entrena en cualquier lugar y en cualquier momento con las elegantes y vers\u00e1tiles correas funcionales Evolve. Fabricada en tejido duradero, con asas de goma recubiertas antideslizantes y resistentes y lazos ajustables para las piernas, estas caracter\u00edsticas garantizan la longevidad y la comodidad durante los entrenamientos. Con unos enganches especiales, estas correas pueden colgarse de una viga, un soporte mural o una puerta. El c\u00f3modo dise\u00f1o port\u00e1til incluye una bolsa en la que cabe todo el juego. El entrenador TRX Evolve es una alternativa dom\u00e9stica con un dise\u00f1o sencillo pero elegante, que permite un entrenamiento muscular de todo el cuerpo. Las correas Evolve TRX est\u00e1n fabricadas con materiales de alta calidad, lo que garantiza un f\u00e1cil mantenimiento y limpieza.<\/p>\n","protected":false},"featured_media":54889,"template":"","meta":{"_acf_changed":false,"inline_featured_image":false},"product_cat":[2410,574,576],"product_tag":[],"class_list":{"0":"post-54873","1":"product","2":"type-product","3":"status-publish","4":"has-post-thumbnail","6":"product_cat-engranaje-hyrox","7":"product_cat-transversal-y-funcional","8":"product_cat-equipamiento-funcional","10":"first","11":"instock","12":"shipping-taxable","13":"purchasable","14":"product-type-simple"},"acf":[],"_links":{"self":[{"href":"https:\/\/store.evolve-fitness.eu\/es\/wp-json\/wp\/v2\/product\/54873","targetHints":{"allow":["GET"]}}],"collection":[{"href":"https:\/\/store.evolve-fitness.eu\/es\/wp-json\/wp\/v2\/product"}],"about":[{"href":"https:\/\/store.evolve-fitness.eu\/es\/wp-json\/wp\/v2\/types\/product"}],"wp:featuredmedia":[{"embeddable":true,"href":"https:\/\/store.evolve-fitness.eu\/es\/wp-json\/wp\/v2\/media\/54889"}],"wp:attachment":[{"href":"https:\/\/store.evolve-fitness.eu\/es\/wp-json\/wp\/v2\/media?parent=54873"}],"wp:term":[{"taxonomy":"product_cat","embeddable":true,"href":"https:\/\/store.evolve-fitness.eu\/es\/wp-json\/wp\/v2\/product_cat?post=54873"},{"taxonomy":"product_tag","embeddable":true,"href":"https:\/\/store.evolve-fitness.eu\/es\/wp-json\/wp\/v2\/product_tag?post=54873"}],"curies":[{"name":"wp","href":"https:\/\/api.w.org\/{rel}","templated":true}]}}