{"id":54470,"date":"2024-01-25T08:26:52","date_gmt":"2024-01-25T08:26:52","guid":{"rendered":"https:\/\/store.evolve-fitness.eu\/product\/banco-de-descenso-olimpico-evolve-prime-series\/"},"modified":"2025-12-15T13:30:42","modified_gmt":"2025-12-15T13:30:42","slug":"banco-de-descenso-olimpico-evolve-prime-series","status":"publish","type":"product","link":"https:\/\/store.evolve-fitness.eu\/es\/producto\/banco-de-descenso-olimpico-evolve-prime-series\/","title":{"rendered":"Banco de descenso ol\u00edmpico Evolve Prime Series"},"content":{"rendered":"\n<section class=\"wp-block-group alignfull black-content has-white-color has-darkgray-background-color has-text-color has-background is-layout-constrained wp-block-group-is-layout-constrained\" style=\"padding-top:var(--wp--preset--spacing--section-bottom);padding-bottom:var(--wp--preset--spacing--section-bottom)\">\n<div class=\"wp-block-columns alignwide mobile-reverse is-layout-flex wp-container-core-columns-is-layout-ca64bf2d wp-block-columns-is-layout-flex\" style=\"margin-bottom:var(--wp--preset--spacing--side-padding)\">\n<div class=\"wp-block-column is-vertically-aligned-center is-layout-flow wp-block-column-is-layout-flow\">\n<h3 class=\"wp-block-heading\" style=\"margin-bottom:var(--wp--preset--spacing--h-3-bottom)\"><strong><strong><strong><strong><strong><strong><strong><strong>Resistencia, precisi\u00f3n y comodidad<\/strong><\/strong><\/strong><\/strong><\/strong><\/strong><\/strong><\/strong><\/h3>\n\n\n\n<p><strong><em><strong><em><strong><strong><strong><strong><strong>El siguiente nivel de press de banca con el <strong>banco inclinado ol\u00edmpico Evolve<\/strong><\/strong><\/strong><\/strong><\/strong><\/strong><\/em><\/strong><\/em><\/strong><\/p>\n\n\n\n<p style=\"margin-bottom:var(--wp--preset--spacing--tb-section-padding)\">Dise\u00f1ado para aquellos que se toman en serio su juego de levantamiento, este banco no es s\u00f3lo una pieza de equipo; es la piedra angular de su r\u00e9gimen de entrenamiento de fuerza. Experimente el \u00e1ngulo perfecto para el m\u00e1ximo compromiso muscular. El banco inclinado ol\u00edmpico Evolve est\u00e1 dise\u00f1ado para centrarse en la parte superior del pecho y los hombros de manera m\u00e1s eficaz, d\u00e1ndole los mejores resultados posibles de sus entrenamientos de press inclinado.<\/p>\n<\/div>\n\n\n\n<div class=\"wp-block-column is-vertically-aligned-center is-layout-flow wp-block-column-is-layout-flow\">\n<figure class=\"wp-block-video\"><video height=\"888\" style=\"aspect-ratio: 790 \/ 888;\" width=\"790\" autoplay=\"\" controls=\"\" loop=\"\" muted=\"\" src=\"https:\/\/evolve-fitness.eu\/wp-content\/uploads\/2023\/12\/1-24.mp4\"><\/video><\/figure>\n<\/div>\n<\/div>\n\n\n\n<div class=\"wp-block-columns alignwide is-layout-flex wp-container-core-columns-is-layout-c45ee707 wp-block-columns-is-layout-flex\" style=\"margin-bottom:var(--wp--preset--spacing--side-padding);padding-top:var(--wp--preset--spacing--side-padding)\">\n<div class=\"wp-block-column is-vertically-aligned-center is-layout-flow wp-block-column-is-layout-flow\">\n<figure class=\"wp-block-video\"><video autoplay=\"\" controls=\"\" loop=\"\" muted=\"\" src=\"https:\/\/evolve-fitness.eu\/wp-content\/uploads\/2023\/12\/2-15.mp4\"><\/video><\/figure>\n<\/div>\n\n\n\n<div class=\"wp-block-column is-vertically-aligned-center is-layout-flow wp-block-column-is-layout-flow\">\n<h3 class=\"wp-block-heading\" style=\"margin-bottom:var(--wp--preset--spacing--h-3-bottom)\"><strong><strong>Comodidad y sujeci\u00f3n superiores<\/strong><\/strong><\/h3>\n\n\n\n<p><strong><em>Conc\u00e9ntrese en sus ascensores<\/em><\/strong><\/p>\n\n\n\n<p style=\"margin-bottom:var(--wp--preset--spacing--tb-section-padding)\">Nuestro banco cuenta con un acolchado de espuma de alta densidad que proporciona una comodidad inigualable al tiempo que garantiza un apoyo y una alineaci\u00f3n adecuados. Esto significa entrenamientos m\u00e1s largos y eficaces sin esfuerzos innecesarios.<\/p>\n<\/div>\n<\/div>\n\n\n\n<div class=\"wp-block-columns alignwide is-layout-flex wp-container-core-columns-is-layout-c45ee707 wp-block-columns-is-layout-flex\" style=\"margin-bottom:var(--wp--preset--spacing--side-padding);padding-top:var(--wp--preset--spacing--side-padding)\">\n<div class=\"wp-block-column is-vertically-aligned-center is-layout-flow wp-block-column-is-layout-flow\">\n<h3 class=\"wp-block-heading\" style=\"margin-bottom:var(--wp--preset--spacing--h-3-bottom)\"><strong><strong><strong><strong><strong><strong><strong><strong><strong>Construcci\u00f3n duradera y robusta<\/strong><\/strong><\/strong><\/strong><\/strong><\/strong><\/strong><\/strong><\/strong><\/h3>\n\n\n\n<p><strong><em>Fiabilidad a largo plazo<\/em><\/strong><\/p>\n\n\n\n<p style=\"margin-bottom:var(--wp--preset--spacing--tb-section-padding)\">Construido para durar, el banco inclinado ol\u00edmpico Evolve cuenta con una estructura de acero de alta resistencia. Su excepcional durabilidad puede soportar los rigores de un uso diario intenso, lo que la convierte en una opci\u00f3n fiable tanto para gimnasios comerciales como para espacios de entrenamiento dom\u00e9sticos.<\/p>\n<\/div>\n\n\n\n<div class=\"wp-block-column is-vertically-aligned-center is-layout-flow wp-block-column-is-layout-flow\">\n<figure class=\"wp-block-video\"><video height=\"405\" style=\"aspect-ratio: 377 \/ 405;\" width=\"377\" autoplay=\"\" controls=\"\" loop=\"\" muted=\"\" src=\"https:\/\/evolve-fitness.eu\/wp-content\/uploads\/2023\/12\/3-10.mp4\"><\/video><\/figure>\n<\/div>\n<\/div>\n<\/section>\n","protected":false},"excerpt":{"rendered":"<p>El banco reclinable ol\u00edmpico Evolve de alta calidad es una opci\u00f3n perfecta para entornos comerciales. La gruesa tapicer\u00eda y el duradero armaz\u00f3n con recubrimiento en polvo proporcionan una plataforma estable y duradera para entrenamientos eficaces y pueden soportar entrenamientos intensivos constantes. Dise\u00f1o compacto y ergon\u00f3mico, armaz\u00f3n abierto, 2 pares de soportes para barra, armaz\u00f3n abierto y muchas otras caracter\u00edsticas funcionales: este banco de descenso ol\u00edmpico Evolve es ideal para usuarios de todos los tama\u00f1os y niveles de forma f\u00edsica.<\/p>\n","protected":false},"featured_media":54515,"template":"","meta":{"_acf_changed":false,"inline_featured_image":false},"product_cat":[432,1234,1235],"product_tag":[],"class_list":{"0":"post-54470","1":"product","2":"type-product","3":"status-publish","4":"has-post-thumbnail","6":"product_cat-pagina-de-inicio","7":"product_cat-bancos","8":"product_cat-bancos-prime-series","10":"first","11":"outofstock","12":"shipping-taxable","13":"purchasable","14":"product-type-simple"},"acf":[],"_links":{"self":[{"href":"https:\/\/store.evolve-fitness.eu\/es\/wp-json\/wp\/v2\/product\/54470","targetHints":{"allow":["GET"]}}],"collection":[{"href":"https:\/\/store.evolve-fitness.eu\/es\/wp-json\/wp\/v2\/product"}],"about":[{"href":"https:\/\/store.evolve-fitness.eu\/es\/wp-json\/wp\/v2\/types\/product"}],"wp:featuredmedia":[{"embeddable":true,"href":"https:\/\/store.evolve-fitness.eu\/es\/wp-json\/wp\/v2\/media\/54515"}],"wp:attachment":[{"href":"https:\/\/store.evolve-fitness.eu\/es\/wp-json\/wp\/v2\/media?parent=54470"}],"wp:term":[{"taxonomy":"product_cat","embeddable":true,"href":"https:\/\/store.evolve-fitness.eu\/es\/wp-json\/wp\/v2\/product_cat?post=54470"},{"taxonomy":"product_tag","embeddable":true,"href":"https:\/\/store.evolve-fitness.eu\/es\/wp-json\/wp\/v2\/product_tag?post=54470"}],"curies":[{"name":"wp","href":"https:\/\/api.w.org\/{rel}","templated":true}]}}