{"id":53487,"date":"2024-01-24T11:48:33","date_gmt":"2024-01-24T11:48:33","guid":{"rendered":"https:\/\/store.evolve-fitness.eu\/product\/estacion-de-flexiones-evolve-prime-series\/"},"modified":"2025-03-26T14:38:28","modified_gmt":"2025-03-26T14:38:28","slug":"estacion-de-flexiones-evolve-prime-series","status":"publish","type":"product","link":"https:\/\/store.evolve-fitness.eu\/es\/producto\/estacion-de-flexiones-evolve-prime-series\/","title":{"rendered":"Estaci\u00f3n de Flexiones Evolve Prime Series"},"content":{"rendered":"\n<section class=\"wp-block-group alignfull black-content has-white-color has-darkgray-background-color has-text-color has-background is-layout-constrained wp-block-group-is-layout-constrained\" style=\"padding-top:var(--wp--preset--spacing--section-bottom);padding-bottom:var(--wp--preset--spacing--section-bottom)\">\n<div class=\"wp-block-columns alignwide is-layout-flex wp-container-core-columns-is-layout-c45ee707 wp-block-columns-is-layout-flex\" style=\"margin-bottom:var(--wp--preset--spacing--side-padding);padding-top:var(--wp--preset--spacing--side-padding)\">\n<div class=\"wp-block-column is-vertically-aligned-center is-layout-flow wp-block-column-is-layout-flow\">\n<figure class=\"wp-block-image size-large\"><img decoding=\"async\" src=\"https:\/\/evolve-fitness.eu\/wp-content\/uploads\/2023\/12\/A7_06437-1024x683.jpg\" alt=\"EV-BN-PR-228\" class=\"wp-image-8599\"\/><\/figure>\n<\/div>\n\n\n\n<div class=\"wp-block-column is-vertically-aligned-center is-layout-constrained wp-block-column-is-layout-constrained\">\n<h3 class=\"wp-block-heading\" style=\"margin-bottom:var(--wp--preset--spacing--h-3-bottom)\"><strong><strong>Fortalecimiento del n\u00facleo<\/strong><\/strong> <\/h3>\n\n\n\n<p><\/p>\n\n\n\n<p style=\"margin-bottom:var(--wp--preset--spacing--tb-section-padding)\">Dise\u00f1ado espec\u00edficamente para ejercicios de abdominales, dirigidos a los grupos musculares centrales. Ayuda a desarrollar la fuerza y la resistencia abdominales, cruciales para la forma f\u00edsica general.<\/p>\n<\/div>\n<\/div>\n\n\n\n<div class=\"wp-block-columns alignwide is-layout-flex wp-container-core-columns-is-layout-c45ee707 wp-block-columns-is-layout-flex\" style=\"margin-bottom:var(--wp--preset--spacing--side-padding);padding-top:var(--wp--preset--spacing--side-padding)\">\n<div class=\"wp-block-column is-vertically-aligned-center is-layout-flow wp-block-column-is-layout-flow\">\n<h3 class=\"wp-block-heading\" style=\"margin-bottom:var(--wp--preset--spacing--h-3-bottom)\"><strong><strong>Caracter\u00edsticas ajustables<\/strong><\/strong><\/h3>\n\n\n\n<p><strong><em><strong><strong>por su versatilidad<\/strong><\/strong><\/em><\/strong><\/p>\n\n\n\n<p>Este banco se adapta a varios tama\u00f1os corporales e intensidades de entrenamiento, gracias a sus niveles de inclinaci\u00f3n ajustables. Esta adaptabilidad aumenta su utilidad para una amplia gama de usuarios.<\/p>\n<\/div>\n\n\n\n<div class=\"wp-block-column is-vertically-aligned-center is-layout-flow wp-block-column-is-layout-flow\">\n<div class=\"wp-block-columns is-layout-flex wp-container-core-columns-is-layout-9d6595d7 wp-block-columns-is-layout-flex\">\n<div class=\"wp-block-column is-layout-flow wp-block-column-is-layout-flow\">\n<figure class=\"wp-block-image size-large\"><img decoding=\"async\" src=\"https:\/\/evolve-fitness.eu\/wp-content\/uploads\/2023\/12\/A7_06425-1-683x1024.jpg\" alt=\"EV-BN-PR-228\" class=\"wp-image-8621\"\/><\/figure>\n<\/div>\n<\/div>\n<\/div>\n<\/div>\n\n\n\n<div class=\"wp-block-columns alignwide is-layout-flex wp-container-core-columns-is-layout-c45ee707 wp-block-columns-is-layout-flex\" style=\"margin-bottom:var(--wp--preset--spacing--side-padding);padding-top:var(--wp--preset--spacing--side-padding)\">\n<div class=\"wp-block-column is-vertically-aligned-center is-layout-flow wp-block-column-is-layout-flow\">\n<figure class=\"wp-block-image size-large\"><img decoding=\"async\" src=\"https:\/\/evolve-fitness.eu\/wp-content\/uploads\/2023\/12\/A7_06439-1024x683.jpg\" alt=\"EV-BN-PR-228\" class=\"wp-image-8605\"\/><\/figure>\n<\/div>\n\n\n\n<div class=\"wp-block-column is-vertically-aligned-center is-layout-flow wp-block-column-is-layout-flow\">\n<h3 class=\"wp-block-heading\" style=\"margin-bottom:var(--wp--preset--spacing--h-3-bottom)\"><strong><strong><strong>Dise\u00f1o robusto y seguro<\/strong><\/strong><\/strong><\/h3>\n\n\n\n<p><\/p>\n\n\n\n<p>Construido para soportar un uso riguroso, el banco garantiza seguridad y estabilidad durante los entrenamientos, por lo que es adecuado tanto para el gimnasio como para el hogar.<\/p>\n<\/div>\n<\/div>\n\n\n\n<div class=\"wp-block-columns alignwide is-layout-flex wp-container-core-columns-is-layout-c45ee707 wp-block-columns-is-layout-flex\" style=\"margin-bottom:var(--wp--preset--spacing--side-padding);padding-top:var(--wp--preset--spacing--side-padding)\">\n<div class=\"wp-block-column is-vertically-aligned-center is-layout-flow wp-block-column-is-layout-flow\">\n<h3 class=\"wp-block-heading\" style=\"margin-bottom:var(--wp--preset--spacing--h-3-bottom)\"><strong><strong>C\u00f3modo y ergon\u00f3mico<\/strong><\/strong><\/h3>\n\n\n\n<p><\/p>\n\n\n\n<p>El banco reclinable Evolve hace hincapi\u00e9 en la comodidad del usuario, con un dise\u00f1o acolchado y ergon\u00f3mico que favorece la forma correcta de hacer ejercicio y reduce el riesgo de lesiones.<\/p>\n<\/div>\n\n\n\n<div class=\"wp-block-column is-vertically-aligned-center is-layout-flow wp-block-column-is-layout-flow\">\n<div class=\"wp-block-columns is-layout-flex wp-container-core-columns-is-layout-9d6595d7 wp-block-columns-is-layout-flex\">\n<div class=\"wp-block-column is-layout-flow wp-block-column-is-layout-flow\">\n<figure class=\"wp-block-image size-large\"><img decoding=\"async\" src=\"https:\/\/evolve-fitness.eu\/wp-content\/uploads\/2023\/12\/A7_06448-683x1024.jpg\" alt=\"EV-BN-PR-228\" class=\"wp-image-8603\"\/><\/figure>\n<\/div>\n<\/div>\n<\/div>\n<\/div>\n<\/section>\n","protected":false},"excerpt":{"rendered":"<p>Maximice sus entrenamientos de la parte superior del cuerpo con la estaci\u00f3n Evolve Prime Series Dip &amp; Pull Up, un equipo de fitness vers\u00e1til y robusto dise\u00f1ado para aquellos dedicados a desarrollar fuerza y m\u00fasculo en brazos, hombros, pecho y espalda. Esta estaci\u00f3n multifuncional permite a los usuarios realizar una amplia gama de ejercicios, como flexiones, dominadas, flexiones de ment\u00f3n y elevaciones de piernas, ofreciendo un entrenamiento completo de la parte superior del cuerpo en una unidad compacta. Ideal tanto para gimnasios dom\u00e9sticos como comerciales, la estaci\u00f3n de inmersi\u00f3n y dominadas Evolve Prime Series est\u00e1 dise\u00f1ada con materiales resistentes que garantizan estabilidad y durabilidad, incluso bajo un uso intenso. Su dise\u00f1o ergon\u00f3mico se adapta a usuarios de diferentes alturas y niveles de forma f\u00edsica, por lo que es una opci\u00f3n adecuada tanto para principiantes como para atletas experimentados. El aspecto elegante y moderno de la estaci\u00f3n complementa cualquier entorno de fitness a la vez que proporciona una forma eficiente y eficaz de mejorar su rutina de entrenamiento de fuerza. Invierta en la estaci\u00f3n de inmersi\u00f3n y levantamiento Evolve Prime Series y d\u00e9 un paso hacia un equipamiento que combina alta funcionalidad con estilo duradero.<\/p>\n","protected":false},"featured_media":53491,"template":"","meta":{"_acf_changed":false,"inline_featured_image":false},"product_cat":[432,1234,1235],"product_tag":[],"class_list":{"0":"post-53487","1":"product","2":"type-product","3":"status-publish","4":"has-post-thumbnail","6":"product_cat-pagina-de-inicio","7":"product_cat-bancos","8":"product_cat-bancos-prime-series","10":"first","11":"outofstock","12":"shipping-taxable","13":"purchasable","14":"product-type-simple"},"acf":[],"_links":{"self":[{"href":"https:\/\/store.evolve-fitness.eu\/es\/wp-json\/wp\/v2\/product\/53487","targetHints":{"allow":["GET"]}}],"collection":[{"href":"https:\/\/store.evolve-fitness.eu\/es\/wp-json\/wp\/v2\/product"}],"about":[{"href":"https:\/\/store.evolve-fitness.eu\/es\/wp-json\/wp\/v2\/types\/product"}],"wp:featuredmedia":[{"embeddable":true,"href":"https:\/\/store.evolve-fitness.eu\/es\/wp-json\/wp\/v2\/media\/53491"}],"wp:attachment":[{"href":"https:\/\/store.evolve-fitness.eu\/es\/wp-json\/wp\/v2\/media?parent=53487"}],"wp:term":[{"taxonomy":"product_cat","embeddable":true,"href":"https:\/\/store.evolve-fitness.eu\/es\/wp-json\/wp\/v2\/product_cat?post=53487"},{"taxonomy":"product_tag","embeddable":true,"href":"https:\/\/store.evolve-fitness.eu\/es\/wp-json\/wp\/v2\/product_tag?post=53487"}],"curies":[{"name":"wp","href":"https:\/\/api.w.org\/{rel}","templated":true}]}}