{"id":53338,"date":"2024-01-24T11:28:55","date_gmt":"2024-01-24T11:28:55","guid":{"rendered":"https:\/\/store.evolve-fitness.eu\/product\/banco-de-hiperextension-evolve-prime-series-2\/"},"modified":"2026-03-25T11:59:23","modified_gmt":"2026-03-25T11:59:23","slug":"banco-de-hiperextension-evolve-prime-series-2","status":"publish","type":"product","link":"https:\/\/store.evolve-fitness.eu\/es\/producto\/banco-de-hiperextension-evolve-prime-series-2\/","title":{"rendered":"Banco de hiperextensi\u00f3n Evolve Prime Series"},"content":{"rendered":"\n<section class=\"wp-block-group alignfull black-content has-white-color has-darkgray-background-color has-text-color has-background is-layout-constrained wp-block-group-is-layout-constrained\" style=\"padding-top:var(--wp--preset--spacing--section-bottom);padding-bottom:var(--wp--preset--spacing--section-bottom)\">\n<div class=\"wp-block-columns alignwide is-layout-flex wp-container-core-columns-is-layout-c45ee707 wp-block-columns-is-layout-flex\" style=\"margin-bottom:var(--wp--preset--spacing--side-padding);padding-top:var(--wp--preset--spacing--side-padding)\">\n<div class=\"wp-block-column is-vertically-aligned-center is-layout-flow wp-block-column-is-layout-flow\">\n<figure class=\"wp-block-image size-large\"><img decoding=\"async\" src=\"https:\/\/evolve-fitness.eu\/wp-content\/uploads\/2023\/12\/EV-BN-PR-224-Evolve-Prime-Series-Adjustable-Hyperextension-Bench-8-683x1024.jpg\" alt=\"\" class=\"wp-image-129583\"\/><\/figure>\n<\/div>\n\n\n\n<div class=\"wp-block-column is-vertically-aligned-center is-layout-constrained wp-block-column-is-layout-constrained\">\n<h3 class=\"wp-block-heading\" style=\"margin-bottom:var(--wp--preset--spacing--h-3-bottom)\"><strong>Mejorado<\/strong><\/h3>\n\n\n\n<p><strong>Core Workout<\/strong><\/p>\n\n\n\n<p style=\"margin-bottom:var(--wp--preset--spacing--tb-section-padding)\">El Evolve PR-224 est\u00e1 especializado en el fortalecimiento de la zona lumbar, los gl\u00fateos y los m\u00fasculos abdominales, ofreciendo un entrenamiento centrado en el tronco. Su dise\u00f1o garantiza la participaci\u00f3n muscular espec\u00edfica para el desarrollo eficaz de la fuerza.<\/p>\n<\/div>\n<\/div>\n\n\n\n<div class=\"wp-block-columns alignwide is-layout-flex wp-container-core-columns-is-layout-c45ee707 wp-block-columns-is-layout-flex\" style=\"margin-bottom:var(--wp--preset--spacing--side-padding);padding-top:var(--wp--preset--spacing--side-padding)\">\n<div class=\"wp-block-column is-vertically-aligned-center is-layout-flow wp-block-column-is-layout-flow\">\n<h3 class=\"wp-block-heading\" style=\"margin-bottom:var(--wp--preset--spacing--h-3-bottom)\"><strong><strong>Personalizable<\/strong><\/strong><\/h3>\n\n\n\n<p><strong><em><strong><strong>para necesidades individuales<\/strong><\/strong><\/em><\/strong><\/p>\n\n\n\n<p>Esta silla romana cuenta con ajustes regulables, lo que permite a los usuarios modificarla en funci\u00f3n de su estatura e intensidad de entrenamiento. Esta adaptabilidad lo hace adecuado para usuarios de distintos niveles de forma f\u00edsica.<\/p>\n<\/div>\n\n\n\n<div class=\"wp-block-column is-vertically-aligned-center is-layout-flow wp-block-column-is-layout-flow\">\n<div class=\"wp-block-columns is-layout-flex wp-container-core-columns-is-layout-9d6595d7 wp-block-columns-is-layout-flex\">\n<div class=\"wp-block-column is-layout-flow wp-block-column-is-layout-flow\">\n<figure class=\"wp-block-image size-large\"><img decoding=\"async\" src=\"https:\/\/evolve-fitness.eu\/wp-content\/uploads\/2023\/12\/EV-BN-PR-224-Evolve-Prime-Series-Adjustable-Hyperextension-Bench-7-1024x683.jpg\" alt=\"EV-BN-PR-224\" class=\"wp-image-129609\"\/><\/figure>\n<\/div>\n<\/div>\n<\/div>\n<\/div>\n\n\n\n<div class=\"wp-block-columns alignwide is-layout-flex wp-container-core-columns-is-layout-c45ee707 wp-block-columns-is-layout-flex\" style=\"margin-bottom:var(--wp--preset--spacing--side-padding);padding-top:var(--wp--preset--spacing--side-padding)\">\n<div class=\"wp-block-column is-vertically-aligned-center is-layout-flow wp-block-column-is-layout-flow\">\n<figure class=\"wp-block-image size-large\"><img decoding=\"async\" src=\"https:\/\/evolve-fitness.eu\/wp-content\/uploads\/2023\/12\/EV-BN-PR-224-Evolve-Prime-Series-Adjustable-Hyperextension-Bench-2-1024x683.jpg\" alt=\"EV-BN-PR-224\" class=\"wp-image-129634\"\/><\/figure>\n<\/div>\n\n\n\n<div class=\"wp-block-column is-vertically-aligned-center is-layout-flow wp-block-column-is-layout-flow\">\n<h3 class=\"wp-block-heading\" style=\"margin-bottom:var(--wp--preset--spacing--h-3-bottom)\"><strong><strong><strong>Robustez y fiabilidad<\/strong><\/strong><\/strong><\/h3>\n\n\n\n<p><em><strong><strong>Construcci\u00f3n<\/strong><\/strong><\/em><\/p>\n\n\n\n<p>Fabricado para ser duradero, el banco de respaldo romano de inclinaci\u00f3n ajustable Evolve soporta un uso riguroso en entornos de gimnasio profesionales, garantizando fiabilidad y seguridad a largo plazo durante los entrenamientos.<\/p>\n<\/div>\n<\/div>\n\n\n\n<div class=\"wp-block-columns alignwide is-layout-flex wp-container-core-columns-is-layout-c45ee707 wp-block-columns-is-layout-flex\" style=\"margin-bottom:var(--wp--preset--spacing--side-padding);padding-top:var(--wp--preset--spacing--side-padding)\">\n<div class=\"wp-block-column is-vertically-aligned-center is-layout-flow wp-block-column-is-layout-flow\">\n<h3 class=\"wp-block-heading\" style=\"margin-bottom:var(--wp--preset--spacing--h-3-bottom)\"><strong><strong>Dise\u00f1o ergon\u00f3mico<\/strong><\/strong><\/h3>\n\n\n\n<p><strong><strong>para mayor comodidad<\/strong><\/strong><\/p>\n\n\n\n<p>Priorizando la comodidad del usuario, est\u00e1 dise\u00f1ado ergon\u00f3micamente para apoyar el cuerpo correctamente durante los ejercicios, minimizando el riesgo de lesiones y mejorando la eficacia del entrenamiento.<\/p>\n<\/div>\n\n\n\n<div class=\"wp-block-column is-vertically-aligned-center is-layout-flow wp-block-column-is-layout-flow\">\n<div class=\"wp-block-columns is-layout-flex wp-container-core-columns-is-layout-9d6595d7 wp-block-columns-is-layout-flex\">\n<div class=\"wp-block-column is-layout-flow wp-block-column-is-layout-flow\">\n<figure class=\"wp-block-image size-large\"><img decoding=\"async\" src=\"https:\/\/evolve-fitness.eu\/wp-content\/uploads\/2023\/12\/EV-BN-PR-224-Evolve-Prime-Series-Adjustable-Hyperextension-Bench-3-683x1024.jpg\" alt=\"EV-BN-PR-224\" class=\"wp-image-129659\"\/><\/figure>\n<\/div>\n<\/div>\n<\/div>\n<\/div>\n<\/section>\n","protected":false},"excerpt":{"rendered":"<p>El banco de hiperextensi\u00f3n Evolve Prime Series es una silla de calidad profesional, dise\u00f1ada para mejorar sus entrenamientos de lumbares, gl\u00fateos y abdominales. Fabricado para ofrecer durabilidad y estabilidad, es un complemento ideal para cualquier gimnasio o espacio de entrenamiento dom\u00e9stico, ya que ofrece comodidad y robustez para diversos ejercicios. El dise\u00f1o ajustable se adapta a usuarios de diferentes alturas y preferencias de entrenamiento, garantizando una experiencia de entrenamiento personalizada y eficaz.<\/p>\n","protected":false},"featured_media":53343,"template":"","meta":{"_acf_changed":false,"inline_featured_image":false},"product_cat":[432,1234,1235],"product_tag":[],"class_list":{"0":"post-53338","1":"product","2":"type-product","3":"status-publish","4":"has-post-thumbnail","6":"product_cat-pagina-de-inicio","7":"product_cat-bancos","8":"product_cat-bancos-prime-series","10":"first","11":"outofstock","12":"shipping-taxable","13":"purchasable","14":"product-type-simple"},"acf":[],"_links":{"self":[{"href":"https:\/\/store.evolve-fitness.eu\/es\/wp-json\/wp\/v2\/product\/53338","targetHints":{"allow":["GET"]}}],"collection":[{"href":"https:\/\/store.evolve-fitness.eu\/es\/wp-json\/wp\/v2\/product"}],"about":[{"href":"https:\/\/store.evolve-fitness.eu\/es\/wp-json\/wp\/v2\/types\/product"}],"wp:featuredmedia":[{"embeddable":true,"href":"https:\/\/store.evolve-fitness.eu\/es\/wp-json\/wp\/v2\/media\/53343"}],"wp:attachment":[{"href":"https:\/\/store.evolve-fitness.eu\/es\/wp-json\/wp\/v2\/media?parent=53338"}],"wp:term":[{"taxonomy":"product_cat","embeddable":true,"href":"https:\/\/store.evolve-fitness.eu\/es\/wp-json\/wp\/v2\/product_cat?post=53338"},{"taxonomy":"product_tag","embeddable":true,"href":"https:\/\/store.evolve-fitness.eu\/es\/wp-json\/wp\/v2\/product_tag?post=53338"}],"curies":[{"name":"wp","href":"https:\/\/api.w.org\/{rel}","templated":true}]}}