{"id":53191,"date":"2024-01-31T12:10:30","date_gmt":"2024-01-31T12:10:30","guid":{"rendered":"https:\/\/store.evolve-fitness.eu\/product\/prensa-pectoral-selectorizada-evolve-digital-strength-series\/"},"modified":"2026-03-31T12:01:01","modified_gmt":"2026-03-31T12:01:01","slug":"prensa-pectoral-selectorizada-evolve-digital-strength-series","status":"publish","type":"product","link":"https:\/\/store.evolve-fitness.eu\/es\/producto\/prensa-pectoral-selectorizada-evolve-digital-strength-series\/","title":{"rendered":"Prensa pectoral selectorizada Evolve Digital Strength Series"},"content":{"rendered":"\n<section class=\"wp-block-group alignfull black-content has-white-color has-darkgray-background-color has-text-color has-background is-layout-constrained wp-block-group-is-layout-constrained\" style=\"padding-top:var(--wp--preset--spacing--section-bottom);padding-bottom:var(--wp--preset--spacing--section-bottom)\">\n<div class=\"wp-block-columns alignwide mobile-reverse is-layout-flex wp-container-core-columns-is-layout-ca64bf2d wp-block-columns-is-layout-flex\" style=\"margin-bottom:var(--wp--preset--spacing--side-padding)\">\n<div class=\"wp-block-column is-vertically-aligned-center is-layout-flow wp-block-column-is-layout-flow\">\n<h3 class=\"wp-block-heading\" style=\"margin-bottom:var(--wp--preset--spacing--h-3-bottom)\">introducci\u00f3n<\/h3>\n\n\n\n<p><strong><em><strong><em><strong><strong><strong><strong><strong><strong>Bienvenido a la presentaci\u00f3n de la nueva generaci\u00f3n de equipos de GYM<\/strong><\/strong><\/strong><\/strong><\/strong><\/strong><\/em><\/strong><\/em><\/strong><\/p>\n\n\n\n<p style=\"margin-bottom:var(--wp--preset--spacing--tb-section-padding)\">Descubra las innovadoras funciones de la SERIE DIGITAL Evolve en nuestro \u00faltimo v\u00eddeo de presentaci\u00f3n. Profundizamos en los aspectos \u00fanicos de esta m\u00e1quina de press de pecho y hombros de \u00faltima generaci\u00f3n, mostrando su interfaz digital, resistencia ajustable, dise\u00f1o ergon\u00f3mico y construcci\u00f3n robusta. Para disfrutar de una experiencia realmente envolvente, <strong>recomendamos desactivar el sonido<\/strong>.<\/p>\n<\/div>\n\n\n\n<div class=\"wp-block-column is-vertically-aligned-center is-layout-flow wp-block-column-is-layout-flow\">\n<figure class=\"wp-block-video\"><video height=\"600\" style=\"aspect-ratio: 680 \/ 600;\" width=\"680\" autoplay=\"\" controls=\"\" loop=\"\" muted=\"\" src=\"https:\/\/evolve-fitness.eu\/wp-content\/uploads\/2023\/12\/Digital-Strength-Line-Chest-Press-1-minute-LQ.mp4\"><\/video><\/figure>\n<\/div>\n<\/div>\n\n\n\n<div class=\"wp-block-columns alignwide is-layout-flex wp-container-core-columns-is-layout-c45ee707 wp-block-columns-is-layout-flex\" style=\"margin-bottom:var(--wp--preset--spacing--side-padding);padding-top:var(--wp--preset--spacing--side-padding)\">\n<div class=\"wp-block-column is-vertically-aligned-center is-layout-flow wp-block-column-is-layout-flow\">\n<figure class=\"wp-block-video\"><video height=\"720\" style=\"aspect-ratio: 1280 \/ 720;\" width=\"1280\" controls=\"\" src=\"https:\/\/store.evolve-fitness.eu\/wp-content\/uploads\/2024\/06\/EV-SC-DS-401-360-1.mp4\"><\/video><\/figure>\n<\/div>\n\n\n\n<div class=\"wp-block-column is-vertically-aligned-center is-layout-flow wp-block-column-is-layout-flow\">\n<h3 class=\"wp-block-heading\" style=\"margin-bottom:var(--wp--preset--spacing--h-3-bottom)\"><strong><strong><strong><strong><em>Caracter\u00edsticas principales<\/em><\/strong><\/strong><\/strong><\/strong><\/h3>\n\n\n\n<p>La prensa pectoral presenta una biomec\u00e1nica avanzada y una interfaz digital para un compromiso muscular y un seguimiento del entrenamiento \u00f3ptimos; varios modos de entrenamiento, como est\u00e1ndar, exc\u00e9ntrico, isocin\u00e9tico y el\u00e1stico, que se adaptan a diferentes necesidades de fitness; la m\u00e1quina est\u00e1 fabricada con materiales de alta calidad para una mayor durabilidad y tiene un dise\u00f1o ergon\u00f3mico para mayor comodidad y seguridad del usuario; la interfaz digital muestra las m\u00e9tricas clave del entrenamiento y la m\u00e1quina permite ajustar los niveles de resistencia.<\/p>\n<\/div>\n<\/div>\n\n\n\n<div class=\"wp-block-columns alignwide is-layout-flex wp-container-core-columns-is-layout-c45ee707 wp-block-columns-is-layout-flex\" style=\"margin-bottom:var(--wp--preset--spacing--side-padding);padding-top:var(--wp--preset--spacing--side-padding)\">\n<div class=\"wp-block-column is-vertically-aligned-center is-layout-flow wp-block-column-is-layout-flow\">\n<h3 class=\"wp-block-heading\" style=\"margin-bottom:var(--wp--preset--spacing--h-3-bottom)\">Resistencia digital adaptable<\/h3>\n\n\n\n<p><strong><em>El motor el\u00e9ctrico proporciona una resistencia digital estable<\/em><\/strong><\/p>\n\n\n\n<p style=\"margin-bottom:var(--wp--preset--spacing--tb-section-padding)\">Los equipos de gimnasia digital Evolve incorporan motores el\u00e9ctricos avanzados que forman parte integral de su dise\u00f1o de vanguardia. Estos motores est\u00e1n dise\u00f1ados para ofrecer eficiencia, durabilidad y un funcionamiento suave, lo que garantiza una experiencia de entrenamiento perfecta. Emplean sofisticados algoritmos y sensores para ajustar autom\u00e1ticamente los niveles de resistencia, atendiendo a las necesidades espec\u00edficas de forma f\u00edsica y al progreso del usuario. Esta adaptabilidad hace que el equipo sea vers\u00e1til, adecuado para una amplia gama de ejercicios, desde suaves movimientos de rehabilitaci\u00f3n hasta intensos entrenamientos de fuerza. Adem\u00e1s, los motores est\u00e1n dise\u00f1ados para ser eficientes desde el punto de vista energ\u00e9tico, lo que contribuye a que los equipos sean respetuosos con el medio ambiente. La integraci\u00f3n de estos motores el\u00e9ctricos con interfaces digitales permite a los usuarios realizar un seguimiento de su rendimiento, establecer objetivos y recibir recomendaciones de entrenamiento personalizadas, lo que convierte a los equipos de gimnasio Evolve en un referente en el \u00e1mbito de la tecnolog\u00eda del fitness.<\/p>\n<\/div>\n\n\n\n<div class=\"wp-block-column is-vertically-aligned-center is-layout-flow wp-block-column-is-layout-flow\">\n<figure class=\"wp-block-image size-full\"><img decoding=\"async\" src=\"https:\/\/evolve-fitness.eu\/wp-content\/uploads\/2023\/12\/motor.png\" alt=\"\" class=\"wp-image-9077\"\/><\/figure>\n<\/div>\n<\/div>\n\n\n\n<div class=\"wp-block-columns alignwide is-layout-flex wp-container-core-columns-is-layout-c45ee707 wp-block-columns-is-layout-flex\" style=\"margin-bottom:var(--wp--preset--spacing--side-padding);padding-top:var(--wp--preset--spacing--side-padding)\">\n<div class=\"wp-block-column is-vertically-aligned-center is-layout-flow wp-block-column-is-layout-flow\">\n<figure class=\"wp-block-image size-large\"><img decoding=\"async\" src=\"https:\/\/evolve-fitness.eu\/wp-content\/uploads\/2023\/12\/A7_05146-1024x683.jpg\" alt=\"\" class=\"wp-image-8962\"\/><\/figure>\n<\/div>\n\n\n\n<div class=\"wp-block-column is-vertically-aligned-center is-layout-flow wp-block-column-is-layout-flow\">\n<h3 class=\"wp-block-heading\" style=\"margin-bottom:var(--wp--preset--spacing--h-3-bottom)\"><strong><strong><strong>Interfaz digital<\/strong><\/strong><\/strong><\/h3>\n\n\n\n<p><strong><em>La SERIE DIGITAL Evolve incorpora una avanzada interfaz digital<\/em><\/strong><\/p>\n\n\n\n<p style=\"margin-bottom:var(--wp--preset--spacing--tb-section-padding)\">La pantalla proporciona informaci\u00f3n en tiempo real sobre tu entrenamiento. Esta interfaz muestra m\u00e9tricas clave como las repeticiones, la duraci\u00f3n de las series y el compromiso muscular, lo que te permite realizar un seguimiento de tu progreso y ajustar tu entrenamiento para obtener la m\u00e1xima eficacia. El dise\u00f1o f\u00e1cil de usar garantiza que tanto los principiantes como los usuarios experimentados puedan navegar f\u00e1cilmente y utilizar esta funci\u00f3n para una experiencia de ejercicio optimizada.<\/p>\n\n\n\n<p><strong><em>Ajuste de la resistencia y flexibilidad como ning\u00fan otro dispositivo<\/em><\/strong><\/p>\n\n\n\n<p style=\"margin-bottom:var(--wp--preset--spacing--tb-section-padding)\">La m\u00e1quina ofrece niveles de resistencia ajustables y se adapta a una amplia gama de niveles de forma f\u00edsica. Esta flexibilidad permite a los usuarios aumentar gradualmente la intensidad de su entrenamiento, por lo que es ideal para el entrenamiento progresivo de la fuerza. El mecanismo de ajuste sin fisuras garantiza una transici\u00f3n suave entre los distintos niveles de resistencia, lo que permite a los usuarios centrarse en su forma y t\u00e9cnica sin interrupciones.<\/p>\n<\/div>\n<\/div>\n\n\n\n<div class=\"wp-block-columns alignwide is-layout-flex wp-container-core-columns-is-layout-c45ee707 wp-block-columns-is-layout-flex\" style=\"margin-bottom:var(--wp--preset--spacing--side-padding);padding-top:var(--wp--preset--spacing--side-padding)\">\n<div class=\"wp-block-column is-vertically-aligned-center is-layout-flow wp-block-column-is-layout-flow\">\n<h3 class=\"wp-block-heading\" style=\"margin-bottom:var(--wp--preset--spacing--h-3-bottom)\"><strong><strong><strong><strong><strong><strong><strong><strong><strong><strong>Modo entrenamiento<\/strong><\/strong><\/strong><\/strong><\/strong><\/strong><\/strong><\/strong><\/strong><\/strong> &#8211; Est\u00e1ndar<\/h3>\n\n\n\n<p><strong><em>Peso conc\u00e9ntrico = Peso exc\u00e9ntrico<\/em><\/strong><\/p>\n\n\n\n<p style=\"margin-bottom:var(--wp--preset--spacing--tb-section-padding)\">Esta es la modalidad tradicional en la que la resistencia se mantiene constante durante todo el ejercicio, proporcionando un desaf\u00edo constante y uniforme.<\/p>\n<\/div>\n\n\n\n<div class=\"wp-block-column is-vertically-aligned-center is-layout-flow wp-block-column-is-layout-flow\">\n<figure class=\"wp-block-image size-large\"><img decoding=\"async\" src=\"https:\/\/evolve-fitness.eu\/wp-content\/uploads\/2023\/12\/A7_05151-1024x683.jpg\" alt=\"\" class=\"wp-image-8973\"\/><\/figure>\n<\/div>\n<\/div>\n\n\n\n<div class=\"wp-block-columns alignwide is-layout-flex wp-container-core-columns-is-layout-c45ee707 wp-block-columns-is-layout-flex\" style=\"margin-bottom:var(--wp--preset--spacing--side-padding);padding-top:var(--wp--preset--spacing--side-padding)\">\n<div class=\"wp-block-column is-vertically-aligned-center is-layout-flow wp-block-column-is-layout-flow\">\n<figure class=\"wp-block-image size-large\"><img decoding=\"async\" src=\"https:\/\/evolve-fitness.eu\/wp-content\/uploads\/2023\/12\/A7_05153-1-1024x683.jpg\" alt=\"\" class=\"wp-image-8975\"\/><\/figure>\n<\/div>\n\n\n\n<div class=\"wp-block-column is-vertically-aligned-center is-layout-flow wp-block-column-is-layout-flow\">\n<h3 class=\"wp-block-heading\" style=\"margin-bottom:var(--wp--preset--spacing--h-3-bottom)\"><strong><strong><strong><strong><strong><strong><strong><strong><strong><strong><strong><strong><strong><strong>Modo entrenamiento<\/strong><\/strong><\/strong><\/strong><\/strong><\/strong><\/strong><\/strong><\/strong><\/strong> &#8211; <\/strong><\/strong><\/strong><\/strong>exc\u00e9ntrico<\/h3>\n\n\n\n<p><strong><em>Peso conc\u00e9ntrico &lt; Peso exc\u00e9ntrico<\/em><\/strong><\/p>\n\n\n\n<p style=\"margin-bottom:var(--wp--preset--spacing--tb-section-padding)\">En esta modalidad, la resistencia aumenta durante la fase exc\u00e9ntrica (de descenso) del ejercicio, lo que potencia el fortalecimiento y el crecimiento muscular al centrarse en el alargamiento del m\u00fasculo. Proporciona a los m\u00fasculos una mayor estimulaci\u00f3n, y la eficacia del crecimiento muscular es mayor.<\/p>\n<\/div>\n<\/div>\n\n\n\n<div class=\"wp-block-columns alignwide is-layout-flex wp-container-core-columns-is-layout-c45ee707 wp-block-columns-is-layout-flex\" style=\"margin-bottom:var(--wp--preset--spacing--side-padding);padding-top:var(--wp--preset--spacing--side-padding)\">\n<div class=\"wp-block-column is-vertically-aligned-center is-layout-flow wp-block-column-is-layout-flow\">\n<h3 class=\"wp-block-heading\" style=\"margin-bottom:var(--wp--preset--spacing--h-3-bottom)\"><strong><strong><strong><strong><strong><strong><strong><strong><strong><strong><strong><strong><strong><strong><strong><strong><strong><strong><strong><strong>Modo entrenamiento<\/strong><\/strong><\/strong><\/strong><\/strong><\/strong><\/strong><\/strong><\/strong><\/strong> &#8211;  <\/strong><\/strong><\/strong><\/strong><\/strong><\/strong><\/strong><\/strong><\/strong><\/strong>isocin\u00e9tica<\/h3>\n\n\n\n<p><strong><em>Velocidad = Resistencia<\/em><\/strong><\/p>\n\n\n\n<p style=\"margin-bottom:var(--wp--preset--spacing--tb-section-padding)\">Este modo mantiene constante la velocidad del movimiento, independientemente de la fuerza aplicada. Es especialmente \u00fatil para la rehabilitaci\u00f3n y para garantizar una activaci\u00f3n muscular controlada.<\/p>\n<\/div>\n\n\n\n<div class=\"wp-block-column is-vertically-aligned-center is-layout-flow wp-block-column-is-layout-flow\">\n<figure class=\"wp-block-image size-large\"><img decoding=\"async\" src=\"https:\/\/evolve-fitness.eu\/wp-content\/uploads\/2023\/12\/A7_05154-1024x683.jpg\" alt=\"\" class=\"wp-image-8977\"\/><\/figure>\n<\/div>\n<\/div>\n\n\n\n<div class=\"wp-block-columns alignwide is-layout-flex wp-container-core-columns-is-layout-c45ee707 wp-block-columns-is-layout-flex\" style=\"margin-bottom:var(--wp--preset--spacing--side-padding);padding-top:var(--wp--preset--spacing--side-padding)\">\n<div class=\"wp-block-column is-vertically-aligned-center is-layout-flow wp-block-column-is-layout-flow\">\n<figure class=\"wp-block-image size-large\"><img decoding=\"async\" src=\"https:\/\/evolve-fitness.eu\/wp-content\/uploads\/2023\/12\/A7_05156-1024x683.jpg\" alt=\"\" class=\"wp-image-8979\"\/><\/figure>\n<\/div>\n\n\n\n<div class=\"wp-block-column is-vertically-aligned-center is-layout-flow wp-block-column-is-layout-flow\">\n<h3 class=\"wp-block-heading\" style=\"margin-bottom:var(--wp--preset--spacing--h-3-bottom)\"><strong><strong><strong><strong><strong><strong><strong><strong><strong><strong><strong><strong><strong><strong>Modo entrenamiento<\/strong><\/strong><\/strong><\/strong><\/strong><\/strong><\/strong><\/strong><\/strong><\/strong> &#8211; <\/strong><\/strong><\/strong><\/strong>el\u00e1stico<\/h3>\n\n\n\n<p><strong><em>Cord\u00f3n &gt; Resistencia<\/em><\/strong><\/p>\n\n\n\n<p style=\"margin-bottom:var(--wp--preset--spacing--tb-section-padding)\">Cuanto m\u00e1s larga sea la cuerda de tracci\u00f3n, mayor ser\u00e1 la resistencia. Este modo simula la experiencia de la resistencia el\u00e1stica, como el trabajo con bandas de resistencia, ofreciendo un desaf\u00edo \u00fanico y variabilidad al entrenamiento. M\u00e1s eficaz para el entrenamiento explosivo.<\/p>\n<\/div>\n<\/div>\n\n\n\n<div class=\"wp-block-columns alignwide is-layout-flex wp-container-core-columns-is-layout-c45ee707 wp-block-columns-is-layout-flex\" style=\"margin-bottom:var(--wp--preset--spacing--side-padding);padding-top:var(--wp--preset--spacing--side-padding)\">\n<div class=\"wp-block-column is-vertically-aligned-center is-layout-flow wp-block-column-is-layout-flow\">\n<h3 class=\"wp-block-heading\" style=\"margin-bottom:var(--wp--preset--spacing--h-3-bottom)\"><strong><strong><strong><strong>Dise\u00f1o ergon\u00f3mico<\/strong><\/strong><\/strong><\/strong><\/h3>\n\n\n\n<p><strong><em>El dise\u00f1o ergon\u00f3mico prioriza la comodidad y la seguridad del usuario<\/em><\/strong><\/p>\n\n\n\n<p style=\"margin-bottom:var(--wp--preset--spacing--tb-section-padding)\">El equipo est\u00e1 dise\u00f1ado para adaptarse al movimiento natural del cuerpo, lo que reduce el riesgo de lesiones y garantiza un compromiso muscular eficaz. Los asientos contorneados y las empu\u00f1aduras estrat\u00e9gicamente situadas mejoran la estabilidad y el control durante el entrenamiento, lo que la convierte en una opci\u00f3n c\u00f3moda y segura para todos los usuarios.<\/p>\n<\/div>\n\n\n\n<div class=\"wp-block-column is-vertically-aligned-center is-layout-flow wp-block-column-is-layout-flow\">\n<figure class=\"wp-block-image size-large\"><img decoding=\"async\" src=\"https:\/\/evolve-fitness.eu\/wp-content\/uploads\/2023\/12\/A7_05070-1024x683.jpg\" alt=\"\" class=\"wp-image-8994\"\/><\/figure>\n<\/div>\n<\/div>\n\n\n\n<div class=\"wp-block-columns alignwide is-layout-flex wp-container-core-columns-is-layout-c45ee707 wp-block-columns-is-layout-flex\" style=\"margin-bottom:var(--wp--preset--spacing--side-padding);padding-top:var(--wp--preset--spacing--side-padding)\">\n<div class=\"wp-block-column is-vertically-aligned-center is-layout-flow wp-block-column-is-layout-flow\">\n<figure class=\"wp-block-image size-full\"><img loading=\"lazy\" decoding=\"async\" width=\"768\" height=\"768\" src=\"https:\/\/store.evolve-fitness.eu\/wp-content\/uploads\/2024\/06\/EV-SC-DS-Evolve-Digital-Strength-Series-Selectorized-Chest-Press-9-768x768-1.png\" alt=\"\" class=\"wp-image-78017\" srcset=\"https:\/\/store.evolve-fitness.eu\/wp-content\/uploads\/2024\/06\/EV-SC-DS-Evolve-Digital-Strength-Series-Selectorized-Chest-Press-9-768x768-1.png 768w, https:\/\/store.evolve-fitness.eu\/wp-content\/uploads\/2024\/06\/EV-SC-DS-Evolve-Digital-Strength-Series-Selectorized-Chest-Press-9-768x768-1-300x300.png 300w, https:\/\/store.evolve-fitness.eu\/wp-content\/uploads\/2024\/06\/EV-SC-DS-Evolve-Digital-Strength-Series-Selectorized-Chest-Press-9-768x768-1-150x150.png 150w, https:\/\/store.evolve-fitness.eu\/wp-content\/uploads\/2024\/06\/EV-SC-DS-Evolve-Digital-Strength-Series-Selectorized-Chest-Press-9-768x768-1-600x600.png 600w, https:\/\/store.evolve-fitness.eu\/wp-content\/uploads\/2024\/06\/EV-SC-DS-Evolve-Digital-Strength-Series-Selectorized-Chest-Press-9-768x768-1-100x100.png 100w\" sizes=\"auto, (max-width: 768px) 100vw, 768px\" \/><\/figure>\n<\/div>\n\n\n\n<div class=\"wp-block-column is-vertically-aligned-center is-layout-flow wp-block-column-is-layout-flow\">\n<h3 class=\"wp-block-heading\" style=\"margin-bottom:var(--wp--preset--spacing--h-3-bottom)\"><strong><strong><strong><strong><strong><strong><strong><strong><strong><strong>Construcci\u00f3n robusta<\/strong><\/strong><\/strong><\/strong><\/strong><\/strong><\/strong><\/strong><\/strong><\/strong><\/h3>\n\n\n\n<p><strong><em>Fabricado para soportar los rigores de las sesiones de entrenamiento intensas<\/em><\/strong><\/p>\n\n\n\n<p style=\"margin-bottom:var(--wp--preset--spacing--tb-section-padding)\">Los materiales de alta calidad y la construcci\u00f3n robusta garantizan durabilidad y fiabilidad a largo plazo. Este dise\u00f1o no s\u00f3lo garantiza la seguridad de los usuarios, sino que tambi\u00e9n ofrece un rendimiento constante a lo largo del tiempo, lo que la convierte en una valiosa inversi\u00f3n para gimnasios y centros de fitness profesionales.<\/p>\n<\/div>\n<\/div>\n<\/section>\n","protected":false},"excerpt":{"rendered":"<p>Los equipos Evolve de \u00faltima generaci\u00f3n combinan un dise\u00f1o robusto y la innovaci\u00f3n digital para ofrecer una experiencia de entrenamiento inigualable. (EV-SC-DS-401) Su biomec\u00e1nica avanzada garantiza un compromiso muscular \u00f3ptimo, mientras que la interfaz digital proporciona informaci\u00f3n en tiempo real para seguir tus progresos. Ideal tanto para principiantes como para atletas experimentados. Permite realizar una serie de ejercicios para fortalecer los m\u00fasculos del pecho y los hombros como ning\u00fan otro equipo. Experimente la combinaci\u00f3n perfecta de tecnolog\u00eda y rendimiento con la SERIE DIGITAL de Evolve, su aliado para alcanzar la m\u00e1xima condici\u00f3n f\u00edsica.<\/p>\n","protected":false},"featured_media":130118,"template":"","meta":{"_acf_changed":false,"inline_featured_image":false},"product_cat":[813],"product_tag":[],"class_list":{"0":"post-53191","1":"product","2":"type-product","3":"status-publish","4":"has-post-thumbnail","6":"product_cat-maquinas-selectoras-de-fuerza-digitales","8":"first","9":"instock","10":"shipping-taxable","11":"purchasable","12":"product-type-simple"},"acf":[],"_links":{"self":[{"href":"https:\/\/store.evolve-fitness.eu\/es\/wp-json\/wp\/v2\/product\/53191","targetHints":{"allow":["GET"]}}],"collection":[{"href":"https:\/\/store.evolve-fitness.eu\/es\/wp-json\/wp\/v2\/product"}],"about":[{"href":"https:\/\/store.evolve-fitness.eu\/es\/wp-json\/wp\/v2\/types\/product"}],"wp:featuredmedia":[{"embeddable":true,"href":"https:\/\/store.evolve-fitness.eu\/es\/wp-json\/wp\/v2\/media\/130118"}],"wp:attachment":[{"href":"https:\/\/store.evolve-fitness.eu\/es\/wp-json\/wp\/v2\/media?parent=53191"}],"wp:term":[{"taxonomy":"product_cat","embeddable":true,"href":"https:\/\/store.evolve-fitness.eu\/es\/wp-json\/wp\/v2\/product_cat?post=53191"},{"taxonomy":"product_tag","embeddable":true,"href":"https:\/\/store.evolve-fitness.eu\/es\/wp-json\/wp\/v2\/product_tag?post=53191"}],"curies":[{"name":"wp","href":"https:\/\/api.w.org\/{rel}","templated":true}]}}