{"id":52741,"date":"2024-01-25T09:35:23","date_gmt":"2024-01-25T09:35:23","guid":{"rendered":"https:\/\/store.evolve-fitness.eu\/product\/mancuernas-regulables-evolve-ultra-series-3-32-kg\/"},"modified":"2026-04-11T12:00:43","modified_gmt":"2026-04-11T12:00:43","slug":"mancuernas-regulables-evolve-ultra-series-3-32-kg","status":"publish","type":"product","link":"https:\/\/store.evolve-fitness.eu\/es\/producto\/mancuernas-regulables-evolve-ultra-series-3-32-kg\/","title":{"rendered":"Mancuernas de peso ajustable Evolve Serie Ultra (4-23,5 \/ 32,5 \/ 41,5 kg)"},"content":{"rendered":"\n<section class=\"wp-block-group alignfull black-content has-white-color has-darkgray-background-color has-text-color has-background is-layout-constrained wp-block-group-is-layout-constrained\" style=\"padding-top:var(--wp--preset--spacing--section-bottom);padding-bottom:var(--wp--preset--spacing--section-bottom)\">\n<div class=\"wp-block-columns alignwide is-layout-flex wp-container-core-columns-is-layout-c45ee707 wp-block-columns-is-layout-flex\" style=\"margin-bottom:var(--wp--preset--spacing--side-padding);padding-top:var(--wp--preset--spacing--side-padding)\">\n<div class=\"wp-block-column is-vertically-aligned-center is-layout-flow wp-block-column-is-layout-flow\">\n<figure class=\"wp-block-image size-full is-resized is-style-rounded\"><a href=\"https:\/\/evolve-fitness.eu\/?attachment_id=195580\"><img decoding=\"async\" src=\"https:\/\/evolve-fitness.eu\/wp-content\/uploads\/2025\/04\/EV-DB-AD-415-18.jpg\" alt=\"\" class=\"wp-image-195580\" style=\"object-fit:cover;width:680px;height:600px\"\/><\/a><\/figure>\n<\/div>\n\n\n\n<div class=\"wp-block-column is-vertically-aligned-center is-layout-constrained wp-block-column-is-layout-constrained\">\n<h3 class=\"wp-block-heading\" style=\"margin-bottom:var(--wp--preset--spacing--h-3-bottom)\">Desarrollo muscular dirigido<\/h3>\n\n\n\n<p><strong><em><strong><em>Esculpir con precisi\u00f3n<\/em><\/strong><\/em><\/strong><\/p>\n\n\n\n<p style=\"margin-bottom:var(--wp--preset--spacing--tb-section-padding)\">Estas mancuernas cromadas permiten un entrenamiento de resistencia preciso para brazos, hombros, pecho y m\u00fasculos centrales. Ideales tanto para ejercicios de aislamiento como compuestos, son adecuadas para el desarrollo muscular progresivo en todos los niveles de forma f\u00edsica. <\/p>\n\n\n\n<p><strong><em><strong>Dise\u00f1ado para cada repetici\u00f3n<\/strong><\/em><\/strong><\/p>\n\n\n\n<p>Las empu\u00f1aduras cromadas moleteadas ofrecen un agarre seguro y antideslizante que mejora el control y la seguridad del usuario durante las sesiones de altas repeticiones. Su s\u00f3lida construcci\u00f3n de acero garantiza una resistencia al desgaste a largo plazo, incluso con un uso frecuente. <\/p>\n<\/div>\n<\/div>\n\n\n\n<div class=\"wp-block-columns alignwide is-layout-flex wp-container-core-columns-is-layout-c45ee707 wp-block-columns-is-layout-flex\" style=\"margin-bottom:var(--wp--preset--spacing--side-padding);padding-top:var(--wp--preset--spacing--side-padding)\">\n<div class=\"wp-block-column is-vertically-aligned-center is-layout-flow wp-block-column-is-layout-flow\">\n<h3 class=\"wp-block-heading\" style=\"margin-bottom:var(--wp--preset--spacing--h-3-bottom)\">Dise\u00f1o ergon\u00f3mico y adaptativo<\/h3>\n\n\n\n<p><strong><em><strong>ERefinidas para adaptarse a cada mano<\/strong><\/em><\/strong><\/p>\n\n\n\n<p>Dise\u00f1adas con un equilibrio \u00f3ptimo y un di\u00e1metro consistente, cada mancuerna proporciona una sensaci\u00f3n uniforme durante los levantamientos. Su acabado cromado pulido no s\u00f3lo aumenta la durabilidad, sino que tambi\u00e9n resiste la corrosi\u00f3n y los da\u00f1os causados por la manipulaci\u00f3n habitual. <\/p>\n<\/div>\n\n\n\n<div class=\"wp-block-column is-vertically-aligned-center is-layout-flow wp-block-column-is-layout-flow\">\n<figure class=\"wp-block-image size-large is-style-rounded\"><a href=\"https:\/\/evolve-fitness.eu\/?attachment_id=195605\"><img decoding=\"async\" src=\"https:\/\/evolve-fitness.eu\/wp-content\/uploads\/2025\/04\/EV-DB-AD-415-13-1024x683.jpg\" alt=\"\" class=\"wp-image-195605\"\/><\/a><\/figure>\n<\/div>\n<\/div>\n\n\n\n<div class=\"wp-block-columns alignwide is-layout-flex wp-container-core-columns-is-layout-c45ee707 wp-block-columns-is-layout-flex\" style=\"margin-bottom:var(--wp--preset--spacing--side-padding);padding-top:var(--wp--preset--spacing--side-padding)\">\n<div class=\"wp-block-column is-vertically-aligned-center is-layout-flow wp-block-column-is-layout-flow\">\n<div class=\"wp-block-columns is-layout-flex wp-container-core-columns-is-layout-9d6595d7 wp-block-columns-is-layout-flex\">\n<div class=\"wp-block-column is-layout-flow wp-block-column-is-layout-flow\">\n<figure class=\"wp-block-image size-large is-style-rounded\"><a href=\"https:\/\/evolve-fitness.eu\/?attachment_id=195631\"><img decoding=\"async\" src=\"https:\/\/evolve-fitness.eu\/wp-content\/uploads\/2025\/04\/EV-DB-AD-415-17-1024x683.jpg\" alt=\"\" class=\"wp-image-195631\"\/><\/a><\/figure>\n<\/div>\n<\/div>\n<\/div>\n\n\n\n<div class=\"wp-block-column is-vertically-aligned-center is-layout-flow wp-block-column-is-layout-flow\">\n<h3 class=\"wp-block-heading\" style=\"margin-bottom:var(--wp--preset--spacing--h-3-bottom)\">El futuro del entrenamiento de fuerza<\/h3>\n\n\n\n<p><em><strong>La elegancia se une a las prestaciones<\/strong><\/em><\/p>\n\n\n\n<p>Las mancuernas cromadas Evolve son un complemento de primera calidad para cualquier entrenamiento de fuerza. Con su dise\u00f1o atemporal y su fabricaci\u00f3n de calidad profesional, favorecen los entrenamientos concentrados y elevan el aspecto y la funcionalidad de cualquier entorno de entrenamiento. <\/p>\n<\/div>\n<\/div>\n\n\n\n<div class=\"wp-block-columns alignwide is-layout-flex wp-container-core-columns-is-layout-c45ee707 wp-block-columns-is-layout-flex\" style=\"margin-bottom:var(--wp--preset--spacing--side-padding);padding-top:var(--wp--preset--spacing--side-padding)\">\n<div class=\"wp-block-column is-vertically-aligned-center is-layout-flow wp-block-column-is-layout-flow\">\n<h3 class=\"wp-block-heading\" style=\"margin-bottom:var(--wp--preset--spacing--h-3-bottom)\">Gama de pesos vers\u00e1til<\/h3>\n\n\n\n<p><strong><em><strong>M\u00faltiples incrementos para un entrenamiento progresivo<\/strong><\/em><\/strong><\/p>\n\n\n\n<p>Cada mancuerna ajustable est\u00e1 dise\u00f1ada con un preciso mecanismo interno que permite seleccionar el peso sin problemas. El modelo de 23,5 kg sustituye a 13 pesas individuales, el modelo de 32,5 kg sustituye a 19 y la versi\u00f3n de 41,5 kg sustituye a 25 pesas individuales, lo que proporciona una amplia gama de opciones para favorecer la progresi\u00f3n gradual de la fuerza y adaptarse a usuarios de todos los niveles de forma f\u00edsica. <\/p>\n<\/div>\n\n\n\n<div class=\"wp-block-column is-vertically-aligned-center is-layout-flow wp-block-column-is-layout-flow\">\n<figure class=\"wp-block-image size-full is-style-rounded\"><img decoding=\"async\" src=\"https:\/\/evolve-fitness.eu\/wp-content\/uploads\/2025\/04\/Compare.jpg\" alt=\"\" class=\"wp-image-196316\"\/><\/figure>\n<\/div>\n<\/div>\n\n\n\n<div class=\"wp-block-columns alignwide is-layout-flex wp-container-core-columns-is-layout-c45ee707 wp-block-columns-is-layout-flex\" style=\"margin-bottom:var(--wp--preset--spacing--side-padding);padding-top:var(--wp--preset--spacing--side-padding)\">\n<div class=\"wp-block-column is-vertically-aligned-center is-layout-flow wp-block-column-is-layout-flow\">\n<figure class=\"wp-block-gallery has-nested-images columns-default is-cropped wp-block-gallery-1 is-layout-flex wp-block-gallery-is-layout-flex\">\n<figure data-wp-context=\"{&quot;imageId&quot;:&quot;69da9fd7ed695&quot;}\" data-wp-interactive=\"core\/image\" data-wp-key=\"69da9fd7ed695\" class=\"wp-block-image size-large is-style-rounded wp-lightbox-container\"><img decoding=\"async\" data-wp-class--hide=\"state.isContentHidden\" data-wp-class--show=\"state.isContentVisible\" data-wp-init=\"callbacks.setButtonStyles\" data-wp-on--click=\"actions.showLightbox\" data-wp-on--load=\"callbacks.setButtonStyles\" data-wp-on-window--resize=\"callbacks.setButtonStyles\" data-id=\"196038\" src=\"https:\/\/evolve-fitness.eu\/wp-content\/uploads\/2025\/04\/EV-RS-DR-03-3-1024x683.jpg\" alt=\"\" class=\"wp-image-196038\"\/><button\n\t\t\tclass=\"lightbox-trigger\"\n\t\t\ttype=\"button\"\n\t\t\taria-haspopup=\"dialog\"\n\t\t\taria-label=\"Agrandar\"\n\t\t\tdata-wp-init=\"callbacks.initTriggerButton\"\n\t\t\tdata-wp-on--click=\"actions.showLightbox\"\n\t\t\tdata-wp-style--right=\"state.imageButtonRight\"\n\t\t\tdata-wp-style--top=\"state.imageButtonTop\"\n\t\t>\n\t\t\t<svg xmlns=\"http:\/\/www.w3.org\/2000\/svg\" width=\"12\" height=\"12\" fill=\"none\" viewBox=\"0 0 12 12\">\n\t\t\t\t<path fill=\"#fff\" d=\"M2 0a2 2 0 0 0-2 2v2h1.5V2a.5.5 0 0 1 .5-.5h2V0H2Zm2 10.5H2a.5.5 0 0 1-.5-.5V8H0v2a2 2 0 0 0 2 2h2v-1.5ZM8 12v-1.5h2a.5.5 0 0 0 .5-.5V8H12v2a2 2 0 0 1-2 2H8Zm2-12a2 2 0 0 1 2 2v2h-1.5V2a.5.5 0 0 0-.5-.5H8V0h2Z\" \/>\n\t\t\t<\/svg>\n\t\t<\/button><\/figure>\n\n\n\n<figure data-wp-context=\"{&quot;imageId&quot;:&quot;69da9fd7ee19a&quot;}\" data-wp-interactive=\"core\/image\" data-wp-key=\"69da9fd7ee19a\" class=\"wp-block-image size-large is-style-rounded wp-lightbox-container\"><img decoding=\"async\" data-wp-class--hide=\"state.isContentHidden\" data-wp-class--show=\"state.isContentVisible\" data-wp-init=\"callbacks.setButtonStyles\" data-wp-on--click=\"actions.showLightbox\" data-wp-on--load=\"callbacks.setButtonStyles\" data-wp-on-window--resize=\"callbacks.setButtonStyles\" data-id=\"196063\" src=\"https:\/\/evolve-fitness.eu\/wp-content\/uploads\/2025\/04\/EV-RS-DR-03-10-1024x683.jpg\" alt=\"\" class=\"wp-image-196063\"\/><button\n\t\t\tclass=\"lightbox-trigger\"\n\t\t\ttype=\"button\"\n\t\t\taria-haspopup=\"dialog\"\n\t\t\taria-label=\"Agrandar\"\n\t\t\tdata-wp-init=\"callbacks.initTriggerButton\"\n\t\t\tdata-wp-on--click=\"actions.showLightbox\"\n\t\t\tdata-wp-style--right=\"state.imageButtonRight\"\n\t\t\tdata-wp-style--top=\"state.imageButtonTop\"\n\t\t>\n\t\t\t<svg xmlns=\"http:\/\/www.w3.org\/2000\/svg\" width=\"12\" height=\"12\" fill=\"none\" viewBox=\"0 0 12 12\">\n\t\t\t\t<path fill=\"#fff\" d=\"M2 0a2 2 0 0 0-2 2v2h1.5V2a.5.5 0 0 1 .5-.5h2V0H2Zm2 10.5H2a.5.5 0 0 1-.5-.5V8H0v2a2 2 0 0 0 2 2h2v-1.5ZM8 12v-1.5h2a.5.5 0 0 0 .5-.5V8H12v2a2 2 0 0 1-2 2H8Zm2-12a2 2 0 0 1 2 2v2h-1.5V2a.5.5 0 0 0-.5-.5H8V0h2Z\" \/>\n\t\t\t<\/svg>\n\t\t<\/button><\/figure>\n\n\n\n<figure data-wp-context=\"{&quot;imageId&quot;:&quot;69da9fd7eea02&quot;}\" data-wp-interactive=\"core\/image\" data-wp-key=\"69da9fd7eea02\" class=\"wp-block-image size-large is-style-rounded wp-lightbox-container\"><img decoding=\"async\" data-wp-class--hide=\"state.isContentHidden\" data-wp-class--show=\"state.isContentVisible\" data-wp-init=\"callbacks.setButtonStyles\" data-wp-on--click=\"actions.showLightbox\" data-wp-on--load=\"callbacks.setButtonStyles\" data-wp-on-window--resize=\"callbacks.setButtonStyles\" data-id=\"196088\" src=\"https:\/\/evolve-fitness.eu\/wp-content\/uploads\/2025\/04\/EV-RS-DR-03-13-1024x683.jpg\" alt=\"\" class=\"wp-image-196088\"\/><button\n\t\t\tclass=\"lightbox-trigger\"\n\t\t\ttype=\"button\"\n\t\t\taria-haspopup=\"dialog\"\n\t\t\taria-label=\"Agrandar\"\n\t\t\tdata-wp-init=\"callbacks.initTriggerButton\"\n\t\t\tdata-wp-on--click=\"actions.showLightbox\"\n\t\t\tdata-wp-style--right=\"state.imageButtonRight\"\n\t\t\tdata-wp-style--top=\"state.imageButtonTop\"\n\t\t>\n\t\t\t<svg xmlns=\"http:\/\/www.w3.org\/2000\/svg\" width=\"12\" height=\"12\" fill=\"none\" viewBox=\"0 0 12 12\">\n\t\t\t\t<path fill=\"#fff\" d=\"M2 0a2 2 0 0 0-2 2v2h1.5V2a.5.5 0 0 1 .5-.5h2V0H2Zm2 10.5H2a.5.5 0 0 1-.5-.5V8H0v2a2 2 0 0 0 2 2h2v-1.5ZM8 12v-1.5h2a.5.5 0 0 0 .5-.5V8H12v2a2 2 0 0 1-2 2H8Zm2-12a2 2 0 0 1 2 2v2h-1.5V2a.5.5 0 0 0-.5-.5H8V0h2Z\" \/>\n\t\t\t<\/svg>\n\t\t<\/button><\/figure>\n\n\n\n<figure class=\"wp-block-image size-large\"><img decoding=\"async\" data-id=\"196113\" src=\"https:\/\/evolve-fitness.eu\/wp-content\/uploads\/2025\/04\/EV-RS-DR-03-PNG-1-1024x1024.png\" alt=\"\" class=\"wp-image-196113\"\/><\/figure>\n<\/figure>\n<\/div>\n\n\n\n<div class=\"wp-block-column is-vertically-aligned-center is-layout-flow wp-block-column-is-layout-flow\">\n<h3 class=\"wp-block-heading\" style=\"margin-bottom:var(--wp--preset--spacing--h-3-bottom)\">Soporte opcional para mancuernas<\/h3>\n\n\n\n<p><strong><em><strong>Eleva tu juego de mancuernas<\/strong><\/em><\/strong><\/p>\n\n\n\n<p>El soporte met\u00e1lico opcional para mancuernas ajustables Evolve Serie Ultra est\u00e1 dise\u00f1ado para mejorar tanto la funcionalidad como la est\u00e9tica de tu espacio de entrenamiento. Fabricado en metal duradero, proporciona una plataforma estable y segura para tus mancuernas ajustables, garantizando su almacenamiento seguro y su f\u00e1cil acceso. El dise\u00f1o ergon\u00f3mico del soporte favorece una postura de levantamiento adecuada, reduciendo la tensi\u00f3n durante los entrenamientos. Su tama\u00f1o compacto ayuda a mantener un entorno organizado y libre de desorden, por lo que es un complemento ideal tanto para gimnasios dom\u00e9sticos como para gimnasios profesionales.   <\/p>\n<\/div>\n<\/div>\n<\/section>\n","protected":false},"excerpt":{"rendered":"<p>Las mancuernas cromadas de peso ajustable de la serie Evolve Ultra ofrecen una mezcla de primera calidad de durabilidad y funcionalidad. Dise\u00f1adas para satisfacer las exigencias de diversos espacios de entrenamiento, presentan un acabado pulido y un agarre ergon\u00f3mico, lo que las convierte en un complemento fiable y elegante para cualquier entorno de fitness moderno. <\/p>\n","protected":false},"featured_media":148436,"template":"","meta":{"_acf_changed":false,"inline_featured_image":false},"product_cat":[432,983,1318],"product_tag":[],"class_list":{"0":"post-52741","1":"product","2":"type-product","3":"status-publish","4":"has-post-thumbnail","6":"product_cat-pagina-de-inicio","7":"product_cat-pesos-libres","8":"product_cat-mancuernas","10":"first","11":"instock","12":"sale","13":"shipping-taxable","14":"purchasable","15":"product-type-variable"},"acf":[],"_links":{"self":[{"href":"https:\/\/store.evolve-fitness.eu\/es\/wp-json\/wp\/v2\/product\/52741","targetHints":{"allow":["GET"]}}],"collection":[{"href":"https:\/\/store.evolve-fitness.eu\/es\/wp-json\/wp\/v2\/product"}],"about":[{"href":"https:\/\/store.evolve-fitness.eu\/es\/wp-json\/wp\/v2\/types\/product"}],"wp:featuredmedia":[{"embeddable":true,"href":"https:\/\/store.evolve-fitness.eu\/es\/wp-json\/wp\/v2\/media\/148436"}],"wp:attachment":[{"href":"https:\/\/store.evolve-fitness.eu\/es\/wp-json\/wp\/v2\/media?parent=52741"}],"wp:term":[{"taxonomy":"product_cat","embeddable":true,"href":"https:\/\/store.evolve-fitness.eu\/es\/wp-json\/wp\/v2\/product_cat?post=52741"},{"taxonomy":"product_tag","embeddable":true,"href":"https:\/\/store.evolve-fitness.eu\/es\/wp-json\/wp\/v2\/product_tag?post=52741"}],"curies":[{"name":"wp","href":"https:\/\/api.w.org\/{rel}","templated":true}]}}