{"id":52563,"date":"2024-01-25T09:00:41","date_gmt":"2024-01-25T09:00:41","guid":{"rendered":"https:\/\/store.evolve-fitness.eu\/product\/evolve-ab-pad\/"},"modified":"2026-04-02T12:00:35","modified_gmt":"2026-04-02T12:00:35","slug":"evolve-ab-pad","status":"publish","type":"product","link":"https:\/\/store.evolve-fitness.eu\/es\/producto\/evolve-ab-pad\/","title":{"rendered":"Evolve AB Pad"},"content":{"rendered":"\n<section class=\"wp-block-group alignfull has-lightgray-background-color has-background is-layout-constrained wp-block-group-is-layout-constrained\">\n<div class=\"wp-block-columns alignwide is-layout-flex wp-container-core-columns-is-layout-2edb0647 wp-block-columns-is-layout-flex\" style=\"margin-top:0;margin-bottom:0\">\n<div class=\"wp-block-column is-layout-flow wp-block-column-is-layout-flow\" style=\"flex-basis:33.33%\"><\/div>\n\n\n\n<div class=\"wp-block-column is-layout-flow wp-block-column-is-layout-flow\" style=\"flex-basis:66.66%\"><\/div>\n<\/div>\n<\/section>\n","protected":false},"excerpt":{"rendered":"<p>El Evolve AB Pad es un accesorio de fitness especializado dise\u00f1ado para mejorar los entrenamientos abdominales. Su dise\u00f1o ergon\u00f3mico sujeta la zona lumbar, garantizando la seguridad y eficacia de los ejercicios de tronco. Este equipo es ideal tanto para uso dom\u00e9stico como en gimnasios, y est\u00e1 pensado para usuarios que buscan mejorar la fuerza y la estabilidad del tronco.<\/p>\n","protected":false},"featured_media":96474,"template":"","meta":{"_acf_changed":false,"inline_featured_image":false},"product_cat":[574,576],"product_tag":[],"class_list":{"0":"post-52563","1":"product","2":"type-product","3":"status-publish","4":"has-post-thumbnail","6":"product_cat-transversal-y-funcional","7":"product_cat-equipamiento-funcional","9":"first","10":"instock","11":"shipping-taxable","12":"purchasable","13":"product-type-simple"},"acf":[],"_links":{"self":[{"href":"https:\/\/store.evolve-fitness.eu\/es\/wp-json\/wp\/v2\/product\/52563","targetHints":{"allow":["GET"]}}],"collection":[{"href":"https:\/\/store.evolve-fitness.eu\/es\/wp-json\/wp\/v2\/product"}],"about":[{"href":"https:\/\/store.evolve-fitness.eu\/es\/wp-json\/wp\/v2\/types\/product"}],"wp:featuredmedia":[{"embeddable":true,"href":"https:\/\/store.evolve-fitness.eu\/es\/wp-json\/wp\/v2\/media\/96474"}],"wp:attachment":[{"href":"https:\/\/store.evolve-fitness.eu\/es\/wp-json\/wp\/v2\/media?parent=52563"}],"wp:term":[{"taxonomy":"product_cat","embeddable":true,"href":"https:\/\/store.evolve-fitness.eu\/es\/wp-json\/wp\/v2\/product_cat?post=52563"},{"taxonomy":"product_tag","embeddable":true,"href":"https:\/\/store.evolve-fitness.eu\/es\/wp-json\/wp\/v2\/product_tag?post=52563"}],"curies":[{"name":"wp","href":"https:\/\/api.w.org\/{rel}","templated":true}]}}