{"id":49544,"date":"2024-01-18T09:51:09","date_gmt":"2024-01-18T09:51:09","guid":{"rendered":"https:\/\/store.evolve-fitness.eu\/product\/kettlebells-de-competicion-evolve-de-uretano\/"},"modified":"2026-04-01T12:00:39","modified_gmt":"2026-04-01T12:00:39","slug":"kettlebells-de-competicion-evolve-de-uretano","status":"publish","type":"product","link":"https:\/\/store.evolve-fitness.eu\/es\/producto\/kettlebells-de-competicion-evolve-de-uretano\/","title":{"rendered":"Kettlebells de competici\u00f3n Evolve de uretano"},"content":{"rendered":"\n<section class=\"wp-block-group alignfull black-content has-white-color has-darkgray-background-color has-text-color has-background is-layout-constrained wp-block-group-is-layout-constrained\" style=\"padding-top:var(--wp--preset--spacing--section-bottom);padding-bottom:var(--wp--preset--spacing--section-bottom)\">\n<div class=\"wp-block-columns alignwide mobile-reverse is-layout-flex wp-container-core-columns-is-layout-ca64bf2d wp-block-columns-is-layout-flex\" style=\"margin-bottom:var(--wp--preset--spacing--side-padding)\">\n<div class=\"wp-block-column is-vertically-aligned-center is-layout-flow wp-block-column-is-layout-flow\">\n<h3 class=\"wp-block-heading\" style=\"margin-bottom:var(--wp--preset--spacing--h-3-bottom)\">Durabilidad extrema<\/h3>\n\n\n\n<p><strong><em><strong><em><strong><em>Soportan los rigores de los entrenamientos intensos<\/em><\/strong><\/em><\/strong><\/em><\/strong><\/p>\n\n\n\n<p style=\"margin-bottom:var(--wp--preset--spacing--tb-section-padding)\">Las kettlebells Evolve cuentan con un revestimiento de uretano de \u00faltima generaci\u00f3n, conocido por su resistencia superior a los impactos y su longevidad. A diferencia de las kettlebells tradicionales de goma o acero, nuestros modelos de uretano soportan los rigores de los entrenamientos intensos sin astillarse, agrietarse ni perder su vibrante color.<\/p>\n\n\n\n<h3 class=\"wp-block-heading\" style=\"margin-bottom:var(--wp--preset--spacing--h-3-bottom)\">Desarrollo coherente de la t\u00e9cnica<\/h3>\n\n\n\n<p><strong><em><strong><em><strong><em>  Tama\u00f1o id\u00e9ntico<\/em><\/strong><\/em><\/strong><\/em><\/strong><\/p>\n\n\n\n<p style=\"margin-bottom:var(--wp--preset--spacing--tb-section-padding)\">Todas las kettlebells Evolve est\u00e1n fabricadas para cumplir con los est\u00e1ndares internacionales de competici\u00f3n, manteniendo id\u00e9ntico tama\u00f1o y di\u00e1metro en todos los pesos. Esta uniformidad permite una progresi\u00f3n fluida en el peso sin tener que ajustar la t\u00e9cnica, lo que fomenta un mejor rendimiento y la confianza en el levantamiento.<\/p>\n<\/div>\n\n\n\n<div class=\"wp-block-column is-vertically-aligned-center is-layout-flow wp-block-column-is-layout-flow\">\n<figure class=\"wp-block-image alignright size-full is-resized is-style-rounded\"><img loading=\"lazy\" decoding=\"async\" width=\"1080\" height=\"1080\" src=\"https:\/\/store.evolve-fitness.eu\/wp-content\/uploads\/2024\/01\/Dizainas-be-pavadinimo-4-2.png\" alt=\"\" class=\"wp-image-95352\" style=\"object-fit:cover;width:680px;height:600px\" srcset=\"https:\/\/store.evolve-fitness.eu\/wp-content\/uploads\/2024\/01\/Dizainas-be-pavadinimo-4-2.png 1080w, https:\/\/store.evolve-fitness.eu\/wp-content\/uploads\/2024\/01\/Dizainas-be-pavadinimo-4-2-300x300.png 300w, https:\/\/store.evolve-fitness.eu\/wp-content\/uploads\/2024\/01\/Dizainas-be-pavadinimo-4-2-1024x1024.png 1024w, https:\/\/store.evolve-fitness.eu\/wp-content\/uploads\/2024\/01\/Dizainas-be-pavadinimo-4-2-150x150.png 150w, https:\/\/store.evolve-fitness.eu\/wp-content\/uploads\/2024\/01\/Dizainas-be-pavadinimo-4-2-768x768.png 768w, https:\/\/store.evolve-fitness.eu\/wp-content\/uploads\/2024\/01\/Dizainas-be-pavadinimo-4-2-600x600.png 600w, https:\/\/store.evolve-fitness.eu\/wp-content\/uploads\/2024\/01\/Dizainas-be-pavadinimo-4-2-100x100.png 100w\" sizes=\"auto, (max-width: 1080px) 100vw, 1080px\" \/><\/figure>\n<\/div>\n<\/div>\n\n\n\n<div class=\"wp-block-columns alignwide is-layout-flex wp-container-core-columns-is-layout-c45ee707 wp-block-columns-is-layout-flex\" style=\"margin-bottom:var(--wp--preset--spacing--side-padding);padding-top:var(--wp--preset--spacing--side-padding)\">\n<div class=\"wp-block-column is-vertically-aligned-center is-layout-flow wp-block-column-is-layout-flow\">\n<figure class=\"wp-block-video\"><video autoplay=\"\" controls=\"\" loop=\"\" muted=\"\" src=\"https:\/\/evolve-fitness.eu\/wp-content\/uploads\/2023\/12\/1-4.mp4\"><\/video><\/figure>\n<\/div>\n\n\n\n<div class=\"wp-block-column is-vertically-aligned-center is-layout-flow wp-block-column-is-layout-flow\">\n<h3 class=\"wp-block-heading\" style=\"margin-bottom:var(--wp--preset--spacing--h-3-bottom)\"><strong>Las kettlebells contribuyen a los objetivos generales de forma f\u00edsica y salud<\/strong><\/h3>\n\n\n\n<p><strong><em>Herramientas ideales para mejorar la fuerza, la resistencia, el equilibrio y la co<\/em><\/strong>ordenaci\u00f3n<\/p>\n\n\n\n<p style=\"margin-bottom:var(--wp--preset--spacing--tb-section-padding)\">Nuestras Kettlebells de competici\u00f3n pueden ayudar significativamente a alcanzar los objetivos de fitness. Su tama\u00f1o uniforme en diferentes pesos garantiza una t\u00e9cnica uniforme, crucial tanto para principiantes como para atletas avanzados. El revestimiento de uretano duradero y la fundici\u00f3n de precisi\u00f3n contribuyen a un entrenamiento equilibrado y estable, mejorando la eficacia del entrenamiento de fuerza. Estas kettlebells son adecuadas para una amplia gama de ejercicios dirigidos a diferentes grupos musculares, ofreciendo versatilidad en las rutinas de entrenamiento.<\/p>\n<\/div>\n<\/div>\n\n\n\n<div class=\"wp-block-columns alignwide are-vertically-aligned-center mobile-reverse is-layout-flex wp-container-core-columns-is-layout-e8158c2f wp-block-columns-is-layout-flex\" style=\"padding-top:var(--wp--preset--spacing--side-padding)\">\n<div class=\"wp-block-column is-vertically-aligned-center is-layout-flow wp-block-column-is-layout-flow\">\n<h3 class=\"wp-block-heading\" style=\"margin-bottom:var(--wp--preset--spacing--h-3-bottom)\"><strong><strong>Versatilidad y selecci\u00f3n<\/strong><\/strong><\/h3>\n\n\n\n<p><strong><em><strong><em><strong>Calidad y valor<\/strong><\/em><\/strong><\/em><\/strong><\/p>\n\n\n\n<p style=\"margin-bottom:var(--wp--preset--spacing--tb-section-padding)\">Con una amplia gama de pesos, nuestras kettlebells sirven a todo el mundo, desde los entusiastas del fitness en casa hasta los gimnasios comerciales. Son un complemento vers\u00e1til para bases militares, hoteles, centros de rehabilitaci\u00f3n, etc., ya que ofrecen una calidad y un valor inigualables.<\/p>\n\n\n\n<h3 class=\"wp-block-heading\" style=\"margin-bottom:var(--wp--preset--spacing--h-3-bottom)\"><strong><strong><strong>Excelencia t\u00e9cnica<\/strong><\/strong><\/strong><\/h3>\n\n\n\n<p><strong><em><strong><em><strong>Saldo m\u00e1ximo<\/strong><\/em><\/strong><\/em><\/strong><\/p>\n\n\n\n<p style=\"margin-bottom:var(--wp--preset--spacing--tb-section-padding)\">Los kettlebells Evolve est\u00e1n fabricados con precisi\u00f3n a partir de una aleaci\u00f3n de metal resistente, lo que garantiza el m\u00e1ximo equilibrio y precisi\u00f3n dimensional. El asa cromada a\u00f1ade un toque de elegancia y comodidad, mientras que la base plana garantiza la estabilidad durante todos los ejercicios.<\/p>\n<\/div>\n\n\n\n<div class=\"wp-block-column is-vertically-aligned-center is-layout-flow wp-block-column-is-layout-flow\">\n<figure class=\"wp-block-image alignright size-full is-resized is-style-rounded\"><img decoding=\"async\" src=\"https:\/\/evolve-fitness.eu\/wp-content\/uploads\/2023\/11\/Evolve-TPU-Kettlebell-3.png\" alt=\"\" class=\"wp-image-5594\" style=\"object-fit:cover;width:680px;height:600px\"\/><\/figure>\n<\/div>\n<\/div>\n\n\n\n<div class=\"wp-block-columns alignwide is-layout-flex wp-container-core-columns-is-layout-c45ee707 wp-block-columns-is-layout-flex\" style=\"margin-bottom:var(--wp--preset--spacing--side-padding);padding-top:var(--wp--preset--spacing--side-padding)\">\n<div class=\"wp-block-column is-vertically-aligned-center is-layout-flow wp-block-column-is-layout-flow\">\n<figure class=\"wp-block-image size-full is-resized is-style-rounded\"><img decoding=\"async\" src=\"https:\/\/evolve-fitness.eu\/wp-content\/uploads\/2023\/11\/TPU-kettlebell-6.png\" alt=\"\" class=\"wp-image-5592\" style=\"object-fit:cover;width:680px;height:600px\"\/><\/figure>\n<\/div>\n\n\n\n<div class=\"wp-block-column is-vertically-aligned-center is-layout-flow wp-block-column-is-layout-flow\">\n<h3 class=\"wp-block-heading\" style=\"margin-bottom:var(--wp--preset--spacing--h-3-bottom)\"><strong>Insonorizaci\u00f3n y protecci\u00f3n del suelo<\/strong><\/h3>\n\n\n\n<p><strong><em><strong><em><strong><em>Uretano<\/em><\/strong><\/em><\/strong><\/em><\/strong>s<strong><em><strong><em><strong><em> durabilidad<\/em><\/strong><\/em><\/strong><\/em><\/strong><\/p>\n\n\n\n<p style=\"margin-bottom:var(--wp--preset--spacing--tb-section-padding)\">El revestimiento de uretano de alta calidad no s\u00f3lo aumenta la durabilidad, sino que tambi\u00e9n protege su espacio de entrenamiento. Sus propiedades de absorci\u00f3n del sonido y resistencia a los ara\u00f1azos hacen de nuestras kettlebells la opci\u00f3n ideal tanto para el gimnasio como para el hogar.<\/p>\n\n\n\n<h3 class=\"wp-block-heading\" style=\"margin-bottom:var(--wp--preset--spacing--h-3-bottom)\"><strong><strong>Personalizaci\u00f3n para su marca<\/strong><\/strong><\/h3>\n\n\n\n<p><strong><em><strong><em><strong><em>A la medida de su marca<\/em><\/strong><\/em><\/strong><\/em><\/strong><\/p>\n\n\n\n<p style=\"margin-bottom:var(--wp--preset--spacing--tb-section-padding)\">Eleve la est\u00e9tica de sus instalaciones con las opciones de personalizaci\u00f3n de Evolve. Ofrecemos colores a juego con su marca e interior, junto con corte por l\u00e1ser e infusi\u00f3n de uretano para logotipos e indicaciones de peso, lo que garantiza un toque personalizado y profesional.<\/p>\n<\/div>\n<\/div>\n\n\n\n<div class=\"wp-block-columns alignwide are-vertically-aligned-center mobile-reverse is-layout-flex wp-container-core-columns-is-layout-e8158c2f wp-block-columns-is-layout-flex\" style=\"padding-top:var(--wp--preset--spacing--side-padding)\">\n<div class=\"wp-block-column is-vertically-aligned-center is-layout-flow wp-block-column-is-layout-flow\">\n<h3 class=\"wp-block-heading\" style=\"margin-bottom:var(--wp--preset--spacing--h-3-bottom)\"><strong><strong>Dise\u00f1ado PARA entrenamientos de alto rendimiento<\/strong><\/strong><\/h3>\n\n\n\n<p>Desarrollado tanto para el entrenamiento de fuerza como para el de habilidad<\/p>\n\n\n\n<p style=\"margin-bottom:var(--wp--preset--spacing--tb-section-padding)\">Las kettlebells de competici\u00f3n Evolve TPU Uretano tambi\u00e9n son excelentes para el crecimiento muscular. Los ejercicios con kettlebell involucran m\u00faltiples grupos musculares, promoviendo la fuerza funcional y la hipertrofia muscular. Las variadas opciones de peso permiten una sobrecarga progresiva, esencial para el desarrollo muscular. Al incorporar movimientos compuestos y ejercicios din\u00e1micos, estas kettlebells ayudan a estimular el crecimiento muscular de forma eficaz en diferentes partes del cuerpo.<\/p>\n<\/div>\n\n\n\n<div class=\"wp-block-column is-vertically-aligned-center is-layout-flow wp-block-column-is-layout-flow\">\n<figure class=\"wp-block-video\"><video autoplay=\"\" controls=\"\" loop=\"\" muted=\"\" src=\"https:\/\/evolve-fitness.eu\/wp-content\/uploads\/2023\/12\/2-3.mp4\"><\/video><\/figure>\n<\/div>\n<\/div>\n\n\n\n<h4 class=\"wp-block-heading has-text-align-center\" style=\"padding-top:var(--wp--preset--spacing--tb-padding);padding-bottom:var(--wp--preset--spacing--tb-padding)\"><strong>Consiga hoy mismo sus kettlebells de competici\u00f3n de uretano TPU Evolve<\/strong><\/h4>\n\n\n\n<p class=\"has-text-align-center has-medium-font-size\"><strong>Elija Evolve para sus necesidades de entrenamiento y \u00fanase a las filas de los mejores atletas que s\u00f3lo se conforman con lo mejor. Compra ahora nuestra colecci\u00f3n y experimenta la diferencia Evolve. <\/strong><\/p>\n<\/section>\n","protected":false},"excerpt":{"rendered":"<p>Bienvenido a la experiencia definitiva de entrenamiento de fuerza con nuestros Kettlebells de competici\u00f3n Evolve TPU Uretano. Dise\u00f1adas para atletas que exigen lo mejor, nuestras kettlebells ofrecen una combinaci\u00f3n perfecta de durabilidad, consistencia y calidad profesional. De 8 kg a 36 kg, descubra la potencia de un equipo excepcional que resiste la prueba del tiempo y la intensidad.<\/p>\n","protected":false},"featured_media":95375,"template":"","meta":{"_acf_changed":false,"inline_featured_image":false},"product_cat":[983,1086],"product_tag":[],"class_list":{"0":"post-49544","1":"product","2":"type-product","3":"status-publish","4":"has-post-thumbnail","6":"product_cat-pesos-libres","7":"product_cat-kettlebells-es","9":"first","10":"outofstock","11":"shipping-taxable","12":"purchasable","13":"product-type-variable"},"acf":[],"_links":{"self":[{"href":"https:\/\/store.evolve-fitness.eu\/es\/wp-json\/wp\/v2\/product\/49544","targetHints":{"allow":["GET"]}}],"collection":[{"href":"https:\/\/store.evolve-fitness.eu\/es\/wp-json\/wp\/v2\/product"}],"about":[{"href":"https:\/\/store.evolve-fitness.eu\/es\/wp-json\/wp\/v2\/types\/product"}],"wp:featuredmedia":[{"embeddable":true,"href":"https:\/\/store.evolve-fitness.eu\/es\/wp-json\/wp\/v2\/media\/95375"}],"wp:attachment":[{"href":"https:\/\/store.evolve-fitness.eu\/es\/wp-json\/wp\/v2\/media?parent=49544"}],"wp:term":[{"taxonomy":"product_cat","embeddable":true,"href":"https:\/\/store.evolve-fitness.eu\/es\/wp-json\/wp\/v2\/product_cat?post=49544"},{"taxonomy":"product_tag","embeddable":true,"href":"https:\/\/store.evolve-fitness.eu\/es\/wp-json\/wp\/v2\/product_tag?post=49544"}],"curies":[{"name":"wp","href":"https:\/\/api.w.org\/{rel}","templated":true}]}}