{"id":49144,"date":"2024-01-18T09:23:12","date_gmt":"2024-01-18T09:23:12","guid":{"rendered":"https:\/\/store.evolve-fitness.eu\/product\/kettlebells-de-hierro-fundido-evolve\/"},"modified":"2026-04-04T12:00:44","modified_gmt":"2026-04-04T12:00:44","slug":"kettlebells-de-hierro-fundido-evolve","status":"publish","type":"product","link":"https:\/\/store.evolve-fitness.eu\/es\/producto\/kettlebells-de-hierro-fundido-evolve\/","title":{"rendered":"Kettlebells de hierro fundido Evolve"},"content":{"rendered":"\n<section class=\"wp-block-group alignfull black-content has-white-color has-darkgray-background-color has-text-color has-background is-layout-constrained wp-block-group-is-layout-constrained\" style=\"padding-top:var(--wp--preset--spacing--section-bottom);padding-bottom:var(--wp--preset--spacing--section-bottom)\">\n<div class=\"wp-block-columns alignwide mobile-reverse is-layout-flex wp-container-core-columns-is-layout-ca64bf2d wp-block-columns-is-layout-flex\" style=\"margin-bottom:var(--wp--preset--spacing--side-padding)\">\n<div class=\"wp-block-column is-vertically-aligned-center is-layout-flow wp-block-column-is-layout-flow\">\n<h3 class=\"wp-block-heading\" style=\"margin-bottom:var(--wp--preset--spacing--h-3-bottom)\"><strong>Durabilidad excepcional<\/strong><\/h3>\n\n\n\n<p><strong><em><strong><em><strong><em>Construido para durar<\/em><\/strong><\/em><\/strong><\/em><\/strong><\/p>\n\n\n\n<p>Las kettlebells Evolve est\u00e1n fabricadas con una resistente aleaci\u00f3n de hierro que garantiza una durabilidad y resistencia a la deformaci\u00f3n excepcionales. La t\u00e9cnica de fundici\u00f3n en una sola pieza utilizada en su fabricaci\u00f3n garantiza no s\u00f3lo la precisi\u00f3n del equilibrio y una estructura robusta, sino tambi\u00e9n la longevidad. Estas kettlebells son resistentes al desgaste, por lo que son adecuadas para un uso intensivo en gimnasios profesionales, bases militares, centros de rehabilitaci\u00f3n y gimnasios dom\u00e9sticos.<\/p>\n<\/div>\n\n\n\n<div class=\"wp-block-column is-vertically-aligned-center is-layout-flow wp-block-column-is-layout-flow\">\n<figure class=\"wp-block-video\"><video height=\"954\" style=\"aspect-ratio: 2000 \/ 954;\" width=\"2000\" autoplay=\"\" controls=\"\" loop=\"\" muted=\"\" src=\"https:\/\/evolve-fitness.eu\/wp-content\/uploads\/2023\/11\/EVOLVE-CAST-IRON-KETTLEBELLS.mp4\"><\/video><\/figure>\n<\/div>\n<\/div>\n\n\n\n<div class=\"wp-block-columns alignwide is-layout-flex wp-container-core-columns-is-layout-c45ee707 wp-block-columns-is-layout-flex\" style=\"margin-bottom:var(--wp--preset--spacing--side-padding);padding-top:var(--wp--preset--spacing--side-padding)\">\n<div class=\"wp-block-column is-vertically-aligned-center is-layout-flow wp-block-column-is-layout-flow\">\n<figure class=\"wp-block-image size-full is-resized is-style-rounded\"><img decoding=\"async\" src=\"https:\/\/evolve-fitness.eu\/wp-content\/uploads\/2023\/11\/EVOLVE-CAST-IRON-KETTLEBELLS.png\" alt=\"\" class=\"wp-image-5735\" style=\"object-fit:cover;width:680px;height:600px\"\/><\/figure>\n<\/div>\n\n\n\n<div class=\"wp-block-column is-vertically-aligned-center is-layout-flow wp-block-column-is-layout-flow\">\n<h3 class=\"wp-block-heading\" style=\"margin-bottom:var(--wp--preset--spacing--h-3-bottom)\"><strong><strong>Funcionalidad<\/strong><\/strong><\/h3>\n\n\n\n<p><strong><em>Dise\u00f1ado para el rendimiento<\/em><\/strong><\/p>\n\n\n\n<p>Cada kettlebell Evolve cuenta con un mango texturizado suavemente curvado y antideslizante, que proporciona un agarre fuerte y estable. Este dise\u00f1o es crucial para ejercicios que requieren movimientos bruscos y repentinos, por lo que son ideales para el entrenamiento individual, en grupo, funcional o CrossFit. La superficie rugosa de las asas favorece la sujeci\u00f3n del magnesio, garantizando un agarre seguro incluso en las sesiones de entrenamiento m\u00e1s intensas.<\/p>\n<\/div>\n<\/div>\n\n\n\n<div class=\"wp-block-columns alignwide are-vertically-aligned-center mobile-reverse is-layout-flex wp-container-core-columns-is-layout-e8158c2f wp-block-columns-is-layout-flex\" style=\"padding-top:var(--wp--preset--spacing--side-padding)\">\n<div class=\"wp-block-column is-vertically-aligned-center is-layout-flow wp-block-column-is-layout-flow\">\n<h3 class=\"wp-block-heading\" style=\"margin-bottom:var(--wp--preset--spacing--h-3-bottom)\"><strong><strong><strong>Una gran elecci\u00f3n  <\/strong><\/strong><\/strong><\/h3>\n\n\n\n<p><strong><em><strong><em><strong><strong><strong><strong>Para necesidades de formaci\u00f3n diversas<\/strong><\/strong><\/strong><\/strong><\/em><\/strong><\/em><\/strong><\/p>\n\n\n\n<p>Las kettlebells Evolve no son s\u00f3lo fuerza; son versatilidad. Disponibles en pesos de 4 kg a 32 kg, estas kettlebells se adaptan a diferentes niveles de forma f\u00edsica y estilos de entrenamiento. La base plana de cada kettlebell garantiza la m\u00e1xima estabilidad, evitando que se tambaleen y haci\u00e9ndolas seguras para una gran variedad de ejercicios.<\/p>\n<\/div>\n\n\n\n<div class=\"wp-block-column is-vertically-aligned-center is-layout-flow wp-block-column-is-layout-flow\">\n<figure class=\"wp-block-image alignright size-full is-resized is-style-rounded\"><img decoding=\"async\" src=\"https:\/\/evolve-fitness.eu\/wp-content\/uploads\/2023\/11\/EVOLVE-CAST-IRON-KETTLEBELLS-2.png\" alt=\"\" class=\"wp-image-5731\" style=\"object-fit:cover;width:680px;height:600px\"\/><\/figure>\n<\/div>\n<\/div>\n\n\n\n<div class=\"wp-block-columns alignwide are-vertically-aligned-center mobile-reverse is-layout-flex wp-container-core-columns-is-layout-e8158c2f wp-block-columns-is-layout-flex\" style=\"padding-top:var(--wp--preset--spacing--side-padding)\">\n<div class=\"wp-block-column is-vertically-aligned-center is-layout-flow wp-block-column-is-layout-flow\">\n<figure class=\"wp-block-image alignright size-full is-resized is-style-rounded\"><img decoding=\"async\" src=\"https:\/\/evolve-fitness.eu\/wp-content\/uploads\/2023\/11\/EVOLVE-CAST-IRON-KETTLEBELLS-3.png\" alt=\"\" class=\"wp-image-5733\" style=\"object-fit:cover;width:680px;height:600px\"\/><\/figure>\n<\/div>\n\n\n\n<div class=\"wp-block-column is-vertically-aligned-center is-layout-flow wp-block-column-is-layout-flow\">\n<h3 class=\"wp-block-heading\" style=\"margin-bottom:var(--wp--preset--spacing--h-3-bottom)\"><strong><strong><strong>Resistencia f\u00e1cil de cambiar<\/strong><\/strong><\/strong><\/h3>\n\n\n\n<p><strong><em><strong><em><strong><strong><strong><strong>Comodidad codificada por colores<\/strong><\/strong><\/strong><\/strong><\/em><\/strong><\/em><\/strong><\/p>\n\n\n\n<p>Para mejorar la comodidad del usuario, las kettlebells Evolve vienen con asas codificadas por colores, lo que permite a los usuarios identificar f\u00e1cilmente los diferentes pesos de un vistazo. Esta caracter\u00edstica es especialmente \u00fatil en entornos de entrenamiento de ritmo r\u00e1pido en los que son habituales los cambios r\u00e1pidos de peso.<\/p>\n<\/div>\n<\/div>\n\n\n\n<p class=\"has-text-align-center has-medium-font-size\"><strong>Las Evolve Cast Iron Kettlebells son el ep\u00edtome de la calidad y la funcionalidad. Tanto si eres un entusiasta del fitness, un atleta profesional o el propietario de un gimnasio, estas kettlebells son una excelente opci\u00f3n para satisfacer una amplia gama de necesidades de entrenamiento, ya que combinan durabilidad, funcionalidad y facilidad de uso en una herramienta de fitness excepcional.<\/strong><\/p>\n<\/section>\n","protected":false},"excerpt":{"rendered":"<p>Libera tu potencial de fitness con los Kettlebells de hierro fundido Evolve<br \/>\nEn el din\u00e1mico mundo del fitness, los Kettlebells de hierro fundido Evolve destacan como s\u00edmbolo de durabilidad, funcionalidad y estilo, adaptados para satisfacer las diversas necesidades de los entusiastas del fitness. Tanto si est\u00e1 equipando un gimnasio profesional como si est\u00e1 creando un espacio de entrenamiento en casa o abasteciendo un gimnasio comercial, la gama de kettlebells de Evolve est\u00e1 dise\u00f1ada para elevar su experiencia de entrenamiento.<\/p>\n","protected":false},"featured_media":95350,"template":"","meta":{"_acf_changed":false,"inline_featured_image":false},"product_cat":[983,1086],"product_tag":[],"class_list":{"0":"post-49144","1":"product","2":"type-product","3":"status-publish","4":"has-post-thumbnail","6":"product_cat-pesos-libres","7":"product_cat-kettlebells-es","9":"first","10":"instock","11":"shipping-taxable","12":"purchasable","13":"product-type-variable"},"acf":[],"_links":{"self":[{"href":"https:\/\/store.evolve-fitness.eu\/es\/wp-json\/wp\/v2\/product\/49144","targetHints":{"allow":["GET"]}}],"collection":[{"href":"https:\/\/store.evolve-fitness.eu\/es\/wp-json\/wp\/v2\/product"}],"about":[{"href":"https:\/\/store.evolve-fitness.eu\/es\/wp-json\/wp\/v2\/types\/product"}],"wp:featuredmedia":[{"embeddable":true,"href":"https:\/\/store.evolve-fitness.eu\/es\/wp-json\/wp\/v2\/media\/95350"}],"wp:attachment":[{"href":"https:\/\/store.evolve-fitness.eu\/es\/wp-json\/wp\/v2\/media?parent=49144"}],"wp:term":[{"taxonomy":"product_cat","embeddable":true,"href":"https:\/\/store.evolve-fitness.eu\/es\/wp-json\/wp\/v2\/product_cat?post=49144"},{"taxonomy":"product_tag","embeddable":true,"href":"https:\/\/store.evolve-fitness.eu\/es\/wp-json\/wp\/v2\/product_tag?post=49144"}],"curies":[{"name":"wp","href":"https:\/\/api.w.org\/{rel}","templated":true}]}}