{"id":48702,"date":"2024-01-18T08:39:39","date_gmt":"2024-01-18T08:39:39","guid":{"rendered":"https:\/\/store.evolve-fitness.eu\/product\/evolve-ultra-series-selectorized-pec-fly-rear-delt\/"},"modified":"2024-06-05T12:44:31","modified_gmt":"2024-06-05T12:44:31","slug":"evolve-ultra-series-selectorized-pec-fly-rear-delt","status":"publish","type":"product","link":"https:\/\/store.evolve-fitness.eu\/es\/producto\/evolve-ultra-series-selectorized-pec-fly-rear-delt\/","title":{"rendered":"Evolve Ultra Series Selectorized pec Fly\/ Rear Delt"},"content":{"rendered":"\n<section class=\"wp-block-group alignfull black-content has-white-color has-darkgray-background-color has-text-color has-background is-layout-constrained wp-block-group-is-layout-constrained\" style=\"padding-top:var(--wp--preset--spacing--section-bottom);padding-bottom:var(--wp--preset--spacing--section-bottom)\">\n<section class=\"wp-block-group alignfull black-content has-white-color has-darkgray-background-color has-text-color has-background is-layout-constrained wp-block-group-is-layout-constrained\" style=\"padding-top:var(--wp--preset--spacing--section-bottom);padding-bottom:var(--wp--preset--spacing--section-bottom)\">\n<div class=\"wp-block-columns alignwide mobile-reverse is-layout-flex wp-container-core-columns-is-layout-ca64bf2d wp-block-columns-is-layout-flex\" style=\"margin-bottom:var(--wp--preset--spacing--side-padding)\">\n<div class=\"wp-block-column is-vertically-aligned-center is-layout-flow wp-block-column-is-layout-flow\">\n<h3 class=\"wp-block-heading\" style=\"margin-bottom:var(--wp--preset--spacing--h-3-bottom)\">Bienvenido a la serie Ultra<\/h3>\n\n\n\n<p><strong><em>Conozca nuestros equipos de la serie Ultra con la \u00faltima tecnolog\u00eda 3D 360 Tour<\/em><\/strong><\/p>\n\n\n\n<p>La Evolve Ultra Series Selectorized pec Fly\/ Rear Delt, parte de la Evolve Ultra Series, est\u00e1 construida tanto para la comodidad como para el rendimiento. La m\u00e1quina est\u00e1 dise\u00f1ada para ofrecer versatilidad en el ejercicio, soporte ergon\u00f3mico y opciones de ajuste para diferentes tama\u00f1os de usuario. El dise\u00f1o es est\u00e9ticamente agradable, con un acabado duradero con recubrimiento en polvo, y el uso de cables de alta calidad garantiza un funcionamiento sin problemas.<\/p>\n<\/div>\n\n\n\n<div class=\"wp-block-column is-vertically-aligned-center is-layout-flow wp-block-column-is-layout-flow\">\n<figure class=\"wp-block-video\"><video autoplay=\"\" controls=\"\" loop=\"\" muted=\"\" src=\"https:\/\/evolve-fitness.eu\/wp-content\/uploads\/2023\/08\/Evolve-Ultra-Series-Selectorized-pec-Fly-Rear-Delt.mp4\"><\/video><\/figure>\n<\/div>\n<\/div>\n\n\n\n<div class=\"wp-block-columns alignwide mobile-reverse is-layout-flex wp-container-core-columns-is-layout-ca64bf2d wp-block-columns-is-layout-flex\" style=\"margin-bottom:var(--wp--preset--spacing--side-padding)\">\n<div class=\"wp-block-column is-vertically-aligned-center is-layout-flow wp-block-column-is-layout-flow\">\n<figure class=\"wp-block-video\"><video autoplay=\"\" controls=\"\" loop=\"\" muted=\"\" src=\"https:\/\/evolve-fitness.eu\/wp-content\/uploads\/2023\/08\/Evolve-Ultra-Series-Selectorized-pec-Fly-Rear-Delt-Ul-030-1.mp4\"><\/video><\/figure>\n<\/div>\n\n\n\n<div class=\"wp-block-column is-vertically-aligned-center is-layout-flow wp-block-column-is-layout-flow\">\n<h3 class=\"wp-block-heading\" style=\"margin-bottom:var(--wp--preset--spacing--h-3-bottom)\">M\u00fasculos<\/h3>\n\n\n\n<p><strong><em>La m\u00e1quina permite entrenar varios grupos musculares<\/em><\/strong><\/p>\n\n\n\n<p><strong>M\u00fasculos pectorales (pecho)<\/strong>: Cuando juntas las asas delante del pecho, trabajas principalmente los m\u00fasculos pectorales mayores. Este ejercicio ayuda a desarrollar y fortalecer el pecho;  <strong>Deltoides anterior (hombro anterior)<\/strong>: El movimiento del pectoral moviliza los m\u00fasculos frontales del hombro, ayudando al desarrollo general del hombro;  <strong>Deltoides posterior (hombro posterior)<\/strong>: Cuando realizas la mosca del deltoides posterior moviendo los brazos hacia atr\u00e1s, trabajas los m\u00fasculos del deltoides posterior, que son los m\u00fasculos de la parte posterior de los hombros. Esto ayuda a mejorar la fuerza de los hombros y la postura;  <strong>Serrato Anterior<\/strong>: El serrato anterior, situado en el lado de la caja tor\u00e1cica, desempe\u00f1a un papel en la estabilizaci\u00f3n de los om\u00f3platos durante el ejercicio de pectorales;  <strong>Tr\u00edceps braquial<\/strong>: Los m\u00fasculos tr\u00edceps de la parte posterior del brazo se activan durante el movimiento de presi\u00f3n o compresi\u00f3n del pectoral.<\/p>\n<\/div>\n<\/div>\n\n\n\n<div class=\"wp-block-columns alignwide mobile-reverse is-layout-flex wp-container-core-columns-is-layout-ca64bf2d wp-block-columns-is-layout-flex\" style=\"margin-bottom:var(--wp--preset--spacing--side-padding)\">\n<div class=\"wp-block-column is-vertically-aligned-center is-layout-flow wp-block-column-is-layout-flow\">\n<h3 class=\"wp-block-heading\" style=\"margin-bottom:var(--wp--preset--spacing--h-3-bottom)\">Doble funci\u00f3n<\/h3>\n\n\n\n<p><em>\n  <strong>Sin esfuerzo<\/strong>\n<\/em> <strong>\n  <em>formaci\u00f3n<\/em>\n<\/strong><\/p>\n\n\n\n<p style=\"margin-bottom:var(--wp--preset--spacing--tb-section-padding)\">El Pec Fly \/ Rear Delt selectorizado de la serie Ultra de Evolve es un equipo de fitness vers\u00e1til que cumple una doble funci\u00f3n, ya que sirve tanto para rutinas de entrenamiento de pectorales como de deltoides. Con su dise\u00f1o elegante y moderno, es una opci\u00f3n atractiva para personas con distintos niveles de experiencia y habilidades f\u00edsicas. Una de sus caracter\u00edsticas m\u00e1s destacadas es la presencia de seis posiciones ajustables en cada mano, lo que mejora enormemente su funcionalidad. Esta flexibilidad permite a los usuarios alternar sin esfuerzo entre los ejercicios dirigidos a los m\u00fasculos pectorales y los que se centran en los m\u00fasculos deltoides.<\/p>\n<\/div>\n\n\n\n<div class=\"wp-block-column is-vertically-aligned-center is-layout-flow wp-block-column-is-layout-flow\">\n<figure class=\"wp-block-video\"><video height=\"2560\" style=\"aspect-ratio: 1213 \/ 2560;\" width=\"1213\" autoplay=\"\" controls=\"\" loop=\"\" muted=\"\" src=\"https:\/\/evolve-fitness.eu\/wp-content\/uploads\/2023\/08\/EV-SC-UL-030-dual-function.mp4\"><\/video><\/figure>\n<\/div>\n<\/div>\n\n\n\n<div class=\"wp-block-columns alignwide mobile-reverse is-layout-flex wp-container-core-columns-is-layout-ca64bf2d wp-block-columns-is-layout-flex\" style=\"margin-bottom:var(--wp--preset--spacing--side-padding)\">\n<div class=\"wp-block-column is-vertically-aligned-center is-layout-flow wp-block-column-is-layout-flow\">\n<figure class=\"wp-block-image size-large\"><img decoding=\"async\" src=\"https:\/\/evolve-fitness.eu\/wp-content\/uploads\/2023\/08\/A7_08491-683x1024.jpg\" alt=\"\" class=\"wp-image-9102\"\/><\/figure>\n<\/div>\n\n\n\n<div class=\"wp-block-column is-vertically-aligned-center is-layout-flow wp-block-column-is-layout-flow\">\n<h3 class=\"wp-block-heading\" style=\"margin-bottom:var(--wp--preset--spacing--h-3-bottom)\">Asas multiagarre<\/h3>\n\n\n\n<p><strong><em>Ampl\u00eda tus posibilidades de ejercicio<\/em><\/strong><\/p>\n\n\n\n<p style=\"margin-bottom:var(--wp--preset--spacing--tb-section-padding)\">La parte horizontal del mango est\u00e1 dise\u00f1ada para evitar que el codo se tuerza hacia dentro, ayudando a mantener la misma altura para el codo y el hombro. Esto reduce la tensi\u00f3n en los m\u00fasculos de la parte inferior de la espalda y se centra m\u00e1s en estimular los tr\u00edceps en la parte posterior del brazo. La parte inferior de la empu\u00f1adura, que discurre verticalmente, est\u00e1 dise\u00f1ada para evitar que el codo se gire hacia fuera al realizar ejercicios que impliquen el pecho. Tambi\u00e9n estabiliza los om\u00f3platos, evita la sobreextensi\u00f3n de la articulaci\u00f3n del hombro durante movimientos espec\u00edficos y mejora la estimulaci\u00f3n de los m\u00fasculos pectorales.<\/p>\n<\/div>\n<\/div>\n\n\n\n<div class=\"wp-block-columns alignwide mobile-reverse is-layout-flex wp-container-core-columns-is-layout-ca64bf2d wp-block-columns-is-layout-flex\" style=\"margin-bottom:var(--wp--preset--spacing--side-padding)\">\n<div class=\"wp-block-column is-vertically-aligned-center is-layout-flow wp-block-column-is-layout-flow\">\n<h3 class=\"wp-block-heading\" style=\"margin-bottom:var(--wp--preset--spacing--h-3-bottom)\">Asientos moldeados y ajustes precisos del asiento<\/h3>\n\n\n\n<p><strong><em>Soporte ergon\u00f3mico<\/em><\/strong><\/p>\n\n\n\n<p style=\"margin-bottom:var(--wp--preset--spacing--tb-section-padding)\">Los asientos de poliuretano de la serie Evolve Ultra, fabricados con un dise\u00f1o moldeado y un tapizado de doble costura, ofrecen una durabilidad y un confort excepcionales. Est\u00e1n dise\u00f1adas para ofrecer un apoyo ergon\u00f3mico a la columna vertebral y pueden adaptarse a usuarios de distintas tallas. Adem\u00e1s, los cojines para m\u00e1quinas de fuerza fabricados con PU son una opci\u00f3n excelente por su durabilidad, comodidad, facilidad de mantenimiento y rentabilidad general. Soportan las exigencias del entrenamiento de fuerza a la vez que proporcionan una superficie de ejercicio c\u00f3moda e higi\u00e9nica. Como el asiento se apoya en una varilla hidr\u00e1ulica, el ajuste de la altura del asiento es sencillo y puede realizarse con una sola mano. El asiento tiene 18 posiciones de ajuste;<\/p>\n<\/div>\n\n\n\n<div class=\"wp-block-column is-vertically-aligned-center is-layout-flow wp-block-column-is-layout-flow\">\n<figure class=\"wp-block-video\"><video height=\"1200\" style=\"aspect-ratio: 1200 \/ 1200;\" width=\"1200\" autoplay=\"\" controls=\"\" loop=\"\" muted=\"\" src=\"https:\/\/evolve-fitness.eu\/wp-content\/uploads\/2023\/08\/Evolve-UL-030-Moulded-Seats-Precise-Seat-Adjustments.mp4\"><\/video><\/figure>\n<\/div>\n<\/div>\n\n\n\n<div class=\"wp-block-columns alignwide mobile-reverse is-layout-flex wp-container-core-columns-is-layout-ca64bf2d wp-block-columns-is-layout-flex\" style=\"margin-bottom:var(--wp--preset--spacing--side-padding)\">\n<div class=\"wp-block-column is-vertically-aligned-center is-layout-flow wp-block-column-is-layout-flow\">\n<figure class=\"wp-block-video\"><video height=\"1213\" style=\"aspect-ratio: 2560 \/ 1213;\" width=\"2560\" autoplay=\"\" controls=\"\" loop=\"\" muted=\"\" src=\"https:\/\/evolve-fitness.eu\/wp-content\/uploads\/2023\/08\/EV-SC-UL-030-Adjustable-Back-and-Chest-Rest-1.mp4\"><\/video><\/figure>\n<\/div>\n\n\n\n<div class=\"wp-block-column is-vertically-aligned-center is-layout-flow wp-block-column-is-layout-flow\">\n<h3 class=\"wp-block-heading\" style=\"margin-bottom:var(--wp--preset--spacing--h-3-bottom)\">Respaldo y pectoral ajustables<\/h3>\n\n\n\n<p><strong><em>Encontrar la posici\u00f3n perfecta<\/em><\/strong><\/p>\n\n\n\n<p style=\"margin-bottom:var(--wp--preset--spacing--tb-section-padding)\">La m\u00e1quina Evolve Ultra Series Selectorized Pec Fly \/ Rear Delt est\u00e1 dise\u00f1ada para una experiencia de entrenamiento c\u00f3moda y altamente eficaz. Dispone de 6 ajustes diferentes del respaldo y el apoyo tor\u00e1cico, lo que le permite adaptar la m\u00e1quina a las proporciones y preferencias de su cuerpo. Este nivel de ajuste garantiza que pueda encontrar la posici\u00f3n perfecta para trabajar los m\u00fasculos pectoral y deltoides posterior con la m\u00e1xima comodidad y eficacia.<\/p>\n<\/div>\n<\/div>\n\n\n\n<div class=\"wp-block-columns alignwide mobile-reverse is-layout-flex wp-container-core-columns-is-layout-ca64bf2d wp-block-columns-is-layout-flex\" style=\"margin-bottom:var(--wp--preset--spacing--side-padding)\">\n<div class=\"wp-block-column is-vertically-aligned-center is-layout-flow wp-block-column-is-layout-flow\">\n<h3 class=\"wp-block-heading\" style=\"margin-bottom:var(--wp--preset--spacing--h-3-bottom)\">Almacenamiento de accesorios<\/h3>\n\n\n\n<p><strong><em>Seguro y de f\u00e1cil acceso<\/em><\/strong><\/p>\n\n\n\n<p>Mientras se ejercita, puede guardar c\u00f3modamente su botella de agua, tel\u00e9fono y objetos personales en los soportes designados para las m\u00e1quinas de la serie Evolve Ultra que se proporcionan para su comodidad. Estos compartimentos especialmente dise\u00f1ados est\u00e1n ah\u00ed para asegurarse de que usted tiene un lugar seguro y de f\u00e1cil acceso para sus pertenencias durante sus sesiones de entrenamiento<\/p>\n\n\n\n<p><strong><em>Pegatina de ejercicios: su ayuda visual<\/em><\/strong><\/p>\n\n\n\n<p>Las m\u00e1quinas de la serie Evolve Ultra tienen pegatinas informativas que le sirven de ayuda visual, facilit\u00e1ndole la navegaci\u00f3n por las caracter\u00edsticas y funciones de la m\u00e1quina, mejorando en \u00faltima instancia su experiencia de ejercicio. Adem\u00e1s, proporciona informaci\u00f3n valiosa sobre los distintos grupos musculares que se pueden trabajar eficazmente en la m\u00e1quina, lo que le permite sacar el m\u00e1ximo partido de su rutina de ejercicios centr\u00e1ndose en \u00e1reas espec\u00edficas de inter\u00e9s.<\/p>\n<\/div>\n\n\n\n<div class=\"wp-block-column is-vertically-aligned-center is-layout-flow wp-block-column-is-layout-flow\">\n<figure class=\"wp-block-video\"><video height=\"1213\" style=\"aspect-ratio: 2560 \/ 1213;\" width=\"2560\" autoplay=\"\" controls=\"\" loop=\"\" muted=\"\" src=\"https:\/\/evolve-fitness.eu\/wp-content\/uploads\/2023\/08\/EV-SC-UL-030-storage.mp4\"><\/video><\/figure>\n<\/div>\n<\/div>\n\n\n\n<div class=\"wp-block-columns alignwide mobile-reverse is-layout-flex wp-container-core-columns-is-layout-ca64bf2d wp-block-columns-is-layout-flex\" style=\"margin-bottom:var(--wp--preset--spacing--side-padding)\">\n<div class=\"wp-block-column is-vertically-aligned-center is-layout-flow wp-block-column-is-layout-flow\">\n<figure class=\"wp-block-image size-full\"><img decoding=\"async\" src=\"https:\/\/evolve-fitness.eu\/wp-content\/uploads\/2024\/01\/plate.webp\" alt=\"\" class=\"wp-image-9942\"\/><\/figure>\n<\/div>\n\n\n\n<div class=\"wp-block-column is-vertically-aligned-center is-layout-flow wp-block-column-is-layout-flow\">\n<h3 class=\"wp-block-heading\" style=\"margin-bottom:var(--wp--preset--spacing--h-3-bottom)\">Plato de lastre superior<\/h3>\n\n\n\n<p><strong><em>Desaf\u00edese a\u00fan m\u00e1s<\/em><\/strong><\/p>\n\n\n\n<p>Evolve Ultra Series Selectorized Pec Fly \/ Rear Delt tiene dos placas de peso superior extra de 2,5 kg que sirven un doble prop\u00f3sito para mejorar el rendimiento de la m\u00e1quina de ejercicios. En primer lugar, ampl\u00eda la resistencia m\u00e1xima que puede ofrecer la m\u00e1quina, lo que permite a los usuarios desafiarse a\u00fan m\u00e1s en sus entrenamientos.<br\/>Adem\u00e1s, estos platos de pesas adicionales ofrecen una ventaja \u00fanica al permitir a los usuarios realizar incrementos m\u00e1s peque\u00f1os y precisos en sus ajustes de resistencia, ya que cada plato proporciona un aumento de 2,5 kg. Esta precisi\u00f3n en la selecci\u00f3n de la resistencia permite a las personas ajustar sus entrenamientos para satisfacer sus necesidades y objetivos espec\u00edficos, garantizando que cada sesi\u00f3n de ejercicio se adapte para optimizar los resultados.<\/p>\n<\/div>\n<\/div>\n\n\n\n<div class=\"wp-block-columns alignwide mobile-reverse is-layout-flex wp-container-core-columns-is-layout-ca64bf2d wp-block-columns-is-layout-flex\" style=\"margin-bottom:var(--wp--preset--spacing--side-padding)\">\n<div class=\"wp-block-column is-vertically-aligned-center is-layout-flow wp-block-column-is-layout-flow\">\n<h3 class=\"wp-block-heading\" style=\"margin-bottom:var(--wp--preset--spacing--h-3-bottom)\">Movimiento independiente del brazo<\/h3>\n\n\n\n<p><strong><em>Flexibilidad de la formaci\u00f3n<\/em><\/strong><\/p>\n\n\n\n<p style=\"margin-bottom:var(--wp--preset--spacing--tb-section-padding)\">Los equipos de fuerza de la serie Evolve Ultra ofrecen la flexibilidad de entrenar cada brazo de forma independiente, atendiendo a las necesidades individuales. Esta caracter\u00edstica \u00fanica le permite mantener un entrenamiento equilibrado, incluso si un brazo est\u00e1 m\u00e1s d\u00e9bil o lesionado. El movimiento independiente favorece el desarrollo de una fuerza equilibrada y permite diversas opciones de entrenamiento<\/p>\n<\/div>\n\n\n\n<div class=\"wp-block-column is-vertically-aligned-center is-layout-flow wp-block-column-is-layout-flow\">\n<figure class=\"wp-block-image size-large\"><img decoding=\"async\" src=\"https:\/\/evolve-fitness.eu\/wp-content\/uploads\/2023\/08\/EV-SC-UL-030-Moulded-Seats-Precise-Seat-Adjustments-1024x576.jpg\" alt=\"EV-SC-UL-030\" class=\"wp-image-9960\"\/><\/figure>\n<\/div>\n<\/div>\n\n\n\n<div class=\"wp-block-columns alignwide mobile-reverse is-layout-flex wp-container-core-columns-is-layout-ca64bf2d wp-block-columns-is-layout-flex\" style=\"margin-bottom:var(--wp--preset--spacing--side-padding)\">\n<div class=\"wp-block-column is-vertically-aligned-center is-layout-flow wp-block-column-is-layout-flow\">\n<figure class=\"wp-block-video\"><video height=\"1920\" style=\"aspect-ratio: 1920 \/ 1920;\" width=\"1920\" autoplay=\"\" controls=\"\" loop=\"\" muted=\"\" src=\"https:\/\/evolve-fitness.eu\/wp-content\/uploads\/2023\/10\/Evolve-Double-powder-coated-Frame.mp4\"><\/video><\/figure>\n<\/div>\n\n\n\n<div class=\"wp-block-column is-vertically-aligned-center is-layout-flow wp-block-column-is-layout-flow\">\n<h3 class=\"wp-block-heading\" style=\"margin-bottom:var(--wp--preset--spacing--h-3-bottom)\">Bastidor con doble revestimiento de polvo<\/h3>\n\n\n\n<p><strong><em>Perla con recubrimiento electrost\u00e1tico en polvo<\/em><\/strong><\/p>\n\n\n\n<p>Las m\u00e1quinas de fuerza de la serie Evolve Ultra, con chasis con recubrimiento electrost\u00e1tico en polvo negro perla mate, ejemplifican tanto la forma como la funci\u00f3n. Su atractivo est\u00e9tico se ve realzado por el acabado negro mate, mientras que sus caracter\u00edsticas pr\u00e1cticas, como la resistencia a la fricci\u00f3n, las propiedades anticorrosi\u00f3n y la resistencia a los ara\u00f1azos, garantizan que sea un compa\u00f1ero de fitness fiable y duradero.<\/p>\n<\/div>\n<\/div>\n\n\n\n<div class=\"wp-block-columns alignwide mobile-reverse is-layout-flex wp-container-core-columns-is-layout-ca64bf2d wp-block-columns-is-layout-flex\" style=\"margin-bottom:var(--wp--preset--spacing--side-padding)\">\n<div class=\"wp-block-column is-vertically-aligned-center is-layout-flow wp-block-column-is-layout-flow\">\n<h3 class=\"wp-block-heading\" style=\"margin-bottom:var(--wp--preset--spacing--h-3-bottom)\">Pila de pesas<\/h3>\n\n\n\n<p><strong><em>Entrenamiento m\u00e1s exigente<\/em><\/strong><\/p>\n\n\n\n<p>La m\u00e1quina Selectorized Pec Fly \/ Rear Delt de Evolve Ultra Series est\u00e1 equipada con un nivel de resistencia de 110 kg, pero tambi\u00e9n tiene la opci\u00f3n de personalizarlo y a\u00f1adirlo a 122,5 kg para una experiencia de entrenamiento a\u00fan m\u00e1s desafiante. Cuenta con una pila de pesas totalmente cerrada que garantiza la seguridad de sus ejercicios.<\/p>\n\n\n\n<p><strong><em>Goma resistente<\/em><\/strong><\/p>\n\n\n\n<p>Los robustos pies de goma de la serie Evolve Ultra sirven como escudos protectores para evitar cualquier da\u00f1o potencial a sus suelos. Estas resistentes patas de goma est\u00e1n dise\u00f1adas para proteger las superficies del suelo de cualquier da\u00f1o que pueda producirse durante su uso. Adem\u00e1s, estos pies de goma no s\u00f3lo ofrecen protecci\u00f3n, sino que tambi\u00e9n contribuyen a la estabilidad.<\/p>\n<\/div>\n\n\n\n<div class=\"wp-block-column is-vertically-aligned-center is-layout-flow wp-block-column-is-layout-flow\">\n<figure class=\"wp-block-image size-full\"><img decoding=\"async\" src=\"https:\/\/evolve-fitness.eu\/wp-content\/uploads\/2024\/01\/stack.webp\" alt=\"\" class=\"wp-image-9940\"\/><\/figure>\n<\/div>\n<\/div>\n\n\n\n<div class=\"wp-block-columns alignwide mobile-reverse is-layout-flex wp-container-core-columns-is-layout-ca64bf2d wp-block-columns-is-layout-flex\" style=\"margin-bottom:var(--wp--preset--spacing--side-padding)\">\n<div class=\"wp-block-column is-vertically-aligned-center is-layout-flow wp-block-column-is-layout-flow\">\n<figure class=\"wp-block-image size-large\"><img decoding=\"async\" src=\"https:\/\/evolve-fitness.eu\/wp-content\/uploads\/2023\/08\/A7_08481-1024x683.jpg\" alt=\"\" class=\"wp-image-9109\"\/><\/figure>\n<\/div>\n\n\n\n<div class=\"wp-block-column is-vertically-aligned-center is-layout-flow wp-block-column-is-layout-flow\">\n<h3 class=\"wp-block-heading\" style=\"margin-bottom:var(--wp--preset--spacing--h-3-bottom)\">Cable<\/h3>\n\n\n\n<p><strong><em>Calidad superior<\/em><\/strong><\/p>\n\n\n\n<p>Las m\u00e1quinas Evolve Ultra Series utilizan cables de calidad superior, hay seis hebras principales, y cada hebra consta de 19 hilos trenzados entre s\u00ed, material de poliamida 12 (PA12) y un di\u00e1metro de 5 mm. Estos cables est\u00e1n dise\u00f1ados para ofrecer resistencia y durabilidad, con una fuerza de rotura de 9000 kN, lo que los convierte en la opci\u00f3n preferida para aplicaciones en las que se necesita una fiabilidad, durabilidad y rendimiento excepcionales. Al pasar de un ejercicio a otro, ya sean flexiones de b\u00edceps, press de pecho, dominadas o cualquier otra actividad de fortalecimiento, el rendimiento excepcional de los cables de la serie Evolve Ultra garantiza que los movimientos sean suaves y la resistencia constante, lo que promueve una experiencia de entrenamiento eficaz y agradable.<\/p>\n<\/div>\n<\/div>\n<\/section>\n<\/section>\n","protected":false},"excerpt":{"rendered":"<p>Experimente un entrenamiento espec\u00edfico y eficaz de la parte superior del cuerpo con la m\u00e1quina Evolve Ultra Series Selectorized Pec Fly\/Rear Delt, Ul-030. Eleve su rutina de fitness con este vers\u00e1til equipo que cuenta con Movimiento Independiente de Brazos para un compromiso y una simetr\u00eda superiores. Su carenado totalmente cubierto garantiza la seguridad sin comprometer el estilo, mientras que el ajuste del asiento con una sola mano mejora la comodidad del usuario. Fabricada con empu\u00f1aduras \u00f3ptimas y un elegante acabado de pintura mate exclusivo, esta m\u00e1quina combina comodidad, est\u00e9tica y durabilidad. Transforme su gimnasio con este innovador complemento que prioriza la comodidad, la seguridad y los resultados.<\/p>\n","protected":false},"featured_media":75753,"template":"","meta":{"_acf_changed":false,"inline_featured_image":false},"product_cat":[432,1139,1221],"product_tag":[],"class_list":{"0":"post-48702","1":"product","2":"type-product","3":"status-publish","4":"has-post-thumbnail","6":"product_cat-pagina-de-inicio","7":"product_cat-maquinas-selectorizadas","8":"product_cat-maquinas-selectorizadas-ultra-series","10":"first","11":"outofstock","12":"shipping-taxable","13":"purchasable","14":"product-type-simple"},"acf":[],"_links":{"self":[{"href":"https:\/\/store.evolve-fitness.eu\/es\/wp-json\/wp\/v2\/product\/48702","targetHints":{"allow":["GET"]}}],"collection":[{"href":"https:\/\/store.evolve-fitness.eu\/es\/wp-json\/wp\/v2\/product"}],"about":[{"href":"https:\/\/store.evolve-fitness.eu\/es\/wp-json\/wp\/v2\/types\/product"}],"wp:featuredmedia":[{"embeddable":true,"href":"https:\/\/store.evolve-fitness.eu\/es\/wp-json\/wp\/v2\/media\/75753"}],"wp:attachment":[{"href":"https:\/\/store.evolve-fitness.eu\/es\/wp-json\/wp\/v2\/media?parent=48702"}],"wp:term":[{"taxonomy":"product_cat","embeddable":true,"href":"https:\/\/store.evolve-fitness.eu\/es\/wp-json\/wp\/v2\/product_cat?post=48702"},{"taxonomy":"product_tag","embeddable":true,"href":"https:\/\/store.evolve-fitness.eu\/es\/wp-json\/wp\/v2\/product_tag?post=48702"}],"curies":[{"name":"wp","href":"https:\/\/api.w.org\/{rel}","templated":true}]}}