{"id":48442,"date":"2024-01-18T07:59:56","date_gmt":"2024-01-18T07:59:56","guid":{"rendered":"https:\/\/store.evolve-fitness.eu\/product\/menton-inmersion-asistida-selectorizada-serie-evolve-ultra\/"},"modified":"2024-06-05T12:49:23","modified_gmt":"2024-06-05T12:49:23","slug":"menton-inmersion-asistida-selectorizada-serie-evolve-ultra","status":"publish","type":"product","link":"https:\/\/store.evolve-fitness.eu\/es\/producto\/menton-inmersion-asistida-selectorizada-serie-evolve-ultra\/","title":{"rendered":"Ment\u00f3n \/ Inmersi\u00f3n Asistida Selectorizada Serie Evolve Ultra"},"content":{"rendered":"\n<section class=\"wp-block-group alignfull black-content has-white-color has-darkgray-background-color has-text-color has-background is-layout-constrained wp-block-group-is-layout-constrained\" style=\"padding-top:var(--wp--preset--spacing--section-bottom);padding-bottom:var(--wp--preset--spacing--section-bottom)\">\n<div class=\"wp-block-columns alignwide mobile-reverse is-layout-flex wp-container-core-columns-is-layout-ca64bf2d wp-block-columns-is-layout-flex\" style=\"margin-bottom:var(--wp--preset--spacing--side-padding)\">\n<div class=\"wp-block-column is-vertically-aligned-center is-layout-flow wp-block-column-is-layout-flow\">\n<h3 class=\"wp-block-heading\">Bienvenido a la serie Ultra<\/h3>\n\n\n\n<p><strong><em>Conozca nuestros equipos de la serie Ultra con la \u00faltima tecnolog\u00eda 3D 360 Tour<\/em><\/strong><\/p>\n\n\n\n<p>La prensa pectoral selectorizada Evolve Ultra Series, que forma parte de la serie Evolve Ultra, est\u00e1 dise\u00f1ada para ofrecer comodidad y rendimiento. La m\u00e1quina est\u00e1 dise\u00f1ada para ofrecer versatilidad en el ejercicio, soporte ergon\u00f3mico y opciones de ajuste para diferentes tama\u00f1os de usuario. El dise\u00f1o es est\u00e9ticamente agradable, con un acabado duradero con recubrimiento en polvo, y el uso de cables de alta calidad garantiza un funcionamiento sin problemas.<\/p>\n<\/div>\n\n\n\n<div class=\"wp-block-column is-vertically-aligned-center is-layout-flow wp-block-column-is-layout-flow\">\n<figure class=\"wp-block-video\"><video autoplay=\"\" controls=\"\" loop=\"\" muted=\"\" src=\"https:\/\/evolve-fitness.eu\/wp-content\/uploads\/2023\/08\/Assisted-Chin-Dip-Evolve-Ultra-Series-Selectorized.mp4\"><\/video><\/figure>\n<\/div>\n<\/div>\n\n\n\n<div class=\"wp-block-columns alignwide is-layout-flex wp-container-core-columns-is-layout-c45ee707 wp-block-columns-is-layout-flex\" style=\"margin-bottom:var(--wp--preset--spacing--side-padding);padding-top:var(--wp--preset--spacing--side-padding)\">\n<div class=\"wp-block-column is-vertically-aligned-center is-layout-flow wp-block-column-is-layout-flow\">\n<figure class=\"wp-block-video\"><video height=\"1211\" style=\"aspect-ratio: 2560 \/ 1211;\" width=\"2560\" autoplay=\"\" controls=\"\" loop=\"\" muted=\"\" src=\"https:\/\/evolve-fitness.eu\/wp-content\/uploads\/2023\/08\/EV-SC-UL-080.mp4\"><\/video><\/figure>\n<\/div>\n\n\n\n<div class=\"wp-block-column is-vertically-aligned-center is-layout-flow wp-block-column-is-layout-flow\">\n<ul class=\"wp-block-list\">\n<h3 class=\"wp-block-heading\" style=\"margin-bottom:var(--wp--preset--spacing--h-3-bottom)\">M\u00fasculos<\/h3>\n\n\n\n<p><em><strong>Para el desarrollo de la fuerza de la parte superior del cuerpo y del tronco<\/strong><\/em><br\/><br\/>La m\u00e1quina de inmersi\u00f3n\/barbilla asistida Evolve Ultra Series se dirige principalmente a varios grupos musculares importantes, lo que la convierte en una herramienta valiosa para el desarrollo de la fuerza de la parte superior del cuerpo y del tronco. Los m\u00fasculos espec\u00edficos que se trabajan durante los diversos ejercicios en esta m\u00e1quina incluyen:<br\/><br\/>Dorsal <strong>ancho (Lats)<\/strong>: Los m\u00fasculos dorsales anchos se trabajan intensamente durante los ejercicios de flexi\u00f3n de la barbilla. Son los grandes m\u00fasculos de la espalda que crean la apariencia de una \u00abV\u00bb y son responsables de tirar del cuerpo hacia arriba; <strong>Biceps Brachii (B\u00edceps)<\/strong>: Los m\u00fasculos b\u00edceps se utilizan durante las flexiones de brazos, ya que intervienen en la flexi\u00f3n del codo al tirar del cuerpo hacia arriba.  <strong>Romboides<\/strong>: Estos m\u00fasculos, situados entre los om\u00f3platos, se activan tanto durante las flexiones de ment\u00f3n como durante los fondos, ayudando a retraer y estabilizar la esc\u00e1pula (om\u00f3platos); <strong>Triceps Brachii (Tr\u00edceps)<\/strong>: Los m\u00fasculos tr\u00edceps entran en juego durante los ejercicios de flexi\u00f3n, especialmente al empujar el cuerpo hacia arriba.  <strong>Pectoral mayor (pecho)<\/strong>: Los m\u00fasculos pectorales tambi\u00e9n se activan durante los fondos, ya que ayudan a empujar el cuerpo hacia arriba.  <strong>Deltoides anteriores (hombros delanteros)<\/strong>: Los m\u00fasculos deltoides anteriores intervienen tanto en las dominadas como en las flexiones, ya que contribuyen al movimiento de los hombros durante estos ejercicios.  <strong>M\u00fasculos<\/strong> centrales: Para estabilizar el cuerpo y mantener una postura correcta durante las flexiones de ment\u00f3n y los fondos, se utilizan los m\u00fasculos centrales, incluidos el recto abdominal y los oblicuos; <strong>M\u00fasculos de los antebrazos<\/strong>: La fuerza de agarre y los m\u00fasculos del antebrazo, como el braquiorradial, se utilizan para sujetarse a las asas.<\/p>\n<\/ul>\n<\/div>\n<\/div>\n\n\n\n<div class=\"wp-block-columns alignwide mobile-reverse is-layout-flex wp-container-core-columns-is-layout-ca64bf2d wp-block-columns-is-layout-flex\" style=\"margin-bottom:var(--wp--preset--spacing--side-padding)\">\n<div class=\"wp-block-column is-vertically-aligned-center is-layout-flow wp-block-column-is-layout-flow\">\n<h3 class=\"wp-block-heading\" style=\"margin-bottom:var(--wp--preset--spacing--h-3-bottom)\">Multiagarre<\/h3>\n\n\n\n<p><strong><em><strong><em>Diversifica tu rutina de dominadas<\/em><\/strong><\/em><\/strong><\/p>\n\n\n\n<p style=\"margin-bottom:var(--wp--preset--spacing--tb-section-padding)\">La m\u00e1quina Evolve Ultra Series est\u00e1 equipada con empu\u00f1aduras multiagarre para dominadas, lo que permite a los usuarios diversificar su rutina de dominadas. Puede optar por un agarre ancho para trabajar la parte superior de la espalda, un agarre a media distancia para la parte media o un agarre estrecho para trabajar los m\u00fasculos de la parte inferior de la espalda. Esta variedad da cabida a diferentes variaciones de ejercicios y grupos musculares.<\/p>\n<\/div>\n\n\n\n<div class=\"wp-block-column is-vertically-aligned-center is-layout-flow wp-block-column-is-layout-flow\">\n<figure class=\"wp-block-video\"><video height=\"1536\" style=\"aspect-ratio: 2048 \/ 1536;\" width=\"2048\" autoplay=\"\" controls=\"\" loop=\"\" muted=\"\" src=\"https:\/\/evolve-fitness.eu\/wp-content\/uploads\/2023\/08\/Evolve-UL-080-Dual-1.mp4\"><\/video><\/figure>\n<\/div>\n<\/div>\n\n\n\n<div class=\"wp-block-columns alignwide is-layout-flex wp-container-core-columns-is-layout-c45ee707 wp-block-columns-is-layout-flex\" style=\"margin-bottom:var(--wp--preset--spacing--side-padding);padding-top:var(--wp--preset--spacing--side-padding)\">\n<div class=\"wp-block-column is-vertically-aligned-center is-layout-flow wp-block-column-is-layout-flow\">\n<figure class=\"wp-block-image size-large\"><img decoding=\"async\" src=\"https:\/\/evolve-fitness.eu\/wp-content\/uploads\/2023\/08\/Evolve-Adjustable-Parallel-Bar-UL-080-1024x576.jpg\" alt=\"EV-SC-UL-080\" class=\"wp-image-9999\"\/><\/figure>\n<\/div>\n\n\n\n<div class=\"wp-block-column is-vertically-aligned-center is-layout-flow wp-block-column-is-layout-flow\">\n<h3 class=\"wp-block-heading\" style=\"margin-bottom:var(--wp--preset--spacing--h-3-bottom)\">Barra paralela ajustable<\/h3>\n\n\n\n<p><strong><em>Te permite personalizar tu entrenamiento<\/em><\/strong><\/p>\n\n\n\n<p style=\"margin-bottom:var(--wp--preset--spacing--tb-section-padding)\">La m\u00e1quina Evolve Ultra Series Assisted Chin \/ Dip tiene barras paralelas ajustables que le permiten adaptar su entrenamiento a sus preferencias. Puede elegir una distancia estrecha entre las barras para centrarse en el entrenamiento de tr\u00edceps o un ajuste m\u00e1s amplio para hacer hincapi\u00e9 en la parte inferior del pecho. Esta adaptabilidad garantiza que tus entrenamientos se adapten a tus objetivos espec\u00edficos y a tu nivel de comodidad.<\/p>\n<\/div>\n<\/div>\n\n\n\n<div class=\"wp-block-columns alignwide is-layout-flex wp-container-core-columns-is-layout-c45ee707 wp-block-columns-is-layout-flex\" style=\"margin-bottom:var(--wp--preset--spacing--side-padding);padding-top:var(--wp--preset--spacing--side-padding)\">\n<div class=\"wp-block-column is-vertically-aligned-center is-layout-flow wp-block-column-is-layout-flow\">\n<h3 class=\"wp-block-heading\" style=\"margin-bottom:var(--wp--preset--spacing--h-3-bottom)\">Plato de lastre superior<\/h3>\n\n\n\n<p><strong><em>Para un mejor rendimiento<\/em><\/strong> <\/p>\n\n\n\n<p style=\"margin-bottom:var(--wp--preset--spacing--tb-section-padding)\">La m\u00e1quina de ment\u00f3n\/ba\u00f1era asistida Evolve Ultra Series tiene dos placas de peso superior adicionales de 2,5 kg que cumplen una doble funci\u00f3n al mejorar el rendimiento de la m\u00e1quina de ejercicios. En primer lugar, ampl\u00eda la resistencia m\u00e1xima que puede ofrecer la m\u00e1quina, lo que permite a los usuarios desafiarse a\u00fan m\u00e1s en sus entrenamientos. Adem\u00e1s, estos platos de pesas adicionales ofrecen una ventaja \u00fanica al permitir a los usuarios realizar incrementos m\u00e1s peque\u00f1os y precisos en sus ajustes de resistencia, ya que cada plato proporciona un aumento de 2,5 kg. Esta precisi\u00f3n en la selecci\u00f3n de la resistencia permite a las personas ajustar sus entrenamientos para satisfacer sus necesidades y objetivos espec\u00edficos, garantizando que cada sesi\u00f3n de ejercicio se adapte para optimizar los resultados.<\/p>\n<\/div>\n\n\n\n<div class=\"wp-block-column is-vertically-aligned-center is-layout-flow wp-block-column-is-layout-flow\">\n<figure class=\"wp-block-image size-full\"><img decoding=\"async\" src=\"https:\/\/evolve-fitness.eu\/wp-content\/uploads\/2024\/01\/plate.webp\" alt=\"\" class=\"wp-image-9942\"\/><\/figure>\n<\/div>\n<\/div>\n\n\n\n<div class=\"wp-block-columns alignwide is-layout-flex wp-container-core-columns-is-layout-c45ee707 wp-block-columns-is-layout-flex\" style=\"margin-bottom:var(--wp--preset--spacing--side-padding);padding-top:var(--wp--preset--spacing--side-padding)\">\n<div class=\"wp-block-column is-vertically-aligned-center is-layout-flow wp-block-column-is-layout-flow\">\n<figure class=\"wp-block-video\"><video height=\"1920\" style=\"aspect-ratio: 1920 \/ 1920;\" width=\"1920\" autoplay=\"\" controls=\"\" loop=\"\" muted=\"\" src=\"https:\/\/evolve-fitness.eu\/wp-content\/uploads\/2023\/10\/Evolve-Adjustable-foot-support-UL-080.mp4\"><\/video><\/figure>\n<\/div>\n\n\n\n<div class=\"wp-block-column is-vertically-aligned-center is-layout-flow wp-block-column-is-layout-flow\">\n<h3 class=\"wp-block-heading\" style=\"margin-bottom:var(--wp--preset--spacing--h-3-bottom)\">Reposapi\u00e9s regulable<\/h3>\n\n\n\n<p><strong><em>Dirigirse a distintos \u00e1mbitos<\/em><\/strong><\/p>\n\n\n\n<p style=\"margin-bottom:var(--wp--preset--spacing--tb-section-padding)\">La m\u00e1quina Evolve Ultra Series ofrece una caracter\u00edstica excepcional con sus asas de dominadas multiagarre, dise\u00f1adas para elevar su rutina de dominadas a un nuevo nivel. Estas empu\u00f1aduras ofrecen una amplia gama de opciones de agarre, lo que le permite adaptar sus ejercicios de dominadas para trabajar con precisi\u00f3n diferentes zonas de la espalda.<\/p>\n<\/div>\n<\/div>\n\n\n\n<div class=\"wp-block-columns alignwide is-layout-flex wp-container-core-columns-is-layout-c45ee707 wp-block-columns-is-layout-flex\" style=\"margin-bottom:var(--wp--preset--spacing--side-padding);padding-top:var(--wp--preset--spacing--side-padding)\">\n<div class=\"wp-block-column is-vertically-aligned-center is-layout-flow wp-block-column-is-layout-flow\">\n<h3 class=\"wp-block-heading\" style=\"margin-bottom:var(--wp--preset--spacing--h-3-bottom)\">Pila de pesas<\/h3>\n\n\n\n<p><strong><em>Personalizar y a\u00f1adir<\/em><\/strong><\/p>\n\n\n\n<p style=\"margin-bottom:var(--wp--preset--spacing--tb-section-padding)\">La m\u00e1quina Evolve Ultra Series Assisted Chin\/Dip est\u00e1 equipada con un nivel de resistencia de 85 kg, pero tambi\u00e9n tiene la opci\u00f3n de personalizarlo y a\u00f1adirlo a 122,5 kg para una experiencia de entrenamiento a\u00fan m\u00e1s desafiante. Cuenta con una pila de pesas totalmente cerrada que garantiza la seguridad de sus ejercicios.<\/p>\n<\/div>\n\n\n\n<div class=\"wp-block-column is-vertically-aligned-center is-layout-flow wp-block-column-is-layout-flow\">\n<figure class=\"wp-block-image size-full\"><img decoding=\"async\" src=\"https:\/\/evolve-fitness.eu\/wp-content\/uploads\/2024\/01\/stack.webp\" alt=\"\" class=\"wp-image-9940\"\/><\/figure>\n<\/div>\n<\/div>\n\n\n\n<div class=\"wp-block-columns alignwide is-layout-flex wp-container-core-columns-is-layout-c45ee707 wp-block-columns-is-layout-flex\" style=\"margin-bottom:var(--wp--preset--spacing--side-padding);padding-top:var(--wp--preset--spacing--side-padding)\">\n<div class=\"wp-block-column is-vertically-aligned-center is-layout-flow wp-block-column-is-layout-flow\">\n<figure class=\"wp-block-video\"><video height=\"600\" style=\"aspect-ratio: 680 \/ 600;\" width=\"680\" autoplay=\"\" controls=\"\" loop=\"\" muted=\"\" src=\"https:\/\/evolve-fitness.eu\/wp-content\/uploads\/2023\/10\/evolve-Non-Slip-Rubbered-Stairs-UL-080.mp4\"><\/video><\/figure>\n<\/div>\n\n\n\n<div class=\"wp-block-column is-vertically-aligned-center is-layout-flow wp-block-column-is-layout-flow\">\n<h3 class=\"wp-block-heading\" style=\"margin-bottom:var(--wp--preset--spacing--h-3-bottom)\">Escaleras de goma antideslizantes<\/h3>\n\n\n\n<p><strong><em>Para entrenamientos seguros<\/em><\/strong><\/p>\n\n\n\n<p style=\"margin-bottom:var(--wp--preset--spacing--tb-section-padding)\">Dos escaleras de goma antideslizantes facilitan el acceso y la salida de la m\u00e1quina a usuarios de distintas alturas. Estas escaleras aumentan la seguridad y la comodidad durante sus sesiones de entrenamiento.<\/p>\n\n\n\n<p><strong><em>Protectores de suelo moldeados<\/em><\/strong><\/p>\n\n\n\n<p style=\"margin-bottom:var(--wp--preset--spacing--tb-section-padding)\">Los robustos pies de goma de la serie Evolve Ultra sirven como escudos protectores para evitar cualquier da\u00f1o potencial a sus suelos. Estas resistentes patas de goma est\u00e1n dise\u00f1adas para proteger las superficies del suelo de cualquier da\u00f1o que pueda producirse durante su uso. Adem\u00e1s, estos pies de goma no s\u00f3lo ofrecen protecci\u00f3n, sino que tambi\u00e9n contribuyen a la estabilidad.<\/p>\n<\/div>\n<\/div>\n\n\n\n<div class=\"wp-block-columns alignwide is-layout-flex wp-container-core-columns-is-layout-c45ee707 wp-block-columns-is-layout-flex\" style=\"margin-bottom:var(--wp--preset--spacing--side-padding);padding-top:var(--wp--preset--spacing--side-padding)\">\n<div class=\"wp-block-column is-vertically-aligned-center is-layout-flow wp-block-column-is-layout-flow\">\n<h3 class=\"wp-block-heading\" style=\"margin-bottom:var(--wp--preset--spacing--h-3-bottom)\">Bastidor con doble revestimiento de polvo<\/h3>\n\n\n\n<p><strong><em>Prevenci\u00f3n de da\u00f1os<\/em><\/strong><\/p>\n\n\n\n<p style=\"margin-bottom:var(--wp--preset--spacing--tb-section-padding)\">Las m\u00e1quinas de fuerza de la serie Evolve Ultra, con chasis con recubrimiento electrost\u00e1tico en polvo negro perla mate, ejemplifican tanto la forma como la funci\u00f3n. Su atractivo est\u00e9tico se ve realzado por el acabado negro mate, mientras que sus caracter\u00edsticas pr\u00e1cticas, como la resistencia a la fricci\u00f3n, las propiedades anticorrosi\u00f3n y la resistencia a los ara\u00f1azos, garantizan que sea un compa\u00f1ero de fitness fiable y duradero.<\/p>\n<\/div>\n\n\n\n<div class=\"wp-block-column is-vertically-aligned-center is-layout-flow wp-block-column-is-layout-flow\">\n<figure class=\"wp-block-video\"><video height=\"1920\" style=\"aspect-ratio: 1920 \/ 1920;\" width=\"1920\" autoplay=\"\" controls=\"\" loop=\"\" muted=\"\" src=\"https:\/\/evolve-fitness.eu\/wp-content\/uploads\/2023\/10\/Evolve-Double-powder-coated-Frame.mp4\"><\/video><\/figure>\n<\/div>\n<\/div>\n\n\n\n<p><\/p>\n\n\n\n<div class=\"wp-block-columns alignwide is-layout-flex wp-container-core-columns-is-layout-c45ee707 wp-block-columns-is-layout-flex\" style=\"margin-bottom:var(--wp--preset--spacing--side-padding);padding-top:var(--wp--preset--spacing--side-padding)\">\n<div class=\"wp-block-column is-vertically-aligned-center is-layout-flow wp-block-column-is-layout-flow\">\n<figure class=\"wp-block-video\"><video height=\"600\" style=\"aspect-ratio: 680 \/ 600;\" width=\"680\" autoplay=\"\" controls=\"\" loop=\"\" muted=\"\" src=\"https:\/\/evolve-fitness.eu\/wp-content\/uploads\/2023\/10\/Evolve-cable.mp4\"><\/video><\/figure>\n<\/div>\n\n\n\n<div class=\"wp-block-column is-vertically-aligned-center is-layout-flow wp-block-column-is-layout-flow\">\n<h3 class=\"wp-block-heading\" style=\"margin-bottom:var(--wp--preset--spacing--h-3-bottom)\">Cable<\/h3>\n\n\n\n<p><strong><em>Calidad superior<\/em><\/strong><\/p>\n\n\n\n<p style=\"margin-bottom:var(--wp--preset--spacing--tb-section-padding)\">Las m\u00e1quinas Evolve Ultra Series utilizan cables de calidad superior, hay seis hebras principales, y cada hebra consta de 19 hilos trenzados entre s\u00ed, material de poliamida 12 (PA12) y un di\u00e1metro de 5 mm. Estos cables est\u00e1n dise\u00f1ados para ofrecer resistencia y durabilidad, con una fuerza de rotura de 9000 kN, lo que los convierte en la opci\u00f3n preferida para aplicaciones en las que se necesita una fiabilidad, durabilidad y rendimiento excepcionales. Al pasar de un ejercicio a otro, ya sean flexiones de b\u00edceps, press de pecho, dominadas o cualquier otra actividad de fortalecimiento, el rendimiento excepcional de los cables de la serie Evolve Ultra garantiza que los movimientos sean suaves y la resistencia constante, lo que promueve una experiencia de entrenamiento eficaz y agradable.<\/p>\n<\/div>\n<\/div>\n\n\n\n<div class=\"wp-block-columns alignwide is-layout-flex wp-container-core-columns-is-layout-c45ee707 wp-block-columns-is-layout-flex\" style=\"margin-bottom:var(--wp--preset--spacing--side-padding);padding-top:var(--wp--preset--spacing--side-padding)\">\n<div class=\"wp-block-column is-vertically-aligned-center is-layout-flow wp-block-column-is-layout-flow\">\n<h3 class=\"wp-block-heading\" style=\"margin-bottom:var(--wp--preset--spacing--h-3-bottom)\">Pegatina Ejercicios<\/h3>\n\n\n\n<p><strong><em>Perfecto para facilitar la navegaci\u00f3n<\/em><\/strong><\/p>\n\n\n\n<p style=\"margin-bottom:var(--wp--preset--spacing--tb-section-padding)\">Las m\u00e1quinas de la serie Evolve Ultra tienen pegatinas informativas que le sirven de ayuda visual, facilit\u00e1ndole la navegaci\u00f3n por las caracter\u00edsticas y funciones de la m\u00e1quina, mejorando en \u00faltima instancia su experiencia de ejercicio. Adem\u00e1s, proporciona informaci\u00f3n valiosa sobre los distintos grupos musculares que se pueden trabajar eficazmente en la m\u00e1quina, lo que le permite sacar el m\u00e1ximo partido de su rutina de ejercicios centr\u00e1ndose en \u00e1reas espec\u00edficas de inter\u00e9s.<\/p>\n<\/div>\n\n\n\n<div class=\"wp-block-column is-vertically-aligned-center is-layout-flow wp-block-column-is-layout-flow\">\n<figure class=\"wp-block-video\"><video height=\"1536\" style=\"aspect-ratio: 2048 \/ 1536;\" width=\"2048\" autoplay=\"\" controls=\"\" loop=\"\" muted=\"\" src=\"https:\/\/evolve-fitness.eu\/wp-content\/uploads\/2023\/08\/EV-SC-UL-080-Stickers.mp4\"><\/video><\/figure>\n<\/div>\n<\/div>\n<\/section>\n","protected":false},"excerpt":{"rendered":"<p>Experimente un compromiso muscular \u00f3ptimo y versatilidad con la m\u00e1quina de ment\u00f3n\/inmersi\u00f3n asistida selectorizada Evolve Ultra Series (UL-080). Eleve sus entrenamientos con esta m\u00e1quina que ofrece un movimiento independiente de los brazos, mejorando la simetr\u00eda y el compromiso muscular. Con su carenado de pesas totalmente cubierto, la seguridad se combina a la perfecci\u00f3n con el estilo, mientras que el acabado de pintura mate, elegante y duradero, garantiza tanto el atractivo visual como un rendimiento duradero. El dise\u00f1o centrado en el usuario, que incluye el ajuste del asiento con una sola mano y unas empu\u00f1aduras \u00f3ptimas, garantiza un entrenamiento c\u00f3modo y eficaz. Eleve su rutina de fitness con esta m\u00e1quina de \u00faltima generaci\u00f3n de la serie Evolve Ultra y alcance sus objetivos de fitness de forma eficaz.<\/p>\n","protected":false},"featured_media":75854,"template":"","meta":{"_acf_changed":false,"inline_featured_image":false},"product_cat":[1139,1221,432],"product_tag":[],"class_list":{"0":"post-48442","1":"product","2":"type-product","3":"status-publish","4":"has-post-thumbnail","6":"product_cat-maquinas-selectorizadas","7":"product_cat-maquinas-selectorizadas-ultra-series","8":"product_cat-pagina-de-inicio","10":"first","11":"outofstock","12":"shipping-taxable","13":"purchasable","14":"product-type-simple"},"acf":[],"_links":{"self":[{"href":"https:\/\/store.evolve-fitness.eu\/es\/wp-json\/wp\/v2\/product\/48442","targetHints":{"allow":["GET"]}}],"collection":[{"href":"https:\/\/store.evolve-fitness.eu\/es\/wp-json\/wp\/v2\/product"}],"about":[{"href":"https:\/\/store.evolve-fitness.eu\/es\/wp-json\/wp\/v2\/types\/product"}],"wp:featuredmedia":[{"embeddable":true,"href":"https:\/\/store.evolve-fitness.eu\/es\/wp-json\/wp\/v2\/media\/75854"}],"wp:attachment":[{"href":"https:\/\/store.evolve-fitness.eu\/es\/wp-json\/wp\/v2\/media?parent=48442"}],"wp:term":[{"taxonomy":"product_cat","embeddable":true,"href":"https:\/\/store.evolve-fitness.eu\/es\/wp-json\/wp\/v2\/product_cat?post=48442"},{"taxonomy":"product_tag","embeddable":true,"href":"https:\/\/store.evolve-fitness.eu\/es\/wp-json\/wp\/v2\/product_tag?post=48442"}],"curies":[{"name":"wp","href":"https:\/\/api.w.org\/{rel}","templated":true}]}}