{"id":47580,"date":"2024-01-18T07:14:23","date_gmt":"2024-01-18T07:14:23","guid":{"rendered":"https:\/\/store.evolve-fitness.eu\/product\/curl-de-piernas-selectorizado-evolve-ultra-series\/"},"modified":"2024-06-05T12:50:52","modified_gmt":"2024-06-05T12:50:52","slug":"curl-de-piernas-selectorizado-evolve-ultra-series","status":"publish","type":"product","link":"https:\/\/store.evolve-fitness.eu\/es\/producto\/curl-de-piernas-selectorizado-evolve-ultra-series\/","title":{"rendered":"Curl de piernas selectorizado Evolve Ultra Series"},"content":{"rendered":"\n<section class=\"wp-block-group alignfull black-content has-white-color has-darkgray-background-color has-text-color has-background is-layout-constrained wp-block-group-is-layout-constrained\" style=\"padding-top:var(--wp--preset--spacing--section-bottom);padding-bottom:var(--wp--preset--spacing--section-bottom)\">\n<div class=\"wp-block-columns alignwide is-layout-flex wp-container-core-columns-is-layout-c45ee707 wp-block-columns-is-layout-flex\" style=\"margin-bottom:var(--wp--preset--spacing--side-padding);padding-top:var(--wp--preset--spacing--side-padding)\">\n<div class=\"wp-block-column is-vertically-aligned-center is-layout-flow wp-block-column-is-layout-flow\">\n<h3 class=\"wp-block-heading\">Bienvenido a la serie Ultra<\/h3>\n\n\n\n<p><strong><em>Conozca nuestros equipos de la serie Ultra con la \u00faltima tecnolog\u00eda 3D 360 Tour<\/em><\/strong><\/p>\n\n\n\n<p>La prensa pectoral selectorizada Evolve Ultra Series, que forma parte de la serie Evolve Ultra, est\u00e1 dise\u00f1ada para ofrecer comodidad y rendimiento. La m\u00e1quina est\u00e1 dise\u00f1ada para ofrecer versatilidad en el ejercicio, soporte ergon\u00f3mico y opciones de ajuste para diferentes tama\u00f1os de usuario. El dise\u00f1o es est\u00e9ticamente agradable, con un acabado duradero con recubrimiento en polvo, y el uso de cables de alta calidad garantiza un funcionamiento sin problemas.<\/p>\n<\/div>\n\n\n\n<div class=\"wp-block-column is-vertically-aligned-center is-layout-flow wp-block-column-is-layout-flow\">\n<figure class=\"wp-block-video\"><video autoplay=\"\" controls=\"\" loop=\"\" muted=\"\" src=\"https:\/\/evolve-fitness.eu\/wp-content\/uploads\/2023\/08\/Leg-Curl-Evolve-Ultra-Series-Selectorized.mp4\"><\/video><\/figure>\n<\/div>\n<\/div>\n\n\n\n<div class=\"wp-block-columns alignwide mobile-reverse is-layout-flex wp-container-core-columns-is-layout-ca64bf2d wp-block-columns-is-layout-flex\" style=\"margin-bottom:var(--wp--preset--spacing--side-padding)\">\n<div class=\"wp-block-column is-vertically-aligned-center is-layout-flow wp-block-column-is-layout-flow\">\n<figure class=\"wp-block-video\"><video height=\"1920\" style=\"aspect-ratio: 1920 \/ 1920;\" width=\"1920\" autoplay=\"\" controls=\"\" loop=\"\" muted=\"\" src=\"https:\/\/evolve-fitness.eu\/wp-content\/uploads\/2023\/08\/Evolve-Ultra-Series-Selectorized-Leg-Extension-Ul-140-2.mp4\"><\/video><\/figure>\n<\/div>\n\n\n\n<div class=\"wp-block-column is-vertically-aligned-center is-layout-flow wp-block-column-is-layout-flow\">\n<h3 class=\"wp-block-heading\" style=\"margin-bottom:var(--wp--preset--spacing--h-3-bottom)\">M\u00fasculos<\/h3>\n\n\n\n<p><\/p>\n\n\n\n<p>La m\u00e1quina de flexi\u00f3n de piernas tumbada Evolve Ultra Series trabaja principalmente los siguientes m\u00fasculos:<br\/><br\/><strong>Isquiotibiales<\/strong>: Los m\u00fasculos isquiotibiales, formados por el b\u00edceps femoral, el semitendinoso y el semimembranoso, son los principales m\u00fasculos que se trabajan durante la flexi\u00f3n de piernas. Este ejercicio a\u00edsla y fortalece eficazmente los isquiotibiales, en particular los m\u00fasculos situados en la parte posterior del muslo; <strong>los m\u00fasculos de la pantorrilla<\/strong>, incluidos el gastrocnemio y el s\u00f3leo, intervienen como estabilizadores y m\u00fasculos secundarios durante el movimiento de flexi\u00f3n de piernas, especialmente cuando se apuntan los dedos de los pies durante el ejercicio.<br\/><br\/>Aunque la m\u00e1quina se centra principalmente en los isquiotibiales, tambi\u00e9n trabaja indirectamente los m\u00fasculos de la pantorrilla. La forma adecuada y los movimientos controlados son esenciales para maximizar la eficacia de las flexiones de piernas y reducir el riesgo de lesiones.<\/p>\n<\/div>\n<\/div>\n\n\n\n<div class=\"wp-block-columns alignwide is-layout-flex wp-container-core-columns-is-layout-c45ee707 wp-block-columns-is-layout-flex\" style=\"margin-bottom:var(--wp--preset--spacing--side-padding);padding-top:var(--wp--preset--spacing--side-padding)\">\n<div class=\"wp-block-column is-vertically-aligned-center is-layout-flow wp-block-column-is-layout-flow\">\n<h3 class=\"wp-block-heading\" style=\"margin-bottom:var(--wp--preset--spacing--h-3-bottom)\">\u00c1ngulo ajustable de la posici\u00f3n inicial<\/h3>\n\n\n\n<p><strong><em>Para diferentes alturas y tama\u00f1os<\/em><\/strong><\/p>\n\n\n\n<p style=\"margin-bottom:var(--wp--preset--spacing--tb-section-padding)\">El \u00e1ngulo ajustable de la posici\u00f3n inicial del Evolve Ultra Series Lying Leg Curl permite a los usuarios adaptar sus ejercicios de flexi\u00f3n de piernas a sus necesidades individuales. Con seis posiciones diferentes entre las que elegir, las personas de distintos tama\u00f1os corporales y niveles de flexibilidad pueden seleccionar el ajuste que mejor se adapte a su comodidad y amplitud de movimiento. Esta caracter\u00edstica ayuda a los usuarios a lograr una posici\u00f3n y postura correctas adapt\u00e1ndose a sus caracter\u00edsticas anat\u00f3micas \u00fanicas, lo que reduce el riesgo de tensiones o lesiones.<\/p>\n<\/div>\n\n\n\n<div class=\"wp-block-column is-vertically-aligned-center is-layout-flow wp-block-column-is-layout-flow\">\n<figure class=\"wp-block-video\"><video autoplay=\"\" controls=\"\" loop=\"\" muted=\"\" src=\"https:\/\/evolve-fitness.eu\/wp-content\/uploads\/2023\/08\/Adjustable-angle-of-starting-position-UL-150.mp4\"><\/video><\/figure>\n<\/div>\n<\/div>\n\n\n\n<div class=\"wp-block-columns alignwide mobile-reverse is-layout-flex wp-container-core-columns-is-layout-ca64bf2d wp-block-columns-is-layout-flex\" style=\"margin-bottom:var(--wp--preset--spacing--side-padding)\">\n<div class=\"wp-block-column is-vertically-aligned-center is-layout-flow wp-block-column-is-layout-flow\">\n<figure class=\"wp-block-video\"><video autoplay=\"\" controls=\"\" loop=\"\" muted=\"\" src=\"https:\/\/evolve-fitness.eu\/wp-content\/uploads\/2023\/08\/Evolve-UL-150-Anatomically-Contoured.mp4\"><\/video><\/figure>\n<\/div>\n\n\n\n<div class=\"wp-block-column is-vertically-aligned-center is-layout-flow wp-block-column-is-layout-flow\">\n<h3 class=\"wp-block-heading\" style=\"margin-bottom:var(--wp--preset--spacing--h-3-bottom)\">Contorno anat\u00f3mico<\/h3>\n\n\n\n<p><strong><em>  8 Posiciones de ajuste<\/em><\/strong><\/p>\n\n\n\n<p style=\"margin-bottom:var(--wp--preset--spacing--tb-section-padding)\">La m\u00e1quina Evolve Ultra Series Lying Leg Curl est\u00e1 dise\u00f1ada teniendo en cuenta la forma y las curvas naturales del cuerpo, lo que garantiza que se adapte c\u00f3modamente durante su uso. Los soportes est\u00e1n equipados con un amplio acolchado, lo que aumenta la comodidad del usuario y reduce el riesgo de molestias o tensiones durante el ejercicio. La m\u00e1quina permite una amplitud de movimiento natural durante el ejercicio, lo que garantiza que los usuarios puedan realizar flexiones de piernas con movimientos que imitan la biomec\u00e1nica natural del cuerpo.<\/p>\n<\/div>\n<\/div>\n\n\n\n<div class=\"wp-block-columns alignwide is-layout-flex wp-container-core-columns-is-layout-c45ee707 wp-block-columns-is-layout-flex\" style=\"margin-bottom:var(--wp--preset--spacing--side-padding);padding-top:var(--wp--preset--spacing--side-padding)\">\n<div class=\"wp-block-column is-vertically-aligned-center is-layout-flow wp-block-column-is-layout-flow\">\n<h3 class=\"wp-block-heading\" style=\"margin-bottom:var(--wp--preset--spacing--h-3-bottom)\">Pila de pesas<\/h3>\n\n\n\n<p><strong><em>Personalizar y a\u00f1adir<\/em><\/strong><\/p>\n\n\n\n<p style=\"margin-bottom:var(--wp--preset--spacing--tb-section-padding)\">La m\u00e1quina de curl de piernas selectorizada Evolve Ultra Series, que incluye 2 placas de peso superior de 2,5 kg, est\u00e1 equipada con una pila de peso de 110 kg, pero tambi\u00e9n tiene la opci\u00f3n de personalizarla y a\u00f1adirla a 122,5 kg para una experiencia de entrenamiento a\u00fan m\u00e1s desafiante. Cuenta con una pila de pesas totalmente cerrada que garantiza la seguridad de sus ejercicios.<\/p>\n<\/div>\n\n\n\n<div class=\"wp-block-column is-vertically-aligned-center is-layout-flow wp-block-column-is-layout-flow\">\n<figure class=\"wp-block-image size-full\"><img decoding=\"async\" src=\"https:\/\/evolve-fitness.eu\/wp-content\/uploads\/2024\/01\/stack.webp\" alt=\"\" class=\"wp-image-9940\"\/><\/figure>\n<\/div>\n<\/div>\n\n\n\n<div class=\"wp-block-columns alignwide are-vertically-aligned-center mobile-reverse is-layout-flex wp-container-core-columns-is-layout-e8158c2f wp-block-columns-is-layout-flex\" style=\"padding-top:var(--wp--preset--spacing--side-padding)\">\n<div class=\"wp-block-column is-vertically-aligned-center is-layout-flow wp-block-column-is-layout-flow\">\n<figure class=\"wp-block-video\"><video autoplay=\"\" controls=\"\" loop=\"\" muted=\"\" src=\"https:\/\/evolve-fitness.eu\/wp-content\/uploads\/2023\/08\/Evolve-UL-150-Adjustable-ankle-support.mp4\"><\/video><\/figure>\n<\/div>\n\n\n\n<div class=\"wp-block-column is-vertically-aligned-center is-layout-flow wp-block-column-is-layout-flow\">\n<h3 class=\"wp-block-heading\" style=\"margin-bottom:var(--wp--preset--spacing--h-3-bottom)\"><strong>Tobillera ajustable<\/strong><\/h3>\n\n\n\n<p><strong><em><strong><em>Seguro y eficaz<\/em><\/strong><\/em><\/strong><\/p>\n\n\n\n<p style=\"margin-bottom:var(--wp--preset--spacing--tb-section-padding)\">El soporte de tobillo ajustable ofrece una amplia gama de posiciones, lo que permite a los usuarios ajustar sus ejercicios de flexi\u00f3n de piernas en funci\u00f3n de sus necesidades individuales. Con siete ajustes distintos, personas de diferentes tama\u00f1os corporales y niveles de flexibilidad pueden seleccionar el \u00e1ngulo preciso que mejor se adapte a su comodidad y amplitud de movimiento. Esta caracter\u00edstica promueve la inclusi\u00f3n, permitiendo que personas con diferentes tipos de cuerpo, niveles de movilidad y objetivos de fitness se beneficien de los ejercicios de flexi\u00f3n de piernas de la m\u00e1quina.<\/p>\n<\/div>\n<\/div>\n\n\n\n<div class=\"wp-block-columns alignwide is-layout-flex wp-container-core-columns-is-layout-c45ee707 wp-block-columns-is-layout-flex\" style=\"margin-bottom:var(--wp--preset--spacing--side-padding);padding-top:var(--wp--preset--spacing--side-padding)\">\n<div class=\"wp-block-column is-vertically-aligned-center is-layout-flow wp-block-column-is-layout-flow\">\n<h3 class=\"wp-block-heading\" style=\"margin-bottom:var(--wp--preset--spacing--h-3-bottom)\">Bastidor con doble revestimiento de polvo<\/h3>\n\n\n\n<p><strong><em>Prevenci\u00f3n de da\u00f1os<\/em><\/strong><\/p>\n\n\n\n<p style=\"margin-bottom:var(--wp--preset--spacing--tb-section-padding)\">Las m\u00e1quinas de fuerza de la serie Evolve Ultra, con chasis con recubrimiento electrost\u00e1tico en polvo negro perla mate, ejemplifican tanto la forma como la funci\u00f3n. Su atractivo est\u00e9tico se ve realzado por el acabado negro mate, mientras que sus caracter\u00edsticas pr\u00e1cticas, como la resistencia a la fricci\u00f3n, las propiedades anticorrosi\u00f3n y la resistencia a los ara\u00f1azos, garantizan que sea un compa\u00f1ero de fitness fiable y duradero.<\/p>\n<\/div>\n\n\n\n<div class=\"wp-block-column is-vertically-aligned-center is-layout-flow wp-block-column-is-layout-flow\">\n<figure class=\"wp-block-video\"><video height=\"1920\" style=\"aspect-ratio: 1920 \/ 1920;\" width=\"1920\" autoplay=\"\" controls=\"\" loop=\"\" muted=\"\" src=\"https:\/\/evolve-fitness.eu\/wp-content\/uploads\/2023\/10\/Evolve-Double-powder-coated-Frame.mp4\"><\/video><\/figure>\n<\/div>\n<\/div>\n\n\n\n<div class=\"wp-block-columns alignwide is-layout-flex wp-container-core-columns-is-layout-c45ee707 wp-block-columns-is-layout-flex\" style=\"margin-bottom:var(--wp--preset--spacing--side-padding);padding-top:var(--wp--preset--spacing--side-padding)\">\n<div class=\"wp-block-column is-vertically-aligned-center is-layout-flow wp-block-column-is-layout-flow\">\n<figure class=\"wp-block-image size-full\"><img decoding=\"async\" src=\"https:\/\/evolve-fitness.eu\/wp-content\/uploads\/2024\/01\/plate.webp\" alt=\"\" class=\"wp-image-9942\"\/><\/figure>\n<\/div>\n\n\n\n<div class=\"wp-block-column is-vertically-aligned-center is-layout-flow wp-block-column-is-layout-flow\">\n<h3 class=\"wp-block-heading\" style=\"margin-bottom:var(--wp--preset--spacing--h-3-bottom)\">Plato de lastre superior<\/h3>\n\n\n\n<p><strong><em>Para un mejor rendimiento<\/em><\/strong> <\/p>\n\n\n\n<p style=\"margin-bottom:var(--wp--preset--spacing--tb-section-padding)\">La m\u00e1quina de flexi\u00f3n de piernas selectorizada Evolve Ultra Series cuenta con dos placas de peso superiores adicionales de 2,5 kg que sirven para mejorar el rendimiento de la m\u00e1quina de ejercicios. En primer lugar, ampl\u00eda la resistencia m\u00e1xima que puede ofrecer la m\u00e1quina, lo que permite a los usuarios desafiarse a\u00fan m\u00e1s en sus entrenamientos. Adem\u00e1s, estos platos de pesas adicionales ofrecen una ventaja \u00fanica al permitir a los usuarios realizar incrementos m\u00e1s peque\u00f1os y precisos en sus ajustes de resistencia, ya que cada plato proporciona un aumento de 2,5 kg. Esta precisi\u00f3n en la selecci\u00f3n de la resistencia permite a las personas ajustar sus entrenamientos para satisfacer sus necesidades y objetivos espec\u00edficos, garantizando que cada sesi\u00f3n de ejercicio se adapte para optimizar los resultados.<\/p>\n<\/div>\n<\/div>\n\n\n\n<div class=\"wp-block-columns alignwide is-layout-flex wp-container-core-columns-is-layout-c45ee707 wp-block-columns-is-layout-flex\" style=\"margin-bottom:var(--wp--preset--spacing--side-padding);padding-top:var(--wp--preset--spacing--side-padding)\">\n<div class=\"wp-block-column is-vertically-aligned-center is-layout-flow wp-block-column-is-layout-flow\">\n<h3 class=\"wp-block-heading\" style=\"margin-bottom:var(--wp--preset--spacing--h-3-bottom)\">Cable<\/h3>\n\n\n\n<p><strong><em>Calidad superior<\/em><\/strong><\/p>\n\n\n\n<p style=\"margin-bottom:var(--wp--preset--spacing--tb-section-padding)\">Las m\u00e1quinas Evolve Ultra Series utilizan cables de calidad superior, hay seis hebras principales, y cada hebra consta de 19 hilos trenzados entre s\u00ed, material de poliamida 12 (PA12) y un di\u00e1metro de 5 mm. Estos cables est\u00e1n dise\u00f1ados para ofrecer resistencia y durabilidad, con una fuerza de rotura de 9000 kN, lo que los convierte en la opci\u00f3n preferida para aplicaciones en las que se necesita una fiabilidad, durabilidad y rendimiento excepcionales. Al pasar de un ejercicio a otro, ya sean flexiones de b\u00edceps, press de pecho, dominadas o cualquier otra actividad de fortalecimiento, el rendimiento excepcional de los cables de la serie Evolve Ultra garantiza que los movimientos sean suaves y la resistencia constante, lo que promueve una experiencia de entrenamiento eficaz y agradable.<\/p>\n<\/div>\n\n\n\n<div class=\"wp-block-column is-vertically-aligned-center is-layout-flow wp-block-column-is-layout-flow\">\n<figure class=\"wp-block-video\"><video height=\"600\" style=\"aspect-ratio: 680 \/ 600;\" width=\"680\" autoplay=\"\" controls=\"\" loop=\"\" muted=\"\" src=\"https:\/\/evolve-fitness.eu\/wp-content\/uploads\/2023\/10\/Evolve-cable.mp4\"><\/video><\/figure>\n<\/div>\n<\/div>\n<\/section>\n","protected":false},"excerpt":{"rendered":"<p>Eleve los entrenamientos de piernas con el curl de piernas selectorizado Evolve Ultra Series, UL-150. Esta innovadora m\u00e1quina ofrece una comodidad superior gracias a su asiento moldeado, una seguridad sin fisuras con una cubierta para la pila de pesas y ajustes sin esfuerzo con una sola mano. Experimente hoy mismo el futuro del fitness.<\/p>\n","protected":false},"featured_media":75929,"template":"","meta":{"_acf_changed":false,"inline_featured_image":false},"product_cat":[432,1139,1221],"product_tag":[],"class_list":{"0":"post-47580","1":"product","2":"type-product","3":"status-publish","4":"has-post-thumbnail","6":"product_cat-pagina-de-inicio","7":"product_cat-maquinas-selectorizadas","8":"product_cat-maquinas-selectorizadas-ultra-series","10":"first","11":"instock","12":"shipping-taxable","13":"purchasable","14":"product-type-simple"},"acf":[],"_links":{"self":[{"href":"https:\/\/store.evolve-fitness.eu\/es\/wp-json\/wp\/v2\/product\/47580","targetHints":{"allow":["GET"]}}],"collection":[{"href":"https:\/\/store.evolve-fitness.eu\/es\/wp-json\/wp\/v2\/product"}],"about":[{"href":"https:\/\/store.evolve-fitness.eu\/es\/wp-json\/wp\/v2\/types\/product"}],"wp:featuredmedia":[{"embeddable":true,"href":"https:\/\/store.evolve-fitness.eu\/es\/wp-json\/wp\/v2\/media\/75929"}],"wp:attachment":[{"href":"https:\/\/store.evolve-fitness.eu\/es\/wp-json\/wp\/v2\/media?parent=47580"}],"wp:term":[{"taxonomy":"product_cat","embeddable":true,"href":"https:\/\/store.evolve-fitness.eu\/es\/wp-json\/wp\/v2\/product_cat?post=47580"},{"taxonomy":"product_tag","embeddable":true,"href":"https:\/\/store.evolve-fitness.eu\/es\/wp-json\/wp\/v2\/product_tag?post=47580"}],"curies":[{"name":"wp","href":"https:\/\/api.w.org\/{rel}","templated":true}]}}