{"id":47154,"date":"2024-01-17T15:02:10","date_gmt":"2024-01-17T15:02:10","guid":{"rendered":"https:\/\/store.evolve-fitness.eu\/product\/empuje-de-cadera-selectorizado-evolve-ultra-series\/"},"modified":"2024-06-20T13:39:45","modified_gmt":"2024-06-20T13:39:45","slug":"empuje-de-cadera-selectorizado-evolve-ultra-series","status":"publish","type":"product","link":"https:\/\/store.evolve-fitness.eu\/es\/producto\/empuje-de-cadera-selectorizado-evolve-ultra-series\/","title":{"rendered":"Empuje de cadera selectorizado Evolve Ultra Series"},"content":{"rendered":"\n<section class=\"wp-block-group alignfull black-content has-white-color has-darkgray-background-color has-text-color has-background is-layout-constrained wp-block-group-is-layout-constrained\" style=\"padding-top:var(--wp--preset--spacing--section-bottom);padding-bottom:var(--wp--preset--spacing--section-bottom)\">\n<div class=\"wp-block-columns alignwide mobile-reverse is-layout-flex wp-container-core-columns-is-layout-ca64bf2d wp-block-columns-is-layout-flex\" style=\"margin-bottom:var(--wp--preset--spacing--side-padding)\">\n<div class=\"wp-block-column is-vertically-aligned-center is-layout-flow wp-block-column-is-layout-flow\">\n<h3 class=\"wp-block-heading\">Bienvenido a la serie Ultra<\/h3>\n\n\n\n<p><strong><em>Conozca nuestros equipos de la serie Ultra con la \u00faltima tecnolog\u00eda 3D 360 Tour<\/em><\/strong><\/p>\n\n\n\n<p>El Evolve Ultra Series Selectorized Leg-Press \/ Hack Squat, parte del Evolve Ultra Series, est\u00e1 construido para la comodidad y el rendimiento. La m\u00e1quina est\u00e1 dise\u00f1ada para ofrecer versatilidad en el ejercicio, soporte ergon\u00f3mico y opciones de ajuste para diferentes tama\u00f1os de usuario. El dise\u00f1o es est\u00e9ticamente agradable, con un acabado duradero con recubrimiento en polvo, y el uso de cables de alta calidad garantiza un funcionamiento sin problemas.<\/p>\n<\/div>\n\n\n\n<div class=\"wp-block-column is-vertically-aligned-center is-layout-flow wp-block-column-is-layout-flow\">\n<figure class=\"wp-block-video\"><video height=\"1154\" style=\"aspect-ratio: 864 \/ 1154;\" width=\"864\" autoplay=\"\" controls=\"\" loop=\"\" muted=\"\" src=\"https:\/\/evolve-fitness.eu\/wp-content\/uploads\/2023\/08\/Abduction-Adduction-Evolve-Ultra-Series-Selectorized-3.mp4\"><\/video><\/figure>\n<\/div>\n<\/div>\n\n\n\n<div class=\"wp-block-columns alignwide mobile-reverse is-layout-flex wp-container-core-columns-is-layout-ca64bf2d wp-block-columns-is-layout-flex\" style=\"margin-bottom:var(--wp--preset--spacing--side-padding)\">\n<div class=\"wp-block-column is-vertically-aligned-center is-layout-flow wp-block-column-is-layout-flow\">\n<figure class=\"wp-block-video\"><video height=\"2560\" style=\"aspect-ratio: 2560 \/ 2560;\" width=\"2560\" autoplay=\"\" controls=\"\" loop=\"\" muted=\"\" src=\"https:\/\/evolve-fitness.eu\/wp-content\/uploads\/2023\/08\/EV-SC-UL-220-Full.mp4\"><\/video><\/figure>\n<\/div>\n\n\n\n<div class=\"wp-block-column is-vertically-aligned-center is-layout-flow wp-block-column-is-layout-flow\">\n<h3 class=\"wp-block-heading\">Bienvenido a la serie Ultra<\/h3>\n\n\n\n<p><strong><em>Conozca nuestros equipos de la serie Ultra con la \u00faltima tecnolog\u00eda 3D 360 Tour<\/em><\/strong><\/p>\n\n\n\n<p>El Evolve Ultra Series Selectorized Leg-Press \/ Hack Squat, parte del Evolve Ultra Series, est\u00e1 construido para la comodidad y el rendimiento. La m\u00e1quina est\u00e1 dise\u00f1ada para ofrecer versatilidad en el ejercicio, soporte ergon\u00f3mico y opciones de ajuste para diferentes tama\u00f1os de usuario. El dise\u00f1o es est\u00e9ticamente agradable, con un acabado duradero con recubrimiento en polvo, y el uso de cables de alta calidad garantiza un funcionamiento sin problemas.<\/p>\n<\/div>\n<\/div>\n\n\n\n<div class=\"wp-block-columns alignwide mobile-reverse is-layout-flex wp-container-core-columns-is-layout-ca64bf2d wp-block-columns-is-layout-flex\" style=\"margin-bottom:var(--wp--preset--spacing--side-padding)\">\n<div class=\"wp-block-column is-vertically-aligned-center is-layout-flow wp-block-column-is-layout-flow\">\n<h3 class=\"wp-block-heading\" style=\"margin-bottom:var(--wp--preset--spacing--h-3-bottom)\">M\u00e1ximo confort<\/h3>\n\n\n\n<p><em><strong>Asientos moldeados para entusiastas del gimnasio<\/strong><\/em><\/p>\n\n\n\n<p style=\"margin-bottom:var(--wp--preset--spacing--tb-section-padding)\">Para los propietarios de gimnasios y los entusiastas del fitness, la comodidad es primordial. Con nuestros Asientos Moldeados para Entusiastas del Gimnasio, sus clientes experimentar\u00e1n un apoyo y una comodidad incomparables durante sus entrenamientos. Estos asientos no s\u00f3lo son c\u00f3modos, sino que est\u00e1n fabricados para durar, garantizando que cada entrenamiento sea eficaz e incre\u00edblemente c\u00f3modo.<\/p>\n<\/div>\n\n\n\n<div class=\"wp-block-column is-vertically-aligned-center is-layout-flow wp-block-column-is-layout-flow\">\n<figure class=\"wp-block-video\"><video height=\"2560\" style=\"aspect-ratio: 1920 \/ 2560;\" width=\"1920\" autoplay=\"\" controls=\"\" loop=\"\" muted=\"\" src=\"https:\/\/evolve-fitness.eu\/wp-content\/uploads\/2024\/01\/EV-SC-UL-220-Seat.mp4\"><\/video><\/figure>\n<\/div>\n<\/div>\n\n\n\n<div class=\"wp-block-columns alignwide is-layout-flex wp-container-core-columns-is-layout-c45ee707 wp-block-columns-is-layout-flex\" style=\"margin-bottom:var(--wp--preset--spacing--side-padding);padding-top:var(--wp--preset--spacing--side-padding)\">\n<div class=\"wp-block-column is-vertically-aligned-center is-layout-flow wp-block-column-is-layout-flow\">\n<figure class=\"wp-block-video\"><video height=\"2560\" style=\"aspect-ratio: 1920 \/ 2560;\" width=\"1920\" autoplay=\"\" controls=\"\" loop=\"\" muted=\"\" src=\"https:\/\/evolve-fitness.eu\/wp-content\/uploads\/2023\/08\/EV-SC-UL-220-Stickers-Storage.mp4\"><\/video><\/figure>\n<\/div>\n\n\n\n<div class=\"wp-block-column is-vertically-aligned-center is-layout-flow wp-block-column-is-layout-flow\">\n<h3 class=\"wp-block-heading\"><strong>Almacenamiento de accesorios<\/strong><\/h3>\n\n\n\n<p><strong><em><strong><em>Seguro y de f\u00e1cil acceso<\/em><\/strong><\/em><\/strong><\/p>\n\n\n\n<p>Mientras se ejercita, puede guardar c\u00f3modamente su botella de agua, tel\u00e9fono y objetos personales en los soportes designados para las m\u00e1quinas de la serie Evolve Ultra que se proporcionan para su comodidad. Estos compartimentos especialmente dise\u00f1ados est\u00e1n ah\u00ed para asegurarse de que tiene un lugar seguro y de f\u00e1cil acceso para sus pertenencias durante sus sesiones de entrenamiento.<\/p>\n\n\n\n<p><strong>\n  <em>\n    <strong>\n      <em>Ejercicio<\/em>\n    <\/strong>\n  <\/em>\n<\/strong> pegatina <strong>\n  <em>\n    <strong>\n      <em>su ayuda visual<\/em>\n    <\/strong>\n  <\/em>\n<\/strong><\/p>\n\n\n\n<p>Las m\u00e1quinas de la serie Evolve Ultra tienen pegatinas informativas que le sirven de ayuda visual, facilit\u00e1ndole la navegaci\u00f3n por las caracter\u00edsticas y funciones de la m\u00e1quina, mejorando en \u00faltima instancia su experiencia de ejercicio. Adem\u00e1s, proporciona informaci\u00f3n valiosa sobre los distintos grupos musculares que se pueden trabajar eficazmente en la m\u00e1quina, lo que le permite sacar el m\u00e1ximo partido de su rutina de fitness centr\u00e1ndose en \u00e1reas espec\u00edficas de inter\u00e9s.<\/p>\n<\/div>\n<\/div>\n\n\n\n<div class=\"wp-block-columns alignwide are-vertically-aligned-center mobile-reverse is-layout-flex wp-container-core-columns-is-layout-9369c7e6 wp-block-columns-is-layout-flex\" style=\"margin-bottom:var(--wp--preset--spacing--tb-section-padding);padding-top:var(--wp--preset--spacing--side-padding)\">\n<div class=\"wp-block-column is-vertically-aligned-center is-layout-flow wp-block-column-is-layout-flow\">\n<h3 class=\"wp-block-heading\" style=\"margin-bottom:var(--wp--preset--spacing--h-3-bottom)\"><strong>Empu\u00f1aduras \u00f3ptimas<\/strong><\/h3>\n\n\n\n<p><strong><em><strong><em>Elevar la experiencia del fitness<\/em><\/strong><\/em><\/strong><\/p>\n\n\n\n<p style=\"margin-bottom:var(--wp--preset--spacing--tb-section-padding)\">Atraer y retener clientes es esencial para los propietarios de gimnasios y gestores de instalaciones de fitness. Meticulosamente dise\u00f1ado para ofrecer comodidad y seguridad. Mejore la experiencia de entrenamiento de sus clientes, manteni\u00e9ndolos comprometidos y motivados para alcanzar sus objetivos de fitness en su centro.<\/p>\n<\/div>\n\n\n\n<div class=\"wp-block-column is-vertically-aligned-center is-layout-flow wp-block-column-is-layout-flow\">\n<figure class=\"wp-block-video\"><video height=\"2560\" style=\"aspect-ratio: 1920 \/ 2560;\" width=\"1920\" autoplay=\"\" controls=\"\" loop=\"\" muted=\"\" src=\"https:\/\/evolve-fitness.eu\/wp-content\/uploads\/2023\/08\/EV-SC-UL-220Easy-Staart.mp4\"><\/video><\/figure>\n<\/div>\n<\/div>\n<\/section>\n","protected":false},"excerpt":{"rendered":"<p>Eleve los entrenamientos de la parte inferior del cuerpo con el empuje de cadera selectorizado Evolve Ultra Series (UL-220). Disfrute de la m\u00e1xima comodidad con los asientos moldeados, experimente el compromiso muscular mediante el movimiento independiente de los brazos y garantice la seguridad con una cubierta para las pesas. Con ajuste del asiento con una sola mano para transiciones de ejercicio sin problemas, esta m\u00e1quina combina innovaci\u00f3n y fitness a la perfecci\u00f3n.<\/p>\n","protected":false},"featured_media":81213,"template":"","meta":{"_acf_changed":false,"inline_featured_image":false},"product_cat":[432,1139,1221],"product_tag":[],"class_list":{"0":"post-47154","1":"product","2":"type-product","3":"status-publish","4":"has-post-thumbnail","6":"product_cat-pagina-de-inicio","7":"product_cat-maquinas-selectorizadas","8":"product_cat-maquinas-selectorizadas-ultra-series","10":"first","11":"instock","12":"shipping-taxable","13":"purchasable","14":"product-type-simple"},"acf":[],"_links":{"self":[{"href":"https:\/\/store.evolve-fitness.eu\/es\/wp-json\/wp\/v2\/product\/47154","targetHints":{"allow":["GET"]}}],"collection":[{"href":"https:\/\/store.evolve-fitness.eu\/es\/wp-json\/wp\/v2\/product"}],"about":[{"href":"https:\/\/store.evolve-fitness.eu\/es\/wp-json\/wp\/v2\/types\/product"}],"wp:featuredmedia":[{"embeddable":true,"href":"https:\/\/store.evolve-fitness.eu\/es\/wp-json\/wp\/v2\/media\/81213"}],"wp:attachment":[{"href":"https:\/\/store.evolve-fitness.eu\/es\/wp-json\/wp\/v2\/media?parent=47154"}],"wp:term":[{"taxonomy":"product_cat","embeddable":true,"href":"https:\/\/store.evolve-fitness.eu\/es\/wp-json\/wp\/v2\/product_cat?post=47154"},{"taxonomy":"product_tag","embeddable":true,"href":"https:\/\/store.evolve-fitness.eu\/es\/wp-json\/wp\/v2\/product_tag?post=47154"}],"curies":[{"name":"wp","href":"https:\/\/api.w.org\/{rel}","templated":true}]}}