{"id":46453,"date":"2024-01-26T13:46:43","date_gmt":"2024-01-26T13:46:43","guid":{"rendered":"https:\/\/store.evolve-fitness.eu\/product\/evolve-soporte-de-pared-para-platos-de-pesas\/"},"modified":"2024-08-06T11:41:07","modified_gmt":"2024-08-06T11:41:07","slug":"evolve-soporte-de-pared-para-platos-de-pesas","status":"publish","type":"product","link":"https:\/\/store.evolve-fitness.eu\/es\/producto\/evolve-soporte-de-pared-para-platos-de-pesas\/","title":{"rendered":"Evolve Soporte de pared para platos de pesas"},"content":{"rendered":"","protected":false},"excerpt":{"rendered":"<p>Maximice el espacio de su gimnasio con el almac\u00e9n de platos de pesas de pared Evolve. Esta elegante y pr\u00e1ctica soluci\u00f3n de almacenamiento le permite mantener sus platos de pesas organizados y f\u00e1cilmente accesibles. El dise\u00f1o montado en la pared ahorra un valioso espacio en el suelo a la vez que proporciona una forma elegante y eficiente de almacenar las pesas. Esta unidad de almacenamiento, fabricada para ofrecer durabilidad y compatibilidad con distintos tama\u00f1os de placas de pesas, combina a la perfecci\u00f3n funcionalidad y est\u00e9tica. Eleva tu zona de entrenamiento con el Almacenador de Platos de Pesas de Pared Evolve, que optimiza tanto la forma como la funci\u00f3n.  <\/p>\n","protected":false},"featured_media":147979,"template":"","meta":{"_acf_changed":false,"inline_featured_image":false},"product_cat":[432,574,648,674],"product_tag":[],"class_list":{"0":"post-46453","1":"product","2":"type-product","3":"status-publish","4":"has-post-thumbnail","6":"product_cat-pagina-de-inicio","7":"product_cat-transversal-y-funcional","8":"product_cat-componentes-de-la-plataforma","9":"product_cat-almacenamiento","11":"first","12":"instock","13":"shipping-taxable","14":"purchasable","15":"product-type-simple"},"acf":[],"_links":{"self":[{"href":"https:\/\/store.evolve-fitness.eu\/es\/wp-json\/wp\/v2\/product\/46453","targetHints":{"allow":["GET"]}}],"collection":[{"href":"https:\/\/store.evolve-fitness.eu\/es\/wp-json\/wp\/v2\/product"}],"about":[{"href":"https:\/\/store.evolve-fitness.eu\/es\/wp-json\/wp\/v2\/types\/product"}],"wp:featuredmedia":[{"embeddable":true,"href":"https:\/\/store.evolve-fitness.eu\/es\/wp-json\/wp\/v2\/media\/147979"}],"wp:attachment":[{"href":"https:\/\/store.evolve-fitness.eu\/es\/wp-json\/wp\/v2\/media?parent=46453"}],"wp:term":[{"taxonomy":"product_cat","embeddable":true,"href":"https:\/\/store.evolve-fitness.eu\/es\/wp-json\/wp\/v2\/product_cat?post=46453"},{"taxonomy":"product_tag","embeddable":true,"href":"https:\/\/store.evolve-fitness.eu\/es\/wp-json\/wp\/v2\/product_tag?post=46453"}],"curies":[{"name":"wp","href":"https:\/\/api.w.org\/{rel}","templated":true}]}}