{"id":44108,"date":"2024-01-26T07:00:09","date_gmt":"2024-01-26T07:00:09","guid":{"rendered":"https:\/\/store.evolve-fitness.eu\/product\/cremallera-de-magnesio-evolve\/"},"modified":"2024-07-31T13:31:00","modified_gmt":"2024-07-31T13:31:00","slug":"cremallera-de-magnesio-evolve","status":"publish","type":"product","link":"https:\/\/store.evolve-fitness.eu\/es\/producto\/cremallera-de-magnesio-evolve\/","title":{"rendered":"Cremallera de magnesio Evolve"},"content":{"rendered":"","protected":false},"excerpt":{"rendered":"<p>La estanter\u00eda de magnesio Evolve es un equipo de fitness robusto y vers\u00e1til, dise\u00f1ado para el almacenamiento seguro y eficaz del magnesio o la tiza utilizados en halterofilia y gimnasia. Estas estanter\u00edas se han dise\u00f1ado pensando en la comodidad del usuario, ofreciendo soluciones de almacenamiento limpias y de f\u00e1cil acceso para gimnasios y centros de fitness. Presenta una construcci\u00f3n duradera para soportar un uso intensivo en un entorno de gimnasio.<\/p>\n","protected":false},"featured_media":44118,"template":"","meta":{"_acf_changed":false,"inline_featured_image":false},"product_cat":[984,432,983],"product_tag":[],"class_list":{"0":"post-44108","1":"product","2":"type-product","3":"status-publish","4":"has-post-thumbnail","6":"product_cat-estanterias-y-soluciones-de-almacenamiento","7":"product_cat-pagina-de-inicio","8":"product_cat-pesos-libres","10":"first","11":"instock","12":"shipping-taxable","13":"purchasable","14":"product-type-simple"},"acf":[],"_links":{"self":[{"href":"https:\/\/store.evolve-fitness.eu\/es\/wp-json\/wp\/v2\/product\/44108","targetHints":{"allow":["GET"]}}],"collection":[{"href":"https:\/\/store.evolve-fitness.eu\/es\/wp-json\/wp\/v2\/product"}],"about":[{"href":"https:\/\/store.evolve-fitness.eu\/es\/wp-json\/wp\/v2\/types\/product"}],"wp:featuredmedia":[{"embeddable":true,"href":"https:\/\/store.evolve-fitness.eu\/es\/wp-json\/wp\/v2\/media\/44118"}],"wp:attachment":[{"href":"https:\/\/store.evolve-fitness.eu\/es\/wp-json\/wp\/v2\/media?parent=44108"}],"wp:term":[{"taxonomy":"product_cat","embeddable":true,"href":"https:\/\/store.evolve-fitness.eu\/es\/wp-json\/wp\/v2\/product_cat?post=44108"},{"taxonomy":"product_tag","embeddable":true,"href":"https:\/\/store.evolve-fitness.eu\/es\/wp-json\/wp\/v2\/product_tag?post=44108"}],"curies":[{"name":"wp","href":"https:\/\/api.w.org\/{rel}","templated":true}]}}