{"id":43750,"date":"2024-01-25T07:35:51","date_gmt":"2024-01-25T07:35:51","guid":{"rendered":"https:\/\/store.evolve-fitness.eu\/product\/juego-de-mancuernas-evolve-chrome-2-x-1-10-kg\/"},"modified":"2024-07-29T13:51:03","modified_gmt":"2024-07-29T13:51:03","slug":"juego-de-mancuernas-evolve-chrome-2-x-1-10-kg","status":"publish","type":"product","link":"https:\/\/store.evolve-fitness.eu\/es\/producto\/juego-de-mancuernas-evolve-chrome-2-x-1-10-kg\/","title":{"rendered":"Juego de mancuernas Evolve Chrome 2 x 1-10 kg"},"content":{"rendered":"\n<section class=\"wp-block-group alignfull black-content has-white-color has-darkgray-background-color has-text-color has-background is-layout-constrained wp-block-group-is-layout-constrained\" style=\"padding-top:var(--wp--preset--spacing--section-bottom);padding-bottom:var(--wp--preset--spacing--section-bottom)\">\n<div class=\"wp-block-columns alignwide mobile-reverse is-layout-flex wp-container-core-columns-is-layout-ca64bf2d wp-block-columns-is-layout-flex\" style=\"margin-bottom:var(--wp--preset--spacing--side-padding)\">\n<div class=\"wp-block-column is-vertically-aligned-center is-layout-flow wp-block-column-is-layout-flow\">\n<h3 class=\"wp-block-heading\" style=\"margin-bottom:var(--wp--preset--spacing--h-3-bottom)\"><strong>SUPERFICIE CROMADA<\/strong><\/h3>\n\n\n\n<p><em><strong>Duradero y elegante<\/strong><\/em><\/p>\n\n\n\n<p style=\"margin-bottom:var(--wp--preset--spacing--tb-section-padding)\">Mejore la est\u00e9tica de su gimnasio con nuestros duraderos y elegantes equipos de superficie cromada. Dise\u00f1ado para satisfacer la doble exigencia de estilo y longevidad, nuestro revestimiento cromado reflectante no s\u00f3lo proporciona a su espacio de gimnasio un toque contempor\u00e1neo, sino que tambi\u00e9n garantiza una protecci\u00f3n \u00f3ptima contra la oxidaci\u00f3n y los da\u00f1os medioambientales. Ideales para entornos dom\u00e9sticos y profesionales, nuestros productos mantienen su aspecto impecable y son resistentes al desconchado, las grietas o el descascarillado, por lo que su inversi\u00f3n seguir\u00e1 pareciendo nueva durante a\u00f1os. Eleve su experiencia de entrenamiento con un gimnasio que brille tanto como su viaje de fitness.<\/p>\n<\/div>\n\n\n\n<div class=\"wp-block-column is-vertically-aligned-center is-layout-flow wp-block-column-is-layout-flow\">\n<figure class=\"wp-block-image alignright size-large is-resized is-style-rounded\"><img decoding=\"async\" src=\"https:\/\/evolve-fitness.eu\/wp-content\/uploads\/2023\/11\/Chrome-Dumbbells-1024x1024.png\" alt=\"\" class=\"wp-image-4885\" style=\"object-fit:cover;width:680px;height:600px\"\/><\/figure>\n<\/div>\n<\/div>\n\n\n\n<div class=\"wp-block-columns alignwide is-layout-flex wp-container-core-columns-is-layout-c45ee707 wp-block-columns-is-layout-flex\" style=\"margin-bottom:var(--wp--preset--spacing--side-padding);padding-top:var(--wp--preset--spacing--side-padding)\">\n<div class=\"wp-block-column is-vertically-aligned-center is-layout-flow wp-block-column-is-layout-flow\">\n<figure class=\"wp-block-image size-full is-resized\"><img decoding=\"async\" src=\"https:\/\/evolve-fitness.eu\/wp-content\/uploads\/2023\/11\/Chrome-Dumbbells-whole-2.png\" alt=\"\" class=\"wp-image-4893\" style=\"object-fit:cover;width:680px;height:600px\"\/><\/figure>\n<\/div>\n\n\n\n<div class=\"wp-block-column is-vertically-aligned-center is-layout-constrained wp-block-column-is-layout-constrained\">\n<h3 class=\"wp-block-heading\" style=\"margin-bottom:var(--wp--preset--spacing--h-3-bottom)\">DURABILIDAD EXCEPCIONAL<\/h3>\n\n\n\n<p><strong><em><strong><em>Mancuernas cromadas Pro-Grade<\/em><\/strong><\/em><\/strong><\/p>\n\n\n\n<p style=\"margin-bottom:var(--wp--preset--spacing--tb-section-padding)\">Descubra una fuerza y resistencia incomparables con las mancuernas cromadas Evolve, fabricadas por expertos a partir de una robusta aleaci\u00f3n met\u00e1lica para ofrecer la m\u00e1xima durabilidad. Su resistencia al desgaste, la corrosi\u00f3n y la deformaci\u00f3n las convierte en una inversi\u00f3n inteligente para entornos de fitness muy frecuentados. Dise\u00f1adas con precisi\u00f3n para garantizar el equilibrio y la exactitud dimensional, estas mancuernas son perfectas para bases militares, gimnasios de hoteles, albergues, centros de rehabilitaci\u00f3n y entusiastas del fitness dom\u00e9stico que exigen equipos de calidad profesional. Elija Evolve para un equipo de gimnasia que resista la prueba del tiempo y el rendimiento.<\/p>\n<\/div>\n<\/div>\n\n\n\n<div class=\"wp-block-columns alignwide is-layout-flex wp-container-core-columns-is-layout-c45ee707 wp-block-columns-is-layout-flex\" style=\"margin-bottom:var(--wp--preset--spacing--side-padding);padding-top:var(--wp--preset--spacing--side-padding)\">\n<div class=\"wp-block-column is-vertically-aligned-center is-layout-flow wp-block-column-is-layout-flow\">\n<h3 class=\"wp-block-heading\" style=\"margin-bottom:var(--wp--preset--spacing--h-3-bottom)\">LOGOTIPO E INDICACI\u00d3N DEL PESO<\/h3>\n\n\n\n<p><strong><em>Donde la durabilidad se une al dise\u00f1o<\/em><\/strong><\/p>\n\n\n\n<p>Eleve la est\u00e9tica de su marca con nuestro servicio de grabado permanente de logotipos e indicaciones de peso. Fabricados para ofrecer una calidad duradera, nuestra precisa t\u00e9cnica de grabado imprime el logotipo de su marca junto con las medidas de peso directamente en los productos, garantizando un acabado elegante y sin antiest\u00e9ticas astillas. Este m\u00e9todo atemporal no s\u00f3lo acent\u00faa la sofisticaci\u00f3n de su producto, sino que promete un dise\u00f1o que permanece intacto, manteniendo un aspecto nuevo durante a\u00f1os. Ideal para equipos de fitness, pesas comerciales y art\u00edculos a medida, nuestro servicio de grabado ofrece excelencia profesional con un toque de estilo que resiste la decoloraci\u00f3n y el desgaste.<\/p>\n<\/div>\n\n\n\n<div class=\"wp-block-column is-vertically-aligned-center is-layout-flow wp-block-column-is-layout-flow\">\n<div class=\"wp-block-columns is-layout-flex wp-container-core-columns-is-layout-9d6595d7 wp-block-columns-is-layout-flex\">\n<div class=\"wp-block-column is-layout-flow wp-block-column-is-layout-flow\">\n<figure class=\"wp-block-image size-full is-style-rounded\"><img decoding=\"async\" src=\"https:\/\/evolve-fitness.eu\/wp-content\/uploads\/2023\/11\/Chrome-Dumbbells-2.png\" alt=\"\" class=\"wp-image-4897\"\/><\/figure>\n<\/div>\n<\/div>\n<\/div>\n<\/div>\n\n\n\n<div class=\"wp-block-columns alignwide is-layout-flex wp-container-core-columns-is-layout-c45ee707 wp-block-columns-is-layout-flex\" style=\"margin-bottom:var(--wp--preset--spacing--side-padding);padding-top:var(--wp--preset--spacing--side-padding)\">\n<div class=\"wp-block-column is-vertically-aligned-center is-layout-flow wp-block-column-is-layout-flow\">\n<div class=\"wp-block-columns is-layout-flex wp-container-core-columns-is-layout-9d6595d7 wp-block-columns-is-layout-flex\">\n<div class=\"wp-block-column is-layout-flow wp-block-column-is-layout-flow\">\n<figure class=\"wp-block-image size-full is-resized is-style-rounded\"><img decoding=\"async\" src=\"https:\/\/evolve-fitness.eu\/wp-content\/uploads\/2023\/11\/Evolve-CHROME-DUMBBELL-SETS-1.png\" alt=\"\" class=\"wp-image-4926\" style=\"object-fit:cover;width:680px;height:600px\"\/><\/figure>\n<\/div>\n<\/div>\n<\/div>\n\n\n\n<div class=\"wp-block-column is-vertically-aligned-center is-layout-flow wp-block-column-is-layout-flow\">\n<h3 class=\"wp-block-heading\" style=\"margin-bottom:var(--wp--preset--spacing--h-3-bottom)\">Asas moleteadas cromadas duras<\/h3>\n\n\n\n<p><strong><em><strong><em>Un agarre que perdura<\/em><\/strong><\/em><\/strong><\/p>\n\n\n\n<p style=\"margin-bottom:var(--wp--preset--spacing--tb-section-padding)\">Eleva tu entrenamiento con nuestras mancuernas de primera calidad, dise\u00f1adas con asas ergon\u00f3micamente curvadas que se adaptan de forma natural a tu mano, garantizando un agarre c\u00f3modo para una gran variedad de ejercicios.\nEl moleteado dise\u00f1ado por expertos garantiza un agarre seguro, reduciendo el riesgo de deslizamiento y aumentando la seguridad durante tus sesiones de entrenamiento.\nIdeales tanto para atletas principiantes como experimentados, estas mancuernas prometen ofrecer la m\u00e1xima comodidad y protecci\u00f3n, para que puedas centrarte en lograr un rendimiento \u00f3ptimo con cada repetici\u00f3n. Tanto si entrenas en casa como si superas tus l\u00edmites en un gimnasio profesional, nuestras mancuernas son el complemento perfecto para cualquier rutina de fitness.  <\/p>\n<\/div>\n<\/div>\n\n\n\n<div class=\"wp-block-columns alignwide is-layout-flex wp-container-core-columns-is-layout-c45ee707 wp-block-columns-is-layout-flex\" style=\"margin-bottom:var(--wp--preset--spacing--side-padding);padding-top:var(--wp--preset--spacing--side-padding)\">\n<div class=\"wp-block-column is-vertically-aligned-center is-layout-flow wp-block-column-is-layout-flow\">\n<h3 class=\"wp-block-heading\" style=\"margin-bottom:var(--wp--preset--spacing--h-3-bottom)\">Asas cromadas<\/h3>\n\n\n\n<p><strong><em>Un tama\u00f1o perfecto<\/em><\/strong><\/p>\n\n\n\n<p style=\"margin-bottom:var(--wp--preset--spacing--tb-section-padding)\">El mango de mancuerna cromado Evolve tiene una longitud de 120 mm, y el grosor en la parte m\u00e1s ancha es de 32 mm, con un patr\u00f3n moleteado. Toda la mancuerna est\u00e1 recubierta de una capa de cromo brillante, duradera y resistente al desgaste, de 50 micr\u00f3metros (\u00b5m) de espesor.<\/p>\n<\/div>\n\n\n\n<div class=\"wp-block-column is-vertically-aligned-center is-layout-flow wp-block-column-is-layout-flow\">\n<div class=\"wp-block-columns is-layout-flex wp-container-core-columns-is-layout-9d6595d7 wp-block-columns-is-layout-flex\">\n<div class=\"wp-block-column is-layout-flow wp-block-column-is-layout-flow\">\n<figure class=\"wp-block-image size-full is-resized is-style-rounded\"><img decoding=\"async\" src=\"https:\/\/evolve-fitness.eu\/wp-content\/uploads\/2023\/11\/Evolve-CHROME-DUMBBELL-SETS-handle-mesurments.png\" alt=\"\" class=\"wp-image-4931\" style=\"object-fit:cover;width:680px;height:600px\"\/><\/figure>\n<\/div>\n<\/div>\n<\/div>\n<\/div>\n<\/section>\n","protected":false},"excerpt":{"rendered":"<p>Maximiza la eficacia de tu entrenamiento con el Juego de mancuernas cromadas Evolve, perfecto para los usuarios que buscan un equipo de calidad profesional.<br \/>\nCon un acabado cromado brillante que resiste la oxidaci\u00f3n y un rango de pesos de 2 x 1-10 kg, estas mancuernas son ideales para el entrenamiento incremental y una gran variedad de ejercicios.<br \/>\nSus asas ergon\u00f3micas y moleteadas garantizan un agarre firme, mientras que el grabado de precisi\u00f3n del logotipo y las clases de peso contribuyen a su dise\u00f1o elegante y moderno.<br \/>\nAdecuadas tanto para gimnasios dom\u00e9sticos como comerciales, estas mancuernas garantizan resistir el paso del tiempo y el uso.   <\/p>\n","protected":false},"featured_media":95023,"template":"","meta":{"_acf_changed":false,"inline_featured_image":false},"product_cat":[432,983,1318],"product_tag":[],"class_list":{"0":"post-43750","1":"product","2":"type-product","3":"status-publish","4":"has-post-thumbnail","6":"product_cat-pagina-de-inicio","7":"product_cat-pesos-libres","8":"product_cat-mancuernas","10":"first","11":"instock","12":"shipping-taxable","13":"purchasable","14":"product-type-simple"},"acf":[],"_links":{"self":[{"href":"https:\/\/store.evolve-fitness.eu\/es\/wp-json\/wp\/v2\/product\/43750","targetHints":{"allow":["GET"]}}],"collection":[{"href":"https:\/\/store.evolve-fitness.eu\/es\/wp-json\/wp\/v2\/product"}],"about":[{"href":"https:\/\/store.evolve-fitness.eu\/es\/wp-json\/wp\/v2\/types\/product"}],"wp:featuredmedia":[{"embeddable":true,"href":"https:\/\/store.evolve-fitness.eu\/es\/wp-json\/wp\/v2\/media\/95023"}],"wp:attachment":[{"href":"https:\/\/store.evolve-fitness.eu\/es\/wp-json\/wp\/v2\/media?parent=43750"}],"wp:term":[{"taxonomy":"product_cat","embeddable":true,"href":"https:\/\/store.evolve-fitness.eu\/es\/wp-json\/wp\/v2\/product_cat?post=43750"},{"taxonomy":"product_tag","embeddable":true,"href":"https:\/\/store.evolve-fitness.eu\/es\/wp-json\/wp\/v2\/product_tag?post=43750"}],"curies":[{"name":"wp","href":"https:\/\/api.w.org\/{rel}","templated":true}]}}