{"id":43113,"date":"2024-01-24T14:41:05","date_gmt":"2024-01-24T14:41:05","guid":{"rendered":"https:\/\/store.evolve-fitness.eu\/product\/banco-de-hiperextension-evolve-econ-series\/"},"modified":"2026-03-18T12:00:29","modified_gmt":"2026-03-18T12:00:29","slug":"banco-de-hiperextension-evolve-econ-series","status":"publish","type":"product","link":"https:\/\/store.evolve-fitness.eu\/es\/producto\/banco-de-hiperextension-evolve-econ-series\/","title":{"rendered":"Banco de hiperextensi\u00f3n Evolve Econ Series"},"content":{"rendered":"\n<section class=\"wp-block-group alignfull black-content has-white-color has-darkgray-background-color has-text-color has-background is-layout-constrained wp-block-group-is-layout-constrained\" style=\"padding-top:var(--wp--preset--spacing--section-bottom);padding-bottom:var(--wp--preset--spacing--section-bottom)\">\n<h3 class=\"wp-block-heading has-text-align-center\" style=\"margin-bottom:var(--wp--preset--spacing--tb-section-padding)\"><strong>\n  <strong>\n    <strong>EVOLVE <\/strong>\n  <\/strong>\n<\/strong>Bancos Serie Econ<\/h3>\n\n\n\n<div class=\"wp-block-columns alignwide mobile-reverse is-layout-flex wp-container-core-columns-is-layout-ca64bf2d wp-block-columns-is-layout-flex\" style=\"margin-bottom:var(--wp--preset--spacing--side-padding)\">\n<div class=\"wp-block-column is-vertically-aligned-center is-layout-flow wp-block-column-is-layout-flow\">\n<h3 class=\"wp-block-heading\" style=\"margin-bottom:var(--wp--preset--spacing--h-3-bottom)\"><strong><strong><strong><strong><strong><strong>Alta calidad<\/strong><\/strong><\/strong><\/strong><\/strong><\/strong><\/h3>\n\n\n\n<p><strong><em><strong><strong><strong><strong>Dise\u00f1o duradero<\/strong><\/strong><\/strong><\/strong><\/em><\/strong><\/p>\n\n\n\n<p style=\"margin-bottom:var(--wp--preset--spacing--tb-padding)\">Nuestros bancos de fitness est\u00e1n fabricados para durar, con una s\u00f3lida estructura met\u00e1lica construida a partir de tubos circulares soldados. La avanzada tecnolog\u00eda de pulverizaci\u00f3n electrost\u00e1tica de polvos termoendurecibles no s\u00f3lo confiere a la superficie un aspecto elegante, sino que tambi\u00e9n proporciona una excelente protecci\u00f3n contra la oxidaci\u00f3n. Tanto si es un aficionado al fitness en casa como si trabaja en un gimnasio profesional, nuestros bancos Evolve est\u00e1n dise\u00f1ados para satisfacer sus necesidades. Tambi\u00e9n son perfectas para instalaciones comerciales de fitness en bases militares, hoteles, albergues y centros de rehabilitaci\u00f3n.<\/p>\n\n\n\n<h3 class=\"wp-block-heading\" style=\"margin-bottom:var(--wp--preset--spacing--h-3-bottom)\"><strong><strong><strong><strong><strong><strong><strong><strong>Funcionalidad excepcional<\/strong><\/strong><\/strong><\/strong><\/strong><\/strong><\/strong><\/strong><\/h3>\n\n\n\n<p><strong><em><strong><strong><strong><strong><strong>Cubiertas de PVC<\/strong><\/strong><\/strong><\/strong><\/strong><\/em><\/strong><\/p>\n\n\n\n<p>Nuestros bancos no s\u00f3lo son duraderos, sino que tambi\u00e9n est\u00e1n dise\u00f1ados para ofrecer la m\u00e1xima funcionalidad. Las suaves cubiertas de PVC de los pies protegen los suelos y garantizan la estabilidad incluso durante los entrenamientos m\u00e1s intensos. El Evolve Utility Bench ofrece una plataforma estable para un entrenamiento de todo el cuerpo. Su suave y c\u00f3moda tapicer\u00eda est\u00e1 rellena de espuma densa y duradera que no pierde su forma. Adem\u00e1s, est\u00e1 recubierto de cuero PU de alta calidad y resistencia para una mayor durabilidad.<\/p>\n<\/div>\n\n\n\n<div class=\"wp-block-column is-vertically-aligned-center is-layout-flow wp-block-column-is-layout-flow\">\n<figure class=\"wp-block-image size-full is-style-rounded\"><img loading=\"lazy\" decoding=\"async\" width=\"945\" height=\"945\" src=\"https:\/\/store.evolve-fitness.eu\/wp-content\/uploads\/2024\/06\/Dizainas-be-pavadinimo-7-1.png\" alt=\"\" class=\"wp-image-78371\" style=\"object-fit:cover\" srcset=\"https:\/\/store.evolve-fitness.eu\/wp-content\/uploads\/2024\/06\/Dizainas-be-pavadinimo-7-1.png 945w, https:\/\/store.evolve-fitness.eu\/wp-content\/uploads\/2024\/06\/Dizainas-be-pavadinimo-7-1-300x300.png 300w, https:\/\/store.evolve-fitness.eu\/wp-content\/uploads\/2024\/06\/Dizainas-be-pavadinimo-7-1-150x150.png 150w, https:\/\/store.evolve-fitness.eu\/wp-content\/uploads\/2024\/06\/Dizainas-be-pavadinimo-7-1-768x768.png 768w, https:\/\/store.evolve-fitness.eu\/wp-content\/uploads\/2024\/06\/Dizainas-be-pavadinimo-7-1-600x600.png 600w, https:\/\/store.evolve-fitness.eu\/wp-content\/uploads\/2024\/06\/Dizainas-be-pavadinimo-7-1-100x100.png 100w\" sizes=\"auto, (max-width: 945px) 100vw, 945px\" \/><\/figure>\n<\/div>\n<\/div>\n<\/section>\n","protected":false},"excerpt":{"rendered":"<p>Mejore su fuerza central y su espalda baja con el banco de hiperextensi\u00f3n Evolve Econ Series, EC-280. Dise\u00f1ado para ofrecer durabilidad y comodidad, este banco de hiperextensi\u00f3n es un complemento esencial para su gimnasio dom\u00e9stico. La EC-280 permite realizar una amplia gama de ejercicios para fortalecer la cadena posterior, desde hiperextensiones hasta torsiones oblicuas. Dise\u00f1ado con caracter\u00edsticas f\u00e1ciles de usar y una construcci\u00f3n robusta, este banco garantiza una experiencia de entrenamiento segura y eficaz. Eleve su rutina de ejercicios con la serie Evolve Econ, esculpiendo un n\u00facleo resistente y logrando fuerza y estabilidad general en la comodidad de su hogar.<\/p>\n","protected":false},"featured_media":43114,"template":"","meta":{"_acf_changed":false,"inline_featured_image":false},"product_cat":[432,1234,1326],"product_tag":[],"class_list":{"0":"post-43113","1":"product","2":"type-product","3":"status-publish","4":"has-post-thumbnail","6":"product_cat-pagina-de-inicio","7":"product_cat-bancos","8":"product_cat-bancos-econ-series","10":"first","11":"instock","12":"shipping-taxable","13":"purchasable","14":"product-type-simple"},"acf":[],"_links":{"self":[{"href":"https:\/\/store.evolve-fitness.eu\/es\/wp-json\/wp\/v2\/product\/43113","targetHints":{"allow":["GET"]}}],"collection":[{"href":"https:\/\/store.evolve-fitness.eu\/es\/wp-json\/wp\/v2\/product"}],"about":[{"href":"https:\/\/store.evolve-fitness.eu\/es\/wp-json\/wp\/v2\/types\/product"}],"wp:featuredmedia":[{"embeddable":true,"href":"https:\/\/store.evolve-fitness.eu\/es\/wp-json\/wp\/v2\/media\/43114"}],"wp:attachment":[{"href":"https:\/\/store.evolve-fitness.eu\/es\/wp-json\/wp\/v2\/media?parent=43113"}],"wp:term":[{"taxonomy":"product_cat","embeddable":true,"href":"https:\/\/store.evolve-fitness.eu\/es\/wp-json\/wp\/v2\/product_cat?post=43113"},{"taxonomy":"product_tag","embeddable":true,"href":"https:\/\/store.evolve-fitness.eu\/es\/wp-json\/wp\/v2\/product_tag?post=43113"}],"curies":[{"name":"wp","href":"https:\/\/api.w.org\/{rel}","templated":true}]}}