{"id":42610,"date":"2024-01-17T11:48:39","date_gmt":"2024-01-17T11:48:39","guid":{"rendered":"https:\/\/store.evolve-fitness.eu\/product\/evolve-ultra-series-multigimnasio-selectorizado-de-5-pilas\/"},"modified":"2024-03-13T18:50:42","modified_gmt":"2024-03-13T18:50:42","slug":"evolve-ultra-series-multigimnasio-selectorizado-de-5-pilas","status":"publish","type":"product","link":"https:\/\/store.evolve-fitness.eu\/es\/producto\/evolve-ultra-series-multigimnasio-selectorizado-de-5-pilas\/","title":{"rendered":"Evolve Ultra Series Multigimnasio selectorizado de 5 pilas"},"content":{"rendered":"\n<section class=\"wp-block-group alignfull black-content has-white-color has-darkgray-background-color has-text-color has-background is-layout-constrained wp-block-group-is-layout-constrained\" style=\"padding-top:var(--wp--preset--spacing--section-bottom);padding-bottom:var(--wp--preset--spacing--section-bottom)\">\n<div class=\"wp-block-columns alignwide mobile-reverse is-layout-flex wp-container-core-columns-is-layout-ca64bf2d wp-block-columns-is-layout-flex\" style=\"margin-bottom:var(--wp--preset--spacing--side-padding)\">\n<div class=\"wp-block-column is-vertically-aligned-center is-layout-flow wp-block-column-is-layout-flow\">\n<h3 class=\"wp-block-heading\" style=\"margin-bottom:var(--wp--preset--spacing--h-3-bottom)\">  Serie Evolve Ultra<\/h3>\n\n\n\n<p style=\"margin-bottom:var(--wp--preset--spacing--tb-section-padding)\">Bienvenido a la serie Evolve Ultra, donde redefinimos la excelencia. Dise\u00f1ada para propietarios de gimnasios, potenciales propietarios de gimnasios e instalaciones de fitness de todos los tama\u00f1os, nuestra serie Ultra ofrece una gama de m\u00e1quinas selectorizadas rentables que priorizan la calidad y el rendimiento. Exploremos las caracter\u00edsticas \u00fanicas que hacen de la serie Ultra una opci\u00f3n excepcional para aquellos que buscan equipos de fitness econ\u00f3micos pero de alta calidad.<\/p>\n\n\n\n<h3 class=\"wp-block-heading\" style=\"margin-bottom:var(--wp--preset--spacing--h-3-bottom)\">Seguridad y estilo<\/h3>\n\n\n\n<p><strong><em>Cubierta completa de la pila de pesas<\/em><\/strong><\/p>\n\n\n\n<p>Para los propietarios de gimnasios y empresarios del fitness, la seguridad y la est\u00e9tica son primordiales. La serie Evolve Ultra incorpora una cubierta de lastre totalmente cubierta, que combina a la perfecci\u00f3n seguridad y estilo. Al mejorar la seguridad y evitar accidentes al tiempo que mantiene limpio el espacio del gimnasio, esta cubierta es un complemento esencial para cualquier instalaci\u00f3n de fitness. Eleve el atractivo visual de su gimnasio al tiempo que prioriza la seguridad de sus clientes durante cada sesi\u00f3n de entrenamiento.<\/p>\n<\/div>\n\n\n\n<div class=\"wp-block-column is-vertically-aligned-center is-layout-flow wp-block-column-is-layout-flow\">\n<figure class=\"wp-block-image alignright size-full is-resized is-style-rounded\"><img decoding=\"async\" src=\"https:\/\/evolve-fitness.eu\/wp-content\/uploads\/2023\/12\/EV-SC-UL-500-Covered-Weight-Stack-Shroud.png\" alt=\"\" class=\"wp-image-9212\" style=\"object-fit:cover;width:680px;height:600px\"\/><\/figure>\n<\/div>\n<\/div>\n\n\n\n<div class=\"wp-block-columns alignwide is-layout-flex wp-container-core-columns-is-layout-c45ee707 wp-block-columns-is-layout-flex\" style=\"margin-bottom:var(--wp--preset--spacing--side-padding);padding-top:var(--wp--preset--spacing--side-padding)\">\n<div class=\"wp-block-column is-vertically-aligned-center is-layout-flow wp-block-column-is-layout-flow\">\n<figure class=\"wp-block-image size-full is-resized is-style-rounded\"><img decoding=\"async\" src=\"https:\/\/evolve-fitness.eu\/wp-content\/uploads\/2023\/12\/EV-SC-UL-500-Electrostatic-powder-coated.png\" alt=\"\" class=\"wp-image-9214\" style=\"object-fit:cover;width:680px;height:600px\"\/><\/figure>\n<\/div>\n\n\n\n<div class=\"wp-block-column is-vertically-aligned-center is-layout-flow wp-block-column-is-layout-flow\">\n<h3 class=\"wp-block-heading\"><strong>DOBLE RECUBRIMIENTO EN POLVO<\/strong><\/h3>\n\n\n\n<p><strong><em><strong><em>Recubrimiento electrost\u00e1tico en polvo<\/em><\/strong><\/em><\/strong><\/p>\n\n\n\n<p style=\"margin-bottom:var(--wp--preset--spacing--tb-section-padding)\">Las m\u00e1quinas de fuerza de la serie Evolve Ultra, con chasis con recubrimiento electrost\u00e1tico en polvo negro perla mate, ejemplifican tanto la forma como la funci\u00f3n. Su atractivo est\u00e9tico se ve realzado por el acabado negro mate, mientras que sus caracter\u00edsticas pr\u00e1cticas, como la resistencia a la fricci\u00f3n, las propiedades anticorrosi\u00f3n y la resistencia a los ara\u00f1azos, garantizan que sea un compa\u00f1ero de fitness fiable y duradero.<\/p>\n\n\n\n<h3 class=\"wp-block-heading\" style=\"margin-bottom:var(--wp--preset--spacing--h-3-bottom)\">CONSERVE SU ESPACIO<\/h3>\n\n\n\n<p><strong><em><strong><em>Almohadillas de goma para proteger el suelo<\/em><\/strong><\/em><\/strong><\/p>\n\n\n\n<p>Mantenga un entorno de entrenamiento limpio y libre de da\u00f1os con las almohadillas de goma. Los propietarios de gimnasios son conscientes de la importancia de conservar sus suelos. Nuestras patas recubiertas de goma protegen el suelo de ara\u00f1azos y posibles da\u00f1os, lo que convierte a la serie Ultra en la elecci\u00f3n de los propietarios de gimnasios que desean proteger su espacio.<\/p>\n<\/div>\n<\/div>\n\n\n\n<div class=\"wp-block-columns alignwide are-vertically-aligned-center mobile-reverse is-layout-flex wp-container-core-columns-is-layout-e8158c2f wp-block-columns-is-layout-flex\" style=\"padding-top:var(--wp--preset--spacing--side-padding)\">\n<div class=\"wp-block-column is-vertically-aligned-center is-layout-flow wp-block-column-is-layout-flow\">\n<h3 class=\"wp-block-heading\" style=\"margin-bottom:var(--wp--preset--spacing--h-3-bottom)\"><strong>Empu\u00f1aduras \u00f3ptimas<\/strong><\/h3>\n\n\n\n<p><strong><em><strong><em>Elevar la experiencia del fitness<\/em><\/strong><\/em><\/strong><\/p>\n\n\n\n<p style=\"margin-bottom:var(--wp--preset--spacing--tb-section-padding)\">Atraer y retener clientes es esencial para los propietarios de gimnasios y gestores de instalaciones de fitness. La serie Evolve Ultra ofrece empu\u00f1aduras \u00f3ptimas, meticulosamente dise\u00f1adas para ofrecer comodidad y seguridad. Mejore la experiencia de entrenamiento de sus clientes, manteni\u00e9ndolos comprometidos y motivados para alcanzar sus objetivos de fitness en su centro.<\/p>\n<\/div>\n\n\n\n<div class=\"wp-block-column is-vertically-aligned-center is-layout-flow wp-block-column-is-layout-flow\">\n<figure class=\"wp-block-image alignright size-full is-resized is-style-rounded\"><img decoding=\"async\" src=\"https:\/\/evolve-fitness.eu\/wp-content\/uploads\/2023\/12\/EV-SC-UL-500-Optimal-Hand-Grips.png\" alt=\"\" class=\"wp-image-9216\" style=\"object-fit:cover;width:680px;height:600px\"\/><\/figure>\n<\/div>\n<\/div>\n<\/section>\n","protected":false},"excerpt":{"rendered":"<p>Descubra el Multigimnasio Evolve Ultra Series Selectorized 5 Stack, una combinaci\u00f3n perfecta de seguridad, estilo y funcionalidad para propietarios de gimnasios y entusiastas del fitness. Su armaz\u00f3n con recubrimiento electrost\u00e1tico en polvo en negro perla mate es duradero, elegante y duradero. Equipada con almohadillas de goma para proteger el suelo y agarres de mano \u00f3ptimos para mayor comodidad y seguridad, esta multiestaci\u00f3n de 1025 kg es una opci\u00f3n ideal para cualquier gimnasio. Con una garant\u00eda de 2 a\u00f1os y caracter\u00edsticas integrales como protecci\u00f3n contra la corrosi\u00f3n y protectores de suelo duraderos, representa una inversi\u00f3n en calidad y elegancia para su espacio de gimnasio.<\/p>\n","protected":false},"featured_media":42615,"template":"","meta":{"_acf_changed":false,"inline_featured_image":false},"product_cat":[1139,1221,432],"product_tag":[],"class_list":{"0":"post-42610","1":"product","2":"type-product","3":"status-publish","4":"has-post-thumbnail","6":"product_cat-maquinas-selectorizadas","7":"product_cat-maquinas-selectorizadas-ultra-series","8":"product_cat-pagina-de-inicio","10":"first","11":"outofstock","12":"shipping-taxable","13":"purchasable","14":"product-type-simple"},"acf":[],"_links":{"self":[{"href":"https:\/\/store.evolve-fitness.eu\/es\/wp-json\/wp\/v2\/product\/42610","targetHints":{"allow":["GET"]}}],"collection":[{"href":"https:\/\/store.evolve-fitness.eu\/es\/wp-json\/wp\/v2\/product"}],"about":[{"href":"https:\/\/store.evolve-fitness.eu\/es\/wp-json\/wp\/v2\/types\/product"}],"wp:featuredmedia":[{"embeddable":true,"href":"https:\/\/store.evolve-fitness.eu\/es\/wp-json\/wp\/v2\/media\/42615"}],"wp:attachment":[{"href":"https:\/\/store.evolve-fitness.eu\/es\/wp-json\/wp\/v2\/media?parent=42610"}],"wp:term":[{"taxonomy":"product_cat","embeddable":true,"href":"https:\/\/store.evolve-fitness.eu\/es\/wp-json\/wp\/v2\/product_cat?post=42610"},{"taxonomy":"product_tag","embeddable":true,"href":"https:\/\/store.evolve-fitness.eu\/es\/wp-json\/wp\/v2\/product_tag?post=42610"}],"curies":[{"name":"wp","href":"https:\/\/api.w.org\/{rel}","templated":true}]}}