{"id":42204,"date":"2024-01-12T08:41:08","date_gmt":"2024-01-12T08:41:08","guid":{"rendered":"https:\/\/store.evolve-fitness.eu\/product\/plato-de-pesas-de-uretano-para-cpu-evolve-ultra-series-125-25-kg\/"},"modified":"2026-04-07T12:00:31","modified_gmt":"2026-04-07T12:00:31","slug":"plato-de-pesas-de-uretano-para-cpu-evolve-ultra-series-125-25-kg","status":"publish","type":"product","link":"https:\/\/store.evolve-fitness.eu\/es\/producto\/plato-de-pesas-de-uretano-para-cpu-evolve-ultra-series-125-25-kg\/","title":{"rendered":"Plato de pesas de uretano para CPU Evolve Ultra Series 1,25-25 kg"},"content":{"rendered":"\n<section class=\"wp-block-group alignfull black-content has-white-color has-darkgray-background-color has-text-color has-background is-layout-constrained wp-block-group-is-layout-constrained\" style=\"padding-top:var(--wp--preset--spacing--section-bottom);padding-bottom:var(--wp--preset--spacing--section-bottom)\">\n<div class=\"wp-block-columns alignwide is-layout-flex wp-container-core-columns-is-layout-c45ee707 wp-block-columns-is-layout-flex\" style=\"margin-bottom:var(--wp--preset--spacing--side-padding);padding-top:var(--wp--preset--spacing--side-padding)\">\n<div class=\"wp-block-column is-vertically-aligned-center is-layout-flow wp-block-column-is-layout-flow\">\n<figure class=\"wp-block-video\"><video height=\"2560\" style=\"aspect-ratio: 1920 \/ 2560;\" width=\"1920\" autoplay=\"\" controls=\"\" loop=\"\" muted=\"\" src=\"https:\/\/evolve-fitness.eu\/wp-content\/uploads\/2024\/01\/EV-WP-CP-1.25-25-3D-WEB.mp4\"><\/video><\/figure>\n<\/div>\n\n\n\n<div class=\"wp-block-column is-vertically-aligned-center is-layout-constrained wp-block-column-is-layout-constrained\">\n<h3 class=\"wp-block-heading\" style=\"margin-bottom:var(--wp--preset--spacing--h-3-bottom)\">Personalice su marca<\/h3>\n\n\n\n<p><strong><em><strong><em>Mejorar la marca y el atractivo est\u00e9tico de un gimnasio<\/em><\/strong><\/em><\/strong><\/p>\n\n\n\n<p style=\"margin-bottom:var(--wp--preset--spacing--tb-section-padding)\">Una de las caracter\u00edsticas m\u00e1s destacadas de estos platos de pesas es su aspecto personalizable. Los propietarios de gimnasios tienen la oportunidad de adaptar el equipamiento a su imagen de marca. Esto incluye opciones de combinaci\u00f3n de colores y logotipos cortados con l\u00e1ser e infundidos con uretano, lo que significa que las placas pueden personalizarse para incluir logotipos de gimnasios o combinaciones de colores espec\u00edficas. Esta personalizaci\u00f3n no s\u00f3lo realza el atractivo est\u00e9tico de los equipos, sino que tambi\u00e9n ayuda a establecer una identidad de marca \u00fanica para el gimnasio.<\/p>\n<\/div>\n<\/div>\n\n\n\n<div class=\"wp-block-columns alignwide is-layout-flex wp-container-core-columns-is-layout-c45ee707 wp-block-columns-is-layout-flex\" style=\"margin-bottom:var(--wp--preset--spacing--side-padding);padding-top:var(--wp--preset--spacing--side-padding)\">\n<div class=\"wp-block-column is-vertically-aligned-center is-layout-flow wp-block-column-is-layout-flow\">\n<h3 class=\"wp-block-heading\" style=\"margin-bottom:var(--wp--preset--spacing--h-3-bottom)\">elecci\u00f3n duradera para gimnasios<\/h3>\n\n\n\n<p><em><strong>Combinaci\u00f3n de durabilidad, est\u00e9tica y personalizaci\u00f3n<\/strong><\/em><\/p>\n\n\n\n<p>Los platos de peso de uretano para CPU de la serie Evolve Ultra son conocidos por su revestimiento de uretano TPU de alta calidad, que garantiza la m\u00e1xima durabilidad y resistencia contra astillas, grietas y peladuras, problemas comunes con los revestimientos de goma. Esto los convierte en una inversi\u00f3n duradera, especialmente para entornos profesionales en los que los equipos se someten a un uso frecuente e intensivo.<\/p>\n<\/div>\n\n\n\n<div class=\"wp-block-column is-vertically-aligned-center is-layout-flow wp-block-column-is-layout-flow\">\n<div class=\"wp-block-columns is-layout-flex wp-container-core-columns-is-layout-9d6595d7 wp-block-columns-is-layout-flex\">\n<div class=\"wp-block-column is-layout-flow wp-block-column-is-layout-flow\">\n<figure class=\"wp-block-image size-large\"><img decoding=\"async\" src=\"https:\/\/evolve-fitness.eu\/wp-content\/uploads\/2024\/01\/New-Weight-Plate-DesignV2-1024x576.png\" alt=\"EV-WP-CP-1.25-25\" class=\"wp-image-10092\"\/><\/figure>\n<\/div>\n<\/div>\n<\/div>\n<\/div>\n\n\n\n<div class=\"wp-block-columns alignwide is-layout-flex wp-container-core-columns-is-layout-c45ee707 wp-block-columns-is-layout-flex\" style=\"margin-bottom:var(--wp--preset--spacing--side-padding);padding-top:var(--wp--preset--spacing--side-padding)\">\n<div class=\"wp-block-column is-vertically-aligned-center is-layout-flow wp-block-column-is-layout-flow\">\n<figure class=\"wp-block-image size-large\"><img decoding=\"async\" src=\"https:\/\/evolve-fitness.eu\/wp-content\/uploads\/2024\/01\/EV-WP-CP-1-25-Evolve-Ultra-Series-CPU-Urethane-Weight-plates-1024x576.jpg\" alt=\"EV-WP-CP-1-25\" class=\"wp-image-10103\"\/><\/figure>\n<\/div>\n\n\n\n<div class=\"wp-block-column is-vertically-aligned-center is-layout-flow wp-block-column-is-layout-flow\">\n<h3 class=\"wp-block-heading\" style=\"margin-bottom:var(--wp--preset--spacing--h-3-bottom)\"><strong>Precisi\u00f3n perfeccionada<\/strong><\/h3>\n\n\n\n<p><strong><em>Tecnolog\u00eda punta<\/em><\/strong><\/p>\n\n\n\n<p>En cuanto al dise\u00f1o, los platos de pesas Evolve est\u00e1n equipados con cuatro asas y puntas de manguito redondeadas, lo que facilita su manejo y su carga en las barras. Su dise\u00f1o ergon\u00f3mico garantiza un agarre seguro y facilidad para cambiar de peso, lo que resulta especialmente beneficioso durante las sesiones de levantamiento din\u00e1mico y pesado. Las placas tambi\u00e9n est\u00e1n dise\u00f1adas para adaptarse a todas las barras ol\u00edmpicas de 50 mm, lo que aumenta su versatilidad.<br\/><br\/>Adem\u00e1s, la fundici\u00f3n de precisi\u00f3n de estas placas garantiza el m\u00e1ximo equilibrio y exactitud en las dimensiones, lo que contribuye a su excepcional durabilidad. Esta caracter\u00edstica es especialmente importante para garantizar un peso constante y equilibrado durante el entrenamiento.<\/p>\n<\/div>\n<\/div>\n<\/section>\n","protected":false},"excerpt":{"rendered":"<p>Platos de peso de uretano para CPU Evolve Ultra Series. Estas placas de primera calidad ofrecen una durabilidad excepcional con un revestimiento de uretano resistente a los rayos UV y al desgaste. Calibrados con precisi\u00f3n para una mayor exactitud, cuentan con n\u00fameros de peso cortados con l\u00e1ser y logotipos infundidos con uretano para un brillo duradero. Ideal tanto para gimnasios dom\u00e9sticos como comerciales, haga una inversi\u00f3n econ\u00f3mica y a largo plazo en rendimiento y durabilidad con los platos de pesas de uretano para CPU Evolve.<\/p>\n","protected":false},"featured_media":42230,"template":"","meta":{"_acf_changed":false,"inline_featured_image":false},"product_cat":[432,1045],"product_tag":[],"class_list":{"0":"post-42204","1":"product","2":"type-product","3":"status-publish","4":"has-post-thumbnail","6":"product_cat-pagina-de-inicio","7":"product_cat-platos-de-pesas","9":"first","10":"instock","11":"shipping-taxable","12":"purchasable","13":"product-type-variable"},"acf":[],"_links":{"self":[{"href":"https:\/\/store.evolve-fitness.eu\/es\/wp-json\/wp\/v2\/product\/42204","targetHints":{"allow":["GET"]}}],"collection":[{"href":"https:\/\/store.evolve-fitness.eu\/es\/wp-json\/wp\/v2\/product"}],"about":[{"href":"https:\/\/store.evolve-fitness.eu\/es\/wp-json\/wp\/v2\/types\/product"}],"wp:featuredmedia":[{"embeddable":true,"href":"https:\/\/store.evolve-fitness.eu\/es\/wp-json\/wp\/v2\/media\/42230"}],"wp:attachment":[{"href":"https:\/\/store.evolve-fitness.eu\/es\/wp-json\/wp\/v2\/media?parent=42204"}],"wp:term":[{"taxonomy":"product_cat","embeddable":true,"href":"https:\/\/store.evolve-fitness.eu\/es\/wp-json\/wp\/v2\/product_cat?post=42204"},{"taxonomy":"product_tag","embeddable":true,"href":"https:\/\/store.evolve-fitness.eu\/es\/wp-json\/wp\/v2\/product_tag?post=42204"}],"curies":[{"name":"wp","href":"https:\/\/api.w.org\/{rel}","templated":true}]}}