{"id":42144,"date":"2024-01-11T15:25:29","date_gmt":"2024-01-11T15:25:29","guid":{"rendered":"https:\/\/store.evolve-fitness.eu\/product\/evolve-prime-series-maquina-de-cable-ab-y-brazos\/"},"modified":"2024-03-14T01:36:43","modified_gmt":"2024-03-14T01:36:43","slug":"evolve-prime-series-maquina-de-cable-ab-y-brazos","status":"publish","type":"product","link":"https:\/\/store.evolve-fitness.eu\/es\/producto\/evolve-prime-series-maquina-de-cable-ab-y-brazos\/","title":{"rendered":"Evolve Prime Series M\u00e1quina de cable AB y brazos"},"content":{"rendered":"","protected":false},"excerpt":{"rendered":"<p>Optimice sus entrenamientos de tronco y b\u00edceps con el sistema de cables Evolve, un complemento vers\u00e1til y que ocupa poco espacio tanto en gimnasios dom\u00e9sticos como comerciales. Este sistema ofrece niveles de resistencia ajustables, lo que permite a los usuarios personalizar la intensidad de su entrenamiento para adaptarlo a sus objetivos de fitness. Dise\u00f1ado ergon\u00f3micamente, garantiza una postura y un apoyo correctos, maximizando el impacto de los ejercicios abdominales y de b\u00edceps. Ideal para quienes buscan una soluci\u00f3n compacta pero eficaz para mejorar la fuerza del tronco y los b\u00edceps, el sistema de cables Evolve es la mejor opci\u00f3n para los entusiastas del fitness.<\/p>\n","protected":false},"featured_media":42146,"template":"","meta":{"_acf_changed":false,"inline_featured_image":false},"product_cat":[432,1139,1155],"product_tag":[],"class_list":{"0":"post-42144","1":"product","2":"type-product","3":"status-publish","4":"has-post-thumbnail","6":"product_cat-pagina-de-inicio","7":"product_cat-maquinas-selectorizadas","8":"product_cat-prime-series-maquinas-selectorizadas","10":"first","11":"outofstock","12":"shipping-taxable","13":"purchasable","14":"product-type-simple"},"acf":[],"_links":{"self":[{"href":"https:\/\/store.evolve-fitness.eu\/es\/wp-json\/wp\/v2\/product\/42144","targetHints":{"allow":["GET"]}}],"collection":[{"href":"https:\/\/store.evolve-fitness.eu\/es\/wp-json\/wp\/v2\/product"}],"about":[{"href":"https:\/\/store.evolve-fitness.eu\/es\/wp-json\/wp\/v2\/types\/product"}],"wp:featuredmedia":[{"embeddable":true,"href":"https:\/\/store.evolve-fitness.eu\/es\/wp-json\/wp\/v2\/media\/42146"}],"wp:attachment":[{"href":"https:\/\/store.evolve-fitness.eu\/es\/wp-json\/wp\/v2\/media?parent=42144"}],"wp:term":[{"taxonomy":"product_cat","embeddable":true,"href":"https:\/\/store.evolve-fitness.eu\/es\/wp-json\/wp\/v2\/product_cat?post=42144"},{"taxonomy":"product_tag","embeddable":true,"href":"https:\/\/store.evolve-fitness.eu\/es\/wp-json\/wp\/v2\/product_tag?post=42144"}],"curies":[{"name":"wp","href":"https:\/\/api.w.org\/{rel}","templated":true}]}}