{"id":42094,"date":"2024-01-11T15:07:09","date_gmt":"2024-01-11T15:07:09","guid":{"rendered":"https:\/\/store.evolve-fitness.eu\/product\/maquina-de-cable-para-pecho-y-hombros-evolve-prime-series\/"},"modified":"2024-03-14T01:36:44","modified_gmt":"2024-03-14T01:36:44","slug":"maquina-de-cable-para-pecho-y-hombros-evolve-prime-series","status":"publish","type":"product","link":"https:\/\/store.evolve-fitness.eu\/es\/producto\/maquina-de-cable-para-pecho-y-hombros-evolve-prime-series\/","title":{"rendered":"M\u00e1quina de cable para pecho y hombros Evolve Prime Series"},"content":{"rendered":"\n<section class=\"wp-block-group alignfull black-content has-white-color has-darkgray-background-color has-text-color has-background is-layout-constrained wp-block-group-is-layout-constrained\" style=\"padding-top:var(--wp--preset--spacing--section-bottom);padding-bottom:var(--wp--preset--spacing--section-bottom)\">\n<div class=\"wp-block-columns is-layout-flex wp-container-core-columns-is-layout-9d6595d7 wp-block-columns-is-layout-flex\">\n<div class=\"wp-block-column is-layout-flow wp-block-column-is-layout-flow\">\n<figure class=\"wp-block-image size-full\"><img loading=\"lazy\" decoding=\"async\" width=\"1080\" height=\"1080\" src=\"https:\/\/store.evolve-fitness.eu\/wp-content\/uploads\/2024\/01\/Evolve-Shoulder-and-Chest-Cable-System.png\" alt=\"\" class=\"wp-image-4465\" srcset=\"https:\/\/store.evolve-fitness.eu\/wp-content\/uploads\/2024\/01\/Evolve-Shoulder-and-Chest-Cable-System.png 1080w, https:\/\/store.evolve-fitness.eu\/wp-content\/uploads\/2024\/01\/Evolve-Shoulder-and-Chest-Cable-System-300x300.png 300w, https:\/\/store.evolve-fitness.eu\/wp-content\/uploads\/2024\/01\/Evolve-Shoulder-and-Chest-Cable-System-1024x1024.png 1024w, https:\/\/store.evolve-fitness.eu\/wp-content\/uploads\/2024\/01\/Evolve-Shoulder-and-Chest-Cable-System-150x150.png 150w, https:\/\/store.evolve-fitness.eu\/wp-content\/uploads\/2024\/01\/Evolve-Shoulder-and-Chest-Cable-System-768x768.png 768w, https:\/\/store.evolve-fitness.eu\/wp-content\/uploads\/2024\/01\/Evolve-Shoulder-and-Chest-Cable-System-600x600.png 600w, https:\/\/store.evolve-fitness.eu\/wp-content\/uploads\/2024\/01\/Evolve-Shoulder-and-Chest-Cable-System-100x100.png 100w\" sizes=\"auto, (max-width: 1080px) 100vw, 1080px\" \/><\/figure>\n<\/div>\n\n\n\n<div class=\"wp-block-column is-layout-flow wp-block-column-is-layout-flow\" style=\"padding-top:var(--wp--preset--spacing--tb-section-padding);padding-bottom:var(--wp--preset--spacing--tb-section-padding)\">\n<p class=\"has-big-title-font-size\">M\u00e1quina de cable para pecho y hombros<\/p>\n\n\n\n<p>1. Dise\u00f1o exclusivo: Imita las actividades diarias con deslizadores de aluminio, rodamientos y cables de alta calidad para un movimiento suave y sin restricciones; los pares de asas dobles se dirigen a varios m\u00fasculos de la parte superior del cuerpo.<\/p>\n\n\n\n<p>2. Uso vers\u00e1til: Adecuado para ejercicios sentado o de pie, adapt\u00e1ndose a todos los niveles de condici\u00f3n f\u00edsica e incluyendo usuarios de sillas de ruedas.<\/p>\n\n\n\n<p>3. Marco duradero: Robusto marco de metal con recubrimiento en polvo para una mayor durabilidad y protecci\u00f3n contra el \u00f3xido.<\/p>\n\n\n\n<p>4. Opciones de ejercicio flexibles: El movimiento independiente de las asas permite un entrenamiento equilibrado de ambos lados del cuerpo; incluye ruedas de transporte para facilitar la movilidad y una amplia gama de ejercicios.<\/p>\n\n\n\n<p>5. Acolchado ergon\u00f3mico: Acolchado de calidad industrial con espuma densa resistente a la deformaci\u00f3n y revestimiento de piel sint\u00e9tica duradera.<\/p>\n\n\n\n<p>6. Seguridad y facilidad de uso: Presenta pilas de pesas cubiertas para prevenir lesiones y resistencia f\u00e1cil de ajustar con un pasador rojo codificado por colores; los platos de pesas tienen un tratamiento resistente a la oxidaci\u00f3n y los da\u00f1os.<\/p>\n<\/div>\n<\/div>\n<\/section>\n","protected":false},"excerpt":{"rendered":"<p>El sistema de cables para hombro y pecho Evolve es una m\u00e1quina vers\u00e1til y f\u00e1cil de usar, perfecta para mejorar los entrenamientos de hombro y pecho. Ofrece un movimiento suave y sin restricciones gracias a su dise\u00f1o exclusivo, resistencia ajustable y es adecuado para distintos niveles de forma f\u00edsica, incluidos aquellos con problemas de movilidad. Su duradero armaz\u00f3n con recubrimiento de polvo y su acolchado ergon\u00f3mico garantizan comodidad y longevidad. Este sistema de cable, ideal tanto para ejercicios sentado como de pie, ofrece una experiencia de entrenamiento a medida, satisfaciendo todas sus necesidades de fortalecimiento de la parte superior del cuerpo.<\/p>\n","protected":false},"featured_media":42106,"template":"","meta":{"_acf_changed":false,"inline_featured_image":false},"product_cat":[432,1139,1155],"product_tag":[],"class_list":{"0":"post-42094","1":"product","2":"type-product","3":"status-publish","4":"has-post-thumbnail","6":"product_cat-pagina-de-inicio","7":"product_cat-maquinas-selectorizadas","8":"product_cat-prime-series-maquinas-selectorizadas","10":"first","11":"outofstock","12":"shipping-taxable","13":"purchasable","14":"product-type-simple"},"acf":[],"_links":{"self":[{"href":"https:\/\/store.evolve-fitness.eu\/es\/wp-json\/wp\/v2\/product\/42094","targetHints":{"allow":["GET"]}}],"collection":[{"href":"https:\/\/store.evolve-fitness.eu\/es\/wp-json\/wp\/v2\/product"}],"about":[{"href":"https:\/\/store.evolve-fitness.eu\/es\/wp-json\/wp\/v2\/types\/product"}],"wp:featuredmedia":[{"embeddable":true,"href":"https:\/\/store.evolve-fitness.eu\/es\/wp-json\/wp\/v2\/media\/42106"}],"wp:attachment":[{"href":"https:\/\/store.evolve-fitness.eu\/es\/wp-json\/wp\/v2\/media?parent=42094"}],"wp:term":[{"taxonomy":"product_cat","embeddable":true,"href":"https:\/\/store.evolve-fitness.eu\/es\/wp-json\/wp\/v2\/product_cat?post=42094"},{"taxonomy":"product_tag","embeddable":true,"href":"https:\/\/store.evolve-fitness.eu\/es\/wp-json\/wp\/v2\/product_tag?post=42094"}],"curies":[{"name":"wp","href":"https:\/\/api.w.org\/{rel}","templated":true}]}}