{"id":42007,"date":"2024-01-11T14:08:56","date_gmt":"2024-01-11T14:08:56","guid":{"rendered":"https:\/\/store.evolve-fitness.eu\/product\/maquina-de-cable-evolve-prime-series-lat-pull-and-row\/"},"modified":"2024-03-14T01:34:29","modified_gmt":"2024-03-14T01:34:29","slug":"maquina-de-cable-evolve-prime-series-lat-pull-and-row","status":"publish","type":"product","link":"https:\/\/store.evolve-fitness.eu\/es\/producto\/maquina-de-cable-evolve-prime-series-lat-pull-and-row\/","title":{"rendered":"M\u00e1quina de cable Evolve Prime Series Lat Pull and Row"},"content":{"rendered":"\n<section class=\"wp-block-group alignfull black-content has-white-color has-darkgray-background-color has-text-color has-background is-layout-constrained wp-block-group-is-layout-constrained\" style=\"padding-top:var(--wp--preset--spacing--section-bottom);padding-bottom:var(--wp--preset--spacing--section-bottom)\">\n<div class=\"wp-block-columns is-layout-flex wp-container-core-columns-is-layout-9d6595d7 wp-block-columns-is-layout-flex\">\n<div class=\"wp-block-column is-layout-flow wp-block-column-is-layout-flow\">\n<figure class=\"wp-block-image size-full\"><img loading=\"lazy\" decoding=\"async\" width=\"614\" height=\"768\" src=\"https:\/\/store.evolve-fitness.eu\/wp-content\/uploads\/2024\/01\/Lat-Pull-Row-Trainer-7.png\" alt=\"\" class=\"wp-image-4461\" srcset=\"https:\/\/store.evolve-fitness.eu\/wp-content\/uploads\/2024\/01\/Lat-Pull-Row-Trainer-7.png 614w, https:\/\/store.evolve-fitness.eu\/wp-content\/uploads\/2024\/01\/Lat-Pull-Row-Trainer-7-240x300.png 240w, https:\/\/store.evolve-fitness.eu\/wp-content\/uploads\/2024\/01\/Lat-Pull-Row-Trainer-7-600x750.png 600w\" sizes=\"auto, (max-width: 614px) 100vw, 614px\" \/><\/figure>\n<\/div>\n\n\n\n<div class=\"wp-block-column is-layout-flow wp-block-column-is-layout-flow\" style=\"padding-top:var(--wp--preset--spacing--tb-section-padding);padding-bottom:var(--wp--preset--spacing--tb-section-padding)\">\n<p class=\"has-big-title-font-size\">Lat Pull and Row M\u00e1quina de cable<\/p>\n\n\n\n<p><\/p>\n\n\n\n<p>1. Dise\u00f1o exclusivo: Presenta simulaciones de actividades cotidianas, deslizadores de aluminio, cables de alta calidad y pares de asas dobles para diversos entrenamientos de la parte superior del cuerpo.  <\/p>\n\n\n\n<p>2. Versatilidad: Adecuado para ejercicios sentado y de pie, accesible a diversos niveles de forma f\u00edsica y a personas con problemas de movimiento, incluidos los usuarios de sillas de ruedas.  <\/p>\n\n\n\n<p>3. Estructura duradera: Combina metal de alta calidad con recubrimiento en polvo para protecci\u00f3n contra el \u00f3xido y color duradero.  <\/p>\n\n\n\n<p>4. Libertad de ejercicio ilimitada: Movimiento independiente de las asas para un entrenamiento equilibrado, personalizable seg\u00fan las necesidades individuales, con ruedas de transporte para facilitar el reposicionamiento.  <\/p>\n\n\n\n<p>5. Acolchado ergon\u00f3mico: Acolchado de espuma de calidad industrial, resistente a la deformaci\u00f3n y recubierto de cuero sint\u00e9tico duradero para mayor comodidad.  <\/p>\n\n\n\n<p>6. Seguridad y facilidad de uso: Elegantes pilas de pesas cubiertas que evitan lesiones, con f\u00e1cil ajuste de la resistencia mediante un pasador rojo codificado por colores, y placas de pesas resistentes a la oxidaci\u00f3n.<\/p>\n<\/div>\n<\/div>\n<\/section>\n","protected":false},"excerpt":{"rendered":"<p>Descubra la m\u00e1quina de tracci\u00f3n vertical por cable Evolve, una vers\u00e1til soluci\u00f3n de entrenamiento de la parte superior del cuerpo apta para todos los niveles de forma f\u00edsica. Su dise\u00f1o exclusivo ofrece una amplia gama de ejercicios con movimientos suaves e ininterrumpidos y resistencia ajustable. Ideal para entrenamientos tanto sentado como de pie, se adapta a usuarios con diferentes capacidades, incluido el acceso en silla de ruedas. El duradero armaz\u00f3n con recubrimiento de polvo y el acolchado ergon\u00f3mico garantizan comodidad y longevidad. Con movimientos independientes de las empu\u00f1aduras y una resistencia f\u00e1cil de ajustar, es perfecta para un entrenamiento muscular equilibrado y una rutina de fitness completa.<\/p>\n","protected":false},"featured_media":42009,"template":"","meta":{"_acf_changed":false,"inline_featured_image":false},"product_cat":[432,1139,1155],"product_tag":[],"class_list":{"0":"post-42007","1":"product","2":"type-product","3":"status-publish","4":"has-post-thumbnail","6":"product_cat-pagina-de-inicio","7":"product_cat-maquinas-selectorizadas","8":"product_cat-prime-series-maquinas-selectorizadas","10":"first","11":"outofstock","12":"shipping-taxable","13":"purchasable","14":"product-type-simple"},"acf":[],"_links":{"self":[{"href":"https:\/\/store.evolve-fitness.eu\/es\/wp-json\/wp\/v2\/product\/42007","targetHints":{"allow":["GET"]}}],"collection":[{"href":"https:\/\/store.evolve-fitness.eu\/es\/wp-json\/wp\/v2\/product"}],"about":[{"href":"https:\/\/store.evolve-fitness.eu\/es\/wp-json\/wp\/v2\/types\/product"}],"wp:featuredmedia":[{"embeddable":true,"href":"https:\/\/store.evolve-fitness.eu\/es\/wp-json\/wp\/v2\/media\/42009"}],"wp:attachment":[{"href":"https:\/\/store.evolve-fitness.eu\/es\/wp-json\/wp\/v2\/media?parent=42007"}],"wp:term":[{"taxonomy":"product_cat","embeddable":true,"href":"https:\/\/store.evolve-fitness.eu\/es\/wp-json\/wp\/v2\/product_cat?post=42007"},{"taxonomy":"product_tag","embeddable":true,"href":"https:\/\/store.evolve-fitness.eu\/es\/wp-json\/wp\/v2\/product_tag?post=42007"}],"curies":[{"name":"wp","href":"https:\/\/api.w.org\/{rel}","templated":true}]}}