{"id":40317,"date":"2024-01-29T13:11:33","date_gmt":"2024-01-29T13:11:33","guid":{"rendered":"https:\/\/store.evolve-fitness.eu\/product\/evolve-ultra-series-placa-pendular-sentadilla-cargada\/"},"modified":"2024-05-27T08:22:55","modified_gmt":"2024-05-27T08:22:55","slug":"evolve-ultra-series-placa-pendular-sentadilla-cargada","status":"publish","type":"product","link":"https:\/\/store.evolve-fitness.eu\/es\/producto\/evolve-ultra-series-placa-pendular-sentadilla-cargada\/","title":{"rendered":"Evolve Ultra Series Placa Pendular Sentadilla Cargada"},"content":{"rendered":"\n<section class=\"wp-block-group alignfull black-content has-white-color has-darkgray-background-color has-text-color has-background is-layout-constrained wp-block-group-is-layout-constrained\" style=\"padding-top:var(--wp--preset--spacing--section-bottom);padding-bottom:var(--wp--preset--spacing--section-bottom)\">\n<h3 class=\"wp-block-heading has-text-align-center\" style=\"padding-top:var(--wp--preset--spacing--section-title-bottom);padding-bottom:var(--wp--preset--spacing--section-title-bottom)\"><strong><strong><strong>EVOLVE PLACA CARGADA SERIE ULTRA<\/strong><\/strong><\/strong><\/h3>\n\n\n\n<section class=\"wp-block-group alignfull black-content has-white-color has-darkgray-background-color has-text-color has-background is-layout-constrained wp-block-group-is-layout-constrained\" style=\"margin-bottom:0;padding-top:var(--wp--preset--spacing--tb-padding);padding-bottom:var(--wp--preset--spacing--tb-padding)\">\n<div class=\"wp-block-columns alignwide mobile-reverse is-layout-flex wp-container-core-columns-is-layout-7a02faa9 wp-block-columns-is-layout-flex\" style=\"margin-bottom:var(--wp--preset--spacing--tb-section-padding)\">\n<div class=\"wp-block-column is-vertically-aligned-center is-layout-flow wp-block-column-is-layout-flow\">\n<figure class=\"wp-block-image alignleft size-full is-resized is-style-rounded\"><img loading=\"lazy\" decoding=\"async\" width=\"810\" height=\"810\" src=\"https:\/\/store.evolve-fitness.eu\/wp-content\/uploads\/2024\/01\/Dizainas-be-pavadinimo-27.png\" alt=\"\" class=\"wp-image-61354\" style=\"object-fit:cover;width:680px;height:600px\" srcset=\"https:\/\/store.evolve-fitness.eu\/wp-content\/uploads\/2024\/01\/Dizainas-be-pavadinimo-27.png 810w, https:\/\/store.evolve-fitness.eu\/wp-content\/uploads\/2024\/01\/Dizainas-be-pavadinimo-27-300x300.png 300w, https:\/\/store.evolve-fitness.eu\/wp-content\/uploads\/2024\/01\/Dizainas-be-pavadinimo-27-150x150.png 150w, https:\/\/store.evolve-fitness.eu\/wp-content\/uploads\/2024\/01\/Dizainas-be-pavadinimo-27-768x768.png 768w, https:\/\/store.evolve-fitness.eu\/wp-content\/uploads\/2024\/01\/Dizainas-be-pavadinimo-27-600x600.png 600w, https:\/\/store.evolve-fitness.eu\/wp-content\/uploads\/2024\/01\/Dizainas-be-pavadinimo-27-100x100.png 100w\" sizes=\"auto, (max-width: 810px) 100vw, 810px\" \/><\/figure>\n<\/div>\n\n\n\n<div class=\"wp-block-column is-vertically-aligned-center is-layout-flow wp-block-column-is-layout-flow\">\n<h3 class=\"wp-block-heading\" style=\"margin-bottom:var(--wp--preset--spacing--h-3-bottom)\"><strong><strong><strong><strong><strong><strong><strong><strong>Durabilidad sin concesiones<\/strong><\/strong><\/strong><\/strong><\/strong><\/strong><\/strong><\/strong><\/h3>\n\n\n\n<p><strong><em><strong><strong><strong><strong><strong>Tornillos y tuercas de acero inoxidable<\/strong><\/strong><\/strong><\/strong><\/strong><\/em><\/strong><\/p>\n\n\n\n<p style=\"margin-bottom:var(--wp--preset--spacing--tb-section-padding)\">Cada detalle cuenta en la serie Ultra. Por eso todos los tornillos y tuercas son de <strong>acero inoxidable<\/strong>, para garantizar una durabilidad y longevidad sin concesiones.<\/p>\n\n\n\n<h3 class=\"wp-block-heading\" style=\"margin-bottom:var(--wp--preset--spacing--h-3-bottom)\"><strong><strong><strong><strong><strong><strong><strong><strong><strong>Acabado duradero<\/strong><\/strong><\/strong><\/strong><\/strong><\/strong><\/strong><\/strong><\/strong><\/h3>\n\n\n\n<p><strong><em><strong><strong><strong><strong><strong><strong>Tecnolog\u00eda de pulverizaci\u00f3n electrost\u00e1tica de polvos termoestables<\/strong><\/strong><\/strong><\/strong><\/strong><\/strong><\/em><\/strong><\/p>\n\n\n\n<p>Nuestras m\u00e1quinas incorporan <strong>la tecnolog\u00eda de pulverizaci\u00f3n electrost\u00e1tica de polvo termoendurecible<\/strong> que garantiza un acabado duradero. Este revestimiento avanzado mantiene el atractivo visual del equipo a lo largo del tiempo.<\/p>\n<\/div>\n<\/div>\n\n\n\n<div class=\"wp-block-columns alignwide mobile-reverse is-layout-flex wp-container-core-columns-is-layout-035fa626 wp-block-columns-is-layout-flex\" style=\"margin-bottom:var(--wp--preset--spacing--side-padding);padding-top:var(--wp--preset--spacing--tb-padding);padding-bottom:var(--wp--preset--spacing--tb-padding)\">\n<div class=\"wp-block-column is-vertically-aligned-center is-layout-flow wp-block-column-is-layout-flow\">\n<h3 class=\"wp-block-heading\" style=\"margin-bottom:var(--wp--preset--spacing--h-3-bottom)\"><strong><strong><strong><strong><strong><strong><strong>Protectores de suelo duraderos<\/strong><\/strong><\/strong><\/strong><\/strong><\/strong><\/strong><\/h3>\n\n\n\n<p><strong><em><strong><strong><strong><strong>Conserve el suelo de su gimnasio<\/strong><\/strong><\/strong><\/strong><\/em><\/strong><\/p>\n\n\n\n<p style=\"margin-bottom:var(--wp--preset--spacing--tb-section-padding)\">Nuestros equipos est\u00e1n equipados con <strong>protectores de suelo duraderos<\/strong> para proteger su gimnasio contra da\u00f1os y ara\u00f1azos, incluso durante entrenamientos intensos.<\/p>\n\n\n\n<h3 class=\"wp-block-heading\" style=\"margin-bottom:var(--wp--preset--spacing--h-3-bottom)\"><strong><strong><strong><strong><strong>Organizados y eficientes<\/strong><\/strong><\/strong><\/strong><\/strong><\/h3>\n\n\n\n<p><strong><em><strong><strong><strong><strong><strong><strong><strong><strong>Pinzas para guardar los platos de pesas<\/strong><\/strong><\/strong><\/strong><\/strong><\/strong><\/strong><\/strong><\/em><\/strong><\/p>\n\n\n\n<p style=\"margin-bottom:var(--wp--preset--spacing--tb-section-padding)\">Mant\u00e9ngase organizado y eficiente con <strong>Pegs for Weight Plate Storage<\/strong>. Mantenga sus platos al alcance de la mano, agilizando sus sesiones de entrenamiento.<\/p>\n<\/div>\n\n\n\n<div class=\"wp-block-column is-vertically-aligned-center is-layout-flow wp-block-column-is-layout-flow\">\n<figure class=\"wp-block-image size-large is-resized is-style-rounded\"><img decoding=\"async\" src=\"https:\/\/evolve-fitness.eu\/wp-content\/uploads\/2023\/11\/EV-PL-UL-330-edited-1.png\" alt=\"\" class=\"wp-image-6125\" style=\"object-fit:cover;width:680px;height:600px\"\/><\/figure>\n<\/div>\n<\/div>\n\n\n\n<div class=\"wp-block-columns alignwide mobile-reverse is-layout-flex wp-container-core-columns-is-layout-7a02faa9 wp-block-columns-is-layout-flex\" style=\"margin-bottom:var(--wp--preset--spacing--tb-section-padding)\">\n<div class=\"wp-block-column is-vertically-aligned-center is-layout-flow wp-block-column-is-layout-flow\">\n<figure class=\"wp-block-image size-full is-resized is-style-rounded\"><img loading=\"lazy\" decoding=\"async\" width=\"810\" height=\"810\" src=\"https:\/\/store.evolve-fitness.eu\/wp-content\/uploads\/2024\/05\/Dizainas-be-pavadinimo-92.png\" alt=\"\" class=\"wp-image-63106\" style=\"width:1018px;height:auto\" srcset=\"https:\/\/store.evolve-fitness.eu\/wp-content\/uploads\/2024\/05\/Dizainas-be-pavadinimo-92.png 810w, https:\/\/store.evolve-fitness.eu\/wp-content\/uploads\/2024\/05\/Dizainas-be-pavadinimo-92-300x300.png 300w, https:\/\/store.evolve-fitness.eu\/wp-content\/uploads\/2024\/05\/Dizainas-be-pavadinimo-92-150x150.png 150w, https:\/\/store.evolve-fitness.eu\/wp-content\/uploads\/2024\/05\/Dizainas-be-pavadinimo-92-768x768.png 768w, https:\/\/store.evolve-fitness.eu\/wp-content\/uploads\/2024\/05\/Dizainas-be-pavadinimo-92-600x600.png 600w, https:\/\/store.evolve-fitness.eu\/wp-content\/uploads\/2024\/05\/Dizainas-be-pavadinimo-92-100x100.png 100w\" sizes=\"auto, (max-width: 810px) 100vw, 810px\" \/><\/figure>\n<\/div>\n\n\n\n<div class=\"wp-block-column is-vertically-aligned-center is-layout-flow wp-block-column-is-layout-flow\">\n<h3 class=\"wp-block-heading\" style=\"margin-bottom:var(--wp--preset--spacing--h-3-bottom)\"><strong><strong><strong><strong><strong><strong><strong><strong>Rendimiento duradero<\/strong><\/strong><\/strong><\/strong><\/strong><\/strong><\/strong><\/strong><\/h3>\n\n\n\n<p><strong><em><strong><strong><strong><strong><strong>Piel de PU resistente de primera calidad<\/strong><\/strong><\/strong><\/strong><\/strong><\/em><\/strong><\/p>\n\n\n\n<p style=\"margin-bottom:var(--wp--preset--spacing--tb-section-padding)\">Experimente un confort y unas prestaciones excepcionales con nuestra tapicer\u00eda de <strong>cuero PU de alta calidad y resistencia<\/strong>. Combina la durabilidad con el atractivo visual, proporcionando lo mejor en lujo fitness.<\/p>\n\n\n\n<h3 class=\"wp-block-heading\"><strong>ASAS ANTIDESLIZANTES<\/strong><\/h3>\n\n\n\n<p><strong><em><strong>Agarre seguro para mayor seguridad y confianza<\/strong><\/em><\/strong><\/p>\n\n\n\n<p>Priorice la seguridad y la confianza con nuestras <strong>asas antideslizantes<\/strong>. Proporcionan un agarre seguro, reduciendo el riesgo de accidentes durante tus entrenamientos.<\/p>\n<\/div>\n<\/div>\n\n\n\n<div class=\"wp-block-columns alignwide mobile-reverse is-layout-flex wp-container-core-columns-is-layout-ca64bf2d wp-block-columns-is-layout-flex\" style=\"margin-bottom:var(--wp--preset--spacing--side-padding)\">\n<div class=\"wp-block-column is-vertically-aligned-center is-layout-flow wp-block-column-is-layout-flow\"><\/div>\n<\/div>\n<\/section>\n<\/section>\n\n<p><\/p>\n","protected":false},"excerpt":{"rendered":"<p>La sentadilla con p\u00e9ndulo de placas Evolve Ultra Series, UL-330, es un paradigma de robustez y sofisticaci\u00f3n en equipos de gimnasio. Dise\u00f1ado con meticulosa atenci\u00f3n al detalle, cuenta con pernos y tuercas de acero inoxidable para una durabilidad sin igual. Su tecnolog\u00eda de pulverizaci\u00f3n electrost\u00e1tica de polvo termoendurecible garantiza un acabado duradero y visualmente atractivo. La m\u00e1quina incluye protectores de suelo duraderos para evitar da\u00f1os en el suelo del gimnasio y pr\u00e1cticas clavijas para un almacenamiento eficaz de los platos de pesas. La tapicer\u00eda de cuero PU de alta calidad y resistencia combina confort y resistencia, mejorando la experiencia de entrenamiento en general. Adem\u00e1s, las empu\u00f1aduras antideslizantes ofrecen un agarre seguro para mayor seguridad y confianza durante los ejercicios intensos. Este equipo de alta calidad, con un peso de 248 kg, cuenta con una garant\u00eda de 2 a\u00f1os, lo que garantiza un rendimiento y una fiabilidad duraderos en cualquier entorno de fitness.<\/p>\n","protected":false},"featured_media":61377,"template":"","meta":{"_acf_changed":false,"inline_featured_image":false},"product_cat":[432,754,755],"product_tag":[],"class_list":{"0":"post-40317","1":"product","2":"type-product","3":"status-publish","4":"has-post-thumbnail","6":"product_cat-pagina-de-inicio","7":"product_cat-maquinas-de-carga-de-placas","8":"product_cat-ultra-series-placa-cargada","10":"first","11":"instock","12":"shipping-taxable","13":"purchasable","14":"product-type-simple"},"acf":[],"_links":{"self":[{"href":"https:\/\/store.evolve-fitness.eu\/es\/wp-json\/wp\/v2\/product\/40317","targetHints":{"allow":["GET"]}}],"collection":[{"href":"https:\/\/store.evolve-fitness.eu\/es\/wp-json\/wp\/v2\/product"}],"about":[{"href":"https:\/\/store.evolve-fitness.eu\/es\/wp-json\/wp\/v2\/types\/product"}],"wp:featuredmedia":[{"embeddable":true,"href":"https:\/\/store.evolve-fitness.eu\/es\/wp-json\/wp\/v2\/media\/61377"}],"wp:attachment":[{"href":"https:\/\/store.evolve-fitness.eu\/es\/wp-json\/wp\/v2\/media?parent=40317"}],"wp:term":[{"taxonomy":"product_cat","embeddable":true,"href":"https:\/\/store.evolve-fitness.eu\/es\/wp-json\/wp\/v2\/product_cat?post=40317"},{"taxonomy":"product_tag","embeddable":true,"href":"https:\/\/store.evolve-fitness.eu\/es\/wp-json\/wp\/v2\/product_tag?post=40317"}],"curies":[{"name":"wp","href":"https:\/\/api.w.org\/{rel}","templated":true}]}}