{"id":39575,"date":"2024-01-26T09:26:44","date_gmt":"2024-01-26T09:26:44","guid":{"rendered":"https:\/\/store.evolve-fitness.eu\/product\/mango-de-la-fila-evolve\/"},"modified":"2024-01-26T09:26:44","modified_gmt":"2024-01-26T09:26:44","slug":"mango-de-la-fila-evolve","status":"publish","type":"product","link":"https:\/\/store.evolve-fitness.eu\/es\/producto\/mango-de-la-fila-evolve\/","title":{"rendered":"Mango de la fila Evolve"},"content":{"rendered":"","protected":false},"excerpt":{"rendered":"<p>Eleve sus ejercicios de remo con el mango de remo Evolve, GH-240. Este accesorio de alta calidad est\u00e1 dise\u00f1ado para optimizar tus entrenamientos de remo, trabajando con precisi\u00f3n los m\u00fasculos de la espalda, los hombros y los brazos. El mango de remo Evolve est\u00e1 fabricado con materiales robustos, lo que garantiza que pueda soportar las sesiones de entrenamiento m\u00e1s intensas. Su dise\u00f1o ergon\u00f3mico favorece un agarre natural, minimizando la tensi\u00f3n en manos y mu\u00f1ecas, y permitiendo un entrenamiento m\u00e1s eficaz y c\u00f3modo. Ideal para su uso con varias m\u00e1quinas de cable, este mango es perfecto para ejercicios como los remos sentados, los remos inclinados y los remos de cable de pie, ofreciendo versatilidad en su rutina de entrenamiento de fuerza.<\/p>\n","protected":false},"featured_media":128244,"template":"","meta":{"_acf_changed":false,"inline_featured_image":false},"product_cat":[432,725],"product_tag":[],"class_list":{"0":"post-39575","1":"product","2":"type-product","3":"status-publish","4":"has-post-thumbnail","6":"product_cat-pagina-de-inicio","7":"product_cat-accesorios-es","9":"first","10":"instock","11":"shipping-taxable","12":"purchasable","13":"product-type-simple"},"acf":[],"_links":{"self":[{"href":"https:\/\/store.evolve-fitness.eu\/es\/wp-json\/wp\/v2\/product\/39575","targetHints":{"allow":["GET"]}}],"collection":[{"href":"https:\/\/store.evolve-fitness.eu\/es\/wp-json\/wp\/v2\/product"}],"about":[{"href":"https:\/\/store.evolve-fitness.eu\/es\/wp-json\/wp\/v2\/types\/product"}],"wp:featuredmedia":[{"embeddable":true,"href":"https:\/\/store.evolve-fitness.eu\/es\/wp-json\/wp\/v2\/media\/128244"}],"wp:attachment":[{"href":"https:\/\/store.evolve-fitness.eu\/es\/wp-json\/wp\/v2\/media?parent=39575"}],"wp:term":[{"taxonomy":"product_cat","embeddable":true,"href":"https:\/\/store.evolve-fitness.eu\/es\/wp-json\/wp\/v2\/product_cat?post=39575"},{"taxonomy":"product_tag","embeddable":true,"href":"https:\/\/store.evolve-fitness.eu\/es\/wp-json\/wp\/v2\/product_tag?post=39575"}],"curies":[{"name":"wp","href":"https:\/\/api.w.org\/{rel}","templated":true}]}}