{"id":39015,"date":"2024-01-18T08:06:39","date_gmt":"2024-01-18T08:06:39","guid":{"rendered":"https:\/\/store.evolve-fitness.eu\/product\/curl-de-biceps-selectorizado-evolve-ultra-series\/"},"modified":"2024-06-05T12:45:51","modified_gmt":"2024-06-05T12:45:51","slug":"curl-de-biceps-selectorizado-evolve-ultra-series","status":"publish","type":"product","link":"https:\/\/store.evolve-fitness.eu\/es\/producto\/curl-de-biceps-selectorizado-evolve-ultra-series\/","title":{"rendered":"Curl de b\u00edceps selectorizado Evolve Ultra Series"},"content":{"rendered":"\n<section class=\"wp-block-group alignfull black-content has-white-color has-darkgray-background-color has-text-color has-background is-layout-constrained wp-block-group-is-layout-constrained\" style=\"padding-top:var(--wp--preset--spacing--section-bottom);padding-bottom:var(--wp--preset--spacing--section-bottom)\">\n<div class=\"wp-block-columns alignwide mobile-reverse is-layout-flex wp-container-core-columns-is-layout-ca64bf2d wp-block-columns-is-layout-flex\" style=\"margin-bottom:var(--wp--preset--spacing--side-padding)\">\n<div class=\"wp-block-column is-vertically-aligned-center is-layout-flow wp-block-column-is-layout-flow\">\n<h3 class=\"wp-block-heading\">Bienvenido a la serie Ultra<\/h3>\n\n\n\n<p><strong><em>Conozca nuestros equipos de la serie Ultra con la \u00faltima tecnolog\u00eda 3D 360 Tour<\/em><\/strong><\/p>\n\n\n\n<p>La rizadora de b\u00edceps selectorizada Evolve Ultra Series, que forma parte de la Evolve Ultra Series, est\u00e1 dise\u00f1ada para ofrecer comodidad y rendimiento. La m\u00e1quina est\u00e1 dise\u00f1ada para ofrecer versatilidad en el ejercicio, soporte ergon\u00f3mico y opciones de ajuste para diferentes tama\u00f1os de usuario. El dise\u00f1o es est\u00e9ticamente agradable, con un acabado duradero con recubrimiento en polvo, y el uso de cables de alta calidad garantiza un funcionamiento sin problemas.<\/p>\n<\/div>\n\n\n\n<div class=\"wp-block-column is-vertically-aligned-center is-layout-flow wp-block-column-is-layout-flow\">\n<figure class=\"wp-block-video\"><video height=\"1080\" style=\"aspect-ratio: 1920 \/ 1080;\" width=\"1920\" autoplay=\"\" controls=\"\" loop=\"\" muted=\"\" src=\"https:\/\/evolve-fitness.eu\/wp-content\/uploads\/2023\/08\/Biceps-Curl-Evolve-Ultra-Series-Selectorized.mp4\"><\/video><\/figure>\n<\/div>\n<\/div>\n\n\n\n<div class=\"wp-block-columns alignwide are-vertically-aligned-center mobile-reverse is-layout-flex wp-container-core-columns-is-layout-e8158c2f wp-block-columns-is-layout-flex\" style=\"padding-top:var(--wp--preset--spacing--side-padding)\">\n<div class=\"wp-block-column is-vertically-aligned-center is-layout-flow wp-block-column-is-layout-flow\">\n<figure class=\"wp-block-video\"><video autoplay=\"\" controls=\"\" loop=\"\" muted=\"\" src=\"https:\/\/evolve-fitness.eu\/wp-content\/uploads\/2023\/08\/Evolve-Ultra-Series-Selectorized-Biceps-Curl-UL-060.mp4\"><\/video><\/figure>\n<\/div>\n\n\n\n<div class=\"wp-block-column is-vertically-aligned-center is-layout-flow wp-block-column-is-layout-flow\">\n<h3 class=\"wp-block-heading\" style=\"margin-bottom:var(--wp--preset--spacing--h-3-bottom)\"><strong>M\u00fasculos<\/strong><\/h3>\n\n\n\n<p><strong><em><strong><em>Calidad superior<\/em><\/strong><\/em><\/strong><\/p>\n\n\n\n<p>La m\u00e1quina Evolve Ultra Series Selectorized Biceps Curl es una excelente opci\u00f3n para aquellos que buscan mejorar la fuerza y definici\u00f3n de sus b\u00edceps. Esta m\u00e1quina est\u00e1 dise\u00f1ada espec\u00edficamente para trabajar y fortalecer estos m\u00fasculos de forma eficaz.<\/p>\n\n\n\n<p>Adem\u00e1s, la m\u00e1quina de curl de b\u00edceps Evolve Ultra Series se centra en el entrenamiento de varios grupos musculares, incluidos los siguientes:<\/p>\n\n\n\n<p><strong>B\u00edceps braquial (b\u00edceps)<\/strong>: El m\u00fasculo b\u00edceps es el objetivo principal de los ejercicios de flexi\u00f3n de brazos. Es responsable de la flexi\u00f3n de la articulaci\u00f3n del codo, y trabajar en una m\u00e1quina de curl de brazos fortalece y desarrolla eficazmente este grupo muscular.  <strong>Braquial<\/strong>: Situado debajo del b\u00edceps, el m\u00fasculo braquial tambi\u00e9n desempe\u00f1a un papel importante en la flexi\u00f3n del codo y se activa durante los ejercicios de flexi\u00f3n del brazo.  <strong>Braquiorradial<\/strong>: Este m\u00fasculo, situado en el antebrazo, ayuda a flexionar el codo, especialmente cuando las palmas de las manos est\u00e1n hacia arriba en un agarre supinado.  <strong>Flexores del ante<\/strong>brazo: Los m\u00fasculos de la parte anterior del antebrazo, como el flexor radial del carpo y el flexor cubital del carpo, trabajan para estabilizar la mu\u00f1eca y el codo durante el movimiento de curvatura.<\/p>\n\n\n\n<p>Aunque estos son los principales m\u00fasculos que se trabajan durante los ejercicios de flexi\u00f3n de brazos, otros m\u00fasculos de apoyo y estabilizadores tambi\u00e9n pueden trabajar en distintos grados para mantener la forma y el control adecuados durante el ejercicio.<\/p>\n<\/div>\n<\/div>\n\n\n\n<div class=\"wp-block-columns alignwide mobile-reverse is-layout-flex wp-container-core-columns-is-layout-ca64bf2d wp-block-columns-is-layout-flex\" style=\"margin-bottom:var(--wp--preset--spacing--side-padding)\">\n<div class=\"wp-block-column is-vertically-aligned-center is-layout-flow wp-block-column-is-layout-flow\">\n<h3 class=\"wp-block-heading\" style=\"margin-bottom:var(--wp--preset--spacing--h-3-bottom)\">Asa giratoria 3D<\/h3>\n\n\n\n<p><em><strong>Mejora tu rutina de ejercicios<\/strong><\/em><\/p>\n\n\n\n<p style=\"margin-bottom:var(--wp--preset--spacing--tb-section-padding)\">La m\u00e1quina de curl de b\u00edceps Evolve Ultra Series redefine su experiencia de entrenamiento de b\u00edceps con su innovador mango giratorio 3D. Esta caracter\u00edstica ofrece la versatilidad de realizar curl de b\u00edceps tanto con agarres estrechos como anchos, lo que permite trabajar eficazmente varias partes del m\u00fasculo b\u00edceps para un entrenamiento completo. Tanto si desea centrarse en la cabeza corta, en la cabeza larga o en ambas cabezas del b\u00edceps, el mango giratorio lo hace posible. M\u00e1s all\u00e1 de su adaptabilidad, el mango giratorio mejora su rutina de ejercicios al proporcionar una sensaci\u00f3n m\u00e1s natural y c\u00f3moda durante los curls de b\u00edceps. Esta sensaci\u00f3n natural garantiza que cada repetici\u00f3n sea suave y controlada, reduciendo el riesgo de esfuerzo o incomodidad.<\/p>\n<\/div>\n\n\n\n<div class=\"wp-block-column is-vertically-aligned-center is-layout-flow wp-block-column-is-layout-flow\">\n<figure class=\"wp-block-video\"><video height=\"2048\" style=\"aspect-ratio: 1536 \/ 2048;\" width=\"1536\" autoplay=\"\" controls=\"\" loop=\"\" muted=\"\" src=\"https:\/\/evolve-fitness.eu\/wp-content\/uploads\/2023\/08\/EV-SC-UL-060-handle.mp4\"><\/video><\/figure>\n<\/div>\n<\/div>\n\n\n\n<div class=\"wp-block-columns alignwide is-layout-flex wp-container-core-columns-is-layout-c45ee707 wp-block-columns-is-layout-flex\" style=\"margin-bottom:var(--wp--preset--spacing--side-padding);padding-top:var(--wp--preset--spacing--side-padding)\">\n<div class=\"wp-block-column is-vertically-aligned-center is-layout-flow wp-block-column-is-layout-flow\">\n<figure class=\"wp-block-video\"><video height=\"1536\" style=\"aspect-ratio: 2048 \/ 1536;\" width=\"2048\" autoplay=\"\" controls=\"\" loop=\"\" muted=\"\" src=\"https:\/\/evolve-fitness.eu\/wp-content\/uploads\/2023\/08\/EV-SC-UL-060-seat.mp4\"><\/video><\/figure>\n<\/div>\n\n\n\n<div class=\"wp-block-column is-vertically-aligned-center is-layout-flow wp-block-column-is-layout-flow\">\n<h3 class=\"wp-block-heading\" style=\"margin-bottom:var(--wp--preset--spacing--h-3-bottom)\">Asientos moldeados y ajustes precisos del asiento<\/h3>\n\n\n\n<p><strong><em>Tapicer\u00eda con doble costura<\/em><\/strong><\/p>\n\n\n\n<p style=\"margin-bottom:var(--wp--preset--spacing--tb-section-padding)\">Los asientos de poliuretano de la serie Evolve Ultra, fabricados con un dise\u00f1o moldeado y un tapizado de doble costura, ofrecen una durabilidad y un confort excepcionales. Est\u00e1n dise\u00f1adas para ofrecer un apoyo ergon\u00f3mico a la columna vertebral y pueden adaptarse a usuarios de distintas tallas. Adem\u00e1s, los cojines para m\u00e1quinas de fuerza fabricados con PU son una opci\u00f3n excelente por su durabilidad, comodidad, facilidad de mantenimiento y rentabilidad general. Soportan las exigencias del entrenamiento de fuerza a la vez que proporcionan una superficie de ejercicio c\u00f3moda e higi\u00e9nica. Como el asiento se apoya en una varilla hidr\u00e1ulica, el ajuste de la altura del asiento es sencillo y puede realizarse con una sola mano. El asiento tiene 18 posiciones de ajuste.<\/p>\n<\/div>\n<\/div>\n\n\n\n<div class=\"wp-block-columns alignwide are-vertically-aligned-center mobile-reverse is-layout-flex wp-container-core-columns-is-layout-e8158c2f wp-block-columns-is-layout-flex\" style=\"padding-top:var(--wp--preset--spacing--side-padding)\">\n<div class=\"wp-block-column is-vertically-aligned-center is-layout-flow wp-block-column-is-layout-flow\">\n<h3 class=\"wp-block-heading\" style=\"margin-bottom:var(--wp--preset--spacing--h-3-bottom)\"><strong>Plato de lastre superior<\/strong><\/h3>\n\n\n\n<p><strong><em><strong><em>Mejorar el rendimiento de la m\u00e1quina de ejercicios<\/em><\/strong><\/em><\/strong><\/p>\n\n\n\n<p style=\"margin-bottom:var(--wp--preset--spacing--tb-section-padding)\">La m\u00e1quina de curl de b\u00edceps selectorizada Evolve Ultra Series tiene dos placas de peso superior extra de 2,5 kg que sirven para un doble prop\u00f3sito en la mejora del rendimiento de la m\u00e1quina de ejercicios. En primer lugar, ampl\u00eda la resistencia m\u00e1xima que puede ofrecer la m\u00e1quina, lo que permite a los usuarios desafiarse a\u00fan m\u00e1s en sus entrenamientos. Adem\u00e1s, estos platos de pesas adicionales ofrecen una ventaja \u00fanica al permitir a los usuarios realizar incrementos m\u00e1s peque\u00f1os y precisos en sus ajustes de resistencia, ya que cada plato proporciona un aumento de 2,5 kg. Esta precisi\u00f3n en la selecci\u00f3n de la resistencia permite a las personas ajustar sus entrenamientos para satisfacer sus necesidades y objetivos espec\u00edficos, garantizando que cada sesi\u00f3n de ejercicio se adapte para optimizar los resultados.<\/p>\n<\/div>\n\n\n\n<div class=\"wp-block-column is-vertically-aligned-center is-layout-flow wp-block-column-is-layout-flow\">\n<figure class=\"wp-block-image size-full\"><img decoding=\"async\" src=\"https:\/\/evolve-fitness.eu\/wp-content\/uploads\/2024\/01\/plate.webp\" alt=\"\" class=\"wp-image-9942\"\/><\/figure>\n<\/div>\n<\/div>\n\n\n\n<div class=\"wp-block-columns alignwide are-vertically-aligned-center mobile-reverse is-layout-flex wp-container-core-columns-is-layout-e8158c2f wp-block-columns-is-layout-flex\" style=\"padding-top:var(--wp--preset--spacing--side-padding)\">\n<div class=\"wp-block-column is-vertically-aligned-center is-layout-flow wp-block-column-is-layout-flow\">\n<figure class=\"wp-block-video\"><video height=\"1080\" style=\"aspect-ratio: 1080 \/ 1080;\" width=\"1080\" autoplay=\"\" controls=\"\" loop=\"\" muted=\"\" src=\"https:\/\/evolve-fitness.eu\/wp-content\/uploads\/2023\/08\/Evolve-UL-060-Exercises-Sticker.mp4\"><\/video><\/figure>\n<\/div>\n\n\n\n<div class=\"wp-block-column is-vertically-aligned-center is-layout-flow wp-block-column-is-layout-flow\">\n<h3 class=\"wp-block-heading\" style=\"margin-bottom:var(--wp--preset--spacing--h-3-bottom)\"><strong>Informativo y pr\u00e1ctico<\/strong><\/h3>\n\n\n\n<p><strong><em><strong><em>Su ayuda visual<\/em><\/strong><\/em><\/strong><\/p>\n\n\n\n<p style=\"margin-bottom:var(--wp--preset--spacing--tb-section-padding)\">Las m\u00e1quinas de la serie Evolve Ultra tienen pegatinas informativas que le sirven de ayuda visual, facilit\u00e1ndole la navegaci\u00f3n por las caracter\u00edsticas y funciones de la m\u00e1quina, mejorando en \u00faltima instancia su experiencia de ejercicio. Adem\u00e1s, proporciona informaci\u00f3n valiosa sobre los distintos grupos musculares que se pueden trabajar eficazmente en la m\u00e1quina, lo que le permite sacar el m\u00e1ximo partido de su rutina de fitness centr\u00e1ndose en \u00e1reas espec\u00edficas de inter\u00e9s.<br\/><br\/><strong><em><strong><em>Para su comodidad<\/em><\/strong><\/em><\/strong><br\/><br\/>Mientras se ejercita, puede guardar c\u00f3modamente su botella de agua, tel\u00e9fono y objetos personales en los soportes designados para las m\u00e1quinas de la serie Evolve Ultra que se proporcionan para su comodidad. Estos compartimentos especialmente dise\u00f1ados est\u00e1n ah\u00ed para asegurarse de que usted tiene un lugar seguro y de f\u00e1cil acceso para sus pertenencias durante sus sesiones de entrenamiento<\/p>\n<\/div>\n<\/div>\n\n\n\n<div class=\"wp-block-columns alignwide are-vertically-aligned-center mobile-reverse is-layout-flex wp-container-core-columns-is-layout-e8158c2f wp-block-columns-is-layout-flex\" style=\"padding-top:var(--wp--preset--spacing--side-padding)\">\n<div class=\"wp-block-column is-vertically-aligned-center is-layout-flow wp-block-column-is-layout-flow\">\n<h3 class=\"wp-block-heading\" style=\"margin-bottom:var(--wp--preset--spacing--h-3-bottom)\"><strong>Cable<\/strong><\/h3>\n\n\n\n<p><strong><em><strong><em>Calidad superior<\/em><\/strong><\/em><\/strong><\/p>\n\n\n\n<p style=\"margin-bottom:var(--wp--preset--spacing--tb-section-padding)\">Las m\u00e1quinas Evolve Ultra Series utilizan cables de calidad superior, hay seis hebras principales, y cada hebra consta de 19 hilos trenzados entre s\u00ed, material de poliamida 12 (PA12) y un di\u00e1metro de 5 mm. Estos cables est\u00e1n dise\u00f1ados para ofrecer resistencia y durabilidad, con una fuerza de rotura de 9000 kN, lo que los convierte en la opci\u00f3n preferida para aplicaciones en las que se necesita una fiabilidad, durabilidad y rendimiento excepcionales. Al pasar de un ejercicio a otro, ya sean flexiones de b\u00edceps, press de pecho, dominadas o cualquier otra actividad de fortalecimiento, el rendimiento excepcional de los cables de la serie Evolve Ultra garantiza que los movimientos sean suaves y la resistencia constante, lo que promueve una experiencia de entrenamiento eficaz y agradable.<\/p>\n<\/div>\n\n\n\n<div class=\"wp-block-column is-vertically-aligned-center is-layout-flow wp-block-column-is-layout-flow\">\n<figure class=\"wp-block-video\"><video height=\"600\" style=\"aspect-ratio: 680 \/ 600;\" width=\"680\" autoplay=\"\" controls=\"\" loop=\"\" muted=\"\" src=\"https:\/\/evolve-fitness.eu\/wp-content\/uploads\/2023\/10\/Evolve-cable.mp4\"><\/video><\/figure>\n<\/div>\n<\/div>\n\n\n\n<div class=\"wp-block-columns alignwide are-vertically-aligned-center mobile-reverse is-layout-flex wp-container-core-columns-is-layout-e8158c2f wp-block-columns-is-layout-flex\" style=\"padding-top:var(--wp--preset--spacing--side-padding)\">\n<div class=\"wp-block-column is-vertically-aligned-center is-layout-flow wp-block-column-is-layout-flow\">\n<figure class=\"wp-block-video\"><video autoplay=\"\" controls=\"\" loop=\"\" muted=\"\" src=\"https:\/\/evolve-fitness.eu\/wp-content\/uploads\/2023\/08\/UL-040-Weight-Stack.mp4\"><\/video><\/figure>\n<\/div>\n\n\n\n<div class=\"wp-block-column is-vertically-aligned-center is-layout-flow wp-block-column-is-layout-flow\">\n<h3 class=\"wp-block-heading\" style=\"margin-bottom:var(--wp--preset--spacing--h-3-bottom)\"><strong>Pila de pesas<\/strong><\/h3>\n\n\n\n<p><strong><em><strong><em>Elevar la experiencia del fitness<\/em><\/strong><\/em><\/strong><\/p>\n\n\n\n<p style=\"margin-bottom:var(--wp--preset--spacing--tb-section-padding)\">La m\u00e1quina Evolve Ultra Series Selectorized Biceps Curl est\u00e1 equipada con un nivel de resistencia de 85 kg, pero tambi\u00e9n tiene la opci\u00f3n de personalizarlo y a\u00f1adirlo a 122,5 kg para una experiencia de entrenamiento a\u00fan m\u00e1s desafiante. Cuenta con una pila de pesas totalmente cerrada que garantiza la seguridad de sus ejercicios.<\/p>\n<\/div>\n<\/div>\n\n\n\n<div class=\"wp-block-columns alignwide are-vertically-aligned-center mobile-reverse is-layout-flex wp-container-core-columns-is-layout-e8158c2f wp-block-columns-is-layout-flex\" style=\"padding-top:var(--wp--preset--spacing--side-padding)\">\n<div class=\"wp-block-column is-vertically-aligned-center is-layout-flow wp-block-column-is-layout-flow\">\n<h3 class=\"wp-block-heading\" style=\"margin-bottom:var(--wp--preset--spacing--h-3-bottom)\"><strong>Duradero y protector<\/strong><\/h3>\n\n\n\n<p><strong><em><strong><em>Recubrimiento electrost\u00e1tico en polvo<\/em><\/strong><\/em><\/strong><\/p>\n\n\n\n<p style=\"margin-bottom:var(--wp--preset--spacing--tb-section-padding)\">Las m\u00e1quinas de fuerza de la serie Evolve Ultra, con chasis con recubrimiento electrost\u00e1tico en polvo negro perla mate, ejemplifican tanto la forma como la funci\u00f3n. Su atractivo est\u00e9tico se ve realzado por el acabado negro mate, mientras que sus caracter\u00edsticas pr\u00e1cticas, como la resistencia a la fricci\u00f3n, las propiedades anticorrosi\u00f3n y la resistencia a los ara\u00f1azos, garantizan que sea un compa\u00f1ero de fitness fiable y duradero.<br\/><br\/><strong><em><strong><em>Escudos protectores<\/em><\/strong><\/em><\/strong><br\/><br\/>Los robustos pies de goma de la serie Evolve Ultra sirven como escudos protectores para evitar cualquier da\u00f1o potencial a sus suelos. Estas resistentes patas de goma est\u00e1n dise\u00f1adas para proteger las superficies del suelo de cualquier da\u00f1o que pueda producirse durante su uso. Adem\u00e1s, estos pies de goma no s\u00f3lo ofrecen protecci\u00f3n, sino que tambi\u00e9n contribuyen a la estabilidad.<\/p>\n<\/div>\n\n\n\n<div class=\"wp-block-column is-vertically-aligned-center is-layout-flow wp-block-column-is-layout-flow\">\n<figure class=\"wp-block-video\"><video height=\"1920\" style=\"aspect-ratio: 1920 \/ 1920;\" width=\"1920\" autoplay=\"\" controls=\"\" loop=\"\" muted=\"\" src=\"https:\/\/evolve-fitness.eu\/wp-content\/uploads\/2023\/10\/Evolve-Double-powder-coated-Frame.mp4\"><\/video><\/figure>\n<\/div>\n<\/div>\n<\/section>\n","protected":false},"excerpt":{"rendered":"<p>Experimente el entrenamiento espec\u00edfico de b\u00edceps como nunca antes con el rizador de b\u00edceps selectorizado Evolve Ultra Series, UL-060. Eleve su rutina de ejercicios con este equipo de vanguardia, dise\u00f1ado para una comodidad y eficacia \u00f3ptimas. Su innovador Movimiento Independiente de Brazos garantiza una amplia gama de movimientos, haciendo que sus m\u00fasculos trabajen con precisi\u00f3n sim\u00e9trica. Con el elegante y duradero acabado de pintura mate exclusiva, el protector de pesas totalmente cubierto y centrado en el usuario y el ajuste del asiento con una sola mano, esta m\u00e1quina combina a la perfecci\u00f3n estilo, comodidad y rendimiento. Consigue unos b\u00edceps inigualables y mejora tu forma f\u00edsica con el UL-060 de la serie Evolve Ultra.<\/p>\n","protected":false},"featured_media":75829,"template":"","meta":{"_acf_changed":false,"inline_featured_image":false},"product_cat":[432,1139,1221],"product_tag":[],"class_list":{"0":"post-39015","1":"product","2":"type-product","3":"status-publish","4":"has-post-thumbnail","6":"product_cat-pagina-de-inicio","7":"product_cat-maquinas-selectorizadas","8":"product_cat-maquinas-selectorizadas-ultra-series","10":"first","11":"instock","12":"sale","13":"shipping-taxable","14":"purchasable","15":"product-type-simple"},"acf":[],"_links":{"self":[{"href":"https:\/\/store.evolve-fitness.eu\/es\/wp-json\/wp\/v2\/product\/39015","targetHints":{"allow":["GET"]}}],"collection":[{"href":"https:\/\/store.evolve-fitness.eu\/es\/wp-json\/wp\/v2\/product"}],"about":[{"href":"https:\/\/store.evolve-fitness.eu\/es\/wp-json\/wp\/v2\/types\/product"}],"wp:featuredmedia":[{"embeddable":true,"href":"https:\/\/store.evolve-fitness.eu\/es\/wp-json\/wp\/v2\/media\/75829"}],"wp:attachment":[{"href":"https:\/\/store.evolve-fitness.eu\/es\/wp-json\/wp\/v2\/media?parent=39015"}],"wp:term":[{"taxonomy":"product_cat","embeddable":true,"href":"https:\/\/store.evolve-fitness.eu\/es\/wp-json\/wp\/v2\/product_cat?post=39015"},{"taxonomy":"product_tag","embeddable":true,"href":"https:\/\/store.evolve-fitness.eu\/es\/wp-json\/wp\/v2\/product_tag?post=39015"}],"curies":[{"name":"wp","href":"https:\/\/api.w.org\/{rel}","templated":true}]}}