{"id":38568,"date":"2023-09-21T12:05:19","date_gmt":"2023-09-21T12:05:19","guid":{"rendered":"https:\/\/store.evolve-fitness.eu\/product\/evolve-carbon-series-soft-plyo-box-set\/"},"modified":"2026-03-11T12:00:18","modified_gmt":"2026-03-11T12:00:18","slug":"evolve-carbon-series-soft-plyo-box-set","status":"publish","type":"product","link":"https:\/\/store.evolve-fitness.eu\/es\/producto\/evolve-carbon-series-soft-plyo-box-set\/","title":{"rendered":"Evolve Carbon Series Soft Plyo Box Set"},"content":{"rendered":"\n<section class=\"wp-block-group alignfull black-content has-white-color has-darkgray-background-color has-text-color has-background is-layout-constrained wp-block-group-is-layout-constrained\" style=\"padding-top:var(--wp--preset--spacing--section-bottom);padding-bottom:var(--wp--preset--spacing--section-bottom)\">\n<div class=\"wp-block-columns alignwide mobile-reverse is-layout-flex wp-container-core-columns-is-layout-ca64bf2d wp-block-columns-is-layout-flex\" style=\"margin-bottom:var(--wp--preset--spacing--side-padding)\">\n<div class=\"wp-block-column is-vertically-aligned-center is-layout-flow wp-block-column-is-layout-flow\">\n<h3 class=\"wp-block-heading\" style=\"margin-bottom:var(--wp--preset--spacing--h-3-bottom)\"><strong>Calidad inigualable, rendimiento insuperable<\/strong><\/h3>\n\n\n\n<p><strong><em>Presentamos el Evolve Carbon Series Soft Plyo Box Set<\/em><\/strong><\/p>\n\n\n\n<p style=\"margin-bottom:var(--wp--preset--spacing--tb-section-padding)\">Lo \u00faltimo para tu arsenal de fitness. Creado para atletas y entusiastas del fitness, este set est\u00e1 dise\u00f1ado para llevar su rutina de entrenamiento a nuevas cotas.<\/p>\n\n\n\n<h3 class=\"wp-block-heading\" style=\"margin-bottom:var(--wp--preset--spacing--h-3-bottom)\"><strong>Seguro, suave y resistente<\/strong><\/h3>\n\n\n\n<p><a href=\"https:\/\/www.merriam-webster.com\/dictionary\/down%20to%20the%20smallest\/last\/tiniest%20detail\" target=\"_blank\" rel=\"noreferrer noopener\">Hasta el m\u00e1s m\u00ednimo detalle<\/a><\/p>\n\n\n\n<p>Nuestras Plyo Boxes est\u00e1n dise\u00f1adas con un exclusivo n\u00facleo de espuma blanda que garantiza la m\u00e1xima seguridad durante los ejercicios de alta intensidad. \u00a1Desp\u00eddete del miedo a las rozaduras y las lesiones!<\/p>\n<\/div>\n\n\n\n<div class=\"wp-block-column is-vertically-aligned-center is-layout-flow wp-block-column-is-layout-flow\">\n<figure class=\"wp-block-video\"><video autoplay=\"\" controls=\"\" loop=\"\" muted=\"\" src=\"https:\/\/evolve-fitness.eu\/wp-content\/uploads\/2023\/12\/1-17.mp4\"><\/video><\/figure>\n<\/div>\n<\/div>\n\n\n\n<div class=\"wp-block-columns alignwide is-layout-flex wp-container-core-columns-is-layout-c45ee707 wp-block-columns-is-layout-flex\" style=\"margin-bottom:var(--wp--preset--spacing--side-padding);padding-top:var(--wp--preset--spacing--side-padding)\">\n<div class=\"wp-block-column is-vertically-aligned-center is-layout-flow wp-block-column-is-layout-flow\">\n<figure class=\"wp-block-video\"><video autoplay=\"\" controls=\"\" loop=\"\" muted=\"\" src=\"https:\/\/evolve-fitness.eu\/wp-content\/uploads\/2023\/12\/3-4.mp4\"><\/video><\/figure>\n<\/div>\n\n\n\n<div class=\"wp-block-column is-vertically-aligned-center is-layout-flow wp-block-column-is-layout-flow\">\n<h3 class=\"wp-block-heading\" style=\"margin-bottom:var(--wp--preset--spacing--h-3-bottom)\"><strong>Vers\u00e1til y funcional<\/strong><\/h3>\n\n\n\n<p><strong><em>con alturas variadas<\/em><\/strong><\/p>\n\n\n\n<p style=\"margin-bottom:var(--wp--preset--spacing--tb-section-padding)\">Este set es perfecto para una amplia gama de ejercicios, tanto para principiantes como para profesionales. Tanto si se trata de saltos de caja, step-ups o ejercicios pliom\u00e9tricos, estas cajas le tienen cubierto.<\/p>\n\n\n\n<h3 class=\"wp-block-heading\" style=\"margin-bottom:var(--wp--preset--spacing--h-3-bottom)\"><strong>Acabado de carbono duradero<\/strong><\/h3>\n\n\n\n<p><strong><em><strong><em>Fabricado para soportar los entrenamientos m\u00e1s duros<\/em><\/strong><\/em><\/strong><\/p>\n\n\n\n<p>Experimente el elegante y estilizado acabado en carbono, que no s\u00f3lo tiene un aspecto magn\u00edfico, sino que ofrece una durabilidad inigualable.<\/p>\n<\/div>\n<\/div>\n\n\n\n<div class=\"wp-block-columns alignwide are-vertically-aligned-center mobile-reverse is-layout-flex wp-container-core-columns-is-layout-e8158c2f wp-block-columns-is-layout-flex\" style=\"padding-top:var(--wp--preset--spacing--side-padding)\">\n<div class=\"wp-block-column is-vertically-aligned-center is-layout-flow wp-block-column-is-layout-flow\">\n<h3 class=\"wp-block-heading\" style=\"margin-bottom:var(--wp--preset--spacing--h-3-bottom)\"><strong>F\u00e1cil de limpiar y mantener<\/strong><\/h3>\n\n\n\n<p><strong><em>En carrocer\u00eda compacta<\/em><\/strong><\/p>\n\n\n\n<p style=\"margin-bottom:var(--wp--preset--spacing--tb-section-padding)\">La superficie f\u00e1cil de limpiar garantiza que su juego se mantenga higi\u00e9nico y de primera calidad, incluso con el uso m\u00e1s riguroso. Compacta y f\u00e1cil de apilar, la serie Evolve Carbon se adapta perfectamente a su gimnasio dom\u00e9stico o a sus instalaciones de entrenamiento profesional sin ocupar espacio innecesario.<\/p>\n<\/div>\n\n\n\n<div class=\"wp-block-column is-vertically-aligned-center is-layout-flow wp-block-column-is-layout-flow\">\n<figure class=\"wp-block-video\"><video autoplay=\"\" controls=\"\" loop=\"\" muted=\"\" src=\"https:\/\/evolve-fitness.eu\/wp-content\/uploads\/2023\/12\/4-2.mp4\"><\/video><\/figure>\n<\/div>\n<\/div>\n\n\n\n<div class=\"wp-block-columns alignwide are-vertically-aligned-center mobile-reverse is-layout-flex wp-container-core-columns-is-layout-e8158c2f wp-block-columns-is-layout-flex\" style=\"padding-top:var(--wp--preset--spacing--side-padding)\">\n<div class=\"wp-block-column is-vertically-aligned-center is-layout-flow wp-block-column-is-layout-flow\">\n<figure class=\"wp-block-video\"><video autoplay=\"\" controls=\"\" loop=\"\" muted=\"\" src=\"https:\/\/evolve-fitness.eu\/wp-content\/uploads\/2023\/12\/2-11.mp4\"><\/video><\/figure>\n<\/div>\n\n\n\n<div class=\"wp-block-column is-vertically-aligned-center is-layout-flow wp-block-column-is-layout-flow\">\n<h3 class=\"wp-block-heading\" style=\"margin-bottom:var(--wp--preset--spacing--h-3-bottom)\">Intensifique su juego<\/h3>\n\n\n\n<p><strong><em><strong><em>con el <strong>Evolve Carbon Series Soft Plyo Box Set<\/strong><\/em><\/strong><\/em><\/strong><\/p>\n\n\n\n<p style=\"margin-bottom:var(--wp--preset--spacing--tb-section-padding)\">Perfecto para CrossFit, HIIT, entrenamiento de fuerza y mucho m\u00e1s. Haga su pedido ahora y d\u00e9 el primer paso para evolucionar en su viaje hacia la forma f\u00edsica.<\/p>\n<\/div>\n<\/div>\n<\/section>\n","protected":false},"excerpt":{"rendered":"<p>Actualiza tu rutina de entrenamiento con el Evolve Carbon Series Soft Plyo Box Set. Estas elegantes cajas de PVC con dise\u00f1o Carbon ofrecen durabilidad y f\u00e1cil mantenimiento. Con un suave forro interior para reducir el impacto durante los ejercicios y alturas personalizables de 7,5 cm a 157,5 cm, son perfectas para entrenamientos din\u00e1micos y fisioterapia. Dise\u00f1adas para mayor seguridad, cuentan con espuma de alta densidad para una superficie de aterrizaje segura y vienen con costuras reforzadas, superficies antideslizantes y correas de velcro apilables. Tanto si es un usuario dom\u00e9stico como si dirige un gimnasio profesional, estas cajas de plyo a\u00f1adir\u00e1n versatilidad y estilo a su espacio de fitness. Eleva tus entrenamientos con Evolve.<\/p>\n","protected":false},"featured_media":96526,"template":"","meta":{"_acf_changed":false,"inline_featured_image":false},"product_cat":[432,574,576],"product_tag":[],"class_list":{"0":"post-38568","1":"product","2":"type-product","3":"status-publish","4":"has-post-thumbnail","6":"product_cat-pagina-de-inicio","7":"product_cat-transversal-y-funcional","8":"product_cat-equipamiento-funcional","10":"first","11":"instock","12":"shipping-taxable","13":"purchasable","14":"product-type-simple"},"acf":[],"_links":{"self":[{"href":"https:\/\/store.evolve-fitness.eu\/es\/wp-json\/wp\/v2\/product\/38568","targetHints":{"allow":["GET"]}}],"collection":[{"href":"https:\/\/store.evolve-fitness.eu\/es\/wp-json\/wp\/v2\/product"}],"about":[{"href":"https:\/\/store.evolve-fitness.eu\/es\/wp-json\/wp\/v2\/types\/product"}],"wp:featuredmedia":[{"embeddable":true,"href":"https:\/\/store.evolve-fitness.eu\/es\/wp-json\/wp\/v2\/media\/96526"}],"wp:attachment":[{"href":"https:\/\/store.evolve-fitness.eu\/es\/wp-json\/wp\/v2\/media?parent=38568"}],"wp:term":[{"taxonomy":"product_cat","embeddable":true,"href":"https:\/\/store.evolve-fitness.eu\/es\/wp-json\/wp\/v2\/product_cat?post=38568"},{"taxonomy":"product_tag","embeddable":true,"href":"https:\/\/store.evolve-fitness.eu\/es\/wp-json\/wp\/v2\/product_tag?post=38568"}],"curies":[{"name":"wp","href":"https:\/\/api.w.org\/{rel}","templated":true}]}}