{"id":37486,"date":"2024-01-09T14:07:18","date_gmt":"2024-01-09T14:07:18","guid":{"rendered":"https:\/\/store.evolve-fitness.eu\/product\/maquina-de-herreria-de-placas-cargadas-evolve-prime-series\/"},"modified":"2024-12-02T14:51:59","modified_gmt":"2024-12-02T14:51:59","slug":"maquina-de-herreria-de-placas-cargadas-evolve-prime-series","status":"publish","type":"product","link":"https:\/\/store.evolve-fitness.eu\/es\/producto\/maquina-de-herreria-de-placas-cargadas-evolve-prime-series\/","title":{"rendered":"M\u00e1quina Smith con carga de placas Evolve Prime Series, PR-222"},"content":{"rendered":"\n<p><\/p>\n\n<section class=\"wp-block-group alignfull black-content has-white-color has-darkgray-background-color has-text-color has-background is-layout-constrained wp-block-group-is-layout-constrained\" style=\"padding-top:var(--wp--preset--spacing--section-bottom);padding-bottom:var(--wp--preset--spacing--section-bottom)\">\n<h3 class=\"wp-block-heading has-text-align-center\" style=\"padding-top:var(--wp--preset--spacing--section-title-bottom);padding-bottom:var(--wp--preset--spacing--section-title-bottom)\"><strong>EVOLVE SERIE PRIME CARGADA CON PLACAS<\/strong><\/h3>\n\n\n\n<p>Con la serie Evolve Plate Loaded Prime, la excelencia es la norma.\nEleva tu entrenamiento de fuerza con m\u00e1quinas dise\u00f1adas para ofrecer comodidad, durabilidad y rendimiento.\nExplora hoy toda la l\u00ednea y redefine tu camino hacia el fitness.  <\/p>\n\n\n\n<section class=\"wp-block-group alignfull black-content has-white-color has-darkgray-background-color has-text-color has-background is-layout-constrained wp-block-group-is-layout-constrained\" style=\"margin-bottom:0;padding-top:var(--wp--preset--spacing--tb-padding);padding-bottom:var(--wp--preset--spacing--tb-padding)\">\n<div class=\"wp-block-columns alignwide mobile-reverse is-layout-flex wp-container-core-columns-is-layout-7a02faa9 wp-block-columns-is-layout-flex\" style=\"margin-bottom:var(--wp--preset--spacing--tb-section-padding)\">\n<div class=\"wp-block-column is-vertically-aligned-center is-layout-flow wp-block-column-is-layout-flow\">\n<h3 class=\"wp-block-heading\" style=\"margin-bottom:var(--wp--preset--spacing--h-3-bottom)\"><strong><strong><strong><strong>EXCELENCIA REDEFINIDA<\/strong><\/strong><\/strong><\/strong><\/h3>\n\n\n\n<p><strong><em><strong>Presentamos la serie Evolve Plate Loaded Prime<\/strong><\/em><\/strong><\/p>\n\n\n\n<p>Experimente el pin\u00e1culo del entrenamiento de fuerza con la serie Evolve Plate Loaded Prime. Cada m\u00e1quina de esta l\u00ednea est\u00e1 meticulosamente dise\u00f1ada para ofrecer una experiencia de entrenamiento superior, y he aqu\u00ed por qu\u00e9.<\/p>\n\n\n\n<h3 class=\"wp-block-heading\" style=\"margin-bottom:var(--wp--preset--spacing--h-3-bottom)\"><strong><strong>SOLUCIONES DE ALMACENAMIENTO<\/strong><\/strong><\/h3>\n\n\n\n<p><strong><em><strong>M\u00e1xima eficiencia espacial<\/strong><\/em><\/strong><\/p>\n\n\n\n<p>Mant\u00e9ngase organizado y maximice la eficiencia del espacio con <strong>las Perchas para Almacenamiento de Platos de Pesas<\/strong>. Mantenga sus platos al alcance de la mano, garantizando un entorno de entrenamiento libre de desorden.<\/p>\n<\/div>\n\n\n\n<div class=\"wp-block-column is-vertically-aligned-center is-layout-flow wp-block-column-is-layout-flow\">\n<figure class=\"wp-block-image size-full is-resized is-style-rounded\"><img loading=\"lazy\" decoding=\"async\" width=\"1315\" height=\"1980\" src=\"https:\/\/store.evolve-fitness.eu\/wp-content\/uploads\/2024\/05\/EV-PL-PR-222-Evolve-Prime-Series-Plate-Loaded-Smith-Machine-5.jpg\" alt=\"\" class=\"wp-image-64264\" style=\"aspect-ratio:1.1333333333333333;object-fit:cover;width:943px;height:auto\" srcset=\"https:\/\/store.evolve-fitness.eu\/wp-content\/uploads\/2024\/05\/EV-PL-PR-222-Evolve-Prime-Series-Plate-Loaded-Smith-Machine-5.jpg 1315w, https:\/\/store.evolve-fitness.eu\/wp-content\/uploads\/2024\/05\/EV-PL-PR-222-Evolve-Prime-Series-Plate-Loaded-Smith-Machine-5-199x300.jpg 199w, https:\/\/store.evolve-fitness.eu\/wp-content\/uploads\/2024\/05\/EV-PL-PR-222-Evolve-Prime-Series-Plate-Loaded-Smith-Machine-5-680x1024.jpg 680w, https:\/\/store.evolve-fitness.eu\/wp-content\/uploads\/2024\/05\/EV-PL-PR-222-Evolve-Prime-Series-Plate-Loaded-Smith-Machine-5-768x1156.jpg 768w, https:\/\/store.evolve-fitness.eu\/wp-content\/uploads\/2024\/05\/EV-PL-PR-222-Evolve-Prime-Series-Plate-Loaded-Smith-Machine-5-1020x1536.jpg 1020w, https:\/\/store.evolve-fitness.eu\/wp-content\/uploads\/2024\/05\/EV-PL-PR-222-Evolve-Prime-Series-Plate-Loaded-Smith-Machine-5-600x903.jpg 600w\" sizes=\"auto, (max-width: 1315px) 100vw, 1315px\" \/><\/figure>\n<\/div>\n<\/div>\n\n\n\n<div class=\"wp-block-columns alignwide mobile-reverse is-layout-flex wp-container-core-columns-is-layout-7a02faa9 wp-block-columns-is-layout-flex\" style=\"margin-bottom:var(--wp--preset--spacing--tb-section-padding)\">\n<div class=\"wp-block-column is-vertically-aligned-center is-layout-flow wp-block-column-is-layout-flow\">\n<figure class=\"wp-block-image alignleft size-full is-resized is-style-rounded\"><img loading=\"lazy\" decoding=\"async\" width=\"1980\" height=\"1320\" src=\"https:\/\/store.evolve-fitness.eu\/wp-content\/uploads\/2024\/05\/EV-PL-PR-222-Evolve-Prime-Series-Plate-Loaded-Smith-Machine-8.jpg\" alt=\"\" class=\"wp-image-64289\" style=\"aspect-ratio:1.1333333333333333;object-fit:cover;width:872px;height:auto\" srcset=\"https:\/\/store.evolve-fitness.eu\/wp-content\/uploads\/2024\/05\/EV-PL-PR-222-Evolve-Prime-Series-Plate-Loaded-Smith-Machine-8.jpg 1980w, https:\/\/store.evolve-fitness.eu\/wp-content\/uploads\/2024\/05\/EV-PL-PR-222-Evolve-Prime-Series-Plate-Loaded-Smith-Machine-8-300x200.jpg 300w, https:\/\/store.evolve-fitness.eu\/wp-content\/uploads\/2024\/05\/EV-PL-PR-222-Evolve-Prime-Series-Plate-Loaded-Smith-Machine-8-1024x683.jpg 1024w, https:\/\/store.evolve-fitness.eu\/wp-content\/uploads\/2024\/05\/EV-PL-PR-222-Evolve-Prime-Series-Plate-Loaded-Smith-Machine-8-768x512.jpg 768w, https:\/\/store.evolve-fitness.eu\/wp-content\/uploads\/2024\/05\/EV-PL-PR-222-Evolve-Prime-Series-Plate-Loaded-Smith-Machine-8-1536x1024.jpg 1536w, https:\/\/store.evolve-fitness.eu\/wp-content\/uploads\/2024\/05\/EV-PL-PR-222-Evolve-Prime-Series-Plate-Loaded-Smith-Machine-8-600x400.jpg 600w\" sizes=\"auto, (max-width: 1980px) 100vw, 1980px\" \/><\/figure>\n<\/div>\n\n\n\n<div class=\"wp-block-column is-vertically-aligned-center is-layout-flow wp-block-column-is-layout-flow\">\n<h3 class=\"wp-block-heading\" style=\"margin-bottom:var(--wp--preset--spacing--h-3-bottom)\"><strong><strong><br\/><strong><strong>COMPROMISO MUSCULAR ESPEC\u00cdFICO<\/strong><\/strong><\/strong><\/strong><\/h3>\n\n\n\n<p><strong>Botones de ajuste f\u00e1ciles de usar en amarillo vibrante<\/strong><\/p>\n\n\n\n<p>Para quienes buscan versatilidad, algunas m\u00e1quinas de la serie Prime ofrecen <strong>movimiento unilateral de brazos<\/strong>. Esta funci\u00f3n le permite centrarse en grupos musculares espec\u00edficos de forma eficaz, lo que le permite personalizar su r\u00e9gimen de entrenamiento.<\/p>\n<\/div>\n<\/div>\n\n\n\n<div class=\"wp-block-columns alignwide mobile-reverse is-layout-flex wp-container-core-columns-is-layout-035fa626 wp-block-columns-is-layout-flex\" style=\"margin-bottom:var(--wp--preset--spacing--side-padding);padding-top:var(--wp--preset--spacing--tb-padding);padding-bottom:var(--wp--preset--spacing--tb-padding)\">\n<div class=\"wp-block-column is-vertically-aligned-center is-layout-flow wp-block-column-is-layout-flow\">\n<h3 class=\"wp-block-heading\" style=\"margin-bottom:var(--wp--preset--spacing--h-3-bottom)\"><strong><strong><strong><strong><strong><strong><strong><strong>ENTRENAMIENTOS SIN COMPLICACIONES<\/strong><\/strong><\/strong><\/strong><\/strong><\/strong><\/strong><\/strong><\/h3>\n\n\n\n<p><strong><em><strong>Marco abierto para facilitar el acceso<\/strong><\/em><\/strong><\/p>\n\n\n\n<p style=\"margin-bottom:var(--wp--preset--spacing--tb-section-padding)\">El dise\u00f1o Open Frame de nuestras m\u00e1quinas garantiza un f\u00e1cil acceso, lo que le permite pasar de un ejercicio a otro sin problemas. Diga adi\u00f3s a las molestias innecesarias y c\u00e9ntrese en su entrenamiento.<\/p>\n\n\n\n<h3 class=\"wp-block-heading\" style=\"margin-bottom:var(--wp--preset--spacing--h-3-bottom)\"><strong><strong><strong><strong><strong><strong><strong><strong><strong><strong><br\/><strong><strong>RENDIMIENTO DURADERO<\/strong><\/strong><\/strong><\/strong><\/strong><\/strong><\/strong><\/strong><\/strong><\/strong><\/strong><\/strong><\/h3>\n\n\n\n<p><strong><em><strong>Piel de PU resistente de primera calidad<\/strong><\/em><\/strong><\/p>\n\n\n\n<p>Nuestro equipo cuenta con <strong>cuero PU de primera calidad y alta resistencia<\/strong>, dise\u00f1ado para soportar incluso los entrenamientos m\u00e1s duros. No s\u00f3lo tiene un aspecto estupendo, sino que tambi\u00e9n ofrece un rendimiento duradero.<\/p>\n<\/div>\n\n\n\n<div class=\"wp-block-column is-vertically-aligned-center is-layout-flow wp-block-column-is-layout-flow\">\n<figure class=\"wp-block-image size-full is-resized is-style-rounded\"><img loading=\"lazy\" decoding=\"async\" width=\"1980\" height=\"1320\" src=\"https:\/\/store.evolve-fitness.eu\/wp-content\/uploads\/2024\/05\/EV-PL-PR-222-Evolve-Prime-Series-Plate-Loaded-Smith-Machine-1.jpg\" alt=\"\" class=\"wp-image-64314\" style=\"aspect-ratio:1.1333333333333333;object-fit:cover;width:859px;height:auto\" srcset=\"https:\/\/store.evolve-fitness.eu\/wp-content\/uploads\/2024\/05\/EV-PL-PR-222-Evolve-Prime-Series-Plate-Loaded-Smith-Machine-1.jpg 1980w, https:\/\/store.evolve-fitness.eu\/wp-content\/uploads\/2024\/05\/EV-PL-PR-222-Evolve-Prime-Series-Plate-Loaded-Smith-Machine-1-300x200.jpg 300w, https:\/\/store.evolve-fitness.eu\/wp-content\/uploads\/2024\/05\/EV-PL-PR-222-Evolve-Prime-Series-Plate-Loaded-Smith-Machine-1-1024x683.jpg 1024w, https:\/\/store.evolve-fitness.eu\/wp-content\/uploads\/2024\/05\/EV-PL-PR-222-Evolve-Prime-Series-Plate-Loaded-Smith-Machine-1-768x512.jpg 768w, https:\/\/store.evolve-fitness.eu\/wp-content\/uploads\/2024\/05\/EV-PL-PR-222-Evolve-Prime-Series-Plate-Loaded-Smith-Machine-1-1536x1024.jpg 1536w, https:\/\/store.evolve-fitness.eu\/wp-content\/uploads\/2024\/05\/EV-PL-PR-222-Evolve-Prime-Series-Plate-Loaded-Smith-Machine-1-600x400.jpg 600w\" sizes=\"auto, (max-width: 1980px) 100vw, 1980px\" \/><\/figure>\n<\/div>\n<\/div>\n\n\n\n<div class=\"wp-block-columns alignwide mobile-reverse is-layout-flex wp-container-core-columns-is-layout-7a02faa9 wp-block-columns-is-layout-flex\" style=\"margin-bottom:var(--wp--preset--spacing--tb-section-padding)\">\n<div class=\"wp-block-column is-vertically-aligned-center is-layout-flow wp-block-column-is-layout-flow\">\n<figure class=\"wp-block-image alignleft size-full is-resized is-style-rounded\"><img loading=\"lazy\" decoding=\"async\" width=\"1980\" height=\"1320\" src=\"https:\/\/store.evolve-fitness.eu\/wp-content\/uploads\/2024\/05\/EV-PL-PR-222-Evolve-Prime-Series-Plate-Loaded-Smith-Machine-3.jpg\" alt=\"\" class=\"wp-image-64339\" style=\"aspect-ratio:1.1333333333333333;object-fit:cover;width:872px;height:auto\" srcset=\"https:\/\/store.evolve-fitness.eu\/wp-content\/uploads\/2024\/05\/EV-PL-PR-222-Evolve-Prime-Series-Plate-Loaded-Smith-Machine-3.jpg 1980w, https:\/\/store.evolve-fitness.eu\/wp-content\/uploads\/2024\/05\/EV-PL-PR-222-Evolve-Prime-Series-Plate-Loaded-Smith-Machine-3-300x200.jpg 300w, https:\/\/store.evolve-fitness.eu\/wp-content\/uploads\/2024\/05\/EV-PL-PR-222-Evolve-Prime-Series-Plate-Loaded-Smith-Machine-3-1024x683.jpg 1024w, https:\/\/store.evolve-fitness.eu\/wp-content\/uploads\/2024\/05\/EV-PL-PR-222-Evolve-Prime-Series-Plate-Loaded-Smith-Machine-3-768x512.jpg 768w, https:\/\/store.evolve-fitness.eu\/wp-content\/uploads\/2024\/05\/EV-PL-PR-222-Evolve-Prime-Series-Plate-Loaded-Smith-Machine-3-1536x1024.jpg 1536w, https:\/\/store.evolve-fitness.eu\/wp-content\/uploads\/2024\/05\/EV-PL-PR-222-Evolve-Prime-Series-Plate-Loaded-Smith-Machine-3-600x400.jpg 600w\" sizes=\"auto, (max-width: 1980px) 100vw, 1980px\" \/><\/figure>\n<\/div>\n\n\n\n<div class=\"wp-block-column is-vertically-aligned-center is-layout-flow wp-block-column-is-layout-flow\">\n<h3 class=\"wp-block-heading\" style=\"margin-bottom:var(--wp--preset--spacing--h-3-bottom)\"><strong><strong><br\/><strong><strong><br\/><strong>ACABADO DURADERO<\/strong><\/strong><\/strong><\/strong><\/strong><\/h3>\n\n\n\n<p><strong><em><strong>Tecnolog\u00eda de pulverizaci\u00f3n electrost\u00e1tica de polvos termoestables<\/strong><\/em><\/strong><\/p>\n\n\n\n<p>Experimente un acabado duradero con nuestra <strong>tecnolog\u00eda de pulverizaci\u00f3n electrost\u00e1tica de polvos termoendurecibles<\/strong>. Este revestimiento avanzado garantiza que su equipo conserve su atractivo visual con el paso del tiempo.<\/p>\n\n\n\n<h3 class=\"wp-block-heading\" style=\"margin-bottom:var(--wp--preset--spacing--h-3-bottom)\"><strong><strong><strong><strong><br\/><strong><strong><strong>CONSTRUIDO PARA DURAR<\/strong><\/strong><\/strong><\/strong><\/strong><\/strong><\/strong><\/h3>\n\n\n\n<p><strong><em><strong>Tornillos y tuercas de acero inoxidable<\/strong><\/em><\/strong><\/p>\n\n\n\n<p>La serie Prime est\u00e1 construida para durar, con todos los tornillos y tuercas de <strong>acero inoxidable<\/strong>. Esta construcci\u00f3n de calidad garantiza la longevidad de tu equipo.<\/p>\n<\/div>\n<\/div>\n<\/section>\n<\/section>\n","protected":false},"excerpt":{"rendered":"<p>La m\u00e1quina Smith con carga de placas Evolve Prime Series combina ingenier\u00eda de precisi\u00f3n con un dise\u00f1o avanzado para ofrecer una experiencia de entrenamiento de fuerza vers\u00e1til y eficaz. Esta m\u00e1quina Smith se ha fabricado pensando en la durabilidad, con una construcci\u00f3n resistente y un acabado con recubrimiento en polvo para un rendimiento duradero. El movimiento suave y controlado de la barra, guiado por los cojinetes lineales, permite realizar ejercicios seguros y eficaces, como sentadillas, prensas, etc. Con su dise\u00f1o f\u00e1cil de usar y su calidad de construcci\u00f3n superior, esta m\u00e1quina Smith es imprescindible para cualquier gimnasio o centro de fitness que busque equipos de primera categor\u00eda para un r\u00e9gimen completo de entrenamiento de fuerza.<\/p>\n","protected":false},"featured_media":100271,"template":"","meta":{"_acf_changed":false,"inline_featured_image":false},"product_cat":[432,754,1207],"product_tag":[],"class_list":{"0":"post-37486","1":"product","2":"type-product","3":"status-publish","4":"has-post-thumbnail","6":"product_cat-pagina-de-inicio","7":"product_cat-maquinas-de-carga-de-placas","8":"product_cat-prime-series-placa-cargada","10":"first","11":"outofstock","12":"shipping-taxable","13":"purchasable","14":"product-type-simple"},"acf":[],"_links":{"self":[{"href":"https:\/\/store.evolve-fitness.eu\/es\/wp-json\/wp\/v2\/product\/37486","targetHints":{"allow":["GET"]}}],"collection":[{"href":"https:\/\/store.evolve-fitness.eu\/es\/wp-json\/wp\/v2\/product"}],"about":[{"href":"https:\/\/store.evolve-fitness.eu\/es\/wp-json\/wp\/v2\/types\/product"}],"wp:featuredmedia":[{"embeddable":true,"href":"https:\/\/store.evolve-fitness.eu\/es\/wp-json\/wp\/v2\/media\/100271"}],"wp:attachment":[{"href":"https:\/\/store.evolve-fitness.eu\/es\/wp-json\/wp\/v2\/media?parent=37486"}],"wp:term":[{"taxonomy":"product_cat","embeddable":true,"href":"https:\/\/store.evolve-fitness.eu\/es\/wp-json\/wp\/v2\/product_cat?post=37486"},{"taxonomy":"product_tag","embeddable":true,"href":"https:\/\/store.evolve-fitness.eu\/es\/wp-json\/wp\/v2\/product_tag?post=37486"}],"curies":[{"name":"wp","href":"https:\/\/api.w.org\/{rel}","templated":true}]}}