{"id":37381,"date":"2024-01-09T13:04:28","date_gmt":"2024-01-09T13:04:28","guid":{"rendered":"https:\/\/store.evolve-fitness.eu\/product\/rack-de-potencia-con-carga-de-placas-evolve-prime-series\/"},"modified":"2024-05-27T12:21:15","modified_gmt":"2024-05-27T12:21:15","slug":"rack-de-potencia-con-carga-de-placas-evolve-prime-series","status":"publish","type":"product","link":"https:\/\/store.evolve-fitness.eu\/es\/producto\/rack-de-potencia-con-carga-de-placas-evolve-prime-series\/","title":{"rendered":"Evolve Prime Series Cremallera de potencia con carga de placas"},"content":{"rendered":"\n<p> <\/p>\n","protected":false},"excerpt":{"rendered":"<p>El Evolve Prime Series Plate Loaded Power Rack PR-202 es una adici\u00f3n robusta y vers\u00e1til a su espacio de gimnasio. Dise\u00f1ado para un entrenamiento de fuerza m\u00e1ximo, este rack de potencia ofrece un entorno de entrenamiento seguro y personalizable. Con funcionalidad de carga por placas, proporciona la flexibilidad necesaria para ajustar los niveles de resistencia seg\u00fan las preferencias individuales. La construcci\u00f3n duradera garantiza un rendimiento duradero, y la PR-202 est\u00e1 equipada con varios accesorios para una experiencia de entrenamiento de fuerza completa. Eleve sus entrenamientos y alcance sus objetivos de fitness con el Evolve Prime Series Plate Loaded Power Rack PR-202.<\/p>\n","protected":false},"featured_media":37382,"template":"","meta":{"_acf_changed":false,"inline_featured_image":false},"product_cat":[],"product_tag":[],"class_list":{"0":"post-37381","1":"product","2":"type-product","3":"status-publish","4":"has-post-thumbnail","7":"first","8":"instock","9":"shipping-taxable","10":"purchasable","11":"product-type-simple"},"acf":[],"_links":{"self":[{"href":"https:\/\/store.evolve-fitness.eu\/es\/wp-json\/wp\/v2\/product\/37381","targetHints":{"allow":["GET"]}}],"collection":[{"href":"https:\/\/store.evolve-fitness.eu\/es\/wp-json\/wp\/v2\/product"}],"about":[{"href":"https:\/\/store.evolve-fitness.eu\/es\/wp-json\/wp\/v2\/types\/product"}],"wp:featuredmedia":[{"embeddable":true,"href":"https:\/\/store.evolve-fitness.eu\/es\/wp-json\/wp\/v2\/media\/37382"}],"wp:attachment":[{"href":"https:\/\/store.evolve-fitness.eu\/es\/wp-json\/wp\/v2\/media?parent=37381"}],"wp:term":[{"taxonomy":"product_cat","embeddable":true,"href":"https:\/\/store.evolve-fitness.eu\/es\/wp-json\/wp\/v2\/product_cat?post=37381"},{"taxonomy":"product_tag","embeddable":true,"href":"https:\/\/store.evolve-fitness.eu\/es\/wp-json\/wp\/v2\/product_tag?post=37381"}],"curies":[{"name":"wp","href":"https:\/\/api.w.org\/{rel}","templated":true}]}}