{"id":37360,"date":"2024-01-09T13:41:44","date_gmt":"2024-01-09T13:41:44","guid":{"rendered":"https:\/\/store.evolve-fitness.eu\/product\/rack-de-sentadillas-de-placas-evolve-prime-series\/"},"modified":"2025-11-06T09:36:07","modified_gmt":"2025-11-06T09:36:07","slug":"rack-de-sentadillas-de-placas-evolve-prime-series","status":"publish","type":"product","link":"https:\/\/store.evolve-fitness.eu\/es\/producto\/rack-de-sentadillas-de-placas-evolve-prime-series\/","title":{"rendered":"Estanter\u00eda para sentadillas con placas Evolve Prime Series (EC-031)"},"content":{"rendered":"\n<p><\/p>\n\n<section class=\"wp-block-group alignfull black-content has-white-color has-darkgray-background-color has-text-color has-background is-layout-constrained wp-block-group-is-layout-constrained\" style=\"padding-top:var(--wp--preset--spacing--section-bottom);padding-bottom:var(--wp--preset--spacing--section-bottom)\">\n<h3 class=\"wp-block-heading has-text-align-center\" style=\"padding-top:var(--wp--preset--spacing--section-title-bottom);padding-bottom:var(--wp--preset--spacing--section-title-bottom)\"><strong>EVOLVE SERIE PRIME CARGADA CON PLACAS<\/strong><\/h3>\n\n\n\n<p>Con la serie Evolve Plate Loaded Prime, la excelencia es el est\u00e1ndar. Eleve su entrenamiento de fuerza con m\u00e1quinas dise\u00f1adas para ofrecer comodidad, durabilidad y rendimiento. Explore hoy mismo toda la l\u00ednea y redefina su camino hacia la forma f\u00edsica.  <\/p>\n\n\n\n<section class=\"wp-block-group alignfull black-content has-white-color has-darkgray-background-color has-text-color has-background is-layout-constrained wp-block-group-is-layout-constrained\" style=\"margin-bottom:0;padding-top:var(--wp--preset--spacing--tb-padding);padding-bottom:var(--wp--preset--spacing--tb-padding)\">\n<div class=\"wp-block-columns alignwide mobile-reverse is-layout-flex wp-container-core-columns-is-layout-7a02faa9 wp-block-columns-is-layout-flex\" style=\"margin-bottom:var(--wp--preset--spacing--tb-section-padding)\">\n<div class=\"wp-block-column is-vertically-aligned-center is-layout-flow wp-block-column-is-layout-flow\">\n<h3 class=\"wp-block-heading\" style=\"margin-bottom:var(--wp--preset--spacing--h-3-bottom)\"><strong>Maximiza la fuerza y la potencia<\/strong><\/h3>\n\n\n\n<p><strong><em><strong>Elevadores pesados<\/strong><\/em><\/strong><\/p>\n\n\n\n<p style=\"margin-bottom:var(--wp--preset--spacing--tb-section-padding)\">El <strong>soporte para sentadillas con carga de placas de la serie Evolve Prime<\/strong> es un equipo esencial para el entrenamiento de fuerza serio. Dise\u00f1ado para resistencia con carga de placas, ofrece una plataforma robusta y estable para realizar sentadillas, estocadas y diversos ejercicios de la parte inferior del cuerpo. Con su construcci\u00f3n duradera y dise\u00f1o ergon\u00f3mico, este soporte para sentadillas ayuda a los usuarios a desarrollar potencia explosiva, aumentar la masa muscular y mejorar el rendimiento atl\u00e9tico general.  <\/p>\n\n\n\n<h3 class=\"wp-block-heading\" style=\"margin-bottom:var(--wp--preset--spacing--h-3-bottom)\"><strong>Dir\u00edgete a los grupos musculares clave<\/strong><\/h3>\n\n\n\n<p><strong><em><strong>para el desarrollo total de la parte inferior del cuerpo<\/strong><\/em><\/strong><\/p>\n\n\n\n<p>Las sentadillas y otros ejercicios realizados en este soporte se dirigen principalmente a los <strong>cu\u00e1driceps, isquiotibiales, gl\u00fateos y gemelos<\/strong>, lo que la convierte en una herramienta fundamental para el desarrollo de la fuerza de la parte inferior del cuerpo. Adem\u00e1s, las sentadillas implican a los <g id=\"gid_1\">m\u00fasculos centrales<\/g>, incluidos los abdominales y los lumbares, para mejorar la estabilidad y el equilibrio. Ajustando tu postura o incorporando distintas variaciones, como sentadillas frontales o estocadas, puedes centrarte en grupos musculares espec\u00edficos y desarrollar un f\u00edsico completo.  <\/p>\n<\/div>\n\n\n\n<div class=\"wp-block-column is-vertically-aligned-center is-layout-flow wp-block-column-is-layout-flow\">\n<figure class=\"wp-block-image size-full is-resized is-style-rounded\"><img loading=\"lazy\" decoding=\"async\" width=\"608\" height=\"603\" src=\"https:\/\/store.evolve-fitness.eu\/wp-content\/uploads\/2024\/01\/EV-PL-EC-031.png\" alt=\"\" class=\"wp-image-127854\" style=\"aspect-ratio:1.1333333333333333;object-fit:cover;width:661px;height:auto\" srcset=\"https:\/\/store.evolve-fitness.eu\/wp-content\/uploads\/2024\/01\/EV-PL-EC-031.png 608w, https:\/\/store.evolve-fitness.eu\/wp-content\/uploads\/2024\/01\/EV-PL-EC-031-300x298.png 300w, https:\/\/store.evolve-fitness.eu\/wp-content\/uploads\/2024\/01\/EV-PL-EC-031-150x150.png 150w, https:\/\/store.evolve-fitness.eu\/wp-content\/uploads\/2024\/01\/EV-PL-EC-031-600x595.png 600w, https:\/\/store.evolve-fitness.eu\/wp-content\/uploads\/2024\/01\/EV-PL-EC-031-100x100.png 100w\" sizes=\"auto, (max-width: 608px) 100vw, 608px\" \/><\/figure>\n<\/div>\n<\/div>\n\n\n\n<div class=\"wp-block-columns alignwide mobile-reverse is-layout-flex wp-container-core-columns-is-layout-7a02faa9 wp-block-columns-is-layout-flex\" style=\"margin-bottom:var(--wp--preset--spacing--tb-section-padding)\"><\/div>\n<\/section>\n<\/section>\n","protected":false},"excerpt":{"rendered":"<p>Eleva tu gimnasio con el soporte para sentadillas cargado con placas EV-PL-EC-031 de la serie Evolve Prime. Dise\u00f1ado para entornos comerciales, este soporte para sentadillas combina durabilidad y seguridad. Su robusto armaz\u00f3n de acero y sus caracter\u00edsticas de seguridad, incluidos los topes de seguridad integrados y las patas blandas recubiertas de PVC, garantizan entrenamientos en solitario seguros. Con cinco posiciones ajustables, es vers\u00e1til para diversos ejercicios, y es compatible con bancos ajustables. Incluso puedes personalizar el color para que combine con la marca de tu gimnasio. Este soporte ofrece comodidad con seis clavijas de almacenamiento de placas de pesas y 20 puntos de fijaci\u00f3n de barras. Mejora tu entrenamiento de fuerza con el soporte para sentadillas Evolve Serie Prime.      <\/p>\n","protected":false},"featured_media":140444,"template":"","meta":{"_acf_changed":false,"inline_featured_image":false},"product_cat":[754,1179],"product_tag":[],"class_list":{"0":"post-37360","1":"product","2":"type-product","3":"status-publish","4":"has-post-thumbnail","6":"product_cat-maquinas-de-carga-de-placas","7":"product_cat-econ-series-placa-cargada","9":"first","10":"instock","11":"shipping-taxable","12":"purchasable","13":"product-type-simple"},"acf":[],"_links":{"self":[{"href":"https:\/\/store.evolve-fitness.eu\/es\/wp-json\/wp\/v2\/product\/37360","targetHints":{"allow":["GET"]}}],"collection":[{"href":"https:\/\/store.evolve-fitness.eu\/es\/wp-json\/wp\/v2\/product"}],"about":[{"href":"https:\/\/store.evolve-fitness.eu\/es\/wp-json\/wp\/v2\/types\/product"}],"wp:featuredmedia":[{"embeddable":true,"href":"https:\/\/store.evolve-fitness.eu\/es\/wp-json\/wp\/v2\/media\/140444"}],"wp:attachment":[{"href":"https:\/\/store.evolve-fitness.eu\/es\/wp-json\/wp\/v2\/media?parent=37360"}],"wp:term":[{"taxonomy":"product_cat","embeddable":true,"href":"https:\/\/store.evolve-fitness.eu\/es\/wp-json\/wp\/v2\/product_cat?post=37360"},{"taxonomy":"product_tag","embeddable":true,"href":"https:\/\/store.evolve-fitness.eu\/es\/wp-json\/wp\/v2\/product_tag?post=37360"}],"curies":[{"name":"wp","href":"https:\/\/api.w.org\/{rel}","templated":true}]}}