{"id":36083,"date":"2024-01-09T10:35:20","date_gmt":"2024-01-09T10:35:20","guid":{"rendered":"https:\/\/store.evolve-fitness.eu\/product\/curl-de-biceps-selectorizado-evolve-prime-series\/"},"modified":"2024-06-05T12:18:45","modified_gmt":"2024-06-05T12:18:45","slug":"curl-de-biceps-selectorizado-evolve-prime-series","status":"publish","type":"product","link":"https:\/\/store.evolve-fitness.eu\/es\/producto\/curl-de-biceps-selectorizado-evolve-prime-series\/","title":{"rendered":"Curl de b\u00edceps selectorizado Evolve Prime Series"},"content":{"rendered":"\n<section class=\"wp-block-group alignfull black-content has-white-color has-darkgray-background-color has-text-color has-background is-layout-constrained wp-block-group-is-layout-constrained\" style=\"padding-top:var(--wp--preset--spacing--section-bottom);padding-bottom:var(--wp--preset--spacing--section-bottom)\">\n<section class=\"wp-block-group alignfull black-content has-white-color has-darkgray-background-color has-text-color has-background is-layout-constrained wp-block-group-is-layout-constrained\" style=\"padding-top:var(--wp--preset--spacing--section-bottom);padding-bottom:var(--wp--preset--spacing--section-bottom)\">\n<div class=\"wp-block-columns alignwide mobile-reverse is-layout-flex wp-container-core-columns-is-layout-ca64bf2d wp-block-columns-is-layout-flex\" style=\"margin-bottom:var(--wp--preset--spacing--side-padding)\">\n<div class=\"wp-block-column is-vertically-aligned-center is-layout-flow wp-block-column-is-layout-flow\">\n<h3 class=\"wp-block-heading\" style=\"margin-bottom:var(--wp--preset--spacing--h-3-bottom)\">Revolucione sus entrenamientos<\/h3>\n\n\n\n<p><em><strong>M\u00e1quinas selectorizadas de la serie Evolve Prime<\/strong><\/em><\/p>\n\n\n\n<p style=\"margin-bottom:var(--wp--preset--spacing--tb-section-padding)\">Mejore su condici\u00f3n f\u00edsica con las m\u00e1quinas selectorizadas Evolve Prime Series. Dise\u00f1adas para entrenamientos eficaces, estas m\u00e1quinas ofrecen una serie de funciones para mejorar su rutina de ejercicios. Con asientos y respaldos ajustables, los usuarios pueden personalizar sus posiciones de entrenamiento para obtener la m\u00e1xima comodidad. Las m\u00e1quinas cuentan con un bastidor ovalado excepcionalmente duradero, que proporciona tanto un dise\u00f1o elegante como una longevidad adecuada para entornos comerciales. Una c\u00f3moda base tapizada garantiza la estabilidad durante sus entrenamientos, mientras que las asas antideslizantes, el dise\u00f1o de torre de perfil bajo, el tama\u00f1o compacto y los colores personalizables del armaz\u00f3n y la tapicer\u00eda a\u00f1aden un toque de estilo a su gimnasio. Descubre el movimiento unilateral y los brazos de eje convergente que proporcionan una experiencia de entrenamiento natural y equilibrada.<\/p>\n\n\n\n<h3 class=\"wp-block-heading\" style=\"margin-bottom:var(--wp--preset--spacing--h-3-bottom)\">Excelencia ergon\u00f3mica<\/h3>\n\n\n\n<p><strong><em>A la medida de su cuerpo<\/em><\/strong><\/p>\n\n\n\n<p>Nuestras m\u00e1quinas de fuerza selectorizadas cuentan con un dise\u00f1o ergon\u00f3mico que se adapta a la anatom\u00eda del cuerpo humano. Esto garantiza la correcta posici\u00f3n del cuerpo y estabiliza las articulaciones durante el entrenamiento. Las asas est\u00e1n recubiertas de un material antideslizante que garantiza la m\u00e1xima estabilidad y seguridad en el entrenamiento. Los asientos y respaldos ajustables permiten a los usuarios encontrar la posici\u00f3n de entrenamiento perfecta que se adapte a sus necesidades individuales. Las empu\u00f1aduras de ajuste, pintadas en un llamativo color rojo, son f\u00e1ciles de identificar y de usar.<\/p>\n<\/div>\n\n\n\n<div class=\"wp-block-column is-vertically-aligned-center is-layout-flow wp-block-column-is-layout-flow\">\n<figure class=\"wp-block-image size-full is-resized is-style-rounded\"><img loading=\"lazy\" decoding=\"async\" width=\"810\" height=\"810\" src=\"https:\/\/store.evolve-fitness.eu\/wp-content\/uploads\/2024\/06\/Dizainas-be-pavadinimo-24.png\" alt=\"\" class=\"wp-image-72000\" style=\"width:1200px;height:auto\" srcset=\"https:\/\/store.evolve-fitness.eu\/wp-content\/uploads\/2024\/06\/Dizainas-be-pavadinimo-24.png 810w, https:\/\/store.evolve-fitness.eu\/wp-content\/uploads\/2024\/06\/Dizainas-be-pavadinimo-24-300x300.png 300w, https:\/\/store.evolve-fitness.eu\/wp-content\/uploads\/2024\/06\/Dizainas-be-pavadinimo-24-150x150.png 150w, https:\/\/store.evolve-fitness.eu\/wp-content\/uploads\/2024\/06\/Dizainas-be-pavadinimo-24-768x768.png 768w, https:\/\/store.evolve-fitness.eu\/wp-content\/uploads\/2024\/06\/Dizainas-be-pavadinimo-24-600x600.png 600w, https:\/\/store.evolve-fitness.eu\/wp-content\/uploads\/2024\/06\/Dizainas-be-pavadinimo-24-100x100.png 100w\" sizes=\"auto, (max-width: 810px) 100vw, 810px\" \/><\/figure>\n<\/div>\n<\/div>\n<\/section>\n\n\n\n<section class=\"wp-block-group alignfull black-content has-white-color has-darkgray-background-color has-text-color has-background is-layout-constrained wp-block-group-is-layout-constrained\" style=\"padding-top:var(--wp--preset--spacing--section-bottom);padding-bottom:var(--wp--preset--spacing--section-bottom)\">\n<div class=\"wp-block-columns alignwide mobile-reverse is-layout-flex wp-container-core-columns-is-layout-ca64bf2d wp-block-columns-is-layout-flex\" style=\"margin-bottom:var(--wp--preset--spacing--side-padding)\">\n<div class=\"wp-block-column is-vertically-aligned-center is-layout-flow wp-block-column-is-layout-flow\">\n<figure class=\"wp-block-image size-full is-resized\"><img loading=\"lazy\" decoding=\"async\" width=\"810\" height=\"810\" src=\"https:\/\/store.evolve-fitness.eu\/wp-content\/uploads\/2024\/06\/Dizainas-be-pavadinimo-24-1.png\" alt=\"\" class=\"wp-image-72026\" style=\"width:1078px;height:auto\" srcset=\"https:\/\/store.evolve-fitness.eu\/wp-content\/uploads\/2024\/06\/Dizainas-be-pavadinimo-24-1.png 810w, https:\/\/store.evolve-fitness.eu\/wp-content\/uploads\/2024\/06\/Dizainas-be-pavadinimo-24-1-300x300.png 300w, https:\/\/store.evolve-fitness.eu\/wp-content\/uploads\/2024\/06\/Dizainas-be-pavadinimo-24-1-150x150.png 150w, https:\/\/store.evolve-fitness.eu\/wp-content\/uploads\/2024\/06\/Dizainas-be-pavadinimo-24-1-768x768.png 768w, https:\/\/store.evolve-fitness.eu\/wp-content\/uploads\/2024\/06\/Dizainas-be-pavadinimo-24-1-600x600.png 600w, https:\/\/store.evolve-fitness.eu\/wp-content\/uploads\/2024\/06\/Dizainas-be-pavadinimo-24-1-100x100.png 100w\" sizes=\"auto, (max-width: 810px) 100vw, 810px\" \/><\/figure>\n<\/div>\n\n\n\n<div class=\"wp-block-column is-vertically-aligned-center is-layout-flow wp-block-column-is-layout-flow\">\n<h3 class=\"wp-block-heading\" style=\"margin-bottom:var(--wp--preset--spacing--h-3-bottom)\">Seguridad y sencillez<\/h3>\n\n\n\n<p><strong><em>Ajustes sin esfuerzo<\/em><\/strong><\/p>\n\n\n\n<p style=\"margin-bottom:var(--wp--preset--spacing--tb-section-padding)\">La seguridad es primordial, por lo que las pilas de pesas de todas las m\u00e1quinas de musculaci\u00f3n selectorizadas est\u00e1n totalmente cubiertas con tapas de pl\u00e1stico opaco. Esto no s\u00f3lo aumenta la seguridad en el entrenamiento, sino que tambi\u00e9n ofrece un aspecto atractivo. Cambiar la resistencia es pan comido: basta con deslizar el pasador en la pila de pesas deseada. Cada plato de pesas est\u00e1 protegido por una capa adicional resistente a la corrosi\u00f3n.<\/p>\n\n\n\n<h3 class=\"wp-block-heading\" style=\"margin-bottom:var(--wp--preset--spacing--h-3-bottom)\">Multifuncional<\/h3>\n\n\n\n<p><strong><em>Comodidad al alcance de la mano<\/em><\/strong><\/p>\n\n\n\n<p>Los compartimentos de almacenamiento integrados permiten a los usuarios tener al alcance de la mano objetos esenciales como botellas de agua, reproductores de m\u00fasica o tel\u00e9fonos m\u00f3viles. Los carteles informativos muestran los grupos musculares a los que se dirige cada entrenador y proporcionan una posici\u00f3n corporal y una gu\u00eda de movimiento adecuadas para garantizar que los ejercicios se realizan correctamente. Los brazos de eje convergente imitan los movimientos naturales, y el movimiento unilateral de la empu\u00f1adura permite un compromiso muscular espec\u00edfico, ya sea utilizando una o ambas manos, fomentando la fuerza con simetr\u00eda y equilibrio.<\/p>\n<\/div>\n<\/div>\n<\/section>\n\n\n\n<section class=\"wp-block-group alignfull black-content has-white-color has-darkgray-background-color has-text-color has-background is-layout-constrained wp-block-group-is-layout-constrained\" style=\"padding-top:var(--wp--preset--spacing--section-bottom);padding-bottom:var(--wp--preset--spacing--section-bottom)\">\n<div class=\"wp-block-columns alignwide mobile-reverse is-layout-flex wp-container-core-columns-is-layout-ca64bf2d wp-block-columns-is-layout-flex\" style=\"margin-bottom:var(--wp--preset--spacing--side-padding)\">\n<div class=\"wp-block-column is-vertically-aligned-center is-layout-flow wp-block-column-is-layout-flow\">\n<h3 class=\"wp-block-heading\" style=\"margin-bottom:var(--wp--preset--spacing--h-3-bottom)\">Comodidad suntuosa<\/h3>\n\n\n\n<p><strong><em>Tapicer\u00eda de apoyo<\/em><\/strong><\/p>\n\n\n\n<p style=\"margin-bottom:var(--wp--preset--spacing--tb-section-padding)\">La seguridad es primordial, por lo que las pilas de pesas de todas las m\u00e1quinas de musculaci\u00f3n selectorizadas est\u00e1n totalmente cubiertas con tapas de pl\u00e1stico opaco. Esto no s\u00f3lo aumenta la seguridad en el entrenamiento, sino que tambi\u00e9n ofrece un aspecto atractivo. Cambiar la resistencia es pan comido: basta con deslizar el pasador en la pila de pesas deseada. Cada plato de pesas est\u00e1 protegido por una capa adicional resistente a la corrosi\u00f3n.<\/p>\n\n\n\n<h3 class=\"wp-block-heading\" style=\"margin-bottom:var(--wp--preset--spacing--h-3-bottom)\">Construido para durar<\/h3>\n\n\n\n<p><strong><em>Marco s\u00f3lido<\/em><\/strong><\/p>\n\n\n\n<p>Fabricado con tubos ovalados soldados y recubiertos de pintura en polvo, el armaz\u00f3n no s\u00f3lo es excepcionalmente duradero, sino tambi\u00e9n resistente a la oxidaci\u00f3n. Tanto si es un usuario dom\u00e9stico que busca calidad como si es un gimnasio profesional o un centro comercial de fitness, incluidas bases militares, hoteles, albergues y centros de rehabilitaci\u00f3n, estas m\u00e1quinas est\u00e1n dise\u00f1adas para satisfacer sus expectativas.<\/p>\n\n\n\n<p><\/p>\n\n\n\n<div class=\"wp-block-columns is-layout-flex wp-container-core-columns-is-layout-9d6595d7 wp-block-columns-is-layout-flex\">\n<div class=\"wp-block-column is-layout-flow wp-block-column-is-layout-flow\">\n<div class=\"wp-block-columns is-layout-flex wp-container-core-columns-is-layout-9d6595d7 wp-block-columns-is-layout-flex\">\n<div class=\"wp-block-column is-layout-flow wp-block-column-is-layout-flow\"><\/div>\n<\/div>\n<\/div>\n<\/div>\n\n\n\n<h3 class=\"wp-block-heading\" style=\"margin-bottom:var(--wp--preset--spacing--h-3-bottom)\">Ideal para profesionales<\/h3>\n\n\n\n<p><strong><em>Personalice su gimnasio<\/em><\/strong><\/p>\n\n\n\n<p>Mejore la imagen de marca de su gimnasio con equipos que combinen con su estilo. Cuando realice un pedido de equipamiento Evolve, lo adaptaremos a su combinaci\u00f3n de colores interior y personalizaremos los colores de la estructura y la tapicer\u00eda para adaptarlos a su espacio. Experimente la soluci\u00f3n que estaba esperando: equipos de fitness adaptados a sus necesidades. Elija equipos de fitness de alta calidad que destaquen en un entorno comercial y que, al mismo tiempo, complementen la combinaci\u00f3n de colores de su interior.<\/p>\n<\/div>\n\n\n\n<div class=\"wp-block-column is-vertically-aligned-center is-layout-flow wp-block-column-is-layout-flow\">\n<figure class=\"wp-block-image size-full is-resized\"><img loading=\"lazy\" decoding=\"async\" width=\"810\" height=\"810\" src=\"https:\/\/store.evolve-fitness.eu\/wp-content\/uploads\/2024\/06\/Dizainas-be-pavadinimo-24-2.png\" alt=\"\" class=\"wp-image-72039\" style=\"width:1162px;height:auto\" srcset=\"https:\/\/store.evolve-fitness.eu\/wp-content\/uploads\/2024\/06\/Dizainas-be-pavadinimo-24-2.png 810w, https:\/\/store.evolve-fitness.eu\/wp-content\/uploads\/2024\/06\/Dizainas-be-pavadinimo-24-2-300x300.png 300w, https:\/\/store.evolve-fitness.eu\/wp-content\/uploads\/2024\/06\/Dizainas-be-pavadinimo-24-2-150x150.png 150w, https:\/\/store.evolve-fitness.eu\/wp-content\/uploads\/2024\/06\/Dizainas-be-pavadinimo-24-2-768x768.png 768w, https:\/\/store.evolve-fitness.eu\/wp-content\/uploads\/2024\/06\/Dizainas-be-pavadinimo-24-2-600x600.png 600w, https:\/\/store.evolve-fitness.eu\/wp-content\/uploads\/2024\/06\/Dizainas-be-pavadinimo-24-2-100x100.png 100w\" sizes=\"auto, (max-width: 810px) 100vw, 810px\" \/><\/figure>\n<\/div>\n<\/div>\n<\/section>\n<\/section>\n","protected":false},"excerpt":{"rendered":"<p>Experimente entrenamientos eficaces de b\u00edceps con el curl de b\u00edceps selectorizado Evolve Prime Series. Su dise\u00f1o ergon\u00f3mico garantiza la correcta alineaci\u00f3n del cuerpo y la estabilidad de las articulaciones, mientras que las funciones ajustables se adaptan a sus preferencias. La seguridad es primordial con las pilas de pesas cubiertas, y el duradero armaz\u00f3n est\u00e1 disponible en colores personalizables. Eleve su gimnasio con este equipo elegante y funcional.<\/p>\n","protected":false},"featured_media":36087,"template":"","meta":{"_acf_changed":false,"inline_featured_image":false},"product_cat":[432,1139,1155],"product_tag":[],"class_list":{"0":"post-36083","1":"product","2":"type-product","3":"status-publish","4":"has-post-thumbnail","6":"product_cat-pagina-de-inicio","7":"product_cat-maquinas-selectorizadas","8":"product_cat-prime-series-maquinas-selectorizadas","10":"first","11":"instock","12":"shipping-taxable","13":"purchasable","14":"product-type-simple"},"acf":[],"_links":{"self":[{"href":"https:\/\/store.evolve-fitness.eu\/es\/wp-json\/wp\/v2\/product\/36083","targetHints":{"allow":["GET"]}}],"collection":[{"href":"https:\/\/store.evolve-fitness.eu\/es\/wp-json\/wp\/v2\/product"}],"about":[{"href":"https:\/\/store.evolve-fitness.eu\/es\/wp-json\/wp\/v2\/types\/product"}],"wp:featuredmedia":[{"embeddable":true,"href":"https:\/\/store.evolve-fitness.eu\/es\/wp-json\/wp\/v2\/media\/36087"}],"wp:attachment":[{"href":"https:\/\/store.evolve-fitness.eu\/es\/wp-json\/wp\/v2\/media?parent=36083"}],"wp:term":[{"taxonomy":"product_cat","embeddable":true,"href":"https:\/\/store.evolve-fitness.eu\/es\/wp-json\/wp\/v2\/product_cat?post=36083"},{"taxonomy":"product_tag","embeddable":true,"href":"https:\/\/store.evolve-fitness.eu\/es\/wp-json\/wp\/v2\/product_tag?post=36083"}],"curies":[{"name":"wp","href":"https:\/\/api.w.org\/{rel}","templated":true}]}}