{"id":34005,"date":"2024-01-03T14:50:41","date_gmt":"2024-01-03T14:50:41","guid":{"rendered":"https:\/\/store.evolve-fitness.eu\/product\/bicicleta-reclinada-comercial-evolve-ultra-series\/"},"modified":"2026-03-04T11:59:57","modified_gmt":"2026-03-04T11:59:57","slug":"bicicleta-reclinada-comercial-evolve-ultra-series","status":"publish","type":"product","link":"https:\/\/store.evolve-fitness.eu\/es\/producto\/bicicleta-reclinada-comercial-evolve-ultra-series\/","title":{"rendered":"Bicicleta reclinada comercial Evolve Ultra Series"},"content":{"rendered":"\n<section class=\"wp-block-group alignfull black-content has-white-color has-darkgray-background-color has-text-color has-background is-layout-constrained wp-block-group-is-layout-constrained\" style=\"padding-top:var(--wp--preset--spacing--section-bottom);padding-bottom:var(--wp--preset--spacing--section-bottom)\">\n<section class=\"wp-block-group alignfull black-content has-white-color has-darkgray-background-color has-text-color has-background is-layout-constrained wp-block-group-is-layout-constrained\" style=\"padding-top:var(--wp--preset--spacing--section-bottom);padding-bottom:var(--wp--preset--spacing--section-bottom)\">\n<div class=\"wp-block-columns alignwide is-layout-flex wp-container-core-columns-is-layout-c45ee707 wp-block-columns-is-layout-flex\" style=\"margin-bottom:var(--wp--preset--spacing--side-padding);padding-top:var(--wp--preset--spacing--side-padding)\">\n<div class=\"wp-block-column is-vertically-aligned-center is-layout-flow wp-block-column-is-layout-flow\">\n<h3 class=\"wp-block-heading\" style=\"margin-bottom:var(--wp--preset--spacing--h-3-bottom)\"><strong>Est\u00e9tica Family Look  <\/strong><\/h3>\n\n\n\n<p><strong><em><strong><strong><strong>Rendimiento en equipos comerciales de cardio<\/strong><\/strong><\/strong><\/em><\/strong><\/p>\n\n\n\n<p>La serie Ultra de Evolve encarna un marcado estilo familiar adaptado al entorno din\u00e1mico de los complejos gimnasios comerciales. Con l\u00edneas elegantes, dise\u00f1o moderno y acabados de primera calidad, cada pieza de la serie Ultra se integra a la perfecci\u00f3n para crear una est\u00e9tica cohesiva en todo el gimnasio. Ya se trate de cintas de correr, el\u00edpticas o bicicletas est\u00e1ticas, todas las m\u00e1quinas irradian sofisticaci\u00f3n y funcionalidad, realzando el ambiente del espacio del gimnasio. Desde las vibrantes pantallas LED hasta las empu\u00f1aduras ergon\u00f3micas y las funciones ajustables para todos los entusiastas del gimnasio.<\/p>\n<\/div>\n\n\n\n<div class=\"wp-block-column is-vertically-aligned-center is-layout-flow wp-block-column-is-layout-flow\">\n<figure class=\"wp-block-video\"><video autoplay=\"\" controls=\"\" loop=\"\" muted=\"\" src=\"https:\/\/evolve-fitness.eu\/wp-content\/uploads\/2024\/04\/Evolve-Ultra-Series-Family-Look.mp4\"><\/video><\/figure>\n<\/div>\n<\/div>\n\n\n\n<div class=\"wp-block-columns alignwide mobile-reverse is-layout-flex wp-container-core-columns-is-layout-ca64bf2d wp-block-columns-is-layout-flex\" style=\"margin-bottom:var(--wp--preset--spacing--side-padding)\">\n<div class=\"wp-block-column is-vertically-aligned-center is-layout-flow wp-block-column-is-layout-flow\">\n<figure class=\"wp-block-video\"><video height=\"2160\" style=\"aspect-ratio: 2160 \/ 2160;\" width=\"2160\" autoplay=\"\" controls=\"\" loop=\"\" muted=\"\" src=\"https:\/\/evolve-fitness.eu\/wp-content\/uploads\/2024\/04\/Final-Recumbent-bike-Web-HD.mp4\"><\/video><\/figure>\n<\/div>\n\n\n\n<div class=\"wp-block-column is-vertically-aligned-center is-layout-flow wp-block-column-is-layout-flow\">\n<h3 class=\"wp-block-heading\" style=\"margin-bottom:var(--wp--preset--spacing--h-3-bottom)\"><strong><strong><strong>Presentamos la serie Evolve Ultra <\/strong><\/strong><\/strong>cardio<\/h3>\n\n\n\n<p><strong><em>Estilo y estabilidad  <\/em><\/strong><\/p>\n\n\n\n<p>Presentamos la bicicleta reclinada comercial Evolve Ultra Series UL-156, su billete para una experiencia de cardio sin igual. Dise\u00f1ado con precisi\u00f3n y sofisticaci\u00f3n, este equipo de fitness redefine su rutina de ejercicios. Su llamativo marco Sandy Black no s\u00f3lo a\u00f1ade un toque de elegancia a su gimnasio, sino que tambi\u00e9n es sin\u00f3nimo de calidad superior y artesan\u00eda.<\/p>\n\n\n\n<p><em>Activa el sonido en los controles del reproductor para disfrutar de una experiencia completa.<\/em><\/p>\n<\/div>\n<\/div>\n\n\n\n<div class=\"wp-block-columns alignwide mobile-reverse is-layout-flex wp-container-core-columns-is-layout-ca64bf2d wp-block-columns-is-layout-flex\" style=\"margin-bottom:var(--wp--preset--spacing--side-padding)\">\n<div class=\"wp-block-column is-vertically-aligned-center is-layout-flow wp-block-column-is-layout-flow\">\n<h3 class=\"wp-block-heading\" style=\"margin-bottom:var(--wp--preset--spacing--h-3-bottom)\"><strong>Bicicleta reclinada Evolve Ultra Series<\/strong><\/h3>\n\n\n\n<p><strong><em><strong><strong><strong><strong><strong>La experiencia de entrenamiento definitiva<\/strong><\/strong><\/strong><\/strong><\/strong><\/em><\/strong><\/p>\n\n\n\n<p>La bicicleta reclinada comercial Evolve Ultra Series UL-156 ofrece comodidad y rendimiento, transformando su rutina de ejercicios. Al acomodarse en su asiento ergon\u00f3mico, cada pedalada se siente suave y sin esfuerzo. El asiento y el manillar ajustables permiten un ajuste personalizado, para usuarios de todas las tallas y tipos de cuerpo. Con controles intuitivos y una interfaz f\u00e1cil de usar, navegar a trav\u00e9s de varios programas de entrenamiento y niveles de resistencia es f\u00e1cil.<\/p>\n<\/div>\n\n\n\n<div class=\"wp-block-column is-vertically-aligned-center is-layout-flow wp-block-column-is-layout-flow\">\n<figure class=\"wp-block-video\"><video autoplay=\"\" controls=\"\" loop=\"\" muted=\"\" src=\"https:\/\/evolve-fitness.eu\/wp-content\/uploads\/2024\/04\/Evolve-Ultra-Series-Commercial-Recumbent-bike.mp4\"><\/video><\/figure>\n<\/div>\n<\/div>\n\n\n\n<div class=\"wp-block-columns alignwide mobile-reverse is-layout-flex wp-container-core-columns-is-layout-ca64bf2d wp-block-columns-is-layout-flex\" style=\"margin-bottom:var(--wp--preset--spacing--side-padding)\">\n<div class=\"wp-block-column is-vertically-aligned-center is-layout-flow wp-block-column-is-layout-flow\">\n<figure class=\"wp-block-image size-full is-resized\"><img decoding=\"async\" src=\"https:\/\/evolve-fitness.eu\/wp-content\/uploads\/2023\/11\/7.png\" alt=\"\" class=\"wp-image-7102\" style=\"object-fit:cover;width:680px;height:600px\"\/><\/figure>\n<\/div>\n\n\n\n<div class=\"wp-block-column is-vertically-aligned-center is-layout-flow wp-block-column-is-layout-flow\">\n<h3 class=\"wp-block-heading\" style=\"margin-bottom:var(--wp--preset--spacing--h-3-bottom)\"><strong>Rendimiento y durabilidad<\/strong><\/h3>\n\n\n\n<p><strong><em><strong><strong><strong><strong><strong>Para un rendimiento \u00f3ptimo<\/strong><\/strong><\/strong><\/strong><\/strong><\/em><\/strong><\/p>\n\n\n\n<p>Construido para durar, el UL-156 cuenta con un riel de asiento de aluminio, proporcionando la durabilidad y la estabilidad que necesita durante sus entrenamientos. El avanzado sistema de freno EMS ofrece un control preciso de la resistencia, mientras que el volante de inercia de 10 kg*265 mm garantiza un pedaleo suave y eficiente. Como complemento de la estructura, los accesorios est\u00e1n acabados en negro, creando un aspecto uniforme y elegante. Con pedales seguros de 9\/16&#8243; y una correa PJ8 de 400 mm, esta bicicleta puede soportar un peso m\u00e1ximo de usuario de 200 kg, lo que la hace adecuada para una amplia gama de niveles de forma f\u00edsica.<\/p>\n<\/div>\n<\/div>\n\n\n\n<div class=\"wp-block-columns alignwide is-layout-flex wp-container-core-columns-is-layout-c45ee707 wp-block-columns-is-layout-flex\" style=\"margin-bottom:var(--wp--preset--spacing--side-padding);padding-top:var(--wp--preset--spacing--side-padding)\">\n<div class=\"wp-block-column is-vertically-aligned-center is-layout-flow wp-block-column-is-layout-flow\">\n<h3 class=\"wp-block-heading\" style=\"margin-bottom:var(--wp--preset--spacing--h-3-bottom)\"><strong>Tecnolog\u00eda punta  <\/strong><\/h3>\n\n\n\n<p><strong><em><strong><strong><strong>Consola TFT<\/strong><\/strong><\/strong><\/em><\/strong><\/p>\n\n\n\n<p>Lo m\u00e1s destacado del UL-156 es su consola TFT de 15,6&#8243; de \u00faltima generaci\u00f3n. Esta pantalla de alta definici\u00f3n no s\u00f3lo muestra los datos esenciales del entrenamiento, sino que tambi\u00e9n ofrece funciones de entretenimiento y conectividad. Con\u00e9ctate sin problemas a aplicaciones de fitness populares como Kinomap y Zwift a trav\u00e9s de Bluetooth para disfrutar de una experiencia de entrenamiento envolvente. Adem\u00e1s, las aplicaciones integradas, como Google Chrome, Facebook, Netflix, Amazon Video, Amazon Shopping, Spotify, YouTube, Twitter e Instagram, te mantendr\u00e1n ocupado y entretenido durante todo el entrenamiento.<\/p>\n<\/div>\n\n\n\n<div class=\"wp-block-column is-vertically-aligned-center is-layout-flow wp-block-column-is-layout-flow\">\n<figure class=\"wp-block-video\"><video height=\"600\" style=\"aspect-ratio: 680 \/ 600;\" width=\"680\" autoplay=\"\" controls=\"\" loop=\"\" muted=\"\" src=\"https:\/\/evolve-fitness.eu\/wp-content\/uploads\/2023\/11\/Evolve-Ultra-cardio-console-full.mp4\"><\/video><\/figure>\n<\/div>\n<\/div>\n\n\n\n<div class=\"wp-block-columns alignwide is-layout-flex wp-container-core-columns-is-layout-c45ee707 wp-block-columns-is-layout-flex\" style=\"margin-bottom:var(--wp--preset--spacing--side-padding);padding-top:var(--wp--preset--spacing--side-padding)\">\n<div class=\"wp-block-column is-vertically-aligned-center is-layout-flow wp-block-column-is-layout-flow\">\n<figure class=\"wp-block-video\"><video height=\"1536\" style=\"aspect-ratio: 2048 \/ 1536;\" width=\"2048\" autoplay=\"\" controls=\"\" loop=\"\" muted=\"\" src=\"https:\/\/evolve-fitness.eu\/wp-content\/uploads\/2023\/11\/EV-RB-UL-156-Evolve-Ultra-Series-Recumbent-Bike-With-3D.mp4\"><\/video><\/figure>\n<\/div>\n\n\n\n<div class=\"wp-block-column is-vertically-aligned-center is-layout-flow wp-block-column-is-layout-flow\">\n<h3 class=\"wp-block-heading\" style=\"margin-bottom:var(--wp--preset--spacing--h-3-bottom)\"><strong><strong><strong>Dise\u00f1o f\u00e1cil de usar  <\/strong><\/strong><\/strong><\/h3>\n\n\n\n<p><strong><em>Y ahorra espacio<\/em><\/strong><\/p>\n\n\n\n<p>Con un tama\u00f1o de configuraci\u00f3n de 1725 x 75 x 122 mm y un peso neto\/bruto de 75\/83 kg, la UL-156 proporciona una plataforma estable para sus entrenamientos sin ocupar demasiado espacio. Incluso incluye un c\u00f3modo soporte para botella de agua, que te garantiza que te mantendr\u00e1s hidratado durante toda la sesi\u00f3n.<\/p>\n<\/div>\n<\/div>\n\n\n\n<div class=\"wp-block-columns alignwide are-vertically-aligned-center mobile-reverse is-layout-flex wp-container-core-columns-is-layout-e8158c2f wp-block-columns-is-layout-flex\" style=\"padding-top:var(--wp--preset--spacing--side-padding)\">\n<div class=\"wp-block-column is-vertically-aligned-center is-layout-flow wp-block-column-is-layout-flow\">\n<h3 class=\"wp-block-heading\" style=\"margin-bottom:var(--wp--preset--spacing--h-3-bottom)\"><strong><strong><strong>Entretenimiento y conectividad<\/strong><\/strong><\/strong><\/h3>\n\n\n\n<p><strong><em><strong><strong>Ultra rendimiento<\/strong><\/strong><\/em><\/strong><\/p>\n\n\n\n<p>El UL-156 tambi\u00e9n viene con su sensor de pulso de mango. Incluye altavoces integrados y un puerto de carga USB, lo que te permite disfrutar de tu m\u00fasica favorita y mantener tus dispositivos cargados durante tus entrenamientos. Con la bicicleta reclinada comercial Evolve Ultra Series UL-156, no s\u00f3lo est\u00e1 invirtiendo en un equipo de fitness; est\u00e1 invirtiendo en una experiencia completa de fitness y entretenimiento que revolucionar\u00e1 su rutina de cardio. Eleva tus entrenamientos con el UL-156 y da un paso m\u00e1s hacia tus objetivos de fitness.<\/p>\n<\/div>\n\n\n\n<div class=\"wp-block-column is-vertically-aligned-center is-layout-flow wp-block-column-is-layout-flow\">\n<figure class=\"wp-block-image size-full\"><img decoding=\"async\" src=\"https:\/\/evolve-fitness.eu\/wp-content\/uploads\/2023\/11\/Dizainas-be-pavadinimo-9.png\" alt=\"\" class=\"wp-image-7106\"\/><\/figure>\n<\/div>\n<\/div>\n\n\n\n<figure class=\"wp-block-video\"><video height=\"1000\" style=\"aspect-ratio: 1000 \/ 1000;\" width=\"1000\" autoplay=\"\" loop=\"\" muted=\"\" src=\"https:\/\/evolve-fitness.eu\/wp-content\/uploads\/2023\/11\/Ultra-site-apps.mp4\"><\/video><\/figure>\n<\/section>\n<\/section>\n","protected":false},"excerpt":{"rendered":"<p>Experimente el entrenamiento cardiovascular definitivo con la bicicleta reclinada comercial Evolve Ultra Series UL-156. Su elegante cuadro Sandy Black, el duradero ra\u00edl del sill\u00edn de aluminio y el avanzado freno con sistema EMS ofrecen estilo y rendimiento. Con un volante de inercia de 10 kg*265 mm, un peso m\u00e1ximo de usuario de 200 kg y pr\u00e1cticas funciones como un soporte para botellas de agua, est\u00e1 dise\u00f1ado para todos los niveles de forma f\u00edsica. La consola TFT de 15,6&#8243; se conecta a aplicaciones como Kinomap y Zwift a trav\u00e9s de Bluetooth e incluye aplicaciones integradas como Google Chrome y Netflix. Con un sensor de pulso en la empu\u00f1adura, altavoces y un puerto de carga USB, mantente entretenido y conectado mientras haces ejercicio. Redefine tu experiencia de cardio con el UL-156.<\/p>\n","protected":false},"featured_media":34018,"template":"","meta":{"_acf_changed":false,"inline_featured_image":false},"product_cat":[432,430,431,1080],"product_tag":[],"class_list":{"0":"post-34005","1":"product","2":"type-product","3":"status-publish","4":"has-post-thumbnail","6":"product_cat-pagina-de-inicio","7":"product_cat-aparatos-cardiovasculares","8":"product_cat-equipos-comerciales-de-cardio","9":"product_cat-ultra-series-cardio-es","11":"first","12":"outofstock","13":"shipping-taxable","14":"purchasable","15":"product-type-simple"},"acf":[],"_links":{"self":[{"href":"https:\/\/store.evolve-fitness.eu\/es\/wp-json\/wp\/v2\/product\/34005","targetHints":{"allow":["GET"]}}],"collection":[{"href":"https:\/\/store.evolve-fitness.eu\/es\/wp-json\/wp\/v2\/product"}],"about":[{"href":"https:\/\/store.evolve-fitness.eu\/es\/wp-json\/wp\/v2\/types\/product"}],"wp:featuredmedia":[{"embeddable":true,"href":"https:\/\/store.evolve-fitness.eu\/es\/wp-json\/wp\/v2\/media\/34018"}],"wp:attachment":[{"href":"https:\/\/store.evolve-fitness.eu\/es\/wp-json\/wp\/v2\/media?parent=34005"}],"wp:term":[{"taxonomy":"product_cat","embeddable":true,"href":"https:\/\/store.evolve-fitness.eu\/es\/wp-json\/wp\/v2\/product_cat?post=34005"},{"taxonomy":"product_tag","embeddable":true,"href":"https:\/\/store.evolve-fitness.eu\/es\/wp-json\/wp\/v2\/product_tag?post=34005"}],"curies":[{"name":"wp","href":"https:\/\/api.w.org\/{rel}","templated":true}]}}