{"id":33845,"date":"2024-01-03T08:57:44","date_gmt":"2024-01-03T08:57:44","guid":{"rendered":"https:\/\/store.evolve-fitness.eu\/product\/eliptica-comercial-evolve-ultra-series\/"},"modified":"2026-03-31T12:00:54","modified_gmt":"2026-03-31T12:00:54","slug":"eliptica-comercial-evolve-ultra-series","status":"publish","type":"product","link":"https:\/\/store.evolve-fitness.eu\/es\/producto\/eliptica-comercial-evolve-ultra-series\/","title":{"rendered":"El\u00edptica comercial Evolve Ultra Series"},"content":{"rendered":"\n<section class=\"wp-block-group alignfull black-content has-white-color has-darkgray-background-color has-text-color has-background is-layout-constrained wp-block-group-is-layout-constrained\" style=\"padding-top:var(--wp--preset--spacing--section-bottom);padding-bottom:var(--wp--preset--spacing--section-bottom)\">\n<section class=\"wp-block-group alignfull black-content has-white-color has-darkgray-background-color has-text-color has-background is-layout-constrained wp-block-group-is-layout-constrained\" style=\"padding-top:var(--wp--preset--spacing--section-bottom);padding-bottom:var(--wp--preset--spacing--section-bottom)\">\n<div class=\"wp-block-columns alignwide is-layout-flex wp-container-core-columns-is-layout-c45ee707 wp-block-columns-is-layout-flex\" style=\"margin-bottom:var(--wp--preset--spacing--side-padding);padding-top:var(--wp--preset--spacing--side-padding)\">\n<div class=\"wp-block-column is-vertically-aligned-center is-layout-flow wp-block-column-is-layout-flow\">\n<h3 class=\"wp-block-heading\" style=\"margin-bottom:var(--wp--preset--spacing--h-3-bottom)\"><strong>Est\u00e9tica Family Look  <\/strong><\/h3>\n\n\n\n<p><strong><em><strong><strong><strong>Rendimiento en equipos comerciales de cardio<\/strong><\/strong><\/strong><\/em><\/strong><\/p>\n\n\n\n<p>La serie Ultra de Evolve encarna un marcado estilo familiar adaptado al entorno din\u00e1mico de los complejos gimnasios comerciales. Con l\u00edneas elegantes, dise\u00f1o moderno y acabados de primera calidad, cada pieza de la serie Ultra se integra a la perfecci\u00f3n para crear una est\u00e9tica cohesiva en todo el gimnasio. Ya se trate de cintas de correr, el\u00edpticas o bicicletas est\u00e1ticas, todas las m\u00e1quinas irradian sofisticaci\u00f3n y funcionalidad, realzando el ambiente del espacio del gimnasio. Desde las vibrantes pantallas LED hasta las empu\u00f1aduras ergon\u00f3micas y las funciones ajustables para todos los entusiastas del gimnasio.<\/p>\n<\/div>\n\n\n\n<div class=\"wp-block-column is-vertically-aligned-center is-layout-flow wp-block-column-is-layout-flow\">\n<figure class=\"wp-block-video\"><video autoplay=\"\" controls=\"\" loop=\"\" muted=\"\" src=\"https:\/\/evolve-fitness.eu\/wp-content\/uploads\/2024\/04\/Evolve-Ultra-Series-Family-Look.mp4\"><\/video><\/figure>\n<\/div>\n<\/div>\n\n\n\n<div class=\"wp-block-columns alignwide mobile-reverse is-layout-flex wp-container-core-columns-is-layout-ca64bf2d wp-block-columns-is-layout-flex\" style=\"margin-bottom:var(--wp--preset--spacing--side-padding)\">\n<div class=\"wp-block-column is-vertically-aligned-center is-layout-flow wp-block-column-is-layout-flow\">\n<figure class=\"wp-block-video\"><video autoplay=\"\" controls=\"\" loop=\"\" muted=\"\" src=\"https:\/\/evolve-fitness.eu\/wp-content\/uploads\/2024\/04\/Final-Elliptical-trainer-Web-HD.mp4\"><\/video><\/figure>\n<\/div>\n\n\n\n<div class=\"wp-block-column is-vertically-aligned-center is-layout-flow wp-block-column-is-layout-flow\">\n<h3 class=\"wp-block-heading\" style=\"margin-bottom:var(--wp--preset--spacing--h-3-bottom)\"><strong><strong><strong>Presentamos la serie Evolve Ultra <\/strong><\/strong><\/strong>cardio<\/h3>\n\n\n\n<p><strong><em>Estilo y estabilidad  <\/em><\/strong><\/p>\n\n\n\n<p>Descubra la Evolve Ultra Series UL-156, una bicicleta el\u00edptica comercial que combina un dise\u00f1o elegante con una gran durabilidad. Dise\u00f1ada para satisfacer a los entusiastas del fitness, esta bicicleta el\u00edptica cuenta con un chasis Sandy Black y es capaz de alojar a usuarios de hasta 200 kg, ofreciendo estilo y estabilidad en cualquier entorno de fitness.<\/p>\n\n\n\n<p><em>Activa el sonido en los controles del reproductor para disfrutar de una experiencia completa.<\/em><\/p>\n<\/div>\n<\/div>\n\n\n\n<div class=\"wp-block-columns alignwide mobile-reverse is-layout-flex wp-container-core-columns-is-layout-ca64bf2d wp-block-columns-is-layout-flex\" style=\"margin-bottom:var(--wp--preset--spacing--side-padding)\">\n<div class=\"wp-block-column is-vertically-aligned-center is-layout-flow wp-block-column-is-layout-flow\">\n<h3 class=\"wp-block-heading\" style=\"margin-bottom:var(--wp--preset--spacing--h-3-bottom)\"><strong>El\u00edptica comercial Evolve Ultra Series<\/strong><\/h3>\n\n\n\n<p><strong><em><strong><strong><strong><strong><strong>La experiencia de entrenamiento definitiva<\/strong><\/strong><\/strong><\/strong><\/strong><\/em><\/strong><\/p>\n\n\n\n<p>La bicicleta el\u00edptica comercial Evolve Ultra Series ofrece una sensaci\u00f3n de fluidez y potenciaci\u00f3n en cada zancada. Los amplios pedales y las empu\u00f1aduras ergon\u00f3micas dan sensaci\u00f3n de estabilidad y control. El suave movimiento el\u00edptico proporciona un entrenamiento de bajo impacto pero muy eficaz, permiti\u00e9ndole trabajar m\u00faltiples grupos musculares con facilidad. Con niveles de resistencia personalizables y opciones de entrenamiento preprogramadas, tendr\u00e1 la flexibilidad de adaptar su rutina de ejercicios a sus objetivos y preferencias espec\u00edficos. La consola intuitiva te mantiene informado de tus progresos, motiv\u00e1ndote para superar tus l\u00edmites y alcanzar tus aspiraciones de fitness. Tanto si su objetivo es aumentar su resistencia cardiovascular, tonificar sus m\u00fasculos o simplemente disfrutar de un entrenamiento satisfactorio, la bicicleta el\u00edptica comercial Evolve Ultra Series le ofrece una sensaci\u00f3n de logro y euforia con cada zancada.<\/p>\n<\/div>\n\n\n\n<div class=\"wp-block-column is-vertically-aligned-center is-layout-flow wp-block-column-is-layout-flow\">\n<figure class=\"wp-block-video\"><video autoplay=\"\" controls=\"\" loop=\"\" muted=\"\" src=\"https:\/\/evolve-fitness.eu\/wp-content\/uploads\/2024\/04\/Evolve-Ultra-Series-Commercial-Elliptical-trainer.mp4\"><\/video><\/figure>\n<\/div>\n<\/div>\n\n\n\n<div class=\"wp-block-columns alignwide mobile-reverse is-layout-flex wp-container-core-columns-is-layout-ca64bf2d wp-block-columns-is-layout-flex\" style=\"margin-bottom:var(--wp--preset--spacing--side-padding)\">\n<div class=\"wp-block-column is-vertically-aligned-center is-layout-flow wp-block-column-is-layout-flow\">\n<figure class=\"wp-block-video\"><video height=\"2560\" style=\"aspect-ratio: 1920 \/ 2560;\" width=\"1920\" autoplay=\"\" controls=\"\" loop=\"\" muted=\"\" src=\"https:\/\/evolve-fitness.eu\/wp-content\/uploads\/2023\/11\/EV-ET-UL-156-Short.mp4\"><\/video><\/figure>\n<\/div>\n\n\n\n<div class=\"wp-block-column is-vertically-aligned-center is-layout-flow wp-block-column-is-layout-flow\">\n<h3 class=\"wp-block-heading\">Bienvenido a la serie Ultra<\/h3>\n\n\n\n<p><strong><em>Conozca nuestros equipos de la serie Ultra con la \u00faltima tecnolog\u00eda 3D 360 Tour<\/em><\/strong><\/p>\n\n\n\n<p>El equipo de cardio comercial Evolve Ultra Series, que forma parte de la serie Evolve Ultra, est\u00e1 dise\u00f1ado para ofrecer comodidad y rendimiento. El dise\u00f1o es est\u00e9ticamente agradable, con un acabado duradero con recubrimiento en polvo, y el uso de cables de alta calidad garantiza un funcionamiento sin problemas.<\/p>\n<\/div>\n<\/div>\n\n\n\n<div class=\"wp-block-columns alignwide mobile-reverse is-layout-flex wp-container-core-columns-is-layout-ca64bf2d wp-block-columns-is-layout-flex\" style=\"margin-bottom:var(--wp--preset--spacing--side-padding)\">\n<div class=\"wp-block-column is-vertically-aligned-center is-layout-flow wp-block-column-is-layout-flow\">\n<h3 class=\"wp-block-heading\" style=\"margin-bottom:var(--wp--preset--spacing--h-3-bottom)\"><strong><strong>Mec\u00e1nica avanzada  <\/strong><\/strong><\/h3>\n\n\n\n<p><strong><em><strong><strong><strong><strong><strong>Para un rendimiento \u00f3ptimo<\/strong><\/strong><\/strong><\/strong><\/strong><\/em><\/strong><\/p>\n\n\n\n<p>El UL-156 est\u00e1 dise\u00f1ado para una experiencia de entrenamiento suave y eficiente. Cuenta con un sistema de frenado EMS y un volante de inercia de 10 kg*265 mm con rodamiento SFK, que garantiza una experiencia de pedaleo consistente. El funcionamiento silencioso de la cinta PJ8 de 530 mm, combinado con una relaci\u00f3n de transmisi\u00f3n de 1\/11,6, proporciona un entrenamiento estimulante y agradable para usuarios de todos los niveles de forma f\u00edsica.<\/p>\n<\/div>\n\n\n\n<div class=\"wp-block-column is-vertically-aligned-center is-layout-flow wp-block-column-is-layout-flow\">\n<figure class=\"wp-block-image size-full is-resized is-style-rounded\"><img decoding=\"async\" src=\"https:\/\/evolve-fitness.eu\/wp-content\/uploads\/2023\/11\/Evolve-UL-156-eliptical.png\" alt=\"\" class=\"wp-image-6019\" style=\"object-fit:cover;width:680px;height:600px\"\/><\/figure>\n<\/div>\n<\/div>\n\n\n\n<div class=\"wp-block-columns alignwide is-layout-flex wp-container-core-columns-is-layout-c45ee707 wp-block-columns-is-layout-flex\" style=\"margin-bottom:var(--wp--preset--spacing--side-padding);padding-top:var(--wp--preset--spacing--side-padding)\">\n<div class=\"wp-block-column is-vertically-aligned-center is-layout-flow wp-block-column-is-layout-flow\">\n<figure class=\"wp-block-video\"><video height=\"600\" style=\"aspect-ratio: 680 \/ 600;\" width=\"680\" autoplay=\"\" controls=\"\" loop=\"\" muted=\"\" src=\"https:\/\/evolve-fitness.eu\/wp-content\/uploads\/2023\/11\/Evolve-Ultra-cardio-console-full.mp4\"><\/video><\/figure>\n<\/div>\n\n\n\n<div class=\"wp-block-column is-vertically-aligned-center is-layout-flow wp-block-column-is-layout-flow\">\n<h3 class=\"wp-block-heading\" style=\"margin-bottom:var(--wp--preset--spacing--h-3-bottom)\"><strong>Tecnolog\u00eda punta  <\/strong><\/h3>\n\n\n\n<p><strong><em><strong><strong>Para un entrenamiento atractivo<\/strong><\/strong><\/em><\/strong><\/p>\n\n\n\n<p>Mantente conectado y entretenido con las avanzadas funciones tecnol\u00f3gicas del UL-156. La el\u00edptica cuenta con una pantalla TFT de 15,6&#8243; con monitorizaci\u00f3n de la frecuencia cardiaca en tiempo real y conectividad Bluetooth, lo que permite una integraci\u00f3n perfecta con aplicaciones de fitness populares como Kinomap y Zwift. Las aplicaciones integradas, como Google Chrome, Facebook y Netflix, entre otras, garantizan que tus entrenamientos sean productivos y entretenidos.<\/p>\n<\/div>\n<\/div>\n\n\n\n<div class=\"wp-block-columns alignwide is-layout-flex wp-container-core-columns-is-layout-c45ee707 wp-block-columns-is-layout-flex\" style=\"margin-bottom:var(--wp--preset--spacing--side-padding);padding-top:var(--wp--preset--spacing--side-padding)\">\n<div class=\"wp-block-column is-vertically-aligned-center is-layout-flow wp-block-column-is-layout-flow\">\n<h3 class=\"wp-block-heading\" style=\"margin-bottom:var(--wp--preset--spacing--h-3-bottom)\"><strong><strong><strong>Dise\u00f1o f\u00e1cil de usar  <\/strong><\/strong><\/strong><\/h3>\n\n\n\n<p><strong><em><strong><strong><strong><strong><strong>Para mayor comodidad<\/strong><\/strong><\/strong><\/strong><\/strong><\/em><\/strong><\/p>\n\n\n\n<p>Dise\u00f1ado pensando en el usuario, el UL-156 incluye funciones pr\u00e1cticas como un receptor integrado, que elimina la necesidad de un cintur\u00f3n pectoral, junto con un altavoz y un puerto de carga USB. La incorporaci\u00f3n de un soporte para botellas de agua garantiza una hidrataci\u00f3n c\u00f3moda y sin esfuerzo durante los entrenamientos.<\/p>\n<\/div>\n\n\n\n<div class=\"wp-block-column is-vertically-aligned-center is-layout-flow wp-block-column-is-layout-flow\">\n<figure class=\"wp-block-image size-full\"><img decoding=\"async\" src=\"https:\/\/evolve-fitness.eu\/wp-content\/uploads\/2023\/11\/Evolve-Ultra-Series-UL-156-Elliptical-trainer-1.png\" alt=\"\" class=\"wp-image-6023\"\/><\/figure>\n<\/div>\n<\/div>\n\n\n\n<div class=\"wp-block-columns alignwide are-vertically-aligned-center mobile-reverse is-layout-flex wp-container-core-columns-is-layout-e8158c2f wp-block-columns-is-layout-flex\" style=\"padding-top:var(--wp--preset--spacing--side-padding)\">\n<div class=\"wp-block-column is-vertically-aligned-center is-layout-flow wp-block-column-is-layout-flow\">\n<figure class=\"wp-block-image size-large\"><img decoding=\"async\" src=\"https:\/\/evolve-fitness.eu\/wp-content\/uploads\/2023\/11\/Evolve-UL-156-eliptical-1-1024x576.png\" alt=\"\" class=\"wp-image-6017\"\/><\/figure>\n<\/div>\n\n\n\n<div class=\"wp-block-column is-vertically-aligned-center is-layout-flow wp-block-column-is-layout-flow\">\n<h3 class=\"wp-block-heading\" style=\"margin-bottom:var(--wp--preset--spacing--h-3-bottom)\"><strong><strong>Est\u00e9tica elegante y contempor\u00e1nea<\/strong><\/strong><\/h3>\n\n\n\n<p><strong><em><strong><strong>Ultra rendimiento<\/strong><\/strong><\/em><\/strong><\/p>\n\n\n\n<p>La bicicleta el\u00edptica UL-156 no es s\u00f3lo rendimiento; tambi\u00e9n aporta una est\u00e9tica elegante y contempor\u00e1nea a cualquier espacio de fitness. Su elegante dise\u00f1o y su excepcional rendimiento la convierten en la opci\u00f3n ideal para quienes buscan una experiencia de entrenamiento de primera calidad.<\/p>\n<\/div>\n<\/div>\n\n\n\n<figure class=\"wp-block-video\"><video height=\"1000\" style=\"aspect-ratio: 1000 \/ 1000;\" width=\"1000\" autoplay=\"\" loop=\"\" muted=\"\" src=\"https:\/\/evolve-fitness.eu\/wp-content\/uploads\/2023\/11\/Ultra-site-apps.mp4\"><\/video><\/figure>\n<\/section>\n<\/section>\n","protected":false},"excerpt":{"rendered":"<p>Experimente el pin\u00e1culo de la tecnolog\u00eda del fitness con la bicicleta el\u00edptica comercial Evolve Ultra Series UL-156. Dise\u00f1ada para los entusiastas del gimnasio moderno, esta el\u00edptica combina un elegante dise\u00f1o Sandy Black con una durabilidad superior, soportando hasta 200KG. Disfruta de un entrenamiento suave y eficiente con su avanzado sistema de frenado EMS y un volante de inercia de 10 kg, optimizado para todos los niveles de forma f\u00edsica. Mantente entretenido y conectado con su pantalla TFT de 15,6&#8243;, integrada con monitorizaci\u00f3n de frecuencia cardiaca y conectividad Bluetooth para aplicaciones de fitness populares como Kinomap y Zwift. Con aplicaciones integradas como Netflix y Spotify, y funciones f\u00e1ciles de usar como un puerto de carga USB y un soporte para botellas de agua, el UL-156 ofrece una experiencia de ejercicio inigualable, perfecta para cualquier gimnasio de alta gama.<\/p>\n","protected":false},"featured_media":33861,"template":"","meta":{"_acf_changed":false,"inline_featured_image":false},"product_cat":[432,430,431,1080],"product_tag":[],"class_list":{"0":"post-33845","1":"product","2":"type-product","3":"status-publish","4":"has-post-thumbnail","6":"product_cat-pagina-de-inicio","7":"product_cat-aparatos-cardiovasculares","8":"product_cat-equipos-comerciales-de-cardio","9":"product_cat-ultra-series-cardio-es","11":"first","12":"instock","13":"shipping-taxable","14":"purchasable","15":"product-type-simple"},"acf":[],"_links":{"self":[{"href":"https:\/\/store.evolve-fitness.eu\/es\/wp-json\/wp\/v2\/product\/33845","targetHints":{"allow":["GET"]}}],"collection":[{"href":"https:\/\/store.evolve-fitness.eu\/es\/wp-json\/wp\/v2\/product"}],"about":[{"href":"https:\/\/store.evolve-fitness.eu\/es\/wp-json\/wp\/v2\/types\/product"}],"wp:featuredmedia":[{"embeddable":true,"href":"https:\/\/store.evolve-fitness.eu\/es\/wp-json\/wp\/v2\/media\/33861"}],"wp:attachment":[{"href":"https:\/\/store.evolve-fitness.eu\/es\/wp-json\/wp\/v2\/media?parent=33845"}],"wp:term":[{"taxonomy":"product_cat","embeddable":true,"href":"https:\/\/store.evolve-fitness.eu\/es\/wp-json\/wp\/v2\/product_cat?post=33845"},{"taxonomy":"product_tag","embeddable":true,"href":"https:\/\/store.evolve-fitness.eu\/es\/wp-json\/wp\/v2\/product_tag?post=33845"}],"curies":[{"name":"wp","href":"https:\/\/api.w.org\/{rel}","templated":true}]}}