{"id":32474,"date":"2023-10-18T14:10:57","date_gmt":"2023-10-18T14:10:57","guid":{"rendered":"https:\/\/store.evolve-fitness.eu\/product\/evolve-cpu-placa-parachoques-de-uretano-5-25-kg\/"},"modified":"2026-03-18T12:00:59","modified_gmt":"2026-03-18T12:00:59","slug":"evolve-cpu-placa-parachoques-de-uretano-5-25-kg","status":"publish","type":"product","link":"https:\/\/store.evolve-fitness.eu\/es\/producto\/evolve-cpu-placa-parachoques-de-uretano-5-25-kg\/","title":{"rendered":"Evolve CPU Placa parachoques de uretano 5 &#8211; 25 kg"},"content":{"rendered":"\n<section class=\"wp-block-group alignfull black-content has-white-color has-darkgray-background-color has-text-color has-background is-layout-constrained wp-block-group-is-layout-constrained\" style=\"padding-top:var(--wp--preset--spacing--section-bottom);padding-bottom:var(--wp--preset--spacing--section-bottom)\">\n<div class=\"wp-block-columns alignwide is-layout-flex wp-container-core-columns-is-layout-c45ee707 wp-block-columns-is-layout-flex\" style=\"margin-bottom:var(--wp--preset--spacing--side-padding);padding-top:var(--wp--preset--spacing--side-padding)\">\n<div class=\"wp-block-column is-vertically-aligned-center is-layout-flow wp-block-column-is-layout-flow\">\n<figure class=\"wp-block-image size-large is-resized is-style-rounded\"><img decoding=\"async\" src=\"https:\/\/evolve-fitness.eu\/wp-content\/uploads\/2023\/10\/Evolve-CPU-Urethane-Bumpers-2-1024x1024.png\" alt=\"\" class=\"wp-image-4285\" style=\"object-fit:cover;width:680px;height:600px\"\/><\/figure>\n<\/div>\n\n\n\n<div class=\"wp-block-column is-vertically-aligned-center is-layout-constrained wp-block-column-is-layout-constrained\">\n<h3 class=\"wp-block-heading\" style=\"margin-bottom:var(--wp--preset--spacing--h-3-bottom)\">Revestimiento de uretano para CPU  <\/h3>\n\n\n\n<p><strong><em><strong><em>M\u00e1xima durabilidad<\/em><\/strong><\/em><\/strong><\/p>\n\n\n\n<p style=\"margin-bottom:var(--wp--preset--spacing--tb-section-padding)\">Descubra la excepcional durabilidad del revestimiento de uretano CPU para equipos de gimnasio. A diferencia del caucho, el uretano CPU mantiene su aspecto inalterado incluso despu\u00e9s de a\u00f1os de uso constante, gracias a su resistencia a los rayos UV, la fractura, el calor y el desgaste. Su composici\u00f3n sin olores y su extraordinaria resistencia lo convierten en la opci\u00f3n ideal para proteger los suelos de los gimnasios, reducir el ruido de los entrenamientos y proporcionar una soluci\u00f3n rentable y a largo plazo tanto para gimnasios dom\u00e9sticos como comerciales. Invierta en calidad que dura con CPU Urethane.<\/p>\n<\/div>\n<\/div>\n\n\n\n<div class=\"wp-block-columns alignwide is-layout-flex wp-container-core-columns-is-layout-c45ee707 wp-block-columns-is-layout-flex\" style=\"margin-bottom:var(--wp--preset--spacing--side-padding);padding-top:var(--wp--preset--spacing--side-padding)\">\n<div class=\"wp-block-column is-vertically-aligned-center is-layout-flow wp-block-column-is-layout-flow\">\n<h3 class=\"wp-block-heading\" style=\"margin-bottom:var(--wp--preset--spacing--h-3-bottom)\">Logotipo e indicaci\u00f3n del peso<\/h3>\n\n\n\n<p><em><strong>Artesan\u00eda de precisi\u00f3n<\/strong><\/em><\/p>\n\n\n\n<p>Nuestros n\u00fameros de peso est\u00e1n meticulosamente cortados con l\u00e1ser y moldeados por expertos, lo que garantiza un aspecto limpio y sin estr\u00edas que irradia artesan\u00eda y precisi\u00f3n. Nos esforzamos al m\u00e1ximo para garantizar una calidad duradera infundiendo tanto los n\u00fameros como los logotipos con uretano de primera calidad. Este innovador proceso no s\u00f3lo crea colores vivos y vibrantes, sino que tambi\u00e9n garantiza que resistan el paso del tiempo, la decoloraci\u00f3n y el desgaste.<\/p>\n<\/div>\n\n\n\n<div class=\"wp-block-column is-vertically-aligned-center is-layout-flow wp-block-column-is-layout-flow\">\n<div class=\"wp-block-columns is-layout-flex wp-container-core-columns-is-layout-9d6595d7 wp-block-columns-is-layout-flex\">\n<div class=\"wp-block-column is-layout-flow wp-block-column-is-layout-flow\">\n<figure class=\"wp-block-image size-large is-resized is-style-rounded\"><img decoding=\"async\" src=\"https:\/\/evolve-fitness.eu\/wp-content\/uploads\/2023\/10\/Bumper-plate-1-edited-scaled.jpg\" alt=\"\" class=\"wp-image-4289\" style=\"object-fit:cover;width:680px;height:600px\"\/><\/figure>\n<\/div>\n<\/div>\n<\/div>\n<\/div>\n\n\n\n<div class=\"wp-block-columns alignwide is-layout-flex wp-container-core-columns-is-layout-c45ee707 wp-block-columns-is-layout-flex\" style=\"margin-bottom:var(--wp--preset--spacing--side-padding);padding-top:var(--wp--preset--spacing--side-padding)\">\n<div class=\"wp-block-column is-vertically-aligned-center is-layout-flow wp-block-column-is-layout-flow\">\n<figure class=\"wp-block-image size-large is-resized is-style-rounded\"><img decoding=\"async\" src=\"https:\/\/evolve-fitness.eu\/wp-content\/uploads\/2023\/10\/Barbell-1024x863.png\" alt=\"\" class=\"wp-image-4279\" style=\"object-fit:cover;width:671px;height:592px\"\/><\/figure>\n<\/div>\n\n\n\n<div class=\"wp-block-column is-vertically-aligned-center is-layout-flow wp-block-column-is-layout-flow\">\n<h3 class=\"wp-block-heading\" style=\"margin-bottom:var(--wp--preset--spacing--h-3-bottom)\"><strong>Precisi\u00f3n perfeccionada<\/strong><\/h3>\n\n\n\n<p><strong><em><strong>Parachoques de uretano para CPU<\/strong><\/em><\/strong><\/p>\n\n\n\n<p>Experimente una precisi\u00f3n sin igual con los parachoques de uretano para CPU Evolve. Nuestros bumpers est\u00e1n meticulosamente calibrados, con una notable tolerancia de peso de s\u00f3lo +\/- 2 gramos, lo que establece el est\u00e1ndar de precisi\u00f3n casi perfecta en el mundo de los equipos de fitness. Eleve sus entrenamientos con confianza, gracias a nuestros topes dise\u00f1ados con precisi\u00f3n.<\/p>\n<\/div>\n<\/div>\n<\/section>\n","protected":false},"excerpt":{"rendered":"<p>Placas de parachoques de uretano para CPU Evolve. Estas placas de primera calidad ofrecen una durabilidad excepcional con un revestimiento de uretano resistente a los rayos UV y al desgaste. Calibradas con precisi\u00f3n de +\/- 2 gramos, llevan n\u00fameros de peso cortados a l\u00e1ser y logotipos con una infusi\u00f3n de uretano para una mayor durabilidad. Ideal tanto para gimnasios dom\u00e9sticos como comerciales, haga una inversi\u00f3n econ\u00f3mica y a largo plazo en rendimiento y durabilidad con las placas parachoques de uretano para CPU Evolve.<\/p>\n","protected":false},"featured_media":32494,"template":"","meta":{"_acf_changed":false,"inline_featured_image":false},"product_cat":[2410,983,1045],"product_tag":[],"class_list":{"0":"post-32474","1":"product","2":"type-product","3":"status-publish","4":"has-post-thumbnail","6":"product_cat-engranaje-hyrox","7":"product_cat-pesos-libres","8":"product_cat-platos-de-pesas","10":"first","11":"instock","12":"shipping-taxable","13":"purchasable","14":"product-type-variable"},"acf":[],"_links":{"self":[{"href":"https:\/\/store.evolve-fitness.eu\/es\/wp-json\/wp\/v2\/product\/32474","targetHints":{"allow":["GET"]}}],"collection":[{"href":"https:\/\/store.evolve-fitness.eu\/es\/wp-json\/wp\/v2\/product"}],"about":[{"href":"https:\/\/store.evolve-fitness.eu\/es\/wp-json\/wp\/v2\/types\/product"}],"wp:featuredmedia":[{"embeddable":true,"href":"https:\/\/store.evolve-fitness.eu\/es\/wp-json\/wp\/v2\/media\/32494"}],"wp:attachment":[{"href":"https:\/\/store.evolve-fitness.eu\/es\/wp-json\/wp\/v2\/media?parent=32474"}],"wp:term":[{"taxonomy":"product_cat","embeddable":true,"href":"https:\/\/store.evolve-fitness.eu\/es\/wp-json\/wp\/v2\/product_cat?post=32474"},{"taxonomy":"product_tag","embeddable":true,"href":"https:\/\/store.evolve-fitness.eu\/es\/wp-json\/wp\/v2\/product_tag?post=32474"}],"curies":[{"name":"wp","href":"https:\/\/api.w.org\/{rel}","templated":true}]}}