{"id":31469,"date":"2023-10-18T10:23:48","date_gmt":"2023-10-18T10:23:48","guid":{"rendered":"https:\/\/store.evolve-fitness.eu\/product\/plato-de-pesas-evolve-tpu-uretano-125-25-kg\/"},"modified":"2026-04-11T12:00:23","modified_gmt":"2026-04-11T12:00:23","slug":"plato-de-pesas-evolve-tpu-uretano-125-25-kg","status":"publish","type":"product","link":"https:\/\/store.evolve-fitness.eu\/es\/producto\/plato-de-pesas-evolve-tpu-uretano-125-25-kg\/","title":{"rendered":"Plato de pesas Evolve TPU Uretano 1,25 &#8211; 25 kg"},"content":{"rendered":"\n<section class=\"wp-block-group alignfull black-content has-white-color has-darkgray-background-color has-text-color has-background is-layout-constrained wp-block-group-is-layout-constrained\" style=\"padding-top:var(--wp--preset--spacing--section-bottom);padding-bottom:var(--wp--preset--spacing--section-bottom)\">\n<div class=\"wp-block-columns alignwide mobile-reverse is-layout-flex wp-container-core-columns-is-layout-ca64bf2d wp-block-columns-is-layout-flex\" style=\"margin-bottom:var(--wp--preset--spacing--side-padding)\">\n<div class=\"wp-block-column is-vertically-aligned-center is-layout-flow wp-block-column-is-layout-flow\">\n<h3 class=\"wp-block-heading\" style=\"margin-bottom:var(--wp--preset--spacing--h-3-bottom)\"><strong>Eleve su gimnasio con los platos de uretano Evolve<\/strong><\/h3>\n\n\n\n<p><em><strong>Durabilidad inigualable para los propietarios de gimnasios<\/strong><\/em><\/p>\n\n\n\n<p style=\"margin-bottom:var(--wp--preset--spacing--tb-section-padding)\">Descubra la soluci\u00f3n definitiva para los propietarios de gimnasios que buscan equipos duraderos: los platos de pesas de uretano Evolve. Fabricados con material de uretano de primera calidad, estos platos destacan por su durabilidad, lo que los convierte en la opci\u00f3n ideal para gimnasios comerciales. Desp\u00eddase de las preocupaciones por ara\u00f1azos, desconchones o descascarillados: estas placas mantienen su aspecto impecable durante a\u00f1os, lo que supone una opci\u00f3n rentable que elimina la necesidad de sustituciones frecuentes.<\/p>\n<\/div>\n\n\n\n<div class=\"wp-block-column is-vertically-aligned-center is-layout-flow wp-block-column-is-layout-flow\">\n<figure class=\"wp-block-image alignright size-full is-style-rounded\"><img decoding=\"async\" src=\"https:\/\/evolve-fitness.eu\/wp-content\/uploads\/2023\/08\/TPU-urethane-weight-plates-6.jpg\" alt=\"\" class=\"wp-image-838\"\/><\/figure>\n<\/div>\n<\/div>\n\n\n\n<div class=\"wp-block-columns alignwide is-layout-flex wp-container-core-columns-is-layout-c45ee707 wp-block-columns-is-layout-flex\" style=\"margin-bottom:var(--wp--preset--spacing--side-padding);padding-top:var(--wp--preset--spacing--side-padding)\">\n<div class=\"wp-block-column is-vertically-aligned-center is-layout-flow wp-block-column-is-layout-flow\">\n<figure class=\"wp-block-image alignright size-full is-style-rounded\"><img decoding=\"async\" src=\"https:\/\/evolve-fitness.eu\/wp-content\/uploads\/2023\/08\/TPU-urethane-weight-plates-4.jpg\" alt=\"\" class=\"wp-image-836\"\/><\/figure>\n<\/div>\n\n\n\n<div class=\"wp-block-column is-vertically-aligned-center is-layout-constrained wp-block-column-is-layout-constrained\">\n<h3 class=\"wp-block-heading\" style=\"margin-bottom:var(--wp--preset--spacing--h-3-bottom)\">Rendimiento personalizable<\/h3>\n\n\n\n<p><strong><em><strong><em>Placas de peso de uretano Evolve para una marca distintiva<\/em><\/strong><\/em><\/strong><\/p>\n\n\n\n<p style=\"margin-bottom:var(--wp--preset--spacing--tb-section-padding)\">Adem\u00e1s de su excepcional durabilidad, los platos de uretano Evolve ofrecen opciones de personalizaci\u00f3n para realzar la marca y la est\u00e9tica de su gimnasio. A\u00f1ada su logotipo y elija colores personalizados para crear una experiencia de entrenamiento \u00fanica, diferenciando su gimnasio de la competencia y dejando una impresi\u00f3n duradera en sus socios.<\/p>\n<\/div>\n<\/div>\n\n\n\n<div class=\"wp-block-columns alignwide is-layout-flex wp-container-core-columns-is-layout-c45ee707 wp-block-columns-is-layout-flex\" style=\"margin-bottom:var(--wp--preset--spacing--side-padding);padding-top:var(--wp--preset--spacing--side-padding)\">\n<div class=\"wp-block-column is-vertically-aligned-center is-layout-flow wp-block-column-is-layout-flow\">\n<h3 class=\"wp-block-heading\" style=\"margin-bottom:var(--wp--preset--spacing--h-3-bottom)\">Logotipos cortados con l\u00e1ser e infundidos con uretano<\/h3>\n\n\n\n<p><strong><em>Est\u00e9tica elevada, rendimiento mejorado<\/em><\/strong><\/p>\n\n\n\n<p>Los platos de peso Evolve Uretane presentan un logotipo y una indicaci\u00f3n de peso cortados con l\u00e1ser e infundidos con uretano que no se despegan ni se desgastan con el tiempo. A diferencia de los platos de pesas est\u00e1ndar que tienen logotipos pintados o pegados, los platos de pesas Evolve est\u00e1n construidos para durar, garantizando que el equipamiento de su gimnasio luzca como nuevo durante a\u00f1os.<\/p>\n<\/div>\n\n\n\n<div class=\"wp-block-column is-vertically-aligned-center is-layout-flow wp-block-column-is-layout-flow\">\n<div class=\"wp-block-columns is-layout-flex wp-container-core-columns-is-layout-9d6595d7 wp-block-columns-is-layout-flex\">\n<div class=\"wp-block-column is-layout-flow wp-block-column-is-layout-flow\">\n<figure class=\"wp-block-image size-full is-style-rounded\"><img decoding=\"async\" src=\"https:\/\/evolve-fitness.eu\/wp-content\/uploads\/2023\/08\/taisyta-00.jpg\" alt=\"\" class=\"wp-image-856\"\/><\/figure>\n<\/div>\n<\/div>\n<\/div>\n<\/div>\n\n\n\n<div class=\"wp-block-columns alignwide is-layout-flex wp-container-core-columns-is-layout-c45ee707 wp-block-columns-is-layout-flex\" style=\"margin-bottom:var(--wp--preset--spacing--side-padding);padding-top:var(--wp--preset--spacing--side-padding)\">\n<div class=\"wp-block-column is-vertically-aligned-center is-layout-flow wp-block-column-is-layout-flow\">\n<figure class=\"wp-block-image size-full is-style-rounded\"><img decoding=\"async\" src=\"https:\/\/evolve-fitness.eu\/wp-content\/uploads\/2023\/08\/Lemon-Gym-Saharova-11.jpg\" alt=\"\" class=\"wp-image-828\"\/><\/figure>\n<\/div>\n\n\n\n<div class=\"wp-block-column is-vertically-aligned-center is-layout-flow wp-block-column-is-layout-flow\">\n<h3 class=\"wp-block-heading\" style=\"margin-bottom:var(--wp--preset--spacing--h-3-bottom)\">La seguridad ante todo<\/h3>\n\n\n\n<p><strong><em>Una experiencia de entrenamiento segura y de confianza<\/em><\/strong><\/p>\n\n\n\n<p>En Evolve, la seguridad es nuestra m\u00e1xima prioridad. Nuestros platos de pesas de uretano est\u00e1n fabricados con material de uretano de alta calidad, no t\u00f3xico e inodoro, lo que garantiza un entorno de entrenamiento seguro y saludable. Su robusta construcci\u00f3n minimiza el riesgo de rotura o astillado, reduciendo la probabilidad de lesiones durante las sesiones de entrenamiento intenso.<\/p>\n<\/div>\n<\/div>\n\n\n\n<div class=\"wp-block-columns alignwide is-layout-flex wp-container-core-columns-is-layout-c45ee707 wp-block-columns-is-layout-flex\" style=\"margin-bottom:var(--wp--preset--spacing--side-padding);padding-top:var(--wp--preset--spacing--side-padding)\">\n<div class=\"wp-block-column is-vertically-aligned-center is-layout-flow wp-block-column-is-layout-flow\">\n<h3 class=\"wp-block-heading\" style=\"margin-bottom:var(--wp--preset--spacing--h-3-bottom)\">Vers\u00e1til y f\u00e1cil de usar<\/h3>\n\n\n\n<p><strong><em>Cuatro asas para facilitar el transporte<\/em><\/strong><\/p>\n\n\n\n<p>Los platos de pesas de uretano Evolve se han dise\u00f1ado pensando en la versatilidad y la facilidad de uso. Con cuatro asas, estas planchas pueden transportarse f\u00e1cilmente y utilizarse para una gran variedad de ejercicios. Tanto si hace peso muerto como estocadas, las cuatro asas facilitan el transporte y el uso de los platos de pesas, haciendo que su entrenamiento sea m\u00e1s eficiente y eficaz.<\/p>\n<\/div>\n\n\n\n<div class=\"wp-block-column is-vertically-aligned-center is-layout-flow wp-block-column-is-layout-flow\">\n<div class=\"wp-block-columns is-layout-flex wp-container-core-columns-is-layout-9d6595d7 wp-block-columns-is-layout-flex\">\n<div class=\"wp-block-column is-layout-flow wp-block-column-is-layout-flow\">\n<figure class=\"wp-block-image size-full is-style-rounded\"><img decoding=\"async\" src=\"https:\/\/evolve-fitness.eu\/wp-content\/uploads\/2023\/08\/TPU-urethane-weight-plates-7.jpg\" alt=\"\" class=\"wp-image-840\"\/><\/figure>\n<\/div>\n<\/div>\n<\/div>\n<\/div>\n\n\n\n<div class=\"wp-block-columns alignwide is-layout-flex wp-container-core-columns-is-layout-c45ee707 wp-block-columns-is-layout-flex\" style=\"margin-bottom:var(--wp--preset--spacing--side-padding);padding-top:var(--wp--preset--spacing--side-padding)\">\n<div class=\"wp-block-column is-vertically-aligned-center is-layout-flow wp-block-column-is-layout-flow\">\n<figure class=\"wp-block-image size-large is-style-rounded\"><img decoding=\"async\" src=\"https:\/\/evolve-fitness.eu\/wp-content\/uploads\/2023\/08\/iskirpta-stanga-su-uretanu-1-1024x601.png\" alt=\"\" class=\"wp-image-826\"\/><\/figure>\n<\/div>\n\n\n\n<div class=\"wp-block-column is-vertically-aligned-center is-layout-flow wp-block-column-is-layout-flow\">\n<h3 class=\"wp-block-heading\" style=\"margin-bottom:var(--wp--preset--spacing--h-3-bottom)\">Adi\u00f3s a los dedos pellizcados<\/h3>\n\n\n\n<p><strong><em>Con placas de peso de uretano Evolve<\/em><\/strong><\/p>\n\n\n\n<p>Los platos de pesas de uretano Evolve est\u00e1n dise\u00f1ados para que la carga y descarga sea m\u00e1s segura y eficiente para los usuarios del gimnasio. La superficie texturizada y la forma redondeada de las placas tambi\u00e9n ayudan a evitar que se peguen entre s\u00ed o a otras superficies, reduciendo la posibilidad de pillarse los dedos durante los cambios de peso.<\/p>\n<\/div>\n<\/div>\n\n\n\n<div class=\"wp-block-columns alignwide is-layout-flex wp-container-core-columns-is-layout-c45ee707 wp-block-columns-is-layout-flex\" style=\"margin-bottom:var(--wp--preset--spacing--side-padding);padding-top:var(--wp--preset--spacing--side-padding)\">\n<div class=\"wp-block-column is-vertically-aligned-center is-layout-flow wp-block-column-is-layout-flow\">\n<h3 class=\"wp-block-heading\" style=\"margin-bottom:var(--wp--preset--spacing--h-3-bottom)\">Fundici\u00f3n de precisi\u00f3n<\/h3>\n\n\n\n<p><strong><em>Puntas de las mangas redondeadas y peso consistente<\/em><\/strong><\/p>\n\n\n\n<p>Las puntas redondeadas de los manguitos facilitan la carga y descarga de las placas, mientras que el dise\u00f1o de fundici\u00f3n de precisi\u00f3n garantiza que cada placa se fabrique seg\u00fan las especificaciones exactas, proporcionando un peso y un tacto uniformes.<\/p>\n<\/div>\n\n\n\n<div class=\"wp-block-column is-vertically-aligned-center is-layout-flow wp-block-column-is-layout-flow\">\n<div class=\"wp-block-columns is-layout-flex wp-container-core-columns-is-layout-9d6595d7 wp-block-columns-is-layout-flex\">\n<div class=\"wp-block-column is-layout-flow wp-block-column-is-layout-flow\">\n<figure class=\"wp-block-image size-full is-style-rounded\"><img decoding=\"async\" src=\"https:\/\/evolve-fitness.eu\/wp-content\/uploads\/2023\/08\/00000.jpg\" alt=\"\" class=\"wp-image-854\"\/><\/figure>\n<\/div>\n<\/div>\n<\/div>\n<\/div>\n\n\n\n<div class=\"wp-block-columns alignwide is-layout-flex wp-container-core-columns-is-layout-c45ee707 wp-block-columns-is-layout-flex\" style=\"margin-bottom:var(--wp--preset--spacing--side-padding);padding-top:var(--wp--preset--spacing--side-padding)\">\n<div class=\"wp-block-column is-vertically-aligned-center is-layout-flow wp-block-column-is-layout-flow\">\n<div class=\"wp-block-columns is-layout-flex wp-container-core-columns-is-layout-9d6595d7 wp-block-columns-is-layout-flex\">\n<div class=\"wp-block-column is-layout-flow wp-block-column-is-layout-flow\">\n<figure class=\"wp-block-image size-large is-style-rounded\"><img decoding=\"async\" src=\"https:\/\/evolve-fitness.eu\/wp-content\/uploads\/2023\/08\/Round-Urethan-Plates-Dimensions-1024x575.jpg\" alt=\"\" class=\"wp-image-9452\"\/><\/figure>\n<\/div>\n\n\n\n<div class=\"wp-block-column is-vertically-aligned-center is-layout-flow wp-block-column-is-layout-flow\">\n<h3 class=\"wp-block-heading\" style=\"margin-bottom:var(--wp--preset--spacing--h-3-bottom)\">equilibrada y proporcional<\/h3>\n\n\n\n<p><strong><em>Adaptado al entrenamiento progresivo de la fuerza<\/em><\/strong><\/p>\n\n\n\n<p>Los platos de peso de uretano TPU de Evolve destacan por ofrecer una amplia gama de tama\u00f1os adaptados al entrenamiento progresivo de la fuerza, con medidas precisas que garantizan un aumento constante tanto del di\u00e1metro como del grosor correspondiente al peso. Desde el compacto plato de 1,25 kg y 190 mm de di\u00e1metro, ideal para ajustar incrementos de peso, hasta el importante plato de 25 kg y 450 mm, cada peso est\u00e1 meticulosamente dise\u00f1ado para ofrecer equilibrio y proporcionalidad. Este cuidadoso dimensionamiento permite un uso vers\u00e1til en diversos ejercicios y equipos, para usuarios de todos los niveles, al tiempo que mantiene un aspecto elegante y uniforme que mejora la facilidad de uso y el atractivo est\u00e9tico de las placas.<\/p>\n<\/div>\n<\/div>\n<\/div>\n<\/div>\n<\/section>\n","protected":false},"excerpt":{"rendered":"<p>Experimenta el m\u00e1ximo rendimiento con los discos de lastre de uretano de TPU Evolve de 1,25 a 25 kg: Durabilidad y estilo inigualables Fabricados con material de TPU de alta calidad, los platos de peso de uretano de TPU Evolve son tu mejor elecci\u00f3n para una resistencia y una elasticidad duraderas. Adecuados tanto para gimnasios comerciales como para entrenamientos en casa, estos platos de pesas de uretano TPU ofrecen un agarre seguro pero c\u00f3modo, garantizando una experiencia de fitness segura y eficaz. Con un dise\u00f1o elegante, una calibraci\u00f3n precisa y una amplia gama de opciones de peso, los platos de peso de uretano TPU Evolve se adaptan a entusiastas del fitness de todos los niveles. Eleva tu entrenamiento de fuerza con los excepcionales platos de pesas de uretano TPU de Evolve, la selecci\u00f3n definitiva para un rendimiento y un progreso duraderos.   <\/p>\n","protected":false},"featured_media":31522,"template":"","meta":{"_acf_changed":false,"inline_featured_image":false},"product_cat":[432,983,1045],"product_tag":[],"class_list":{"0":"post-31469","1":"product","2":"type-product","3":"status-publish","4":"has-post-thumbnail","6":"product_cat-pagina-de-inicio","7":"product_cat-pesos-libres","8":"product_cat-platos-de-pesas","10":"first","11":"instock","12":"shipping-taxable","13":"purchasable","14":"product-type-variable"},"acf":[],"_links":{"self":[{"href":"https:\/\/store.evolve-fitness.eu\/es\/wp-json\/wp\/v2\/product\/31469","targetHints":{"allow":["GET"]}}],"collection":[{"href":"https:\/\/store.evolve-fitness.eu\/es\/wp-json\/wp\/v2\/product"}],"about":[{"href":"https:\/\/store.evolve-fitness.eu\/es\/wp-json\/wp\/v2\/types\/product"}],"wp:featuredmedia":[{"embeddable":true,"href":"https:\/\/store.evolve-fitness.eu\/es\/wp-json\/wp\/v2\/media\/31522"}],"wp:attachment":[{"href":"https:\/\/store.evolve-fitness.eu\/es\/wp-json\/wp\/v2\/media?parent=31469"}],"wp:term":[{"taxonomy":"product_cat","embeddable":true,"href":"https:\/\/store.evolve-fitness.eu\/es\/wp-json\/wp\/v2\/product_cat?post=31469"},{"taxonomy":"product_tag","embeddable":true,"href":"https:\/\/store.evolve-fitness.eu\/es\/wp-json\/wp\/v2\/product_tag?post=31469"}],"curies":[{"name":"wp","href":"https:\/\/api.w.org\/{rel}","templated":true}]}}