{"id":31378,"date":"2023-10-17T13:07:40","date_gmt":"2023-10-17T13:07:40","guid":{"rendered":"https:\/\/store.evolve-fitness.eu\/product\/evolve-cerakote-series-barra-olympic-man-220-cm-20-kg\/"},"modified":"2024-10-11T06:40:19","modified_gmt":"2024-10-11T06:40:19","slug":"evolve-cerakote-series-barra-olympic-man-220-cm-20-kg","status":"publish","type":"product","link":"https:\/\/store.evolve-fitness.eu\/es\/producto\/evolve-cerakote-series-barra-olympic-man-220-cm-20-kg\/","title":{"rendered":"Evolve cerakote series barra olympic man &#8211; 220 cm \/ 20 kg"},"content":{"rendered":"\n<section class=\"wp-block-group alignfull black-content has-white-color has-darkgray-background-color has-text-color has-background is-layout-constrained wp-block-group-is-layout-constrained\" style=\"padding-top:var(--wp--preset--spacing--section-bottom);padding-bottom:var(--wp--preset--spacing--section-bottom)\">\n<section class=\"wp-block-group alignfull black-content has-white-color has-darkgray-background-color has-text-color has-background is-layout-constrained wp-block-group-is-layout-constrained\" style=\"padding-top:var(--wp--preset--spacing--section-bottom);padding-bottom:var(--wp--preset--spacing--section-bottom)\">\n<section class=\"wp-block-group alignfull black-content has-white-color has-darkgray-background-color has-text-color has-background is-layout-constrained wp-block-group-is-layout-constrained\" style=\"padding-top:var(--wp--preset--spacing--section-bottom);padding-bottom:var(--wp--preset--spacing--section-bottom)\">\n<div class=\"wp-block-columns alignwide mobile-reverse is-layout-flex wp-container-core-columns-is-layout-ca64bf2d wp-block-columns-is-layout-flex\" style=\"margin-bottom:var(--wp--preset--spacing--side-padding)\">\n<div class=\"wp-block-column is-vertically-aligned-center is-layout-flow wp-block-column-is-layout-flow\">\n<h3 class=\"wp-block-heading\" style=\"margin-bottom:var(--wp--preset--spacing--h-3-bottom)\">Evolve cerakote series barra olympic man &#8211; 220 cm \/ 20 kg<\/h3>\n<\/div>\n\n\n\n<div class=\"wp-block-column is-vertically-aligned-center is-layout-flow wp-block-column-is-layout-flow\">\n<figure class=\"wp-block-image size-large\"><img loading=\"lazy\" decoding=\"async\" width=\"683\" height=\"1024\" src=\"https:\/\/store.evolve-fitness.eu\/wp-content\/uploads\/2024\/07\/A7_06078-683x1024.jpg\" alt=\"\" class=\"wp-image-92188\" srcset=\"https:\/\/store.evolve-fitness.eu\/wp-content\/uploads\/2024\/07\/A7_06078-683x1024.jpg 683w, https:\/\/store.evolve-fitness.eu\/wp-content\/uploads\/2024\/07\/A7_06078-200x300.jpg 200w, https:\/\/store.evolve-fitness.eu\/wp-content\/uploads\/2024\/07\/A7_06078-768x1152.jpg 768w, https:\/\/store.evolve-fitness.eu\/wp-content\/uploads\/2024\/07\/A7_06078-1024x1536.jpg 1024w, https:\/\/store.evolve-fitness.eu\/wp-content\/uploads\/2024\/07\/A7_06078-600x900.jpg 600w, https:\/\/store.evolve-fitness.eu\/wp-content\/uploads\/2024\/07\/A7_06078.jpg 1280w\" sizes=\"auto, (max-width: 683px) 100vw, 683px\" \/><\/figure>\n<\/div>\n<\/div>\n<\/section>\n<\/section>\n<\/section>\n","protected":false},"excerpt":{"rendered":"<p>Descubra lo \u00faltimo en resistencia y durabilidad con la barra ol\u00edmpica Evolve Cerakote, una opci\u00f3n de primera calidad tanto para el entrenamiento profesional como para los atletas dom\u00e9sticos. Con una impresionante longitud de 220 cm y un peso de 20 kg, esta barra est\u00e1 dise\u00f1ada para soportar una carga m\u00e1xima de 1043 kg, lo que la hace ideal para levantar cargas pesadas. Con 8 rodamientos de agujas y 2 casquillos de cobre, garantiza una rotaci\u00f3n suave y estabilidad durante el uso. Su di\u00e1metro de casquillo de \u00d850 mm admite pesos est\u00e1ndar, mientras que el di\u00e1metro de \u00d828 mm de la parte interior de la barra mejora el agarre y el control. El acabado cromado tanto de la superficie de agarre como de la parte interior de la barra no s\u00f3lo le confiere un aspecto elegante, sino que tambi\u00e9n contribuye a su longevidad. Con un manguito de 415 mm de longitud para las pesas y una profundidad de rugosidad del diapas\u00f3n de 1,5 mm, este manguito est\u00e1 dise\u00f1ado para ofrecer la m\u00e1xima eficacia y comodidad. Certificada con los est\u00e1ndares de rugosidad IMF y respaldada por una garant\u00eda de 2 a\u00f1os, la barra ol\u00edmpica Evolve Cerakote es la mezcla perfecta de rendimiento y calidad para los atletas serios.<\/p>\n","protected":false},"featured_media":92442,"template":"","meta":{"_acf_changed":false,"inline_featured_image":false},"product_cat":[1038,2410,983],"product_tag":[],"class_list":{"0":"post-31378","1":"product","2":"type-product","3":"status-publish","4":"has-post-thumbnail","6":"product_cat-bares-y-accesorios","7":"product_cat-engranaje-hyrox","8":"product_cat-pesos-libres","10":"first","11":"instock","12":"shipping-taxable","13":"purchasable","14":"product-type-simple"},"acf":[],"_links":{"self":[{"href":"https:\/\/store.evolve-fitness.eu\/es\/wp-json\/wp\/v2\/product\/31378","targetHints":{"allow":["GET"]}}],"collection":[{"href":"https:\/\/store.evolve-fitness.eu\/es\/wp-json\/wp\/v2\/product"}],"about":[{"href":"https:\/\/store.evolve-fitness.eu\/es\/wp-json\/wp\/v2\/types\/product"}],"wp:featuredmedia":[{"embeddable":true,"href":"https:\/\/store.evolve-fitness.eu\/es\/wp-json\/wp\/v2\/media\/92442"}],"wp:attachment":[{"href":"https:\/\/store.evolve-fitness.eu\/es\/wp-json\/wp\/v2\/media?parent=31378"}],"wp:term":[{"taxonomy":"product_cat","embeddable":true,"href":"https:\/\/store.evolve-fitness.eu\/es\/wp-json\/wp\/v2\/product_cat?post=31378"},{"taxonomy":"product_tag","embeddable":true,"href":"https:\/\/store.evolve-fitness.eu\/es\/wp-json\/wp\/v2\/product_tag?post=31378"}],"curies":[{"name":"wp","href":"https:\/\/api.w.org\/{rel}","templated":true}]}}