{"id":30518,"date":"2023-10-16T10:21:10","date_gmt":"2023-10-16T10:21:10","guid":{"rendered":"https:\/\/store.evolve-fitness.eu\/product\/barra-hexagonal-olimpica-evolve-150-cm\/"},"modified":"2024-07-16T08:30:07","modified_gmt":"2024-07-16T08:30:07","slug":"barra-hexagonal-olimpica-evolve-150-cm","status":"publish","type":"product","link":"https:\/\/store.evolve-fitness.eu\/es\/producto\/barra-hexagonal-olimpica-evolve-150-cm\/","title":{"rendered":"Barra hexagonal ol\u00edmpica Evolve &#8211; 150 cm"},"content":{"rendered":"","protected":false},"excerpt":{"rendered":"<p>La barra hexagonal ol\u00edmpica Evolve ofrece la oportunidad de realizar una gama m\u00e1s amplia de ejercicios manteniendo la forma adecuada. Construida con manguitos, esta barra garantiza una rotaci\u00f3n suave y durabilidad. Esta barra puede soportar un uso continuo con una carga m\u00e1xima de hasta 500 kg.<\/p>\n","protected":false},"featured_media":92238,"template":"","meta":{"_acf_changed":false,"inline_featured_image":false},"product_cat":[983,1038],"product_tag":[],"class_list":{"0":"post-30518","1":"product","2":"type-product","3":"status-publish","4":"has-post-thumbnail","6":"product_cat-pesos-libres","7":"product_cat-bares-y-accesorios","9":"first","10":"instock","11":"shipping-taxable","12":"purchasable","13":"product-type-simple"},"acf":[],"_links":{"self":[{"href":"https:\/\/store.evolve-fitness.eu\/es\/wp-json\/wp\/v2\/product\/30518","targetHints":{"allow":["GET"]}}],"collection":[{"href":"https:\/\/store.evolve-fitness.eu\/es\/wp-json\/wp\/v2\/product"}],"about":[{"href":"https:\/\/store.evolve-fitness.eu\/es\/wp-json\/wp\/v2\/types\/product"}],"wp:featuredmedia":[{"embeddable":true,"href":"https:\/\/store.evolve-fitness.eu\/es\/wp-json\/wp\/v2\/media\/92238"}],"wp:attachment":[{"href":"https:\/\/store.evolve-fitness.eu\/es\/wp-json\/wp\/v2\/media?parent=30518"}],"wp:term":[{"taxonomy":"product_cat","embeddable":true,"href":"https:\/\/store.evolve-fitness.eu\/es\/wp-json\/wp\/v2\/product_cat?post=30518"},{"taxonomy":"product_tag","embeddable":true,"href":"https:\/\/store.evolve-fitness.eu\/es\/wp-json\/wp\/v2\/product_tag?post=30518"}],"curies":[{"name":"wp","href":"https:\/\/api.w.org\/{rel}","templated":true}]}}