{"id":30464,"date":"2023-10-16T08:38:11","date_gmt":"2023-10-16T08:38:11","guid":{"rendered":"https:\/\/store.evolve-fitness.eu\/product\/barra-de-curl-olimpico-evolve-120-cm\/"},"modified":"2024-07-16T08:17:51","modified_gmt":"2024-07-16T08:17:51","slug":"barra-de-curl-olimpico-evolve-120-cm","status":"publish","type":"product","link":"https:\/\/store.evolve-fitness.eu\/es\/producto\/barra-de-curl-olimpico-evolve-120-cm\/","title":{"rendered":"Barra de curl ol\u00edmpico Evolve &#8211; 120 cm"},"content":{"rendered":"\n<section class=\"wp-block-group alignfull black-content has-white-color has-darkgray-background-color has-text-color has-background is-layout-constrained wp-block-group-is-layout-constrained\" style=\"padding-top:var(--wp--preset--spacing--section-bottom);padding-bottom:var(--wp--preset--spacing--section-bottom)\">\n<section class=\"wp-block-group alignfull black-content has-white-color has-darkgray-background-color has-text-color has-background is-layout-constrained wp-block-group-is-layout-constrained\" style=\"padding-top:var(--wp--preset--spacing--section-bottom);padding-bottom:var(--wp--preset--spacing--section-bottom)\">\n<div class=\"wp-block-columns alignwide mobile-reverse is-layout-flex wp-container-core-columns-is-layout-ca64bf2d wp-block-columns-is-layout-flex\" style=\"margin-bottom:var(--wp--preset--spacing--side-padding)\">\n<div class=\"wp-block-column is-vertically-aligned-center is-layout-flow wp-block-column-is-layout-flow\">\n<h3 class=\"wp-block-heading\" style=\"margin-bottom:var(--wp--preset--spacing--h-3-bottom)\">Barra de curl ol\u00edmpico Evolve &#8211; 120 cm<\/h3>\n\n\n\n<p><strong><em><strong><em>120 cm<\/em><\/strong><\/em><\/strong><\/p>\n\n\n\n<p style=\"margin-bottom:var(--wp--preset--spacing--tb-section-padding)\">Experimenta el pin\u00e1culo del entrenamiento de fuerza con la barra ol\u00edmpica de curl Evolve (EV-OB-CB-120): una barra de curl premium de 1200 mm, 10 kg y 50 mm, dise\u00f1ada tanto para entrenamientos intensos en casa como para uso comercial intensivo.<\/p>\n<\/div>\n\n\n\n<div class=\"wp-block-column is-vertically-aligned-center is-layout-flow wp-block-column-is-layout-flow\">\n<figure class=\"wp-block-image size-large\"><img loading=\"lazy\" decoding=\"async\" width=\"683\" height=\"1024\" src=\"https:\/\/store.evolve-fitness.eu\/wp-content\/uploads\/2024\/07\/A7_06078-683x1024.jpg\" alt=\"\" class=\"wp-image-92188\" srcset=\"https:\/\/store.evolve-fitness.eu\/wp-content\/uploads\/2024\/07\/A7_06078-683x1024.jpg 683w, https:\/\/store.evolve-fitness.eu\/wp-content\/uploads\/2024\/07\/A7_06078-200x300.jpg 200w, https:\/\/store.evolve-fitness.eu\/wp-content\/uploads\/2024\/07\/A7_06078-768x1152.jpg 768w, https:\/\/store.evolve-fitness.eu\/wp-content\/uploads\/2024\/07\/A7_06078-1024x1536.jpg 1024w, https:\/\/store.evolve-fitness.eu\/wp-content\/uploads\/2024\/07\/A7_06078-600x900.jpg 600w, https:\/\/store.evolve-fitness.eu\/wp-content\/uploads\/2024\/07\/A7_06078.jpg 1280w\" sizes=\"auto, (max-width: 683px) 100vw, 683px\" \/><\/figure>\n<\/div>\n<\/div>\n<\/section>\n<\/section>\n","protected":false},"excerpt":{"rendered":"<p>Experimenta el pin\u00e1culo del entrenamiento de fuerza con la barra ol\u00edmpica de curl Evolve (EV-OB-CB-120): una barra de curl premium de 1200 mm, 10 kg y 50 mm, dise\u00f1ada tanto para entrenamientos intensos en casa como para uso comercial intensivo. De construcci\u00f3n robusta, con un di\u00e1metro interior de barra de \u00d828 mm y una superficie interior cromada, esta barra de curl con barra est\u00e1 hecha para durar. Sus casquillos garantizan un funcionamiento suave y una durabilidad excepcional, capaz de soportar una carga m\u00e1xima de 360 kg. Con una garant\u00eda de 2 a\u00f1os y casquillos de plato de pesas de \u00d850 mm, esta barra de curl ol\u00edmpico cumple los m\u00e1s altos est\u00e1ndares de calidad y rendimiento. Tanto si quieres mejorar tu gimnasio dom\u00e9stico como equipar un gimnasio comercial, la barra de rizos ol\u00edmpica Evolve es la elecci\u00f3n definitiva para quienes exigen lo mejor.<\/p>\n","protected":false},"featured_media":30486,"template":"","meta":{"_acf_changed":false,"inline_featured_image":false},"product_cat":[2410,983,1038],"product_tag":[],"class_list":{"0":"post-30464","1":"product","2":"type-product","3":"status-publish","4":"has-post-thumbnail","6":"product_cat-engranaje-hyrox","7":"product_cat-pesos-libres","8":"product_cat-bares-y-accesorios","10":"first","11":"instock","12":"shipping-taxable","13":"purchasable","14":"product-type-simple"},"acf":[],"_links":{"self":[{"href":"https:\/\/store.evolve-fitness.eu\/es\/wp-json\/wp\/v2\/product\/30464","targetHints":{"allow":["GET"]}}],"collection":[{"href":"https:\/\/store.evolve-fitness.eu\/es\/wp-json\/wp\/v2\/product"}],"about":[{"href":"https:\/\/store.evolve-fitness.eu\/es\/wp-json\/wp\/v2\/types\/product"}],"wp:featuredmedia":[{"embeddable":true,"href":"https:\/\/store.evolve-fitness.eu\/es\/wp-json\/wp\/v2\/media\/30486"}],"wp:attachment":[{"href":"https:\/\/store.evolve-fitness.eu\/es\/wp-json\/wp\/v2\/media?parent=30464"}],"wp:term":[{"taxonomy":"product_cat","embeddable":true,"href":"https:\/\/store.evolve-fitness.eu\/es\/wp-json\/wp\/v2\/product_cat?post=30464"},{"taxonomy":"product_tag","embeddable":true,"href":"https:\/\/store.evolve-fitness.eu\/es\/wp-json\/wp\/v2\/product_tag?post=30464"}],"curies":[{"name":"wp","href":"https:\/\/api.w.org\/{rel}","templated":true}]}}