{"id":30427,"date":"2023-10-16T07:19:20","date_gmt":"2023-10-16T07:19:20","guid":{"rendered":"https:\/\/store.evolve-fitness.eu\/product\/barra-olimpica-evolve-150-cm\/"},"modified":"2024-10-11T06:34:24","modified_gmt":"2024-10-11T06:34:24","slug":"barra-olimpica-evolve-150-cm","status":"publish","type":"product","link":"https:\/\/store.evolve-fitness.eu\/es\/producto\/barra-olimpica-evolve-150-cm\/","title":{"rendered":"Barra ol\u00edmpica Evolve &#8211; 150 cm"},"content":{"rendered":"\n<section class=\"wp-block-group alignfull black-content has-white-color has-darkgray-background-color has-text-color has-background is-layout-constrained wp-block-group-is-layout-constrained\" style=\"padding-top:var(--wp--preset--spacing--section-bottom);padding-bottom:var(--wp--preset--spacing--section-bottom)\">\n<section class=\"wp-block-group alignfull black-content has-white-color has-darkgray-background-color has-text-color has-background is-layout-constrained wp-block-group-is-layout-constrained\" style=\"padding-top:var(--wp--preset--spacing--section-bottom);padding-bottom:var(--wp--preset--spacing--section-bottom)\">\n<section class=\"wp-block-group alignfull black-content has-white-color has-darkgray-background-color has-text-color has-background is-layout-constrained wp-block-group-is-layout-constrained\" style=\"padding-top:var(--wp--preset--spacing--section-bottom);padding-bottom:var(--wp--preset--spacing--section-bottom)\">\n<div class=\"wp-block-columns alignwide mobile-reverse is-layout-flex wp-container-core-columns-is-layout-ca64bf2d wp-block-columns-is-layout-flex\" style=\"margin-bottom:var(--wp--preset--spacing--side-padding)\">\n<div class=\"wp-block-column is-vertically-aligned-center is-layout-flow wp-block-column-is-layout-flow\">\n<h3 class=\"wp-block-heading\" style=\"margin-bottom:var(--wp--preset--spacing--h-3-bottom)\">Barra Evolve Olymic &#8211; 150 cm<\/h3>\n\n\n\n<p><strong><em><strong><em>150 cm<\/em><\/strong><\/em><\/strong><\/p>\n\n\n\n<p style=\"margin-bottom:var(--wp--preset--spacing--tb-section-padding)\">Mejora tu entrenamiento con la barra ol\u00edmpica Evolve, una barra premium de 150 cm dise\u00f1ada para ofrecer un rendimiento y una durabilidad superiores.  <\/p>\n<\/div>\n\n\n\n<div class=\"wp-block-column is-vertically-aligned-center is-layout-flow wp-block-column-is-layout-flow\">\n<figure class=\"wp-block-image size-large\"><img loading=\"lazy\" decoding=\"async\" width=\"683\" height=\"1024\" src=\"https:\/\/store.evolve-fitness.eu\/wp-content\/uploads\/2024\/07\/A7_06078-683x1024.jpg\" alt=\"\" class=\"wp-image-92188\" srcset=\"https:\/\/store.evolve-fitness.eu\/wp-content\/uploads\/2024\/07\/A7_06078-683x1024.jpg 683w, https:\/\/store.evolve-fitness.eu\/wp-content\/uploads\/2024\/07\/A7_06078-200x300.jpg 200w, https:\/\/store.evolve-fitness.eu\/wp-content\/uploads\/2024\/07\/A7_06078-768x1152.jpg 768w, https:\/\/store.evolve-fitness.eu\/wp-content\/uploads\/2024\/07\/A7_06078-1024x1536.jpg 1024w, https:\/\/store.evolve-fitness.eu\/wp-content\/uploads\/2024\/07\/A7_06078-600x900.jpg 600w, https:\/\/store.evolve-fitness.eu\/wp-content\/uploads\/2024\/07\/A7_06078.jpg 1280w\" sizes=\"auto, (max-width: 683px) 100vw, 683px\" \/><\/figure>\n<\/div>\n<\/div>\n<\/section>\n<\/section>\n<\/section>\n","protected":false},"excerpt":{"rendered":"<p>Mejore su entrenamiento con la barra ol\u00edmpica Evolve, una barra premium de 150 cm dise\u00f1ada para ofrecer un rendimiento y una durabilidad superiores. Con un peso de 12 kg y una capacidad de carga m\u00e1xima de 320 kg, esta barra es perfecta tanto para principiantes como para atletas experimentados. El di\u00e1metro del casquillo del plato de pesas de \u00d8 50 mm permite alojar pesas ol\u00edmpicas est\u00e1ndar, mientras que el di\u00e1metro interior de la barra de \u00d8 30 mm garantiza un agarre c\u00f3modo. La barra cuenta con casquillos de alta calidad para una rotaci\u00f3n suave, un acabado cromado en la superficie interior y el casquillo de las pesas para una mayor durabilidad, y una longitud de casquillo de 250 mm para los platos de pesas. Con un nudo de 1 mm de profundidad, el tipo de nudo est\u00e1ndar de la IWF y un afilado medio, la barra ol\u00edmpica Evolve proporciona un agarre \u00f3ptimo, reduciendo el riesgo de deslizamiento durante los levantamientos pesados. Respaldada por una garant\u00eda de 2 a\u00f1os, esta barra es un complemento fiable para cualquier gimnasio o espacio de entrenamiento dom\u00e9stico.<\/p>\n<p>\n","protected":false},"featured_media":30438,"template":"","meta":{"_acf_changed":false,"inline_featured_image":false},"product_cat":[2410,983,1038],"product_tag":[],"class_list":{"0":"post-30427","1":"product","2":"type-product","3":"status-publish","4":"has-post-thumbnail","6":"product_cat-engranaje-hyrox","7":"product_cat-pesos-libres","8":"product_cat-bares-y-accesorios","10":"first","11":"instock","12":"shipping-taxable","13":"purchasable","14":"product-type-simple"},"acf":[],"_links":{"self":[{"href":"https:\/\/store.evolve-fitness.eu\/es\/wp-json\/wp\/v2\/product\/30427","targetHints":{"allow":["GET"]}}],"collection":[{"href":"https:\/\/store.evolve-fitness.eu\/es\/wp-json\/wp\/v2\/product"}],"about":[{"href":"https:\/\/store.evolve-fitness.eu\/es\/wp-json\/wp\/v2\/types\/product"}],"wp:featuredmedia":[{"embeddable":true,"href":"https:\/\/store.evolve-fitness.eu\/es\/wp-json\/wp\/v2\/media\/30438"}],"wp:attachment":[{"href":"https:\/\/store.evolve-fitness.eu\/es\/wp-json\/wp\/v2\/media?parent=30427"}],"wp:term":[{"taxonomy":"product_cat","embeddable":true,"href":"https:\/\/store.evolve-fitness.eu\/es\/wp-json\/wp\/v2\/product_cat?post=30427"},{"taxonomy":"product_tag","embeddable":true,"href":"https:\/\/store.evolve-fitness.eu\/es\/wp-json\/wp\/v2\/product_tag?post=30427"}],"curies":[{"name":"wp","href":"https:\/\/api.w.org\/{rel}","templated":true}]}}