{"id":29910,"date":"2023-10-12T06:45:47","date_gmt":"2023-10-12T06:45:47","guid":{"rendered":"https:\/\/store.evolve-fitness.eu\/product\/evolve-arbol-de-placas-de-peso\/"},"modified":"2026-04-08T12:00:18","modified_gmt":"2026-04-08T12:00:18","slug":"evolve-arbol-de-placas-de-peso","status":"publish","type":"product","link":"https:\/\/store.evolve-fitness.eu\/es\/producto\/evolve-arbol-de-placas-de-peso\/","title":{"rendered":"Evolve \u00c1rbol de placas de peso"},"content":{"rendered":"\n<section class=\"wp-block-group alignfull black-content has-white-color has-darkgray-background-color has-text-color has-background is-layout-constrained wp-block-group-is-layout-constrained\" style=\"padding-top:var(--wp--preset--spacing--section-bottom);padding-bottom:var(--wp--preset--spacing--section-bottom)\">\n<p class=\"has-text-align-center has-medium-2-font-size\"><strong>Maximice el espacio de su gimnasio<\/strong>: la <strong>soluci\u00f3n de almacenamiento definitiva<\/strong><\/p>\n\n\n\n<p class=\"has-text-align-center has-medium-font-size\">Bienvenido al mundo del levantamiento de pesas eficiente y organizado con el \u00c1rbol de Platos de Pesas Evolve. Dise\u00f1ado para placas de pesas ol\u00edmpicas, este bastidor vertical no s\u00f3lo ahorra espacio, sino que tambi\u00e9n es una prueba de durabilidad y seguridad.<\/p>\n\n\n\n<div class=\"wp-block-columns alignwide mobile-reverse is-layout-flex wp-container-core-columns-is-layout-ca64bf2d wp-block-columns-is-layout-flex\" style=\"margin-bottom:var(--wp--preset--spacing--side-padding)\">\n<div class=\"wp-block-column is-vertically-aligned-center is-layout-flow wp-block-column-is-layout-flow\">\n<h3 class=\"wp-block-heading\" style=\"margin-bottom:var(--wp--preset--spacing--h-3-bottom)\"><strong><strong><strong><strong><strong><strong><strong><strong><strong>Construcci\u00f3n duradera<\/strong><\/strong><\/strong><\/strong><\/strong><\/strong><\/strong><\/strong><\/strong><\/h3>\n\n\n\n<p>Fabricado para durar, el \u00e1rbol de placas de pesas Evolve cuenta con un robusto armaz\u00f3n soldado que combina tubos circulares de \u230076 x 2,5 mm y rectangulares de 50 x 100 x 3 mm. Sus tuercas y tornillos de acero inoxidable refuerzan la estabilidad, por lo que es ideal para gimnasios comerciales de mucho tr\u00e1fico, instalaciones militares, gimnasios de oficina y spas. El acabado con recubrimiento en polvo a\u00f1ade una est\u00e9tica atrevida a la vez que protege contra ara\u00f1azos y \u00f3xido.<\/p>\n<\/div>\n\n\n\n<div class=\"wp-block-column is-vertically-aligned-center is-layout-flow wp-block-column-is-layout-flow\">\n<figure class=\"wp-block-image alignright size-full is-resized is-style-rounded\"><img decoding=\"async\" src=\"https:\/\/evolve-fitness.eu\/wp-content\/uploads\/2023\/11\/Evolve-Weight-Plates-Tree.png\" alt=\"\" class=\"wp-image-5994\" style=\"object-fit:cover;width:680px;height:600px\"\/><\/figure>\n<\/div>\n<\/div>\n\n\n\n<div class=\"wp-block-columns alignwide is-layout-flex wp-container-core-columns-is-layout-c45ee707 wp-block-columns-is-layout-flex\" style=\"margin-bottom:var(--wp--preset--spacing--side-padding);padding-top:var(--wp--preset--spacing--side-padding)\">\n<div class=\"wp-block-column is-vertically-aligned-center is-layout-flow wp-block-column-is-layout-flow\">\n<figure class=\"wp-block-image size-full is-resized is-style-rounded\"><img decoding=\"async\" src=\"https:\/\/evolve-fitness.eu\/wp-content\/uploads\/2023\/11\/Evolve-Weight-Plates-Tree1.png\" alt=\"\" class=\"wp-image-5990\" style=\"object-fit:cover;width:680px;height:600px\"\/><\/figure>\n<\/div>\n\n\n\n<div class=\"wp-block-column is-vertically-aligned-center is-layout-constrained wp-block-column-is-layout-constrained\">\n<h3 class=\"wp-block-heading\" style=\"margin-bottom:var(--wp--preset--spacing--h-3-bottom)\"><strong><strong><strong><strong><strong><strong><strong><strong><strong>Dise\u00f1o c\u00f3modo y compacto<\/strong><\/strong><\/strong><\/strong><\/strong><\/strong><\/strong><\/strong><\/strong><\/h3>\n\n\n\n<p>Este dise\u00f1o compacto y vertical no s\u00f3lo ahorra espacio, sino que es el sue\u00f1o de cualquier organizador. F\u00e1cilmente accesible y ordenado, el soporte facilita la selecci\u00f3n de las pesas. Es el complemento perfecto para cualquier gimnasio dom\u00e9stico o comercial, ya que garantiza una zona de entrenamiento despejada.<\/p>\n<\/div>\n<\/div>\n\n\n\n<div class=\"wp-block-columns alignwide is-layout-flex wp-container-core-columns-is-layout-c45ee707 wp-block-columns-is-layout-flex\" style=\"margin-bottom:var(--wp--preset--spacing--side-padding);padding-top:var(--wp--preset--spacing--side-padding)\">\n<div class=\"wp-block-column is-vertically-aligned-center is-layout-constrained wp-block-column-is-layout-constrained\">\n<h3 class=\"wp-block-heading\" style=\"margin-bottom:var(--wp--preset--spacing--h-3-bottom)\"><strong><strong><strong><strong><strong><strong><strong><strong><strong><strong>Seguridad y estabilidad sin concesiones<\/strong><\/strong><\/strong><\/strong><\/strong><\/strong><\/strong><\/strong><\/strong><\/strong><\/h3>\n\n\n\n<p>Priorizando su seguridad, las barras de los platos de pesas est\u00e1n revestidas de material de alta resistencia al desgaste, conforme a las normas GB 17498-2008 y EU EN2057. Con las certificaciones ROSH y REACH, puede estar seguro de su calidad. Los suaves cubrepi\u00e9s de PVC protegen el suelo y garantizan la estabilidad durante las sesiones de entrenamiento intensas.<\/p>\n<\/div>\n\n\n\n<div class=\"wp-block-column is-vertically-aligned-center is-layout-flow wp-block-column-is-layout-flow\">\n<figure class=\"wp-block-image size-full is-resized is-style-rounded\"><img decoding=\"async\" src=\"https:\/\/evolve-fitness.eu\/wp-content\/uploads\/2023\/11\/Dizainas-be-pavadinimo-hgh-edited-1.png\" alt=\"\" class=\"wp-image-6002\" style=\"object-fit:cover;width:680px;height:600px\"\/><\/figure>\n<\/div>\n<\/div>\n<\/section>\n","protected":false},"excerpt":{"rendered":"<p>Presentamos el \u00c1rbol de Platos de Pesas Evolve, el pin\u00e1culo de la organizaci\u00f3n y durabilidad en el gimnasio. Dise\u00f1ado espec\u00edficamente para los platos de pesas ol\u00edmpicas, esta maravilla de almacenamiento vertical cuenta con un robusto bastidor, expertamente soldado con materiales de alta resistencia y acabado con un elegante revestimiento en polvo resistente a los ara\u00f1azos. Ideal tanto para gimnasios comerciales bulliciosos como para entusiastas del fitness dom\u00e9stico, promete seguridad gracias a sus barras protectoras resistentes al desgaste y a sus pies de PVC aptos para el suelo. Su dise\u00f1o compacto no s\u00f3lo ahorra espacio, sino que tambi\u00e9n garantiza que sus pesas est\u00e9n bien organizadas y sean f\u00e1cilmente accesibles. Con una capacidad de carga m\u00e1xima de 600 kg y una s\u00f3lida garant\u00eda de dos a\u00f1os, el \u00e1rbol de placas de pesas Evolve es un complemento esencial para cualquier espacio de fitness, ya que ofrece una estabilidad inigualable y un entorno libre de desorden. Eleve su zona de entrenamiento con esta soluci\u00f3n elegante, eficiente y duradera.<\/p>\n","protected":false},"featured_media":96167,"template":"","meta":{"_acf_changed":false,"inline_featured_image":false},"product_cat":[432,983,984],"product_tag":[],"class_list":{"0":"post-29910","1":"product","2":"type-product","3":"status-publish","4":"has-post-thumbnail","6":"product_cat-pagina-de-inicio","7":"product_cat-pesos-libres","8":"product_cat-estanterias-y-soluciones-de-almacenamiento","10":"first","11":"instock","12":"shipping-taxable","13":"purchasable","14":"product-type-simple"},"acf":[],"_links":{"self":[{"href":"https:\/\/store.evolve-fitness.eu\/es\/wp-json\/wp\/v2\/product\/29910","targetHints":{"allow":["GET"]}}],"collection":[{"href":"https:\/\/store.evolve-fitness.eu\/es\/wp-json\/wp\/v2\/product"}],"about":[{"href":"https:\/\/store.evolve-fitness.eu\/es\/wp-json\/wp\/v2\/types\/product"}],"wp:featuredmedia":[{"embeddable":true,"href":"https:\/\/store.evolve-fitness.eu\/es\/wp-json\/wp\/v2\/media\/96167"}],"wp:attachment":[{"href":"https:\/\/store.evolve-fitness.eu\/es\/wp-json\/wp\/v2\/media?parent=29910"}],"wp:term":[{"taxonomy":"product_cat","embeddable":true,"href":"https:\/\/store.evolve-fitness.eu\/es\/wp-json\/wp\/v2\/product_cat?post=29910"},{"taxonomy":"product_tag","embeddable":true,"href":"https:\/\/store.evolve-fitness.eu\/es\/wp-json\/wp\/v2\/product_tag?post=29910"}],"curies":[{"name":"wp","href":"https:\/\/api.w.org\/{rel}","templated":true}]}}