{"id":29867,"date":"2023-10-12T07:54:55","date_gmt":"2023-10-12T07:54:55","guid":{"rendered":"https:\/\/store.evolve-fitness.eu\/product\/evolve-kettlebell-rack\/"},"modified":"2026-03-26T11:59:13","modified_gmt":"2026-03-26T11:59:13","slug":"evolve-kettlebell-rack","status":"publish","type":"product","link":"https:\/\/store.evolve-fitness.eu\/es\/producto\/evolve-kettlebell-rack\/","title":{"rendered":"Evolve kettlebell rack"},"content":{"rendered":"","protected":false},"excerpt":{"rendered":"<p>El Evolve Kettlebell Rack, con su eficiente dise\u00f1o de 2 niveles y sus dimensiones de 1500 x 590 x 760 mm, ofrece una soluci\u00f3n de almacenamiento ideal para las kettlebells. Su robusto armaz\u00f3n est\u00e1 fabricado con tubos ovalados (40 x 80 x 2 mm) y presenta un duradero acabado con recubrimiento en polvo. Este soporte no s\u00f3lo maximiza el espacio de almacenamiento, sino que tambi\u00e9n garantiza la seguridad de su equipo gracias a sus revestimientos de bandeja, dise\u00f1ados para evitar ara\u00f1azos y da\u00f1os en las kettlebells. Perfecto tanto para gimnasios dom\u00e9sticos como para entornos profesionales, el soporte para kettlebells Evolve es una opci\u00f3n excelente para mantener tu espacio de entrenamiento organizado y tus kettlebells en perfectas condiciones.<\/p>\n","protected":false},"featured_media":29877,"template":"","meta":{"_acf_changed":false,"inline_featured_image":false},"product_cat":[432,983,984],"product_tag":[],"class_list":{"0":"post-29867","1":"product","2":"type-product","3":"status-publish","4":"has-post-thumbnail","6":"product_cat-pagina-de-inicio","7":"product_cat-pesos-libres","8":"product_cat-estanterias-y-soluciones-de-almacenamiento","10":"first","11":"instock","12":"shipping-taxable","13":"purchasable","14":"product-type-simple"},"acf":[],"_links":{"self":[{"href":"https:\/\/store.evolve-fitness.eu\/es\/wp-json\/wp\/v2\/product\/29867","targetHints":{"allow":["GET"]}}],"collection":[{"href":"https:\/\/store.evolve-fitness.eu\/es\/wp-json\/wp\/v2\/product"}],"about":[{"href":"https:\/\/store.evolve-fitness.eu\/es\/wp-json\/wp\/v2\/types\/product"}],"wp:featuredmedia":[{"embeddable":true,"href":"https:\/\/store.evolve-fitness.eu\/es\/wp-json\/wp\/v2\/media\/29877"}],"wp:attachment":[{"href":"https:\/\/store.evolve-fitness.eu\/es\/wp-json\/wp\/v2\/media?parent=29867"}],"wp:term":[{"taxonomy":"product_cat","embeddable":true,"href":"https:\/\/store.evolve-fitness.eu\/es\/wp-json\/wp\/v2\/product_cat?post=29867"},{"taxonomy":"product_tag","embeddable":true,"href":"https:\/\/store.evolve-fitness.eu\/es\/wp-json\/wp\/v2\/product_tag?post=29867"}],"curies":[{"name":"wp","href":"https:\/\/api.w.org\/{rel}","templated":true}]}}