{"id":29554,"date":"2023-10-11T11:03:53","date_gmt":"2023-10-11T11:03:53","guid":{"rendered":"https:\/\/store.evolve-fitness.eu\/product\/soporte-para-mancuernas-evolve-hexagon\/"},"modified":"2026-04-03T12:00:23","modified_gmt":"2026-04-03T12:00:23","slug":"soporte-para-mancuernas-evolve-hexagon","status":"publish","type":"product","link":"https:\/\/store.evolve-fitness.eu\/es\/producto\/soporte-para-mancuernas-evolve-hexagon\/","title":{"rendered":"Soporte para mancuernas Evolve Hexagon"},"content":{"rendered":"\n<section class=\"wp-block-group alignfull black-content has-white-color has-darkgray-background-color has-text-color has-background is-layout-constrained wp-block-group-is-layout-constrained\" style=\"padding-top:var(--wp--preset--spacing--section-bottom);padding-bottom:var(--wp--preset--spacing--section-bottom)\">\n<div class=\"wp-block-columns alignwide mobile-reverse is-layout-flex wp-container-core-columns-is-layout-ca64bf2d wp-block-columns-is-layout-flex\" style=\"margin-bottom:var(--wp--preset--spacing--side-padding)\">\n<div class=\"wp-block-column is-vertically-aligned-center is-layout-flow wp-block-column-is-layout-flow\">\n<h3 class=\"wp-block-heading\" style=\"margin-bottom:var(--wp--preset--spacing--h-3-bottom)\"><strong><strong><strong>Construcci\u00f3n duradera para un uso prolongado<\/strong><\/strong><\/strong><\/h3>\n\n\n\n<p>El soporte para mancuernas Evolve Hexagon est\u00e1 fabricado en metal de alta resistencia, lo que garantiza que pueda soportar los rigores de un entorno de gimnasio de alto uso. El bastidor de la estanter\u00eda est\u00e1 recubierto de pintura en polvo, lo que ofrece un color llamativo y duradero que resiste los ara\u00f1azos y el \u00f3xido. Esta robusta construcci\u00f3n garantiza una larga vida \u00fatil, incluso en los entornos m\u00e1s exigentes.  <\/p>\n<\/div>\n\n\n\n<div class=\"wp-block-column is-vertically-aligned-center is-layout-flow wp-block-column-is-layout-flow\">\n<figure class=\"wp-block-image alignright size-full is-resized is-style-rounded\"><img decoding=\"async\" src=\"https:\/\/evolve-fitness.eu\/wp-content\/uploads\/2023\/11\/Evolve-Hexagon-Dumbbell-Rack.-.EV-RS-HR-100.png\" alt=\"\" class=\"wp-image-5936\" style=\"object-fit:cover;width:680px;height:600px\"\/><\/figure>\n<\/div>\n<\/div>\n\n\n\n<div class=\"wp-block-columns alignwide is-layout-flex wp-container-core-columns-is-layout-c45ee707 wp-block-columns-is-layout-flex\" style=\"margin-bottom:var(--wp--preset--spacing--side-padding);padding-top:var(--wp--preset--spacing--side-padding)\">\n<div class=\"wp-block-column is-vertically-aligned-center is-layout-flow wp-block-column-is-layout-flow\">\n<figure class=\"wp-block-image size-full is-resized\"><img decoding=\"async\" src=\"https:\/\/evolve-fitness.eu\/wp-content\/uploads\/2023\/11\/Evolve-hex-dumbbells-4-1.png\" alt=\"\" class=\"wp-image-5354\" style=\"object-fit:cover;width:680px;height:600px\"\/><\/figure>\n<\/div>\n\n\n\n<div class=\"wp-block-column is-vertically-aligned-center is-layout-constrained wp-block-column-is-layout-constrained\">\n<h3 class=\"wp-block-heading\" style=\"margin-bottom:var(--wp--preset--spacing--h-3-bottom)\"><strong><strong>Compacto y eficiente en espacio<\/strong><\/strong><\/h3>\n\n\n\n<p>El dise\u00f1o de tres niveles del soporte para mancuernas Evolve Hexagon permite alojar hasta 10 pares de mancuernas ahorrando un valioso espacio en el suelo. Esta estructura compacta garantiza que sus mancuernas est\u00e9n bien organizadas y sean f\u00e1cilmente accesibles, lo que facilita a los usuarios encontrar y seleccionar las pesas que necesitan. <\/p>\n<\/div>\n<\/div>\n\n\n\n<div class=\"wp-block-columns alignwide is-layout-flex wp-container-core-columns-is-layout-c45ee707 wp-block-columns-is-layout-flex\" style=\"margin-bottom:var(--wp--preset--spacing--side-padding);padding-top:var(--wp--preset--spacing--side-padding)\">\n<div class=\"wp-block-column is-vertically-aligned-center is-layout-constrained wp-block-column-is-layout-constrained\">\n<h3 class=\"wp-block-heading\" style=\"margin-bottom:var(--wp--preset--spacing--h-3-bottom)\"><strong><strong><strong>Dise\u00f1o funcional y f\u00e1cil de usar<\/strong><\/strong><\/strong><\/h3>\n\n\n\n<p>La funcionalidad es la base de este soporte para mancuernas. Incorpora cubiertas de goma en las patas para evitar da\u00f1os en el suelo y garantizar la estabilidad. Los soportes est\u00e1n inclinados para facilitar la colocaci\u00f3n y extracci\u00f3n de las mancuernas, y est\u00e1n recubiertos de un material protector para evitar astillamientos y ara\u00f1azos. Este dise\u00f1o no s\u00f3lo protege las mancuernas, sino que tambi\u00e9n facilita los cambios de peso r\u00e1pidos y sencillos durante los entrenamientos.   <\/p>\n<\/div>\n\n\n\n<div class=\"wp-block-column is-vertically-aligned-center is-layout-flow wp-block-column-is-layout-flow\">\n<figure class=\"wp-block-image size-full is-style-rounded\"><img decoding=\"async\" src=\"https:\/\/evolve-fitness.eu\/wp-content\/uploads\/2023\/11\/Evolve-Hexagon-Dumbbell-Rack.png\" alt=\"\" class=\"wp-image-5938\"\/><\/figure>\n<\/div>\n<\/div>\n\n\n\n<p class=\"has-text-align-center has-montserrat-font-family has-medium-2-font-size\"><strong>Invierta en el soporte para mancuernas Evolve Hexagon para mantener su gimnasio organizado, proteger su equipo y mejorar la experiencia de entrenamiento en general. Su durabilidad, dise\u00f1o funcional y tama\u00f1o compacto lo convierten en un complemento esencial para cualquier espacio de fitness. <\/strong><\/p>\n<\/section>\n","protected":false},"excerpt":{"rendered":"<p>Si buscas organizar y mejorar el espacio de tu gimnasio, el soporte para mancuernas Evolve Hexagon ofrece una combinaci\u00f3n perfecta de durabilidad, funcionalidad y dise\u00f1o compacto. Ya sea para un gimnasio comercial, una base militar, un centro de bienestar corporativo o una sala de fitness dom\u00e9stica, este soporte proporciona una soluci\u00f3n ordenada y eficiente para almacenar mancuernas. He aqu\u00ed por qu\u00e9 es imprescindible para cualquier entusiasta del fitness o propietario de un gimnasio.<\/p>\n","protected":false},"featured_media":29555,"template":"","meta":{"_acf_changed":false,"inline_featured_image":false},"product_cat":[432,983,984],"product_tag":[],"class_list":{"0":"post-29554","1":"product","2":"type-product","3":"status-publish","4":"has-post-thumbnail","6":"product_cat-pagina-de-inicio","7":"product_cat-pesos-libres","8":"product_cat-estanterias-y-soluciones-de-almacenamiento","10":"first","11":"instock","12":"shipping-taxable","13":"purchasable","14":"product-type-simple"},"acf":[],"_links":{"self":[{"href":"https:\/\/store.evolve-fitness.eu\/es\/wp-json\/wp\/v2\/product\/29554","targetHints":{"allow":["GET"]}}],"collection":[{"href":"https:\/\/store.evolve-fitness.eu\/es\/wp-json\/wp\/v2\/product"}],"about":[{"href":"https:\/\/store.evolve-fitness.eu\/es\/wp-json\/wp\/v2\/types\/product"}],"wp:featuredmedia":[{"embeddable":true,"href":"https:\/\/store.evolve-fitness.eu\/es\/wp-json\/wp\/v2\/media\/29555"}],"wp:attachment":[{"href":"https:\/\/store.evolve-fitness.eu\/es\/wp-json\/wp\/v2\/media?parent=29554"}],"wp:term":[{"taxonomy":"product_cat","embeddable":true,"href":"https:\/\/store.evolve-fitness.eu\/es\/wp-json\/wp\/v2\/product_cat?post=29554"},{"taxonomy":"product_tag","embeddable":true,"href":"https:\/\/store.evolve-fitness.eu\/es\/wp-json\/wp\/v2\/product_tag?post=29554"}],"curies":[{"name":"wp","href":"https:\/\/api.w.org\/{rel}","templated":true}]}}