{"id":28980,"date":"2023-10-06T13:43:11","date_gmt":"2023-10-06T13:43:11","guid":{"rendered":"https:\/\/store.evolve-fitness.eu\/product\/evolve-bend-pegs-pack-de-4\/"},"modified":"2026-03-18T12:00:19","modified_gmt":"2026-03-18T12:00:19","slug":"evolve-bend-pegs-pack-de-4","status":"publish","type":"product","link":"https:\/\/store.evolve-fitness.eu\/es\/producto\/evolve-bend-pegs-pack-de-4\/","title":{"rendered":"Evolve bend pegs &#8211; pack de 4"},"content":{"rendered":"","protected":false},"excerpt":{"rendered":"<p>Mejora tu equipo Evolve con las clavijas de flexi\u00f3n Evolve, un conjunto de cuatro accesorios esenciales que abren un mundo de posibilidades de entrenamiento.<br \/>\nEstas vers\u00e1tiles clavijas de flexi\u00f3n est\u00e1n dise\u00f1adas para integrarse a la perfecci\u00f3n con tu equipo modular, permiti\u00e9ndote adaptar tu configuraci\u00f3n para alcanzar tus objetivos de fitness \u00fanicos.<br \/>\nEleva tus sesiones de entrenamiento funcional, CrossFit, grupal o individual a\u00f1adiendo estas clavijas de flexi\u00f3n a la configuraci\u00f3n de tu equipo.<br \/>\nDescubre el siguiente nivel de versatilidad y funcionalidad para tus entrenamientos con este pr\u00e1ctico paquete de 4.     <\/p>\n","protected":false},"featured_media":97921,"template":"","meta":{"_acf_changed":false,"inline_featured_image":false},"product_cat":[432,574,648,651],"product_tag":[],"class_list":{"0":"post-28980","1":"product","2":"type-product","3":"status-publish","4":"has-post-thumbnail","6":"product_cat-pagina-de-inicio","7":"product_cat-transversal-y-funcional","8":"product_cat-componentes-de-la-plataforma","9":"product_cat-accesorios","11":"first","12":"outofstock","13":"shipping-taxable","14":"purchasable","15":"product-type-simple"},"acf":[],"_links":{"self":[{"href":"https:\/\/store.evolve-fitness.eu\/es\/wp-json\/wp\/v2\/product\/28980","targetHints":{"allow":["GET"]}}],"collection":[{"href":"https:\/\/store.evolve-fitness.eu\/es\/wp-json\/wp\/v2\/product"}],"about":[{"href":"https:\/\/store.evolve-fitness.eu\/es\/wp-json\/wp\/v2\/types\/product"}],"wp:featuredmedia":[{"embeddable":true,"href":"https:\/\/store.evolve-fitness.eu\/es\/wp-json\/wp\/v2\/media\/97921"}],"wp:attachment":[{"href":"https:\/\/store.evolve-fitness.eu\/es\/wp-json\/wp\/v2\/media?parent=28980"}],"wp:term":[{"taxonomy":"product_cat","embeddable":true,"href":"https:\/\/store.evolve-fitness.eu\/es\/wp-json\/wp\/v2\/product_cat?post=28980"},{"taxonomy":"product_tag","embeddable":true,"href":"https:\/\/store.evolve-fitness.eu\/es\/wp-json\/wp\/v2\/product_tag?post=28980"}],"curies":[{"name":"wp","href":"https:\/\/api.w.org\/{rel}","templated":true}]}}