{"id":28821,"date":"2023-10-06T13:49:54","date_gmt":"2023-10-06T13:49:54","guid":{"rendered":"https:\/\/store.evolve-fitness.eu\/product\/juegos-de-seguridad-para-pasadores-y-tubos-evolve\/"},"modified":"2024-05-24T08:33:11","modified_gmt":"2024-05-24T08:33:11","slug":"juegos-de-seguridad-para-pasadores-y-tubos-evolve","status":"publish","type":"product","link":"https:\/\/store.evolve-fitness.eu\/es\/producto\/juegos-de-seguridad-para-pasadores-y-tubos-evolve\/","title":{"rendered":"Juegos de seguridad para pasadores y tubos Evolve"},"content":{"rendered":"","protected":false},"excerpt":{"rendered":"<p>Aumente la seguridad de su entrenamiento con los juegos de seguridad de pasadores y tubos Evolve. Estos conjuntos esenciales est\u00e1n dise\u00f1ados para integrarse a la perfecci\u00f3n con su equipo Evolve, ofreciendo una mayor protecci\u00f3n durante los entrenamientos funcionales, CrossFit, en grupo o individuales. El dise\u00f1o modular del sistema de plataformas Evolve le permite personalizar su configuraci\u00f3n para satisfacer sus necesidades espec\u00edficas, y estos conjuntos de seguridad proporcionan una capa adicional de seguridad. Descubra la tranquilidad y lleve sus rutinas de fitness al siguiente nivel con estos fiables juegos de seguridad, disponibles en c\u00f3modos conjuntos para su mayor comodidad.<\/p>\n","protected":false},"featured_media":28825,"template":"","meta":{"_acf_changed":false,"inline_featured_image":false},"product_cat":[432,574,648,651],"product_tag":[],"class_list":{"0":"post-28821","1":"product","2":"type-product","3":"status-publish","4":"has-post-thumbnail","6":"product_cat-pagina-de-inicio","7":"product_cat-transversal-y-funcional","8":"product_cat-componentes-de-la-plataforma","9":"product_cat-accesorios","11":"first","12":"instock","13":"shipping-taxable","14":"purchasable","15":"product-type-simple"},"acf":[],"_links":{"self":[{"href":"https:\/\/store.evolve-fitness.eu\/es\/wp-json\/wp\/v2\/product\/28821","targetHints":{"allow":["GET"]}}],"collection":[{"href":"https:\/\/store.evolve-fitness.eu\/es\/wp-json\/wp\/v2\/product"}],"about":[{"href":"https:\/\/store.evolve-fitness.eu\/es\/wp-json\/wp\/v2\/types\/product"}],"wp:featuredmedia":[{"embeddable":true,"href":"https:\/\/store.evolve-fitness.eu\/es\/wp-json\/wp\/v2\/media\/28825"}],"wp:attachment":[{"href":"https:\/\/store.evolve-fitness.eu\/es\/wp-json\/wp\/v2\/media?parent=28821"}],"wp:term":[{"taxonomy":"product_cat","embeddable":true,"href":"https:\/\/store.evolve-fitness.eu\/es\/wp-json\/wp\/v2\/product_cat?post=28821"},{"taxonomy":"product_tag","embeddable":true,"href":"https:\/\/store.evolve-fitness.eu\/es\/wp-json\/wp\/v2\/product_tag?post=28821"}],"curies":[{"name":"wp","href":"https:\/\/api.w.org\/{rel}","templated":true}]}}